{"id":843,"date":"2015-11-16T17:50:29","date_gmt":"2015-11-16T16:50:29","guid":{"rendered":"http:\/\/www.cristianbuda.com\/acacia\/fr\/?page_id=843"},"modified":"2023-04-19T19:35:51","modified_gmt":"2023-04-19T17:35:51","slug":"parcs-a-theme-romagne","status":"publish","type":"page","link":"https:\/\/www.hotelacacia.it\/fr\/parcs-a-theme-romagne\/","title":{"rendered":"Les parcs \u00e0 th\u00e8me de la Romagne"},"content":{"rendered":"<div class=\"wpb-content-wrapper\"><p>[vc_row][vc_column][vc_column_text]Les parcs d\u2019attraction de la Riviera romagnole font partie des parcs les plus c\u00e9l\u00e8bres d\u2019Italie au point que notre r\u00e9gion a \u00e9t\u00e9 surnomm\u00e9e pr\u00e9cis\u00e9ment la \u00ab Riviera des parcs \u00bb. Des parcs aquatiques aux parcs th\u00e9matiques, ils proposent des attractions pour tous les \u00e2ges.<\/p>\n<p>En remontant vers le nord \u00e0 partir de la province de Rimini, vous rencontrez une succession d&rsquo;amusement et d&rsquo;enchantement.<\/p>\n<p>Voici les plus beaux parcs de la Riviera:<span style=\"line-height: 1.5;\">[\/vc_column_text][\/vc_column][\/vc_row][vc_row][vc_column width=\u00a0\u00bb1\/2&Prime;][vc_column_text]<\/span><\/p>\n<h4>MIRABILANDIA &#8211; Ravenne<\/h4>\n<p>[\/vc_column_text][vc_single_image image=\u00a0\u00bb420&Prime; img_size=\u00a0\u00bb450&#215;180&Prime; css=\u00a0\u00bb.vc_custom_1448273706960{margin-bottom: 0px !important;}\u00a0\u00bb][vc_row_inner][vc_column_inner width=\u00a0\u00bb1\/2&Prime;][vc_message message_box_color=\u00a0\u00bborange\u00a0\u00bb icon_type=\u00a0\u00bbentypo\u00a0\u00bb icon_entypo=\u00a0\u00bbentypo-icon entypo-icon-location\u00a0\u00bb]25 km. de l&rsquo;H\u00f4tel[\/vc_message][\/vc_column_inner][vc_column_inner width=\u00a0\u00bb1\/2&Prime;][vc_message message_box_color=\u00a0\u00bborange\u00a0\u00bb icon_type=\u00a0\u00bbentypo\u00a0\u00bb icon_entypo=\u00a0\u00bbentypo-icon entypo-icon-clock\u00a0\u00bb]30 min. en voiture[\/vc_message][\/vc_column_inner][\/vc_row_inner][vc_column_text]Le plus grand parc d\u2019attraction de la Romagne, il propose 40 attractions et de nombreux spectacles entour\u00e9s d\u2019espaces verts.\u00a0Le parc est adapt\u00e9 aux grands et aux petits et c&rsquo;est pr\u00e9cis\u00e9ment \u00e0 ces derniers qu\u2019est d\u00e9di\u00e9 Bimbopoli, l\u2019un des espaces les plus magiques du parc.\u00a0Pour les passionn\u00e9s des jeux d&rsquo;eau, Mirabilandia Beach, un v\u00e9ritable parc aquatique dans le grand parc \u00e0 th\u00e8me Mirabilandia, avec des toboggans, des piscines et une \u00ab\u00a0plage\u00a0\u00bb avec du sable des Cara\u00efbes. [\/vc_column_text][vc_separator style=\u00a0\u00bbdashed\u00a0\u00bb el_width=\u00a0\u00bb90&Prime;][vc_column_text]<\/p>\n<h4>ATLANTICA &#8211; Cesenatico<\/h4>\n<p>[\/vc_column_text][vc_single_image image=\u00a0\u00bb421&Prime; img_size=\u00a0\u00bb450&#215;180&Prime; css=\u00a0\u00bb.vc_custom_1448273782242{margin-bottom: 0px !important;}\u00a0\u00bb][vc_row_inner][vc_column_inner width=\u00a0\u00bb1\/2&Prime;][vc_message message_box_color=\u00a0\u00bborange\u00a0\u00bb icon_type=\u00a0\u00bbentypo\u00a0\u00bb icon_entypo=\u00a0\u00bbentypo-icon entypo-icon-location\u00a0\u00bb]6\u00a0km. de l&rsquo;H\u00f4tel[\/vc_message][\/vc_column_inner][vc_column_inner width=\u00a0\u00bb1\/2&Prime;][vc_message message_box_color=\u00a0\u00bborange\u00a0\u00bb icon_type=\u00a0\u00bbentypo\u00a0\u00bb icon_entypo=\u00a0\u00bbentypo-icon entypo-icon-clock\u00a0\u00bb]10 min. en voiture[\/vc_message][\/vc_column_inner][\/vc_row_inner][vc_column_text]Une baleine g\u00e9ante, \u00e0 l\u2019\u00e9chelle 1:1, est le symbole du parc aquatique de Cesenatico. Un parc o\u00f9 les enfants peuvent s\u2019amuser sur de fantastiques canots pneumatiques.[\/vc_column_text][vc_separator style=\u00a0\u00bbdashed\u00a0\u00bb el_width=\u00a0\u00bb90&Prime;][vc_column_text]<\/p>\n<h4>CASA DELLE FARFALLE &#8211;\u00a0Milano Marittima<br \/>\n(La Maison des Papillons)<\/h4>\n<p>[\/vc_column_text][vc_single_image image=\u00a0\u00bb609&Prime; img_size=\u00a0\u00bb450&#215;180&Prime; css=\u00a0\u00bb.vc_custom_1448275383767{margin-bottom: 0px !important;}\u00a0\u00bb][vc_row_inner][vc_column_inner width=\u00a0\u00bb1\/2&Prime;][vc_message message_box_color=\u00a0\u00bborange\u00a0\u00bb icon_type=\u00a0\u00bbentypo\u00a0\u00bb icon_entypo=\u00a0\u00bbentypo-icon entypo-icon-location\u00a0\u00bb]19\u00a0km. de l&rsquo;H\u00f4tel[\/vc_message][\/vc_column_inner][vc_column_inner width=\u00a0\u00bb1\/2&Prime;][vc_message message_box_color=\u00a0\u00bborange\u00a0\u00bb icon_type=\u00a0\u00bbentypo\u00a0\u00bb icon_entypo=\u00a0\u00bbentypo-icon entypo-icon-clock\u00a0\u00bb]25\u00a0min. en voiture[\/vc_message][\/vc_column_inner][\/vc_row_inner][vc_column_text]La principale attraction de ce parc \u00e9ducatif est une serre de plus de 500 m2 dans laquelle des centaines de papillons tropicaux aux couleurs spectaculaires volent en toute libert\u00e9. Un milieu unique, dans lequel les papillons naissent, vivent et volent librement, se posent sur les fleurs et sont surtout attir\u00e9s par les odeurs et les couleurs des visiteurs. Pr\u00e8s de la serre se trouve une Maison des Insectes o\u00f9 il est possible d&rsquo;admirer des grillons, des mantes, des phasmes, des abeilles, des col\u00e9opt\u00e8res et de nombreux autres insectes plut\u00f4t extravagants.[\/vc_column_text][vc_separator style=\u00a0\u00bbdashed\u00a0\u00bb el_width=\u00a0\u00bb90&Prime;][\/vc_column][vc_column width=\u00a0\u00bb1\/2&Prime;][vc_column_text]<\/p>\n<h4>ITALIA IN MINIATURA &#8211; Rimini<br \/>\n(Italie Miniature)<\/h4>\n<p>[\/vc_column_text][vc_single_image image=\u00a0\u00bb419&Prime; img_size=\u00a0\u00bb450&#215;180&Prime; css=\u00a0\u00bb.vc_custom_1448273961259{margin-bottom: 0px !important;}\u00a0\u00bb][vc_row_inner][vc_column_inner width=\u00a0\u00bb1\/2&Prime;][vc_message message_box_color=\u00a0\u00bborange\u00a0\u00bb icon_type=\u00a0\u00bbentypo\u00a0\u00bb icon_entypo=\u00a0\u00bbentypo-icon entypo-icon-location\u00a0\u00bb]13 km. de l&rsquo;H\u00f4tel[\/vc_message][\/vc_column_inner][vc_column_inner width=\u00a0\u00bb1\/2&Prime;][vc_message message_box_color=\u00a0\u00bborange\u00a0\u00bb icon_type=\u00a0\u00bbentypo\u00a0\u00bb icon_entypo=\u00a0\u00bbentypo-icon entypo-icon-clock\u00a0\u00bb]15 min. en voiture[\/vc_message][\/vc_column_inner][\/vc_row_inner][vc_column_text]Un parc th\u00e9matique fascinant, o\u00f9 le patrimoine culturel italien est reproduit en miniature.\u00a0Il s\u2019agit de 270 reproductions de monuments italiens, un endroit permettant de d\u00e9couvrir les beaut\u00e9s de notre pays en s\u2019amusant.[\/vc_column_text][vc_separator style=\u00a0\u00bbdashed\u00a0\u00bb el_width=\u00a0\u00bb90&Prime;][vc_column_text]<\/p>\n<h4>PARCO DELLE SALINE\u00a0&#8211;\u00a0Cervia<br \/>\n(Parc des Marais salants)<\/h4>\n<p>[\/vc_column_text][vc_single_image image=\u00a0\u00bb611&Prime; img_size=\u00a0\u00bb450&#215;180&Prime; css=\u00a0\u00bb.vc_custom_1448275514473{margin-bottom: 0px !important;}\u00a0\u00bb][vc_row_inner][vc_column_inner width=\u00a0\u00bb1\/2&Prime;][vc_message message_box_color=\u00a0\u00bborange\u00a0\u00bb icon_type=\u00a0\u00bbentypo\u00a0\u00bb icon_entypo=\u00a0\u00bbentypo-icon entypo-icon-location\u00a0\u00bb]15\u00a0km. de l&rsquo;H\u00f4tel[\/vc_message][\/vc_column_inner][vc_column_inner width=\u00a0\u00bb1\/2&Prime;][vc_message message_box_color=\u00a0\u00bborange\u00a0\u00bb icon_type=\u00a0\u00bbentypo\u00a0\u00bb icon_entypo=\u00a0\u00bbentypo-icon entypo-icon-clock\u00a0\u00bb]15\u00a0min.\u00a0en voiture[\/vc_message][\/vc_column_inner][\/vc_row_inner][vc_column_text]Les marais salants de Cervia couvrent une surface de 827 hectares. Du point de vue de la faune et de la botanique, l&rsquo;environnement des marais salants est d&rsquo;une beaut\u00e9 extraordinaire et tr\u00e8s suggestive\u00a0: peupl\u00e9s d&rsquo;esp\u00e8ces rares comme les flamands roses, les \u00e9chasses blanches, les avocettes et autres esp\u00e8ces prot\u00e9g\u00e9es, ce parc constitue un point de r\u00e9f\u00e9rence pour les visiteurs sensibles \u00e0 l&rsquo;\u00e9cologie.[\/vc_column_text][vc_separator style=\u00a0\u00bbdashed\u00a0\u00bb el_width=\u00a0\u00bb90&Prime;][vc_column_text]<\/p>\n<h4>FIABILANDIA &#8211; Rimini<\/h4>\n<p>[\/vc_column_text][vc_single_image image=\u00a0\u00bb422&Prime; img_size=\u00a0\u00bb450&#215;180&Prime; css=\u00a0\u00bb.vc_custom_1448273967730{margin-bottom: 0px !important;}\u00a0\u00bb][vc_row_inner][vc_column_inner width=\u00a0\u00bb1\/2&Prime;][vc_message message_box_color=\u00a0\u00bborange\u00a0\u00bb icon_type=\u00a0\u00bbentypo\u00a0\u00bb icon_entypo=\u00a0\u00bbentypo-icon entypo-icon-location\u00a0\u00bb]25 km. de l&rsquo;H\u00f4tel[\/vc_message][\/vc_column_inner][vc_column_inner width=\u00a0\u00bb1\/2&Prime;][vc_message message_box_color=\u00a0\u00bborange\u00a0\u00bb icon_type=\u00a0\u00bbentypo\u00a0\u00bb icon_entypo=\u00a0\u00bbentypo-icon entypo-icon-clock\u00a0\u00bb]30 min. en voiture[\/vc_message][\/vc_column_inner][\/vc_row_inner][vc_column_text]120 000 m\u00e8tres carr\u00e9s de fables, d\u2019expositions, de parcours ludiques et \u00e9ducatifs. Un endroit magique non seulement pour les enfants mais aussi pour les adultes.[\/vc_column_text][vc_separator style=\u00a0\u00bbdashed\u00a0\u00bb el_width=\u00a0\u00bb90&Prime;][\/vc_column][\/vc_row][vc_row][vc_column][vc_message color=\u00a0\u00bbinfo\u00a0\u00bb]Certains de ces parcs ont des conventions avec l&rsquo;h\u00f4tel Acacia. Si vous d\u00e9sirez passer une journ\u00e9e dans un parc \u00e0 th\u00e8me ou d&rsquo;attraction, n&rsquo;h\u00e9sitez pas \u00e0 nous contacter pour conna\u00eetre les conditions de pr\u00e9-vente de billets et les \u00e9ventuelles r\u00e9ductions.[\/vc_message][\/vc_column][\/vc_row]<\/p>\n<\/div>","protected":false},"excerpt":{"rendered":"<p>[vc_row][vc_column][vc_column_text]Les parcs d\u2019attraction de la Riviera romagnole font partie des parcs les plus c\u00e9l\u00e8bres d\u2019Italie au point que notre r\u00e9gion a \u00e9t\u00e9 surnomm\u00e9e pr\u00e9cis\u00e9ment la \u00ab<span class=\"excerpt-hellip\"> [\u2026]<\/span><\/p>\n","protected":false},"author":1,"featured_media":4012,"parent":0,"menu_order":0,"comment_status":"closed","ping_status":"closed","template":"","meta":{"_acf_changed":false,"footnotes":""},"class_list":["post-843","page","type-page","status-publish","has-post-thumbnail","hentry"],"acf":[],"yoast_head":"<!-- This site is optimized with the Yoast SEO plugin v27.5 - https:\/\/yoast.com\/product\/yoast-seo-wordpress\/ -->\n<title>Parchi Tematici e Convenzioni | Hotel Acacia | Cesenatico<\/title>\n<meta name=\"description\" content=\"[Hotel Acacia ***] I parchi facilmente raggiungibili da Cesenatico alloggiando all&#039;Hotel Acacia, info su prezzi, biglietti e convenzioni.\" \/>\n<meta name=\"robots\" content=\"index, follow, max-snippet:-1, max-image-preview:large, max-video-preview:-1\" \/>\n<link rel=\"canonical\" href=\"https:\/\/www.hotelacacia.it\/fr\/parcs-a-theme-romagne\/\" \/>\n<meta property=\"og:locale\" content=\"fr_FR\" \/>\n<meta property=\"og:type\" content=\"article\" \/>\n<meta property=\"og:title\" content=\"Parchi Tematici e Convenzioni | Hotel Acacia | Cesenatico\" \/>\n<meta property=\"og:description\" content=\"[Hotel Acacia ***] I parchi facilmente raggiungibili da Cesenatico alloggiando all&#039;Hotel Acacia, info su prezzi, biglietti e convenzioni.\" \/>\n<meta property=\"og:url\" content=\"https:\/\/www.hotelacacia.it\/fr\/parcs-a-theme-romagne\/\" \/>\n<meta property=\"og:site_name\" content=\"Acacia Hotel Cesenatico\" \/>\n<meta property=\"article:modified_time\" content=\"2023-04-19T17:35:51+00:00\" \/>\n<meta name=\"twitter:card\" content=\"summary_large_image\" \/>\n<meta name=\"twitter:label1\" content=\"Dur\u00e9e de lecture estim\u00e9e\" \/>\n\t<meta name=\"twitter:data1\" content=\"4 minutes\" \/>\n<script type=\"application\/ld+json\" class=\"yoast-schema-graph\">{\"@context\":\"https:\\\/\\\/schema.org\",\"@graph\":[{\"@type\":\"WebPage\",\"@id\":\"https:\\\/\\\/www.hotelacacia.it\\\/fr\\\/parcs-a-theme-romagne\\\/\",\"url\":\"https:\\\/\\\/www.hotelacacia.it\\\/fr\\\/parcs-a-theme-romagne\\\/\",\"name\":\"Parchi Tematici e Convenzioni | Hotel Acacia | Cesenatico\",\"isPartOf\":{\"@id\":\"https:\\\/\\\/www.hotelacacia.it\\\/#website\"},\"primaryImageOfPage\":{\"@id\":\"https:\\\/\\\/www.hotelacacia.it\\\/fr\\\/parcs-a-theme-romagne\\\/#primaryimage\"},\"image\":{\"@id\":\"https:\\\/\\\/www.hotelacacia.it\\\/fr\\\/parcs-a-theme-romagne\\\/#primaryimage\"},\"thumbnailUrl\":\"https:\\\/\\\/www.hotelacacia.it\\\/wp-content\\\/uploads\\\/2023\\\/04\\\/italia-in-miniatura.jpg\",\"datePublished\":\"2015-11-16T16:50:29+00:00\",\"dateModified\":\"2023-04-19T17:35:51+00:00\",\"description\":\"[Hotel Acacia ***] I parchi facilmente raggiungibili da Cesenatico alloggiando all'Hotel Acacia, info su prezzi, biglietti e convenzioni.\",\"breadcrumb\":{\"@id\":\"https:\\\/\\\/www.hotelacacia.it\\\/fr\\\/parcs-a-theme-romagne\\\/#breadcrumb\"},\"inLanguage\":\"fr-FR\",\"potentialAction\":[{\"@type\":\"ReadAction\",\"target\":[\"https:\\\/\\\/www.hotelacacia.it\\\/fr\\\/parcs-a-theme-romagne\\\/\"]}]},{\"@type\":\"ImageObject\",\"inLanguage\":\"fr-FR\",\"@id\":\"https:\\\/\\\/www.hotelacacia.it\\\/fr\\\/parcs-a-theme-romagne\\\/#primaryimage\",\"url\":\"https:\\\/\\\/www.hotelacacia.it\\\/wp-content\\\/uploads\\\/2023\\\/04\\\/italia-in-miniatura.jpg\",\"contentUrl\":\"https:\\\/\\\/www.hotelacacia.it\\\/wp-content\\\/uploads\\\/2023\\\/04\\\/italia-in-miniatura.jpg\",\"width\":1440,\"height\":960},{\"@type\":\"BreadcrumbList\",\"@id\":\"https:\\\/\\\/www.hotelacacia.it\\\/fr\\\/parcs-a-theme-romagne\\\/#breadcrumb\",\"itemListElement\":[{\"@type\":\"ListItem\",\"position\":1,\"name\":\"Home\",\"item\":\"https:\\\/\\\/www.hotelacacia.it\\\/fr\\\/\"},{\"@type\":\"ListItem\",\"position\":2,\"name\":\"Les parcs \u00e0 th\u00e8me de la Romagne\"}]},{\"@type\":\"WebSite\",\"@id\":\"https:\\\/\\\/www.hotelacacia.it\\\/#website\",\"url\":\"https:\\\/\\\/www.hotelacacia.it\\\/\",\"name\":\"Acacia Hotel Cesenatico\",\"description\":\"Hotel 3 stelle a Cesenatico\",\"publisher\":{\"@id\":\"https:\\\/\\\/www.hotelacacia.it\\\/#organization\"},\"potentialAction\":[{\"@type\":\"SearchAction\",\"target\":{\"@type\":\"EntryPoint\",\"urlTemplate\":\"https:\\\/\\\/www.hotelacacia.it\\\/?s={search_term_string}\"},\"query-input\":{\"@type\":\"PropertyValueSpecification\",\"valueRequired\":true,\"valueName\":\"search_term_string\"}}],\"inLanguage\":\"fr-FR\"},{\"@type\":\"Organization\",\"@id\":\"https:\\\/\\\/www.hotelacacia.it\\\/#organization\",\"name\":\"Hotel Acacia Cesenatico\",\"url\":\"https:\\\/\\\/www.hotelacacia.it\\\/\",\"logo\":{\"@type\":\"ImageObject\",\"inLanguage\":\"fr-FR\",\"@id\":\"https:\\\/\\\/www.hotelacacia.it\\\/#\\\/schema\\\/logo\\\/image\\\/\",\"url\":\"https:\\\/\\\/www.hotelacacia.it\\\/acacia\\\/wp-content\\\/uploads\\\/2015\\\/11\\\/logo-hotel-acacia-quadrato.png\",\"contentUrl\":\"https:\\\/\\\/www.hotelacacia.it\\\/acacia\\\/wp-content\\\/uploads\\\/2015\\\/11\\\/logo-hotel-acacia-quadrato.png\",\"width\":230,\"height\":230,\"caption\":\"Hotel Acacia Cesenatico\"},\"image\":{\"@id\":\"https:\\\/\\\/www.hotelacacia.it\\\/#\\\/schema\\\/logo\\\/image\\\/\"}}]}<\/script>\n<!-- \/ Yoast SEO plugin. -->","yoast_head_json":{"title":"Parchi Tematici e Convenzioni | Hotel Acacia | Cesenatico","description":"[Hotel Acacia ***] I parchi facilmente raggiungibili da Cesenatico alloggiando all'Hotel Acacia, info su prezzi, biglietti e convenzioni.","robots":{"index":"index","follow":"follow","max-snippet":"max-snippet:-1","max-image-preview":"max-image-preview:large","max-video-preview":"max-video-preview:-1"},"canonical":"https:\/\/www.hotelacacia.it\/fr\/parcs-a-theme-romagne\/","og_locale":"fr_FR","og_type":"article","og_title":"Parchi Tematici e Convenzioni | Hotel Acacia | Cesenatico","og_description":"[Hotel Acacia ***] I parchi facilmente raggiungibili da Cesenatico alloggiando all'Hotel Acacia, info su prezzi, biglietti e convenzioni.","og_url":"https:\/\/www.hotelacacia.it\/fr\/parcs-a-theme-romagne\/","og_site_name":"Acacia Hotel Cesenatico","article_modified_time":"2023-04-19T17:35:51+00:00","twitter_card":"summary_large_image","twitter_misc":{"Dur\u00e9e de lecture estim\u00e9e":"4 minutes"},"schema":{"@context":"https:\/\/schema.org","@graph":[{"@type":"WebPage","@id":"https:\/\/www.hotelacacia.it\/fr\/parcs-a-theme-romagne\/","url":"https:\/\/www.hotelacacia.it\/fr\/parcs-a-theme-romagne\/","name":"Parchi Tematici e Convenzioni | Hotel Acacia | Cesenatico","isPartOf":{"@id":"https:\/\/www.hotelacacia.it\/#website"},"primaryImageOfPage":{"@id":"https:\/\/www.hotelacacia.it\/fr\/parcs-a-theme-romagne\/#primaryimage"},"image":{"@id":"https:\/\/www.hotelacacia.it\/fr\/parcs-a-theme-romagne\/#primaryimage"},"thumbnailUrl":"https:\/\/www.hotelacacia.it\/wp-content\/uploads\/2023\/04\/italia-in-miniatura.jpg","datePublished":"2015-11-16T16:50:29+00:00","dateModified":"2023-04-19T17:35:51+00:00","description":"[Hotel Acacia ***] I parchi facilmente raggiungibili da Cesenatico alloggiando all'Hotel Acacia, info su prezzi, biglietti e convenzioni.","breadcrumb":{"@id":"https:\/\/www.hotelacacia.it\/fr\/parcs-a-theme-romagne\/#breadcrumb"},"inLanguage":"fr-FR","potentialAction":[{"@type":"ReadAction","target":["https:\/\/www.hotelacacia.it\/fr\/parcs-a-theme-romagne\/"]}]},{"@type":"ImageObject","inLanguage":"fr-FR","@id":"https:\/\/www.hotelacacia.it\/fr\/parcs-a-theme-romagne\/#primaryimage","url":"https:\/\/www.hotelacacia.it\/wp-content\/uploads\/2023\/04\/italia-in-miniatura.jpg","contentUrl":"https:\/\/www.hotelacacia.it\/wp-content\/uploads\/2023\/04\/italia-in-miniatura.jpg","width":1440,"height":960},{"@type":"BreadcrumbList","@id":"https:\/\/www.hotelacacia.it\/fr\/parcs-a-theme-romagne\/#breadcrumb","itemListElement":[{"@type":"ListItem","position":1,"name":"Home","item":"https:\/\/www.hotelacacia.it\/fr\/"},{"@type":"ListItem","position":2,"name":"Les parcs \u00e0 th\u00e8me de la Romagne"}]},{"@type":"WebSite","@id":"https:\/\/www.hotelacacia.it\/#website","url":"https:\/\/www.hotelacacia.it\/","name":"Acacia Hotel Cesenatico","description":"Hotel 3 stelle a Cesenatico","publisher":{"@id":"https:\/\/www.hotelacacia.it\/#organization"},"potentialAction":[{"@type":"SearchAction","target":{"@type":"EntryPoint","urlTemplate":"https:\/\/www.hotelacacia.it\/?s={search_term_string}"},"query-input":{"@type":"PropertyValueSpecification","valueRequired":true,"valueName":"search_term_string"}}],"inLanguage":"fr-FR"},{"@type":"Organization","@id":"https:\/\/www.hotelacacia.it\/#organization","name":"Hotel Acacia Cesenatico","url":"https:\/\/www.hotelacacia.it\/","logo":{"@type":"ImageObject","inLanguage":"fr-FR","@id":"https:\/\/www.hotelacacia.it\/#\/schema\/logo\/image\/","url":"https:\/\/www.hotelacacia.it\/acacia\/wp-content\/uploads\/2015\/11\/logo-hotel-acacia-quadrato.png","contentUrl":"https:\/\/www.hotelacacia.it\/acacia\/wp-content\/uploads\/2015\/11\/logo-hotel-acacia-quadrato.png","width":230,"height":230,"caption":"Hotel Acacia Cesenatico"},"image":{"@id":"https:\/\/www.hotelacacia.it\/#\/schema\/logo\/image\/"}}]}},"publishpress_future_action":{"enabled":false,"date":"2026-05-22 12:54:19","action":"change-status","newStatus":"draft","terms":[],"taxonomy":"translation_priority","extraData":[]},"publishpress_future_workflow_manual_trigger":{"enabledWorkflows":[]},"_links":{"self":[{"href":"https:\/\/www.hotelacacia.it\/fr\/wp-json\/wp\/v2\/pages\/843","targetHints":{"allow":["GET"]}}],"collection":[{"href":"https:\/\/www.hotelacacia.it\/fr\/wp-json\/wp\/v2\/pages"}],"about":[{"href":"https:\/\/www.hotelacacia.it\/fr\/wp-json\/wp\/v2\/types\/page"}],"author":[{"embeddable":true,"href":"https:\/\/www.hotelacacia.it\/fr\/wp-json\/wp\/v2\/users\/1"}],"replies":[{"embeddable":true,"href":"https:\/\/www.hotelacacia.it\/fr\/wp-json\/wp\/v2\/comments?post=843"}],"version-history":[{"count":7,"href":"https:\/\/www.hotelacacia.it\/fr\/wp-json\/wp\/v2\/pages\/843\/revisions"}],"predecessor-version":[{"id":4009,"href":"https:\/\/www.hotelacacia.it\/fr\/wp-json\/wp\/v2\/pages\/843\/revisions\/4009"}],"wp:featuredmedia":[{"embeddable":true,"href":"https:\/\/www.hotelacacia.it\/fr\/wp-json\/wp\/v2\/media\/4012"}],"wp:attachment":[{"href":"https:\/\/www.hotelacacia.it\/fr\/wp-json\/wp\/v2\/media?parent=843"}],"curies":[{"name":"wp","href":"https:\/\/api.w.org\/{rel}","templated":true}]}}