{"id":828,"date":"2015-11-06T17:57:22","date_gmt":"2015-11-06T16:57:22","guid":{"rendered":"http:\/\/www.cristianbuda.com\/acacia\/fr\/?page_id=828"},"modified":"2023-04-19T11:39:51","modified_gmt":"2023-04-19T09:39:51","slug":"offres","status":"publish","type":"page","link":"https:\/\/www.hotelacacia.it\/fr\/offres\/","title":{"rendered":"\u00c9conomisez avec les offres en cours"},"content":{"rendered":"<div class=\"wpb-content-wrapper\"><p>[vc_row][vc_column][vc_basic_grid post_type=\u00a0\u00bbpost\u00a0\u00bb max_items=\u00a0\u00bb-1&Prime; element_width=\u00a0\u00bb3&Prime; gap=\u00a0\u00bb5&Prime; item=\u00a0\u00bb250&Prime; grid_id=\u00a0\u00bbvc_gid:1681896925063-b31274b6-e9e7-10&Prime; taxonomies=\u00a0\u00bb7&Prime;][\/vc_column][\/vc_row][vc_row][vc_column width=\u00a0\u00bb2\/3&Prime;][vc_message message_box_color=\u00a0\u00bbsuccess\u00a0\u00bb icon_fontawesome=\u00a0\u00bbfas fa-users\u00a0\u00bb]<strong>PLANS FAMILIAUX PERSONNALIS\u00c9S<\/strong><br \/>\n<strong>REMPLISSEZ LE FORMULAIRE DE DEMANDE POUR DEMANDER LA REMISE!<\/strong><\/p>\n<p>Vous n&rsquo;avez pas trouv\u00e9 l&rsquo;offre qui vous convient? Ne t&rsquo;inqui\u00e8te pas!<br \/>\nNous accordons des <strong>r\u00e9ductions personnalis\u00e9es aux familles \u00e0 toutes les p\u00e9riodes<\/strong>, en fonction de la composition de la cellule familiale. Remplissez le formulaire avec vos donn\u00e9es pour recevoir un devis sans engagement!<\/p>\n<p><a class=\"button  button_full_width button_size_2\" href=\"#modulorichiesta\"     style=\"background-color:#1bbc9b!important;color:#fff;\"     title=\"\"><span class=\"button_label\">Demander maintenant<\/span><\/a>\n[\/vc_message][\/vc_column][vc_column width=\u00a0\u00bb1\/3&Prime;][vc_column_text]<strong>Sur cette page, nous proposons p\u00e9riodiquement des offres de vacances \u00e0 Cesenatico pendant toute la p\u00e9riode d&rsquo;ouverture<\/strong>, tant au printemps (y compris P\u00e2ques) qu&rsquo;aux mois d&rsquo;\u00e9t\u00e9 de juin, juillet, ao\u00fbt et septembre. De temps en temps, vous trouverez \u00e9galement des offres de derni\u00e8re minute &#8211; des offres sp\u00e9ciales concernant la disponibilit\u00e9 de chambres sp\u00e9cifiques \u00e0 des p\u00e9riodes particuli\u00e8res et qui peuvent \u00eatre r\u00e9serv\u00e9es quelques jours seulement avant la date d&rsquo;arriv\u00e9e.[\/vc_column_text][\/vc_column][\/vc_row]<\/p>\n<\/div>","protected":false},"excerpt":{"rendered":"<p>[vc_row][vc_column][vc_basic_grid post_type=\u00a0\u00bbpost\u00a0\u00bb max_items=\u00a0\u00bb-1&Prime; element_width=\u00a0\u00bb3&Prime; gap=\u00a0\u00bb5&Prime; item=\u00a0\u00bb250&Prime; grid_id=\u00a0\u00bbvc_gid:1681896925063-b31274b6-e9e7-10&Prime; taxonomies=\u00a0\u00bb7&Prime;][\/vc_column][\/vc_row][vc_row][vc_column width=\u00a0\u00bb2\/3&Prime;][vc_message message_box_color=\u00a0\u00bbsuccess\u00a0\u00bb icon_fontawesome=\u00a0\u00bbfas fa-users\u00a0\u00bb]PLANS FAMILIAUX PERSONNALIS\u00c9S REMPLISSEZ LE FORMULAIRE DE DEMANDE POUR DEMANDER LA REMISE! Vous n&rsquo;avez pas<span class=\"excerpt-hellip\"> [\u2026]<\/span><\/p>\n","protected":false},"author":1,"featured_media":3190,"parent":0,"menu_order":0,"comment_status":"closed","ping_status":"closed","template":"","meta":{"_acf_changed":false,"footnotes":""},"class_list":["post-828","page","type-page","status-publish","has-post-thumbnail","hentry"],"acf":[],"yoast_head":"<!-- This site is optimized with the Yoast SEO plugin v27.5 - https:\/\/yoast.com\/product\/yoast-seo-wordpress\/ -->\n<title>Offres Vacances en H\u00f4tel \u00e0 Cesenatico | Juin Juillet Ao\u00fbt<\/title>\n<meta name=\"description\" content=\"Offres en H\u00f4tel 3 \u00e9toiles \u00e0 Cesenatico : les offres de l&#039;H\u00f4tel Acacia pour l&#039;\u00e9t\u00e9 : Offres et Last Minute pour juin, juillet, ao\u00fbt et septembre.\" \/>\n<meta name=\"robots\" content=\"index, follow, max-snippet:-1, max-image-preview:large, max-video-preview:-1\" \/>\n<link rel=\"canonical\" href=\"https:\/\/www.hotelacacia.it\/fr\/offres\/\" \/>\n<meta property=\"og:locale\" content=\"fr_FR\" \/>\n<meta property=\"og:type\" content=\"article\" \/>\n<meta property=\"og:title\" content=\"Offres Vacances en H\u00f4tel \u00e0 Cesenatico | Juin Juillet Ao\u00fbt\" \/>\n<meta property=\"og:description\" content=\"Offres en H\u00f4tel 3 \u00e9toiles \u00e0 Cesenatico : les offres de l&#039;H\u00f4tel Acacia pour l&#039;\u00e9t\u00e9 : Offres et Last Minute pour juin, juillet, ao\u00fbt et septembre.\" \/>\n<meta property=\"og:url\" content=\"https:\/\/www.hotelacacia.it\/fr\/offres\/\" \/>\n<meta property=\"og:site_name\" content=\"Acacia Hotel Cesenatico\" \/>\n<meta property=\"article:modified_time\" content=\"2023-04-19T09:39:51+00:00\" \/>\n<meta property=\"og:image\" content=\"https:\/\/www.hotelacacia.it\/wp-content\/uploads\/2020\/03\/bigstock-Blue-Umbrellas-And-Chaise-Loun-239259895.jpg\" \/>\n\t<meta property=\"og:image:width\" content=\"1200\" \/>\n\t<meta property=\"og:image:height\" content=\"801\" \/>\n\t<meta property=\"og:image:type\" content=\"image\/jpeg\" \/>\n<meta name=\"twitter:card\" content=\"summary_large_image\" \/>\n<meta name=\"twitter:label1\" content=\"Dur\u00e9e de lecture estim\u00e9e\" \/>\n\t<meta name=\"twitter:data1\" content=\"1 minute\" \/>\n<script type=\"application\/ld+json\" class=\"yoast-schema-graph\">{\"@context\":\"https:\\\/\\\/schema.org\",\"@graph\":[{\"@type\":\"WebPage\",\"@id\":\"https:\\\/\\\/www.hotelacacia.it\\\/fr\\\/offres\\\/\",\"url\":\"https:\\\/\\\/www.hotelacacia.it\\\/fr\\\/offres\\\/\",\"name\":\"Offres Vacances en H\u00f4tel \u00e0 Cesenatico | Juin Juillet Ao\u00fbt\",\"isPartOf\":{\"@id\":\"https:\\\/\\\/www.hotelacacia.it\\\/#website\"},\"primaryImageOfPage\":{\"@id\":\"https:\\\/\\\/www.hotelacacia.it\\\/fr\\\/offres\\\/#primaryimage\"},\"image\":{\"@id\":\"https:\\\/\\\/www.hotelacacia.it\\\/fr\\\/offres\\\/#primaryimage\"},\"thumbnailUrl\":\"https:\\\/\\\/www.hotelacacia.it\\\/wp-content\\\/uploads\\\/2020\\\/03\\\/bigstock-Blue-Umbrellas-And-Chaise-Loun-239259895.jpg\",\"datePublished\":\"2015-11-06T16:57:22+00:00\",\"dateModified\":\"2023-04-19T09:39:51+00:00\",\"description\":\"Offres en H\u00f4tel 3 \u00e9toiles \u00e0 Cesenatico : les offres de l'H\u00f4tel Acacia pour l'\u00e9t\u00e9 : Offres et Last Minute pour juin, juillet, ao\u00fbt et septembre.\",\"breadcrumb\":{\"@id\":\"https:\\\/\\\/www.hotelacacia.it\\\/fr\\\/offres\\\/#breadcrumb\"},\"inLanguage\":\"fr-FR\",\"potentialAction\":[{\"@type\":\"ReadAction\",\"target\":[\"https:\\\/\\\/www.hotelacacia.it\\\/fr\\\/offres\\\/\"]}]},{\"@type\":\"ImageObject\",\"inLanguage\":\"fr-FR\",\"@id\":\"https:\\\/\\\/www.hotelacacia.it\\\/fr\\\/offres\\\/#primaryimage\",\"url\":\"https:\\\/\\\/www.hotelacacia.it\\\/wp-content\\\/uploads\\\/2020\\\/03\\\/bigstock-Blue-Umbrellas-And-Chaise-Loun-239259895.jpg\",\"contentUrl\":\"https:\\\/\\\/www.hotelacacia.it\\\/wp-content\\\/uploads\\\/2020\\\/03\\\/bigstock-Blue-Umbrellas-And-Chaise-Loun-239259895.jpg\",\"width\":1200,\"height\":801,\"caption\":\"Blue umbrellas and chaise lounges on the beach of Rimini in Italy\"},{\"@type\":\"BreadcrumbList\",\"@id\":\"https:\\\/\\\/www.hotelacacia.it\\\/fr\\\/offres\\\/#breadcrumb\",\"itemListElement\":[{\"@type\":\"ListItem\",\"position\":1,\"name\":\"Home\",\"item\":\"https:\\\/\\\/www.hotelacacia.it\\\/fr\\\/\"},{\"@type\":\"ListItem\",\"position\":2,\"name\":\"\u00c9conomisez avec les offres en cours\"}]},{\"@type\":\"WebSite\",\"@id\":\"https:\\\/\\\/www.hotelacacia.it\\\/#website\",\"url\":\"https:\\\/\\\/www.hotelacacia.it\\\/\",\"name\":\"Acacia Hotel Cesenatico\",\"description\":\"Hotel 3 stelle a Cesenatico\",\"publisher\":{\"@id\":\"https:\\\/\\\/www.hotelacacia.it\\\/#organization\"},\"potentialAction\":[{\"@type\":\"SearchAction\",\"target\":{\"@type\":\"EntryPoint\",\"urlTemplate\":\"https:\\\/\\\/www.hotelacacia.it\\\/?s={search_term_string}\"},\"query-input\":{\"@type\":\"PropertyValueSpecification\",\"valueRequired\":true,\"valueName\":\"search_term_string\"}}],\"inLanguage\":\"fr-FR\"},{\"@type\":\"Organization\",\"@id\":\"https:\\\/\\\/www.hotelacacia.it\\\/#organization\",\"name\":\"Hotel Acacia Cesenatico\",\"url\":\"https:\\\/\\\/www.hotelacacia.it\\\/\",\"logo\":{\"@type\":\"ImageObject\",\"inLanguage\":\"fr-FR\",\"@id\":\"https:\\\/\\\/www.hotelacacia.it\\\/#\\\/schema\\\/logo\\\/image\\\/\",\"url\":\"https:\\\/\\\/www.hotelacacia.it\\\/acacia\\\/wp-content\\\/uploads\\\/2015\\\/11\\\/logo-hotel-acacia-quadrato.png\",\"contentUrl\":\"https:\\\/\\\/www.hotelacacia.it\\\/acacia\\\/wp-content\\\/uploads\\\/2015\\\/11\\\/logo-hotel-acacia-quadrato.png\",\"width\":230,\"height\":230,\"caption\":\"Hotel Acacia Cesenatico\"},\"image\":{\"@id\":\"https:\\\/\\\/www.hotelacacia.it\\\/#\\\/schema\\\/logo\\\/image\\\/\"}}]}<\/script>\n<!-- \/ Yoast SEO plugin. -->","yoast_head_json":{"title":"Offres Vacances en H\u00f4tel \u00e0 Cesenatico | Juin Juillet Ao\u00fbt","description":"Offres en H\u00f4tel 3 \u00e9toiles \u00e0 Cesenatico : les offres de l'H\u00f4tel Acacia pour l'\u00e9t\u00e9 : Offres et Last Minute pour juin, juillet, ao\u00fbt et septembre.","robots":{"index":"index","follow":"follow","max-snippet":"max-snippet:-1","max-image-preview":"max-image-preview:large","max-video-preview":"max-video-preview:-1"},"canonical":"https:\/\/www.hotelacacia.it\/fr\/offres\/","og_locale":"fr_FR","og_type":"article","og_title":"Offres Vacances en H\u00f4tel \u00e0 Cesenatico | Juin Juillet Ao\u00fbt","og_description":"Offres en H\u00f4tel 3 \u00e9toiles \u00e0 Cesenatico : les offres de l'H\u00f4tel Acacia pour l'\u00e9t\u00e9 : Offres et Last Minute pour juin, juillet, ao\u00fbt et septembre.","og_url":"https:\/\/www.hotelacacia.it\/fr\/offres\/","og_site_name":"Acacia Hotel Cesenatico","article_modified_time":"2023-04-19T09:39:51+00:00","og_image":[{"width":1200,"height":801,"url":"https:\/\/www.hotelacacia.it\/wp-content\/uploads\/2020\/03\/bigstock-Blue-Umbrellas-And-Chaise-Loun-239259895.jpg","type":"image\/jpeg"}],"twitter_card":"summary_large_image","twitter_misc":{"Dur\u00e9e de lecture estim\u00e9e":"1 minute"},"schema":{"@context":"https:\/\/schema.org","@graph":[{"@type":"WebPage","@id":"https:\/\/www.hotelacacia.it\/fr\/offres\/","url":"https:\/\/www.hotelacacia.it\/fr\/offres\/","name":"Offres Vacances en H\u00f4tel \u00e0 Cesenatico | Juin Juillet Ao\u00fbt","isPartOf":{"@id":"https:\/\/www.hotelacacia.it\/#website"},"primaryImageOfPage":{"@id":"https:\/\/www.hotelacacia.it\/fr\/offres\/#primaryimage"},"image":{"@id":"https:\/\/www.hotelacacia.it\/fr\/offres\/#primaryimage"},"thumbnailUrl":"https:\/\/www.hotelacacia.it\/wp-content\/uploads\/2020\/03\/bigstock-Blue-Umbrellas-And-Chaise-Loun-239259895.jpg","datePublished":"2015-11-06T16:57:22+00:00","dateModified":"2023-04-19T09:39:51+00:00","description":"Offres en H\u00f4tel 3 \u00e9toiles \u00e0 Cesenatico : les offres de l'H\u00f4tel Acacia pour l'\u00e9t\u00e9 : Offres et Last Minute pour juin, juillet, ao\u00fbt et septembre.","breadcrumb":{"@id":"https:\/\/www.hotelacacia.it\/fr\/offres\/#breadcrumb"},"inLanguage":"fr-FR","potentialAction":[{"@type":"ReadAction","target":["https:\/\/www.hotelacacia.it\/fr\/offres\/"]}]},{"@type":"ImageObject","inLanguage":"fr-FR","@id":"https:\/\/www.hotelacacia.it\/fr\/offres\/#primaryimage","url":"https:\/\/www.hotelacacia.it\/wp-content\/uploads\/2020\/03\/bigstock-Blue-Umbrellas-And-Chaise-Loun-239259895.jpg","contentUrl":"https:\/\/www.hotelacacia.it\/wp-content\/uploads\/2020\/03\/bigstock-Blue-Umbrellas-And-Chaise-Loun-239259895.jpg","width":1200,"height":801,"caption":"Blue umbrellas and chaise lounges on the beach of Rimini in Italy"},{"@type":"BreadcrumbList","@id":"https:\/\/www.hotelacacia.it\/fr\/offres\/#breadcrumb","itemListElement":[{"@type":"ListItem","position":1,"name":"Home","item":"https:\/\/www.hotelacacia.it\/fr\/"},{"@type":"ListItem","position":2,"name":"\u00c9conomisez avec les offres en cours"}]},{"@type":"WebSite","@id":"https:\/\/www.hotelacacia.it\/#website","url":"https:\/\/www.hotelacacia.it\/","name":"Acacia Hotel Cesenatico","description":"Hotel 3 stelle a Cesenatico","publisher":{"@id":"https:\/\/www.hotelacacia.it\/#organization"},"potentialAction":[{"@type":"SearchAction","target":{"@type":"EntryPoint","urlTemplate":"https:\/\/www.hotelacacia.it\/?s={search_term_string}"},"query-input":{"@type":"PropertyValueSpecification","valueRequired":true,"valueName":"search_term_string"}}],"inLanguage":"fr-FR"},{"@type":"Organization","@id":"https:\/\/www.hotelacacia.it\/#organization","name":"Hotel Acacia Cesenatico","url":"https:\/\/www.hotelacacia.it\/","logo":{"@type":"ImageObject","inLanguage":"fr-FR","@id":"https:\/\/www.hotelacacia.it\/#\/schema\/logo\/image\/","url":"https:\/\/www.hotelacacia.it\/acacia\/wp-content\/uploads\/2015\/11\/logo-hotel-acacia-quadrato.png","contentUrl":"https:\/\/www.hotelacacia.it\/acacia\/wp-content\/uploads\/2015\/11\/logo-hotel-acacia-quadrato.png","width":230,"height":230,"caption":"Hotel Acacia Cesenatico"},"image":{"@id":"https:\/\/www.hotelacacia.it\/#\/schema\/logo\/image\/"}}]}},"publishpress_future_action":{"enabled":false,"date":"2026-05-22 12:50:09","action":"change-status","newStatus":"draft","terms":[],"taxonomy":"translation_priority","extraData":[]},"publishpress_future_workflow_manual_trigger":{"enabledWorkflows":[]},"_links":{"self":[{"href":"https:\/\/www.hotelacacia.it\/fr\/wp-json\/wp\/v2\/pages\/828","targetHints":{"allow":["GET"]}}],"collection":[{"href":"https:\/\/www.hotelacacia.it\/fr\/wp-json\/wp\/v2\/pages"}],"about":[{"href":"https:\/\/www.hotelacacia.it\/fr\/wp-json\/wp\/v2\/types\/page"}],"author":[{"embeddable":true,"href":"https:\/\/www.hotelacacia.it\/fr\/wp-json\/wp\/v2\/users\/1"}],"replies":[{"embeddable":true,"href":"https:\/\/www.hotelacacia.it\/fr\/wp-json\/wp\/v2\/comments?post=828"}],"version-history":[{"count":20,"href":"https:\/\/www.hotelacacia.it\/fr\/wp-json\/wp\/v2\/pages\/828\/revisions"}],"predecessor-version":[{"id":3982,"href":"https:\/\/www.hotelacacia.it\/fr\/wp-json\/wp\/v2\/pages\/828\/revisions\/3982"}],"wp:featuredmedia":[{"embeddable":true,"href":"https:\/\/www.hotelacacia.it\/fr\/wp-json\/wp\/v2\/media\/3190"}],"wp:attachment":[{"href":"https:\/\/www.hotelacacia.it\/fr\/wp-json\/wp\/v2\/media?parent=828"}],"curies":[{"name":"wp","href":"https:\/\/api.w.org\/{rel}","templated":true}]}}