{"id":823,"date":"2015-11-13T18:09:26","date_gmt":"2015-11-13T17:09:26","guid":{"rendered":"http:\/\/www.cristianbuda.com\/acacia\/fr\/?page_id=823"},"modified":"2025-01-20T17:33:21","modified_gmt":"2025-01-20T16:33:21","slug":"service-plage-compris","status":"publish","type":"page","link":"https:\/\/www.hotelacacia.it\/fr\/service-plage-compris\/","title":{"rendered":"Service plage compris: les \u00e9tablissements baln\u00e9aires"},"content":{"rendered":"<div class=\"wpb-content-wrapper\"><p>[vc_section full_width=\u00a0\u00bbstretch_row\u00a0\u00bb content_placement=\u00a0\u00bbmiddle\u00a0\u00bb css=\u00a0\u00bb.vc_custom_1678292416662{border-bottom-width: 20px !important;padding-top: 30px !important;padding-bottom: 30px !important;background-position: center !important;background-repeat: no-repeat !important;background-size: cover !important;border-bottom-color: #ffffff !important;border-bottom-style: solid !important;}\u00a0\u00bb][vc_row][vc_column][vc_column_text]L\u2019h\u00f4tel Acacia se trouve \u00e0 quelques pas de la plage et recommande les \u00e9tablissements Bagno Bruno \/ Bagno Oriano et Bagno Corallo \u00e0 Villamarina di Cesenatico pour leurs offres Tout Compris.[\/vc_column_text][\/vc_column][\/vc_row][vc_row gap=\u00a0\u00bb30&Prime; equal_height=\u00a0\u00bbyes\u00a0\u00bb][vc_column width=\u00a0\u00bb1\/2&Prime; el_class=\u00a0\u00bbhighlight-box\u00a0\u00bb][vc_column_text]<\/p>\n<h3>Bagno Bruno 37 \/ Bagno Oriano 36<\/h3>\n<p>[\/vc_column_text][vc_single_image image=\u00a0\u00bb4540&Prime; img_size=\u00a0\u00bb600&#215;350&Prime; alignment=\u00a0\u00bbcenter\u00a0\u00bb style=\u00a0\u00bbvc_box_rounded\u00a0\u00bb css=\u00a0\u00bb.vc_custom_1737390790756{margin-bottom: 0px !important;}\u00a0\u00bb][vc_column_text]Les \u00e9tablissements baln\u00e9aires Bagno Bruno 37 et Bagno Oriano 36 \u00e0 Villamarina proposent :<\/p>\n<ul>\n<li>Aire de jeux pour enfants<\/li>\n<li>Animation<\/li>\n<li>F\u00eate de la barbe \u00e0 papa \/ F\u00eate du Nutella \/ F\u00eate du pop-corn<\/li>\n<li>Pin-pong et baby-foot professionnels d&rsquo;ext\u00e9rieur<\/li>\n<li>Rangement de matelas<\/li>\n<li>En haut<\/li>\n<li>Espace biblioth\u00e8que<\/li>\n<li>Terrain de p\u00e9tanque r\u00e9glementaire<\/li>\n<li>Terrain de beach volley<\/li>\n<li>Journaux locaux et nationaux<\/li>\n<li>Douche \u00e0 eau chaude<\/li>\n<li>Table \u00e0 langer<\/li>\n<li>Compresseur<\/li>\n<li>Wifi sur la plage<\/li>\n<li>WC \/ Toilettes \/ Cabines vestiaires<\/li>\n<li>Bracelets anti-perte<\/li>\n<li>Service de recharge pour smartphone<\/li>\n<\/ul>\n<p>[\/vc_column_text][\/vc_column][vc_column width=\u00a0\u00bb1\/2&Prime; el_class=\u00a0\u00bbhighlight-box\u00a0\u00bb][vc_column_text]<\/p>\n<h3>Bagno Corallo 45<\/h3>\n<p>[\/vc_column_text][vc_single_image image=\u00a0\u00bb591&Prime; img_size=\u00a0\u00bb600&#215;350&Prime; alignment=\u00a0\u00bbcenter\u00a0\u00bb style=\u00a0\u00bbvc_box_rounded\u00a0\u00bb][vc_column_text]Bagno Corallo 45 despose de:<\/p>\n<ul class=\"list_check\">\n<li>cabines de plage<\/li>\n<li>douches<\/li>\n<li>bar<\/li>\n<li>terrains de p\u00e9tanque<\/li>\n<li>terrain de volleyball \/ raquettes<\/li>\n<li>terrain de basket<\/li>\n<li>Dog Beach (plage pour les chiens)<\/li>\n<\/ul>\n<p>[\/vc_column_text][\/vc_column][\/vc_row][\/vc_section][vc_section full_width=\u00a0\u00bbstretch_row\u00a0\u00bb content_placement=\u00a0\u00bbmiddle\u00a0\u00bb css=\u00a0\u00bb.vc_custom_1678926362045{border-bottom-width: 20px !important;background-image: url(https:\/\/www.hotelacacia.it\/wp-content\/uploads\/2023\/03\/dog-beach.jpg?id=3722) !important;background-position: center !important;background-repeat: no-repeat !important;background-size: cover !important;border-bottom-color: #ffffff !important;border-bottom-style: solid !important;}\u00a0\u00bb el_class=\u00a0\u00bbfixedbg photorow\u00a0\u00bb][vc_row][vc_column][vc_column_text css=\u00a0\u00bb.vc_custom_1681896206987{margin-bottom: 35px !important;}\u00a0\u00bb el_class=\u00a0\u00bbmain_title\u00a0\u00bb]<\/p>\n<h2 style=\"text-align: center;\">Plage pour nos amis les chiens<\/h2>\n<p>[\/vc_column_text][\/vc_column][\/vc_row][vc_row gap=\u00a0\u00bb30&Prime; equal_height=\u00a0\u00bbyes\u00a0\u00bb][vc_column width=\u00a0\u00bb1\/2&Prime; el_class=\u00a0\u00bbhighlight-box\u00a0\u00bb offset=\u00a0\u00bbvc_col-sm-offset-6&Prime;][vc_column_text]<\/p>\n<h3>Dog Beach de Villamarina est \u00e0 quelques m\u00e8tres seulement de l\u2019h\u00f4tel Acacia<\/h3>\n<p>[\/vc_column_text][vc_column_text]Nous signalons \u00e0 qui voyage avec son chien et d\u00e9sire l\u2019emmener \u00e0 la plage, que l\u2019\u00e9tablissement baln\u00e9aire Bagno <strong>Corallo 45<\/strong> dispose d\u2019une zone r\u00e9serv\u00e9e aux chiens.<\/p>\n<p>Il s\u2019agit d\u2019un espace dont l\u2019acc\u00e8s est exclusivement r\u00e9serv\u00e9 aux maitres et \u00e0 leurs chiens.<\/p>\n<p>L\u2019h\u00f4tel Acacia c\u2019est conventionn\u00e9 avec cet \u00e9tablissement, ce dernier a l\u2019avantage d\u2019\u00eatre situ\u00e9 \u00e0 150 m seulement et il est donc tr\u00e8s pratique.[\/vc_column_text][\/vc_column][\/vc_row][\/vc_section][vc_section full_width=\u00a0\u00bbstretch_row\u00a0\u00bb content_placement=\u00a0\u00bbmiddle\u00a0\u00bb css=\u00a0\u00bb.vc_custom_1678292416662{border-bottom-width: 20px !important;padding-top: 30px !important;padding-bottom: 30px !important;background-position: center !important;background-repeat: no-repeat !important;background-size: cover !important;border-bottom-color: #ffffff !important;border-bottom-style: solid !important;}\u00a0\u00bb][vc_row][vc_column][vc_column_text css=\u00a0\u00bb.vc_custom_1681896254268{margin-bottom: 35px !important;}\u00a0\u00bb el_class=\u00a0\u00bbmain_title\u00a0\u00bb]<\/p>\n<h2 style=\"text-align: center;\">La plage de Cesenatico: s\u00e9curit\u00e9 et action!<\/h2>\n<p>[\/vc_column_text][\/vc_column][\/vc_row][vc_row gap=\u00a0\u00bb30&Prime; equal_height=\u00a0\u00bbyes\u00a0\u00bb][vc_column width=\u00a0\u00bb1\/3&Prime; el_class=\u00a0\u00bbdivisorio_colonna_dx\u00a0\u00bb][vc_single_image image=\u00a0\u00bb3698&Prime; img_size=\u00a0\u00bb600&#215;600&Prime;][\/vc_column][vc_column width=\u00a0\u00bb2\/3&Prime;][vc_column_text]La plage de Cesenatico se place parmi les plus s\u00fbres pour les enfants gr\u00e2ce \u00e0 sa conformation ; elle est donc devenue une des destinations pr\u00e9f\u00e9r\u00e9es pour les familles.<\/p>\n<p>Le long de la c\u00f4te de Cesenatico, vous pouvez y pratiquer de nombreux sports, du volley sur sable \u00e0 la planche \u00e0 voile et pendant que les parents se d\u00e9tendent au soleil, les enfants peuvent jouer et s\u2019amuser dans les nombreux espaces am\u00e9nag\u00e9s pour eux \u00e0 proximit\u00e9 de la mer.<\/p>\n<p>Les animateurs sont toujours pr\u00eats \u00e0 agr\u00e9menter vos journ\u00e9es bain de soleil : musique, gym, jeux d\u2019\u00e9quipes, etc. pour vous faire profiter au maximum de vos vacances \u00e0 la mer \u00e0 Cesenatico.<\/p>\n<p>Et les passionn\u00e9s de la mer pourront louer des p\u00e9dalos ou prendre des le\u00e7ons de voile et de planche \u00e0 voile aupr\u00e8s des clubs nautiques de Cesenatico.[\/vc_column_text][\/vc_column][\/vc_row][\/vc_section]<\/p>\n<\/div>","protected":false},"excerpt":{"rendered":"<p>[vc_section full_width=\u00a0\u00bbstretch_row\u00a0\u00bb content_placement=\u00a0\u00bbmiddle\u00a0\u00bb css=\u00a0\u00bb.vc_custom_1678292416662{border-bottom-width: 20px !important;padding-top: 30px !important;padding-bottom: 30px !important;background-position: center !important;background-repeat: no-repeat !important;background-size: cover !important;border-bottom-color: #ffffff !important;border-bottom-style: solid !important;}\u00a0\u00bb][vc_row][vc_column][vc_column_text]L\u2019h\u00f4tel Acacia se trouve \u00e0 quelques pas<span class=\"excerpt-hellip\"> [\u2026]<\/span><\/p>\n","protected":false},"author":1,"featured_media":3190,"parent":0,"menu_order":0,"comment_status":"closed","ping_status":"closed","template":"","meta":{"_acf_changed":false,"footnotes":""},"class_list":["post-823","page","type-page","status-publish","has-post-thumbnail","hentry"],"acf":[],"yoast_head":"<!-- This site is optimized with the Yoast SEO plugin v27.5 - https:\/\/yoast.com\/product\/yoast-seo-wordpress\/ -->\n<title>H\u00f4tel Cesenatico avec plage incluse | H\u00f4tel Acacia ***<\/title>\n<meta name=\"description\" content=\"La plage est toujours incluse dans les forfaits All Inclusive : pour chaque chambre de l&#039;h\u00f4tel, deux transats et un parasol \u00e0 Bagno Bruno ou Bagno Corallo.\" \/>\n<meta name=\"robots\" content=\"index, follow, max-snippet:-1, max-image-preview:large, max-video-preview:-1\" \/>\n<link rel=\"canonical\" href=\"https:\/\/www.hotelacacia.it\/fr\/service-plage-compris\/\" \/>\n<meta property=\"og:locale\" content=\"fr_FR\" \/>\n<meta property=\"og:type\" content=\"article\" \/>\n<meta property=\"og:title\" content=\"H\u00f4tel Cesenatico avec plage incluse | H\u00f4tel Acacia ***\" \/>\n<meta property=\"og:description\" content=\"La plage est toujours incluse dans les forfaits All Inclusive : pour chaque chambre de l&#039;h\u00f4tel, deux transats et un parasol \u00e0 Bagno Bruno ou Bagno Corallo.\" \/>\n<meta property=\"og:url\" content=\"https:\/\/www.hotelacacia.it\/fr\/service-plage-compris\/\" \/>\n<meta property=\"og:site_name\" content=\"Acacia Hotel Cesenatico\" \/>\n<meta property=\"article:modified_time\" content=\"2025-01-20T16:33:21+00:00\" \/>\n<meta property=\"og:image\" content=\"https:\/\/www.hotelacacia.it\/wp-content\/uploads\/2020\/03\/bigstock-Blue-Umbrellas-And-Chaise-Loun-239259895.jpg\" \/>\n\t<meta property=\"og:image:width\" content=\"1200\" \/>\n\t<meta property=\"og:image:height\" content=\"801\" \/>\n\t<meta property=\"og:image:type\" content=\"image\/jpeg\" \/>\n<meta name=\"twitter:card\" content=\"summary_large_image\" \/>\n<meta name=\"twitter:label1\" content=\"Dur\u00e9e de lecture estim\u00e9e\" \/>\n\t<meta name=\"twitter:data1\" content=\"3 minutes\" \/>\n<script type=\"application\/ld+json\" class=\"yoast-schema-graph\">{\"@context\":\"https:\\\/\\\/schema.org\",\"@graph\":[{\"@type\":\"WebPage\",\"@id\":\"https:\\\/\\\/www.hotelacacia.it\\\/fr\\\/service-plage-compris\\\/\",\"url\":\"https:\\\/\\\/www.hotelacacia.it\\\/fr\\\/service-plage-compris\\\/\",\"name\":\"H\u00f4tel Cesenatico avec plage incluse | H\u00f4tel Acacia ***\",\"isPartOf\":{\"@id\":\"https:\\\/\\\/www.hotelacacia.it\\\/#website\"},\"primaryImageOfPage\":{\"@id\":\"https:\\\/\\\/www.hotelacacia.it\\\/fr\\\/service-plage-compris\\\/#primaryimage\"},\"image\":{\"@id\":\"https:\\\/\\\/www.hotelacacia.it\\\/fr\\\/service-plage-compris\\\/#primaryimage\"},\"thumbnailUrl\":\"https:\\\/\\\/www.hotelacacia.it\\\/wp-content\\\/uploads\\\/2020\\\/03\\\/bigstock-Blue-Umbrellas-And-Chaise-Loun-239259895.jpg\",\"datePublished\":\"2015-11-13T17:09:26+00:00\",\"dateModified\":\"2025-01-20T16:33:21+00:00\",\"description\":\"La plage est toujours incluse dans les forfaits All Inclusive : pour chaque chambre de l'h\u00f4tel, deux transats et un parasol \u00e0 Bagno Bruno ou Bagno Corallo.\",\"breadcrumb\":{\"@id\":\"https:\\\/\\\/www.hotelacacia.it\\\/fr\\\/service-plage-compris\\\/#breadcrumb\"},\"inLanguage\":\"fr-FR\",\"potentialAction\":[{\"@type\":\"ReadAction\",\"target\":[\"https:\\\/\\\/www.hotelacacia.it\\\/fr\\\/service-plage-compris\\\/\"]}]},{\"@type\":\"ImageObject\",\"inLanguage\":\"fr-FR\",\"@id\":\"https:\\\/\\\/www.hotelacacia.it\\\/fr\\\/service-plage-compris\\\/#primaryimage\",\"url\":\"https:\\\/\\\/www.hotelacacia.it\\\/wp-content\\\/uploads\\\/2020\\\/03\\\/bigstock-Blue-Umbrellas-And-Chaise-Loun-239259895.jpg\",\"contentUrl\":\"https:\\\/\\\/www.hotelacacia.it\\\/wp-content\\\/uploads\\\/2020\\\/03\\\/bigstock-Blue-Umbrellas-And-Chaise-Loun-239259895.jpg\",\"width\":1200,\"height\":801,\"caption\":\"Blue umbrellas and chaise lounges on the beach of Rimini in Italy\"},{\"@type\":\"BreadcrumbList\",\"@id\":\"https:\\\/\\\/www.hotelacacia.it\\\/fr\\\/service-plage-compris\\\/#breadcrumb\",\"itemListElement\":[{\"@type\":\"ListItem\",\"position\":1,\"name\":\"Home\",\"item\":\"https:\\\/\\\/www.hotelacacia.it\\\/fr\\\/\"},{\"@type\":\"ListItem\",\"position\":2,\"name\":\"Service plage compris: les \u00e9tablissements baln\u00e9aires\"}]},{\"@type\":\"WebSite\",\"@id\":\"https:\\\/\\\/www.hotelacacia.it\\\/#website\",\"url\":\"https:\\\/\\\/www.hotelacacia.it\\\/\",\"name\":\"Acacia Hotel Cesenatico\",\"description\":\"Hotel 3 stelle a Cesenatico\",\"publisher\":{\"@id\":\"https:\\\/\\\/www.hotelacacia.it\\\/#organization\"},\"potentialAction\":[{\"@type\":\"SearchAction\",\"target\":{\"@type\":\"EntryPoint\",\"urlTemplate\":\"https:\\\/\\\/www.hotelacacia.it\\\/?s={search_term_string}\"},\"query-input\":{\"@type\":\"PropertyValueSpecification\",\"valueRequired\":true,\"valueName\":\"search_term_string\"}}],\"inLanguage\":\"fr-FR\"},{\"@type\":\"Organization\",\"@id\":\"https:\\\/\\\/www.hotelacacia.it\\\/#organization\",\"name\":\"Hotel Acacia Cesenatico\",\"url\":\"https:\\\/\\\/www.hotelacacia.it\\\/\",\"logo\":{\"@type\":\"ImageObject\",\"inLanguage\":\"fr-FR\",\"@id\":\"https:\\\/\\\/www.hotelacacia.it\\\/#\\\/schema\\\/logo\\\/image\\\/\",\"url\":\"https:\\\/\\\/www.hotelacacia.it\\\/acacia\\\/wp-content\\\/uploads\\\/2015\\\/11\\\/logo-hotel-acacia-quadrato.png\",\"contentUrl\":\"https:\\\/\\\/www.hotelacacia.it\\\/acacia\\\/wp-content\\\/uploads\\\/2015\\\/11\\\/logo-hotel-acacia-quadrato.png\",\"width\":230,\"height\":230,\"caption\":\"Hotel Acacia Cesenatico\"},\"image\":{\"@id\":\"https:\\\/\\\/www.hotelacacia.it\\\/#\\\/schema\\\/logo\\\/image\\\/\"}}]}<\/script>\n<!-- \/ Yoast SEO plugin. -->","yoast_head_json":{"title":"H\u00f4tel Cesenatico avec plage incluse | H\u00f4tel Acacia ***","description":"La plage est toujours incluse dans les forfaits All Inclusive : pour chaque chambre de l'h\u00f4tel, deux transats et un parasol \u00e0 Bagno Bruno ou Bagno Corallo.","robots":{"index":"index","follow":"follow","max-snippet":"max-snippet:-1","max-image-preview":"max-image-preview:large","max-video-preview":"max-video-preview:-1"},"canonical":"https:\/\/www.hotelacacia.it\/fr\/service-plage-compris\/","og_locale":"fr_FR","og_type":"article","og_title":"H\u00f4tel Cesenatico avec plage incluse | H\u00f4tel Acacia ***","og_description":"La plage est toujours incluse dans les forfaits All Inclusive : pour chaque chambre de l'h\u00f4tel, deux transats et un parasol \u00e0 Bagno Bruno ou Bagno Corallo.","og_url":"https:\/\/www.hotelacacia.it\/fr\/service-plage-compris\/","og_site_name":"Acacia Hotel Cesenatico","article_modified_time":"2025-01-20T16:33:21+00:00","og_image":[{"width":1200,"height":801,"url":"https:\/\/www.hotelacacia.it\/wp-content\/uploads\/2020\/03\/bigstock-Blue-Umbrellas-And-Chaise-Loun-239259895.jpg","type":"image\/jpeg"}],"twitter_card":"summary_large_image","twitter_misc":{"Dur\u00e9e de lecture estim\u00e9e":"3 minutes"},"schema":{"@context":"https:\/\/schema.org","@graph":[{"@type":"WebPage","@id":"https:\/\/www.hotelacacia.it\/fr\/service-plage-compris\/","url":"https:\/\/www.hotelacacia.it\/fr\/service-plage-compris\/","name":"H\u00f4tel Cesenatico avec plage incluse | H\u00f4tel Acacia ***","isPartOf":{"@id":"https:\/\/www.hotelacacia.it\/#website"},"primaryImageOfPage":{"@id":"https:\/\/www.hotelacacia.it\/fr\/service-plage-compris\/#primaryimage"},"image":{"@id":"https:\/\/www.hotelacacia.it\/fr\/service-plage-compris\/#primaryimage"},"thumbnailUrl":"https:\/\/www.hotelacacia.it\/wp-content\/uploads\/2020\/03\/bigstock-Blue-Umbrellas-And-Chaise-Loun-239259895.jpg","datePublished":"2015-11-13T17:09:26+00:00","dateModified":"2025-01-20T16:33:21+00:00","description":"La plage est toujours incluse dans les forfaits All Inclusive : pour chaque chambre de l'h\u00f4tel, deux transats et un parasol \u00e0 Bagno Bruno ou Bagno Corallo.","breadcrumb":{"@id":"https:\/\/www.hotelacacia.it\/fr\/service-plage-compris\/#breadcrumb"},"inLanguage":"fr-FR","potentialAction":[{"@type":"ReadAction","target":["https:\/\/www.hotelacacia.it\/fr\/service-plage-compris\/"]}]},{"@type":"ImageObject","inLanguage":"fr-FR","@id":"https:\/\/www.hotelacacia.it\/fr\/service-plage-compris\/#primaryimage","url":"https:\/\/www.hotelacacia.it\/wp-content\/uploads\/2020\/03\/bigstock-Blue-Umbrellas-And-Chaise-Loun-239259895.jpg","contentUrl":"https:\/\/www.hotelacacia.it\/wp-content\/uploads\/2020\/03\/bigstock-Blue-Umbrellas-And-Chaise-Loun-239259895.jpg","width":1200,"height":801,"caption":"Blue umbrellas and chaise lounges on the beach of Rimini in Italy"},{"@type":"BreadcrumbList","@id":"https:\/\/www.hotelacacia.it\/fr\/service-plage-compris\/#breadcrumb","itemListElement":[{"@type":"ListItem","position":1,"name":"Home","item":"https:\/\/www.hotelacacia.it\/fr\/"},{"@type":"ListItem","position":2,"name":"Service plage compris: les \u00e9tablissements baln\u00e9aires"}]},{"@type":"WebSite","@id":"https:\/\/www.hotelacacia.it\/#website","url":"https:\/\/www.hotelacacia.it\/","name":"Acacia Hotel Cesenatico","description":"Hotel 3 stelle a Cesenatico","publisher":{"@id":"https:\/\/www.hotelacacia.it\/#organization"},"potentialAction":[{"@type":"SearchAction","target":{"@type":"EntryPoint","urlTemplate":"https:\/\/www.hotelacacia.it\/?s={search_term_string}"},"query-input":{"@type":"PropertyValueSpecification","valueRequired":true,"valueName":"search_term_string"}}],"inLanguage":"fr-FR"},{"@type":"Organization","@id":"https:\/\/www.hotelacacia.it\/#organization","name":"Hotel Acacia Cesenatico","url":"https:\/\/www.hotelacacia.it\/","logo":{"@type":"ImageObject","inLanguage":"fr-FR","@id":"https:\/\/www.hotelacacia.it\/#\/schema\/logo\/image\/","url":"https:\/\/www.hotelacacia.it\/acacia\/wp-content\/uploads\/2015\/11\/logo-hotel-acacia-quadrato.png","contentUrl":"https:\/\/www.hotelacacia.it\/acacia\/wp-content\/uploads\/2015\/11\/logo-hotel-acacia-quadrato.png","width":230,"height":230,"caption":"Hotel Acacia Cesenatico"},"image":{"@id":"https:\/\/www.hotelacacia.it\/#\/schema\/logo\/image\/"}}]}},"publishpress_future_action":{"enabled":false,"date":"2026-05-22 12:54:14","action":"change-status","newStatus":"draft","terms":[],"taxonomy":"translation_priority","extraData":[]},"publishpress_future_workflow_manual_trigger":{"enabledWorkflows":[]},"_links":{"self":[{"href":"https:\/\/www.hotelacacia.it\/fr\/wp-json\/wp\/v2\/pages\/823","targetHints":{"allow":["GET"]}}],"collection":[{"href":"https:\/\/www.hotelacacia.it\/fr\/wp-json\/wp\/v2\/pages"}],"about":[{"href":"https:\/\/www.hotelacacia.it\/fr\/wp-json\/wp\/v2\/types\/page"}],"author":[{"embeddable":true,"href":"https:\/\/www.hotelacacia.it\/fr\/wp-json\/wp\/v2\/users\/1"}],"replies":[{"embeddable":true,"href":"https:\/\/www.hotelacacia.it\/fr\/wp-json\/wp\/v2\/comments?post=823"}],"version-history":[{"count":6,"href":"https:\/\/www.hotelacacia.it\/fr\/wp-json\/wp\/v2\/pages\/823\/revisions"}],"predecessor-version":[{"id":4543,"href":"https:\/\/www.hotelacacia.it\/fr\/wp-json\/wp\/v2\/pages\/823\/revisions\/4543"}],"wp:featuredmedia":[{"embeddable":true,"href":"https:\/\/www.hotelacacia.it\/fr\/wp-json\/wp\/v2\/media\/3190"}],"wp:attachment":[{"href":"https:\/\/www.hotelacacia.it\/fr\/wp-json\/wp\/v2\/media?parent=823"}],"curies":[{"name":"wp","href":"https:\/\/api.w.org\/{rel}","templated":true}]}}