{"id":821,"date":"2015-11-10T11:23:08","date_gmt":"2015-11-10T10:23:08","guid":{"rendered":"http:\/\/www.cristianbuda.com\/acacia\/fr\/?page_id=821"},"modified":"2023-10-27T10:39:01","modified_gmt":"2023-10-27T08:39:01","slug":"chambres","status":"publish","type":"page","link":"https:\/\/www.hotelacacia.it\/fr\/chambres\/","title":{"rendered":"Les Chambres: types et services"},"content":{"rendered":"<div class=\"wpb-content-wrapper\"><p>[vc_row][vc_column width=\u00a0\u00bb2\/3&Prime; offset=\u00a0\u00bbvc_col-sm-offset-2&Prime; css=\u00a0\u00bb.vc_custom_1678816148028{padding-bottom: 35px !important;}\u00a0\u00bb][vc_tta_accordion title_tag=\u00a0\u00bbh3&Prime; style=\u00a0\u00bbflat\u00a0\u00bb color=\u00a0\u00bbwhite\u00a0\u00bb gap=\u00a0\u00bb20&Prime; active_section=\u00a0\u00bb99999&Prime; collapsible_all=\u00a0\u00bbtrue\u00a0\u00bb title=\u00a0\u00bbTypes de chambres\u00a0\u00bb][vc_tta_section title=\u00a0\u00bbDouble \u00e0 deux lits\/grand lit\u00a0\u00bb tab_id=\u00a0\u00bbcamera-doppia\u00a0\u00bb][vc_row_inner][vc_column_inner width=\u00a0\u00bb2\/5&Prime;][vc_column_text]<\/p>\n<h5><i class=\"fas fa-bed\"><\/i> <em>jusqu&rsquo;\u00e0 2 adultes et 1 b\u00e9b\u00e9<\/em><\/h5>\n<p>[\/vc_column_text][vc_column_text]<\/p>\n<ul class=\"list_check\">\n<li>\u00e9galement disponible \u00e0 usage simple<\/li>\n<li>possibilit\u00e9 d&rsquo;ajouter un lit b\u00e9b\u00e9<\/li>\n<\/ul>\n<p>[\/vc_column_text][\/vc_column_inner][vc_column_inner width=\u00a0\u00bb3\/5&Prime;][vc_media_grid element_width=\u00a0\u00bb6&Prime; gap=\u00a0\u00bb15&Prime; initial_loading_animation=\u00a0\u00bbnone\u00a0\u00bb grid_id=\u00a0\u00bbvc_gid:1698395856092-04b84a12-1d5c-9&Prime; include=\u00a0\u00bb1239,116&Prime; css=\u00a0\u00bb.vc_custom_1698395875860{margin-top: 10px !important;margin-bottom: 10px !important;padding-bottom: 0px !important;}\u00a0\u00bb][\/vc_column_inner][\/vc_row_inner][\/vc_tta_section][vc_tta_section title=\u00a0\u00bbChambre Triple\u00a0\u00bb tab_id=\u00a0\u00bbcamera-tripla\u00a0\u00bb][vc_row_inner][vc_column_inner width=\u00a0\u00bb2\/5&Prime;][vc_column_text]<\/p>\n<h5><i class=\"fas fa-bed\"><\/i> <em>jusqu&rsquo;\u00e0 3 adultes<\/em><\/h5>\n<p>[\/vc_column_text][vc_column_text]<\/p>\n<ul class=\"list_check\">\n<li>avec lit double + lit simple<\/li>\n<li>chambre confortable et spacieuse<\/li>\n<\/ul>\n<p>[\/vc_column_text][\/vc_column_inner][vc_column_inner width=\u00a0\u00bb3\/5&Prime;][vc_media_grid element_width=\u00a0\u00bb6&Prime; gap=\u00a0\u00bb15&Prime; initial_loading_animation=\u00a0\u00bbnone\u00a0\u00bb grid_id=\u00a0\u00bbvc_gid:1698395856096-ae22e374-67c9-4&Prime; include=\u00a0\u00bb1242,1243&Prime; css=\u00a0\u00bb.vc_custom_1698395894733{margin-top: 10px !important;margin-bottom: 10px !important;padding-bottom: 0px !important;}\u00a0\u00bb][\/vc_column_inner][\/vc_row_inner][\/vc_tta_section][vc_tta_section title=\u00a0\u00bbChambre Quadruple avec lits superpos\u00e9s\u00a0\u00bb tab_id=\u00a0\u00bbcamera-quadrupla-castello\u00a0\u00bb][vc_row_inner][vc_column_inner width=\u00a0\u00bb2\/5&Prime;][vc_column_text]<\/p>\n<h5><i class=\"fas fa-bed\"><\/i> <em>jusqu&rsquo;\u00e0 4 adultes<\/em><\/h5>\n<p>[\/vc_column_text][vc_column_text]<\/p>\n<ul class=\"list_check\">\n<li>avec lit double + lits superpos\u00e9s<\/li>\n<\/ul>\n<p>[\/vc_column_text][\/vc_column_inner][vc_column_inner width=\u00a0\u00bb3\/5&Prime;][vc_media_grid element_width=\u00a0\u00bb6&Prime; gap=\u00a0\u00bb15&Prime; initial_loading_animation=\u00a0\u00bbnone\u00a0\u00bb grid_id=\u00a0\u00bbvc_gid:1698395856098-0debee83-5412-1&Prime; include=\u00a0\u00bb1246,1249&Prime; css=\u00a0\u00bb.vc_custom_1698395908364{margin-top: 10px !important;margin-bottom: 10px !important;padding-bottom: 0px !important;}\u00a0\u00bb][\/vc_column_inner][\/vc_row_inner][\/vc_tta_section][vc_tta_section title=\u00a0\u00bbChambre Quadruple avec simples lits\u00a0\u00bb tab_id=\u00a0\u00bbcamera-quadrupla-separati\u00a0\u00bb][vc_row_inner][vc_column_inner width=\u00a0\u00bb2\/5&Prime;][vc_column_text]<\/p>\n<h5><i class=\"fas fa-bed\"><\/i> <em>fino a 4 persone<\/em><\/h5>\n<p>[\/vc_column_text][vc_column_text]<\/p>\n<ul class=\"list_check\">\n<li>avec lit double + 2 simples lits<\/li>\n<\/ul>\n<p>[\/vc_column_text][\/vc_column_inner][vc_column_inner width=\u00a0\u00bb3\/5&Prime;][vc_media_grid element_width=\u00a0\u00bb6&Prime; gap=\u00a0\u00bb15&Prime; initial_loading_animation=\u00a0\u00bbnone\u00a0\u00bb grid_id=\u00a0\u00bbvc_gid:1698395856100-275237b2-4d75-6&Prime; include=\u00a0\u00bb1241,1250&Prime; css=\u00a0\u00bb.vc_custom_1698395922402{margin-top: 10px !important;margin-bottom: 10px !important;padding-bottom: 0px !important;}\u00a0\u00bb][\/vc_column_inner][\/vc_row_inner][\/vc_tta_section][vc_tta_section title=\u00a0\u00bbChambres communicantes\u00a0\u00bb tab_id=\u00a0\u00bbcamere-comunicanti\u00a0\u00bb][vc_row_inner][vc_column_inner width=\u00a0\u00bb2\/5&Prime;][vc_column_text]<\/p>\n<h5><i class=\"fas fa-bed\"><\/i> <em>jusqu&rsquo;\u00e0 4 adultes et 1 b\u00e9b\u00e9<\/em><\/h5>\n<p>[\/vc_column_text][vc_column_text]<\/p>\n<ul class=\"list_check\">\n<li>id\u00e9al pour les familles<\/li>\n<li>tr\u00e8s spacieux<\/li>\n<li>possibilit\u00e9 d&rsquo;ajouter un lit b\u00e9b\u00e9<\/li>\n<\/ul>\n<p>[\/vc_column_text][\/vc_column_inner][vc_column_inner width=\u00a0\u00bb3\/5&Prime;][vc_media_grid element_width=\u00a0\u00bb6&Prime; gap=\u00a0\u00bb15&Prime; initial_loading_animation=\u00a0\u00bbnone\u00a0\u00bb grid_id=\u00a0\u00bbvc_gid:1698395856103-68bb3105-270d-2&Prime; include=\u00a0\u00bb1252,1264&Prime; css=\u00a0\u00bb.vc_custom_1698395934670{margin-top: 10px !important;margin-bottom: 10px !important;padding-bottom: 0px !important;}\u00a0\u00bb][\/vc_column_inner][\/vc_row_inner][\/vc_tta_section][\/vc_tta_accordion][\/vc_column][\/vc_row][vc_section full_width=\u00a0\u00bbstretch_row\u00a0\u00bb full_height=\u00a0\u00bbyes\u00a0\u00bb content_placement=\u00a0\u00bbmiddle\u00a0\u00bb css=\u00a0\u00bb.vc_custom_1678497462778{border-bottom-width: 20px !important;padding-top: 30px !important;padding-bottom: 30px !important;background-image: url(https:\/\/www.hotelacacia.it\/wp-content\/uploads\/2015\/11\/bagno-camera-hotel.jpg?id=1250) !important;background-position: center !important;background-repeat: no-repeat !important;background-size: cover !important;border-bottom-color: #ffffff !important;border-bottom-style: solid !important;}\u00a0\u00bb el_class=\u00a0\u00bbfixedbg photorow\u00a0\u00bb][vc_row][vc_column][vc_column_text css=\u00a0\u00bb.vc_custom_1681895117252{margin-bottom: 35px !important;}\u00a0\u00bb el_class=\u00a0\u00bbmain_title\u00a0\u00bb]<\/p>\n<h2 style=\"text-align: center;\">Services et \u00e9quipement<\/h2>\n<p>[\/vc_column_text][\/vc_column][\/vc_row][vc_row gap=\u00a0\u00bb30&Prime; equal_height=\u00a0\u00bbyes\u00a0\u00bb][vc_column width=\u00a0\u00bb1\/2&Prime; el_class=\u00a0\u00bbhighlight-box\u00a0\u00bb][vc_column_text]<\/p>\n<h3>Toutes les chambres sont \u00e9quip\u00e9es comme suit:<\/h3>\n<p>[\/vc_column_text][vc_column_text]<\/p>\n<ul class=\"list_check\">\n<li>salles de bain privatives (la plupart avec cabine de douche)<\/li>\n<li>TV couleur<\/li>\n<li>T\u00e9l\u00e9phone<\/li>\n<li>Coffre-fort<\/li>\n<li>S\u00e8che-cheveux<\/li>\n<li>Climatisation<\/li>\n<li>Free Wi-Fi<\/li>\n<li>Frigo bar (uniquement sur demande)<\/li>\n<\/ul>\n<p>[\/vc_column_text][\/vc_column][vc_column width=\u00a0\u00bb1\/2&Prime; el_class=\u00a0\u00bbhighlight-box\u00a0\u00bb][vc_column_text]<\/p>\n<h3>Disponible sur demande:<\/h3>\n<p>[\/vc_column_text][vc_column_text]<\/p>\n<h5 style=\"text-align: center;\">Pour les familles avec enfants<\/h5>\n<p>[\/vc_column_text][vc_column_text css=\u00a0\u00bb.vc_custom_1681894727084{margin-top: 40px !important;}\u00a0\u00bb]<\/p>\n<ul class=\"list_star\">\n<li>petits lits<\/li>\n<li>barri\u00e8res de s\u00e9curit\u00e9<\/li>\n<li>veilleuses<\/li>\n<li>chauffe-biberonsn<\/li>\n<\/ul>\n<p>[\/vc_column_text][\/vc_column][\/vc_row][\/vc_section][vc_section][vc_row gap=\u00a0\u00bb30&Prime; equal_height=\u00a0\u00bbyes\u00a0\u00bb][vc_column width=\u00a0\u00bb2\/3&Prime; el_class=\u00a0\u00bbhighlight-box\u00a0\u00bb offset=\u00a0\u00bbvc_col-sm-offset-2&Prime;][vc_column_text]<\/p>\n<h3>Assainissement et hygi\u00e8ne des chambres:<\/h3>\n<p>[\/vc_column_text][vc_column_text]<\/p>\n<ul class=\"list_check\">\n<li><strong>ASSAINISSEMENT DES CHAMBRE<\/strong>: Effectu\u00e9 tous les jours avec des produits sp\u00e9cifiques autoris\u00e9s par le Minist\u00e8re de la Sant\u00e9.<\/li>\n<li><strong>LINGE<\/strong>: Le lavage du linge se fait avec des produits sp\u00e9cifiques pour la d\u00e9sinfection.<\/li>\n<li><strong>TRAITEMENT BACT\u00c9RICIDE<\/strong>: n\u00e9bulisation avec traitement bact\u00e9ricide (non nocif pour l&rsquo;homme) effectu\u00e9 \u00e0 chaque changement de client.<\/li>\n<\/ul>\n<p>[\/vc_column_text][\/vc_column][\/vc_row][\/vc_section]<\/p>\n<\/div>","protected":false},"excerpt":{"rendered":"<p>[vc_row][vc_column width=\u00a0\u00bb2\/3&Prime; offset=\u00a0\u00bbvc_col-sm-offset-2&Prime; css=\u00a0\u00bb.vc_custom_1678816148028{padding-bottom: 35px !important;}\u00a0\u00bb][vc_tta_accordion title_tag=\u00a0\u00bbh3&Prime; style=\u00a0\u00bbflat\u00a0\u00bb color=\u00a0\u00bbwhite\u00a0\u00bb gap=\u00a0\u00bb20&Prime; active_section=\u00a0\u00bb99999&Prime; collapsible_all=\u00a0\u00bbtrue\u00a0\u00bb title=\u00a0\u00bbTypes de chambres\u00a0\u00bb][vc_tta_section title=\u00a0\u00bbDouble \u00e0 deux lits\/grand lit\u00a0\u00bb tab_id=\u00a0\u00bbcamera-doppia\u00a0\u00bb][vc_row_inner][vc_column_inner width=\u00a0\u00bb2\/5&Prime;][vc_column_text] jusqu&rsquo;\u00e0 2 adultes et<span class=\"excerpt-hellip\"> [\u2026]<\/span><\/p>\n","protected":false},"author":1,"featured_media":3142,"parent":0,"menu_order":0,"comment_status":"closed","ping_status":"closed","template":"","meta":{"_acf_changed":false,"footnotes":""},"class_list":["post-821","page","type-page","status-publish","has-post-thumbnail","hentry"],"acf":[],"yoast_head":"<!-- This site is optimized with the Yoast SEO plugin v27.5 - https:\/\/yoast.com\/product\/yoast-seo-wordpress\/ -->\n<title>Chambres disponibles \u00e0 l&#039;h\u00f4tel \u00e0 Cesenatico | Hotel Acacia ***<\/title>\n<meta name=\"description\" content=\"D\u00e9couvrez les chambres disponibles \u00e0 Cesenatico \u00e0 l&#039;H\u00f4tel Acacia. Regardez la galerie de photos et la liste des services inclus\" \/>\n<meta name=\"robots\" content=\"index, follow, max-snippet:-1, max-image-preview:large, max-video-preview:-1\" \/>\n<link rel=\"canonical\" href=\"https:\/\/www.hotelacacia.it\/fr\/chambres\/\" \/>\n<meta property=\"og:locale\" content=\"fr_FR\" \/>\n<meta property=\"og:type\" content=\"article\" \/>\n<meta property=\"og:title\" content=\"Chambres disponibles \u00e0 l&#039;h\u00f4tel \u00e0 Cesenatico | Hotel Acacia ***\" \/>\n<meta property=\"og:description\" content=\"D\u00e9couvrez les chambres disponibles \u00e0 Cesenatico \u00e0 l&#039;H\u00f4tel Acacia. Regardez la galerie de photos et la liste des services inclus\" \/>\n<meta property=\"og:url\" content=\"https:\/\/www.hotelacacia.it\/fr\/chambres\/\" \/>\n<meta property=\"og:site_name\" content=\"Acacia Hotel Cesenatico\" \/>\n<meta property=\"article:modified_time\" content=\"2023-10-27T08:39:01+00:00\" \/>\n<meta property=\"og:image\" content=\"https:\/\/www.hotelacacia.it\/wp-content\/uploads\/2015\/11\/IMG_8115-HDR.jpg\" \/>\n\t<meta property=\"og:image:width\" content=\"1200\" \/>\n\t<meta property=\"og:image:height\" content=\"800\" \/>\n\t<meta property=\"og:image:type\" content=\"image\/jpeg\" \/>\n<meta name=\"twitter:card\" content=\"summary_large_image\" \/>\n<meta name=\"twitter:label1\" content=\"Dur\u00e9e de lecture estim\u00e9e\" \/>\n\t<meta name=\"twitter:data1\" content=\"2 minutes\" \/>\n<script type=\"application\/ld+json\" class=\"yoast-schema-graph\">{\"@context\":\"https:\\\/\\\/schema.org\",\"@graph\":[{\"@type\":\"WebPage\",\"@id\":\"https:\\\/\\\/www.hotelacacia.it\\\/fr\\\/chambres\\\/\",\"url\":\"https:\\\/\\\/www.hotelacacia.it\\\/fr\\\/chambres\\\/\",\"name\":\"Chambres disponibles \u00e0 l'h\u00f4tel \u00e0 Cesenatico | Hotel Acacia ***\",\"isPartOf\":{\"@id\":\"https:\\\/\\\/www.hotelacacia.it\\\/#website\"},\"primaryImageOfPage\":{\"@id\":\"https:\\\/\\\/www.hotelacacia.it\\\/fr\\\/chambres\\\/#primaryimage\"},\"image\":{\"@id\":\"https:\\\/\\\/www.hotelacacia.it\\\/fr\\\/chambres\\\/#primaryimage\"},\"thumbnailUrl\":\"https:\\\/\\\/www.hotelacacia.it\\\/wp-content\\\/uploads\\\/2015\\\/11\\\/IMG_8115-HDR.jpg\",\"datePublished\":\"2015-11-10T10:23:08+00:00\",\"dateModified\":\"2023-10-27T08:39:01+00:00\",\"description\":\"D\u00e9couvrez les chambres disponibles \u00e0 Cesenatico \u00e0 l'H\u00f4tel Acacia. Regardez la galerie de photos et la liste des services inclus\",\"breadcrumb\":{\"@id\":\"https:\\\/\\\/www.hotelacacia.it\\\/fr\\\/chambres\\\/#breadcrumb\"},\"inLanguage\":\"fr-FR\",\"potentialAction\":[{\"@type\":\"ReadAction\",\"target\":[\"https:\\\/\\\/www.hotelacacia.it\\\/fr\\\/chambres\\\/\"]}]},{\"@type\":\"ImageObject\",\"inLanguage\":\"fr-FR\",\"@id\":\"https:\\\/\\\/www.hotelacacia.it\\\/fr\\\/chambres\\\/#primaryimage\",\"url\":\"https:\\\/\\\/www.hotelacacia.it\\\/wp-content\\\/uploads\\\/2015\\\/11\\\/IMG_8115-HDR.jpg\",\"contentUrl\":\"https:\\\/\\\/www.hotelacacia.it\\\/wp-content\\\/uploads\\\/2015\\\/11\\\/IMG_8115-HDR.jpg\",\"width\":1200,\"height\":800},{\"@type\":\"BreadcrumbList\",\"@id\":\"https:\\\/\\\/www.hotelacacia.it\\\/fr\\\/chambres\\\/#breadcrumb\",\"itemListElement\":[{\"@type\":\"ListItem\",\"position\":1,\"name\":\"Home\",\"item\":\"https:\\\/\\\/www.hotelacacia.it\\\/fr\\\/\"},{\"@type\":\"ListItem\",\"position\":2,\"name\":\"Les Chambres: types et services\"}]},{\"@type\":\"WebSite\",\"@id\":\"https:\\\/\\\/www.hotelacacia.it\\\/#website\",\"url\":\"https:\\\/\\\/www.hotelacacia.it\\\/\",\"name\":\"Acacia Hotel Cesenatico\",\"description\":\"Hotel 3 stelle a Cesenatico\",\"publisher\":{\"@id\":\"https:\\\/\\\/www.hotelacacia.it\\\/#organization\"},\"potentialAction\":[{\"@type\":\"SearchAction\",\"target\":{\"@type\":\"EntryPoint\",\"urlTemplate\":\"https:\\\/\\\/www.hotelacacia.it\\\/?s={search_term_string}\"},\"query-input\":{\"@type\":\"PropertyValueSpecification\",\"valueRequired\":true,\"valueName\":\"search_term_string\"}}],\"inLanguage\":\"fr-FR\"},{\"@type\":\"Organization\",\"@id\":\"https:\\\/\\\/www.hotelacacia.it\\\/#organization\",\"name\":\"Hotel Acacia Cesenatico\",\"url\":\"https:\\\/\\\/www.hotelacacia.it\\\/\",\"logo\":{\"@type\":\"ImageObject\",\"inLanguage\":\"fr-FR\",\"@id\":\"https:\\\/\\\/www.hotelacacia.it\\\/#\\\/schema\\\/logo\\\/image\\\/\",\"url\":\"https:\\\/\\\/www.hotelacacia.it\\\/acacia\\\/wp-content\\\/uploads\\\/2015\\\/11\\\/logo-hotel-acacia-quadrato.png\",\"contentUrl\":\"https:\\\/\\\/www.hotelacacia.it\\\/acacia\\\/wp-content\\\/uploads\\\/2015\\\/11\\\/logo-hotel-acacia-quadrato.png\",\"width\":230,\"height\":230,\"caption\":\"Hotel Acacia Cesenatico\"},\"image\":{\"@id\":\"https:\\\/\\\/www.hotelacacia.it\\\/#\\\/schema\\\/logo\\\/image\\\/\"}}]}<\/script>\n<!-- \/ Yoast SEO plugin. -->","yoast_head_json":{"title":"Chambres disponibles \u00e0 l'h\u00f4tel \u00e0 Cesenatico | Hotel Acacia ***","description":"D\u00e9couvrez les chambres disponibles \u00e0 Cesenatico \u00e0 l'H\u00f4tel Acacia. Regardez la galerie de photos et la liste des services inclus","robots":{"index":"index","follow":"follow","max-snippet":"max-snippet:-1","max-image-preview":"max-image-preview:large","max-video-preview":"max-video-preview:-1"},"canonical":"https:\/\/www.hotelacacia.it\/fr\/chambres\/","og_locale":"fr_FR","og_type":"article","og_title":"Chambres disponibles \u00e0 l'h\u00f4tel \u00e0 Cesenatico | Hotel Acacia ***","og_description":"D\u00e9couvrez les chambres disponibles \u00e0 Cesenatico \u00e0 l'H\u00f4tel Acacia. Regardez la galerie de photos et la liste des services inclus","og_url":"https:\/\/www.hotelacacia.it\/fr\/chambres\/","og_site_name":"Acacia Hotel Cesenatico","article_modified_time":"2023-10-27T08:39:01+00:00","og_image":[{"width":1200,"height":800,"url":"https:\/\/www.hotelacacia.it\/wp-content\/uploads\/2015\/11\/IMG_8115-HDR.jpg","type":"image\/jpeg"}],"twitter_card":"summary_large_image","twitter_misc":{"Dur\u00e9e de lecture estim\u00e9e":"2 minutes"},"schema":{"@context":"https:\/\/schema.org","@graph":[{"@type":"WebPage","@id":"https:\/\/www.hotelacacia.it\/fr\/chambres\/","url":"https:\/\/www.hotelacacia.it\/fr\/chambres\/","name":"Chambres disponibles \u00e0 l'h\u00f4tel \u00e0 Cesenatico | Hotel Acacia ***","isPartOf":{"@id":"https:\/\/www.hotelacacia.it\/#website"},"primaryImageOfPage":{"@id":"https:\/\/www.hotelacacia.it\/fr\/chambres\/#primaryimage"},"image":{"@id":"https:\/\/www.hotelacacia.it\/fr\/chambres\/#primaryimage"},"thumbnailUrl":"https:\/\/www.hotelacacia.it\/wp-content\/uploads\/2015\/11\/IMG_8115-HDR.jpg","datePublished":"2015-11-10T10:23:08+00:00","dateModified":"2023-10-27T08:39:01+00:00","description":"D\u00e9couvrez les chambres disponibles \u00e0 Cesenatico \u00e0 l'H\u00f4tel Acacia. Regardez la galerie de photos et la liste des services inclus","breadcrumb":{"@id":"https:\/\/www.hotelacacia.it\/fr\/chambres\/#breadcrumb"},"inLanguage":"fr-FR","potentialAction":[{"@type":"ReadAction","target":["https:\/\/www.hotelacacia.it\/fr\/chambres\/"]}]},{"@type":"ImageObject","inLanguage":"fr-FR","@id":"https:\/\/www.hotelacacia.it\/fr\/chambres\/#primaryimage","url":"https:\/\/www.hotelacacia.it\/wp-content\/uploads\/2015\/11\/IMG_8115-HDR.jpg","contentUrl":"https:\/\/www.hotelacacia.it\/wp-content\/uploads\/2015\/11\/IMG_8115-HDR.jpg","width":1200,"height":800},{"@type":"BreadcrumbList","@id":"https:\/\/www.hotelacacia.it\/fr\/chambres\/#breadcrumb","itemListElement":[{"@type":"ListItem","position":1,"name":"Home","item":"https:\/\/www.hotelacacia.it\/fr\/"},{"@type":"ListItem","position":2,"name":"Les Chambres: types et services"}]},{"@type":"WebSite","@id":"https:\/\/www.hotelacacia.it\/#website","url":"https:\/\/www.hotelacacia.it\/","name":"Acacia Hotel Cesenatico","description":"Hotel 3 stelle a Cesenatico","publisher":{"@id":"https:\/\/www.hotelacacia.it\/#organization"},"potentialAction":[{"@type":"SearchAction","target":{"@type":"EntryPoint","urlTemplate":"https:\/\/www.hotelacacia.it\/?s={search_term_string}"},"query-input":{"@type":"PropertyValueSpecification","valueRequired":true,"valueName":"search_term_string"}}],"inLanguage":"fr-FR"},{"@type":"Organization","@id":"https:\/\/www.hotelacacia.it\/#organization","name":"Hotel Acacia Cesenatico","url":"https:\/\/www.hotelacacia.it\/","logo":{"@type":"ImageObject","inLanguage":"fr-FR","@id":"https:\/\/www.hotelacacia.it\/#\/schema\/logo\/image\/","url":"https:\/\/www.hotelacacia.it\/acacia\/wp-content\/uploads\/2015\/11\/logo-hotel-acacia-quadrato.png","contentUrl":"https:\/\/www.hotelacacia.it\/acacia\/wp-content\/uploads\/2015\/11\/logo-hotel-acacia-quadrato.png","width":230,"height":230,"caption":"Hotel Acacia Cesenatico"},"image":{"@id":"https:\/\/www.hotelacacia.it\/#\/schema\/logo\/image\/"}}]}},"publishpress_future_action":{"enabled":false,"date":"2026-05-22 12:50:20","action":"change-status","newStatus":"draft","terms":[],"taxonomy":"translation_priority","extraData":[]},"publishpress_future_workflow_manual_trigger":{"enabledWorkflows":[]},"_links":{"self":[{"href":"https:\/\/www.hotelacacia.it\/fr\/wp-json\/wp\/v2\/pages\/821","targetHints":{"allow":["GET"]}}],"collection":[{"href":"https:\/\/www.hotelacacia.it\/fr\/wp-json\/wp\/v2\/pages"}],"about":[{"href":"https:\/\/www.hotelacacia.it\/fr\/wp-json\/wp\/v2\/types\/page"}],"author":[{"embeddable":true,"href":"https:\/\/www.hotelacacia.it\/fr\/wp-json\/wp\/v2\/users\/1"}],"replies":[{"embeddable":true,"href":"https:\/\/www.hotelacacia.it\/fr\/wp-json\/wp\/v2\/comments?post=821"}],"version-history":[{"count":9,"href":"https:\/\/www.hotelacacia.it\/fr\/wp-json\/wp\/v2\/pages\/821\/revisions"}],"predecessor-version":[{"id":4233,"href":"https:\/\/www.hotelacacia.it\/fr\/wp-json\/wp\/v2\/pages\/821\/revisions\/4233"}],"wp:featuredmedia":[{"embeddable":true,"href":"https:\/\/www.hotelacacia.it\/fr\/wp-json\/wp\/v2\/media\/3142"}],"wp:attachment":[{"href":"https:\/\/www.hotelacacia.it\/fr\/wp-json\/wp\/v2\/media?parent=821"}],"curies":[{"name":"wp","href":"https:\/\/api.w.org\/{rel}","templated":true}]}}