{"id":4014,"date":"2023-04-19T19:49:27","date_gmt":"2023-04-19T17:49:27","guid":{"rendered":"https:\/\/www.hotelacacia.it\/?page_id=4014"},"modified":"2023-04-19T19:49:27","modified_gmt":"2023-04-19T17:49:27","slug":"itineraires-a-velo-de-cesenatico-a-larriere-pays","status":"publish","type":"page","link":"https:\/\/www.hotelacacia.it\/fr\/itineraires-a-velo-de-cesenatico-a-larriere-pays\/","title":{"rendered":"Itin\u00e9raires \u00e0 v\u00e9lo de Cesenatico \u00e0 l&rsquo;arri\u00e8re-pays"},"content":{"rendered":"<div class=\"wpb-content-wrapper\"><p>[vc_row][vc_column][vc_column_text]L\u2019h\u00f4tel Acacia et Cesenatico sont le point de d\u00e9part id\u00e9al pour de nombreuses randonn\u00e9es v\u00e9lo, \u00e0 la d\u00e9couverte des collines de l\u2019arri\u00e8re-pays, sur lesquelles se sont entrain\u00e9s de nombreux coureurs (dont Marco Pantani lui-m\u00eame).<\/p>\n<p>Voici quelques uns des itin\u00e9raires parmi les plus connus:[\/vc_column_text][vc_basic_grid post_type=\u00a0\u00bbpost\u00a0\u00bb max_items=\u00a0\u00bb-1&Prime; element_width=\u00a0\u00bb6&Prime; gap=\u00a0\u00bb20&Prime; item=\u00a0\u00bb3776&Prime; grid_id=\u00a0\u00bbvc_gid:1681926530382-05a5c5be-3fed-10&Prime; taxonomies=\u00a0\u00bb13&Prime;][\/vc_column][\/vc_row]<\/p>\n<\/div>","protected":false},"excerpt":{"rendered":"<p>[vc_row][vc_column][vc_column_text]L\u2019h\u00f4tel Acacia et Cesenatico sont le point de d\u00e9part id\u00e9al pour de nombreuses randonn\u00e9es v\u00e9lo, \u00e0 la d\u00e9couverte des collines de l\u2019arri\u00e8re-pays, sur lesquelles se sont<span class=\"excerpt-hellip\"> [\u2026]<\/span><\/p>\n","protected":false},"author":1,"featured_media":3151,"parent":0,"menu_order":0,"comment_status":"closed","ping_status":"closed","template":"","meta":{"_acf_changed":false,"footnotes":""},"class_list":["post-4014","page","type-page","status-publish","has-post-thumbnail","hentry"],"acf":[],"yoast_head":"<!-- This site is optimized with the Yoast SEO plugin v27.5 - https:\/\/yoast.com\/product\/yoast-seo-wordpress\/ -->\n<title>Itin\u00e9raires \u00e0 v\u00e9lo de Cesenatico \u00e0 l&#039;arri\u00e8re-pays - Acacia Hotel Cesenatico<\/title>\n<meta name=\"robots\" content=\"index, follow, max-snippet:-1, max-image-preview:large, max-video-preview:-1\" \/>\n<link rel=\"canonical\" href=\"https:\/\/www.hotelacacia.it\/fr\/itineraires-a-velo-de-cesenatico-a-larriere-pays\/\" \/>\n<meta property=\"og:locale\" content=\"fr_FR\" \/>\n<meta property=\"og:type\" content=\"article\" \/>\n<meta property=\"og:title\" content=\"Itin\u00e9raires \u00e0 v\u00e9lo de Cesenatico \u00e0 l&#039;arri\u00e8re-pays - Acacia Hotel Cesenatico\" \/>\n<meta property=\"og:description\" content=\"[vc_row][vc_column][vc_column_text]L\u2019h\u00f4tel Acacia et Cesenatico sont le point de d\u00e9part id\u00e9al pour de nombreuses randonn\u00e9es v\u00e9lo, \u00e0 la d\u00e9couverte des collines de l\u2019arri\u00e8re-pays, sur lesquelles se sont [\u2026]\" \/>\n<meta property=\"og:url\" content=\"https:\/\/www.hotelacacia.it\/fr\/itineraires-a-velo-de-cesenatico-a-larriere-pays\/\" \/>\n<meta property=\"og:site_name\" content=\"Acacia Hotel Cesenatico\" \/>\n<meta property=\"og:image\" content=\"https:\/\/www.hotelacacia.it\/wp-content\/uploads\/2018\/01\/cycling-1938927_1280.jpg\" \/>\n\t<meta property=\"og:image:width\" content=\"1280\" \/>\n\t<meta property=\"og:image:height\" content=\"883\" \/>\n\t<meta property=\"og:image:type\" content=\"image\/jpeg\" \/>\n<meta name=\"twitter:card\" content=\"summary_large_image\" \/>\n<meta name=\"twitter:label1\" content=\"Dur\u00e9e de lecture estim\u00e9e\" \/>\n\t<meta name=\"twitter:data1\" content=\"1 minute\" \/>\n<script type=\"application\/ld+json\" class=\"yoast-schema-graph\">{\"@context\":\"https:\\\/\\\/schema.org\",\"@graph\":[{\"@type\":\"WebPage\",\"@id\":\"https:\\\/\\\/www.hotelacacia.it\\\/fr\\\/itineraires-a-velo-de-cesenatico-a-larriere-pays\\\/\",\"url\":\"https:\\\/\\\/www.hotelacacia.it\\\/fr\\\/itineraires-a-velo-de-cesenatico-a-larriere-pays\\\/\",\"name\":\"Itin\u00e9raires \u00e0 v\u00e9lo de Cesenatico \u00e0 l'arri\u00e8re-pays - Acacia Hotel Cesenatico\",\"isPartOf\":{\"@id\":\"https:\\\/\\\/www.hotelacacia.it\\\/#website\"},\"primaryImageOfPage\":{\"@id\":\"https:\\\/\\\/www.hotelacacia.it\\\/fr\\\/itineraires-a-velo-de-cesenatico-a-larriere-pays\\\/#primaryimage\"},\"image\":{\"@id\":\"https:\\\/\\\/www.hotelacacia.it\\\/fr\\\/itineraires-a-velo-de-cesenatico-a-larriere-pays\\\/#primaryimage\"},\"thumbnailUrl\":\"https:\\\/\\\/www.hotelacacia.it\\\/wp-content\\\/uploads\\\/2018\\\/01\\\/cycling-1938927_1280.jpg\",\"datePublished\":\"2023-04-19T17:49:27+00:00\",\"breadcrumb\":{\"@id\":\"https:\\\/\\\/www.hotelacacia.it\\\/fr\\\/itineraires-a-velo-de-cesenatico-a-larriere-pays\\\/#breadcrumb\"},\"inLanguage\":\"fr-FR\",\"potentialAction\":[{\"@type\":\"ReadAction\",\"target\":[\"https:\\\/\\\/www.hotelacacia.it\\\/fr\\\/itineraires-a-velo-de-cesenatico-a-larriere-pays\\\/\"]}]},{\"@type\":\"ImageObject\",\"inLanguage\":\"fr-FR\",\"@id\":\"https:\\\/\\\/www.hotelacacia.it\\\/fr\\\/itineraires-a-velo-de-cesenatico-a-larriere-pays\\\/#primaryimage\",\"url\":\"https:\\\/\\\/www.hotelacacia.it\\\/wp-content\\\/uploads\\\/2018\\\/01\\\/cycling-1938927_1280.jpg\",\"contentUrl\":\"https:\\\/\\\/www.hotelacacia.it\\\/wp-content\\\/uploads\\\/2018\\\/01\\\/cycling-1938927_1280.jpg\",\"width\":1280,\"height\":883},{\"@type\":\"BreadcrumbList\",\"@id\":\"https:\\\/\\\/www.hotelacacia.it\\\/fr\\\/itineraires-a-velo-de-cesenatico-a-larriere-pays\\\/#breadcrumb\",\"itemListElement\":[{\"@type\":\"ListItem\",\"position\":1,\"name\":\"Home\",\"item\":\"https:\\\/\\\/www.hotelacacia.it\\\/fr\\\/\"},{\"@type\":\"ListItem\",\"position\":2,\"name\":\"Itin\u00e9raires \u00e0 v\u00e9lo de Cesenatico \u00e0 l&#8217;arri\u00e8re-pays\"}]},{\"@type\":\"WebSite\",\"@id\":\"https:\\\/\\\/www.hotelacacia.it\\\/#website\",\"url\":\"https:\\\/\\\/www.hotelacacia.it\\\/\",\"name\":\"Acacia Hotel Cesenatico\",\"description\":\"Hotel 3 stelle a Cesenatico\",\"publisher\":{\"@id\":\"https:\\\/\\\/www.hotelacacia.it\\\/#organization\"},\"potentialAction\":[{\"@type\":\"SearchAction\",\"target\":{\"@type\":\"EntryPoint\",\"urlTemplate\":\"https:\\\/\\\/www.hotelacacia.it\\\/?s={search_term_string}\"},\"query-input\":{\"@type\":\"PropertyValueSpecification\",\"valueRequired\":true,\"valueName\":\"search_term_string\"}}],\"inLanguage\":\"fr-FR\"},{\"@type\":\"Organization\",\"@id\":\"https:\\\/\\\/www.hotelacacia.it\\\/#organization\",\"name\":\"Hotel Acacia Cesenatico\",\"url\":\"https:\\\/\\\/www.hotelacacia.it\\\/\",\"logo\":{\"@type\":\"ImageObject\",\"inLanguage\":\"fr-FR\",\"@id\":\"https:\\\/\\\/www.hotelacacia.it\\\/#\\\/schema\\\/logo\\\/image\\\/\",\"url\":\"https:\\\/\\\/www.hotelacacia.it\\\/acacia\\\/wp-content\\\/uploads\\\/2015\\\/11\\\/logo-hotel-acacia-quadrato.png\",\"contentUrl\":\"https:\\\/\\\/www.hotelacacia.it\\\/acacia\\\/wp-content\\\/uploads\\\/2015\\\/11\\\/logo-hotel-acacia-quadrato.png\",\"width\":230,\"height\":230,\"caption\":\"Hotel Acacia Cesenatico\"},\"image\":{\"@id\":\"https:\\\/\\\/www.hotelacacia.it\\\/#\\\/schema\\\/logo\\\/image\\\/\"}}]}<\/script>\n<!-- \/ Yoast SEO plugin. -->","yoast_head_json":{"title":"Itin\u00e9raires \u00e0 v\u00e9lo de Cesenatico \u00e0 l'arri\u00e8re-pays - Acacia Hotel Cesenatico","robots":{"index":"index","follow":"follow","max-snippet":"max-snippet:-1","max-image-preview":"max-image-preview:large","max-video-preview":"max-video-preview:-1"},"canonical":"https:\/\/www.hotelacacia.it\/fr\/itineraires-a-velo-de-cesenatico-a-larriere-pays\/","og_locale":"fr_FR","og_type":"article","og_title":"Itin\u00e9raires \u00e0 v\u00e9lo de Cesenatico \u00e0 l'arri\u00e8re-pays - Acacia Hotel Cesenatico","og_description":"[vc_row][vc_column][vc_column_text]L\u2019h\u00f4tel Acacia et Cesenatico sont le point de d\u00e9part id\u00e9al pour de nombreuses randonn\u00e9es v\u00e9lo, \u00e0 la d\u00e9couverte des collines de l\u2019arri\u00e8re-pays, sur lesquelles se sont [\u2026]","og_url":"https:\/\/www.hotelacacia.it\/fr\/itineraires-a-velo-de-cesenatico-a-larriere-pays\/","og_site_name":"Acacia Hotel Cesenatico","og_image":[{"width":1280,"height":883,"url":"https:\/\/www.hotelacacia.it\/wp-content\/uploads\/2018\/01\/cycling-1938927_1280.jpg","type":"image\/jpeg"}],"twitter_card":"summary_large_image","twitter_misc":{"Dur\u00e9e de lecture estim\u00e9e":"1 minute"},"schema":{"@context":"https:\/\/schema.org","@graph":[{"@type":"WebPage","@id":"https:\/\/www.hotelacacia.it\/fr\/itineraires-a-velo-de-cesenatico-a-larriere-pays\/","url":"https:\/\/www.hotelacacia.it\/fr\/itineraires-a-velo-de-cesenatico-a-larriere-pays\/","name":"Itin\u00e9raires \u00e0 v\u00e9lo de Cesenatico \u00e0 l'arri\u00e8re-pays - Acacia Hotel Cesenatico","isPartOf":{"@id":"https:\/\/www.hotelacacia.it\/#website"},"primaryImageOfPage":{"@id":"https:\/\/www.hotelacacia.it\/fr\/itineraires-a-velo-de-cesenatico-a-larriere-pays\/#primaryimage"},"image":{"@id":"https:\/\/www.hotelacacia.it\/fr\/itineraires-a-velo-de-cesenatico-a-larriere-pays\/#primaryimage"},"thumbnailUrl":"https:\/\/www.hotelacacia.it\/wp-content\/uploads\/2018\/01\/cycling-1938927_1280.jpg","datePublished":"2023-04-19T17:49:27+00:00","breadcrumb":{"@id":"https:\/\/www.hotelacacia.it\/fr\/itineraires-a-velo-de-cesenatico-a-larriere-pays\/#breadcrumb"},"inLanguage":"fr-FR","potentialAction":[{"@type":"ReadAction","target":["https:\/\/www.hotelacacia.it\/fr\/itineraires-a-velo-de-cesenatico-a-larriere-pays\/"]}]},{"@type":"ImageObject","inLanguage":"fr-FR","@id":"https:\/\/www.hotelacacia.it\/fr\/itineraires-a-velo-de-cesenatico-a-larriere-pays\/#primaryimage","url":"https:\/\/www.hotelacacia.it\/wp-content\/uploads\/2018\/01\/cycling-1938927_1280.jpg","contentUrl":"https:\/\/www.hotelacacia.it\/wp-content\/uploads\/2018\/01\/cycling-1938927_1280.jpg","width":1280,"height":883},{"@type":"BreadcrumbList","@id":"https:\/\/www.hotelacacia.it\/fr\/itineraires-a-velo-de-cesenatico-a-larriere-pays\/#breadcrumb","itemListElement":[{"@type":"ListItem","position":1,"name":"Home","item":"https:\/\/www.hotelacacia.it\/fr\/"},{"@type":"ListItem","position":2,"name":"Itin\u00e9raires \u00e0 v\u00e9lo de Cesenatico \u00e0 l&#8217;arri\u00e8re-pays"}]},{"@type":"WebSite","@id":"https:\/\/www.hotelacacia.it\/#website","url":"https:\/\/www.hotelacacia.it\/","name":"Acacia Hotel Cesenatico","description":"Hotel 3 stelle a Cesenatico","publisher":{"@id":"https:\/\/www.hotelacacia.it\/#organization"},"potentialAction":[{"@type":"SearchAction","target":{"@type":"EntryPoint","urlTemplate":"https:\/\/www.hotelacacia.it\/?s={search_term_string}"},"query-input":{"@type":"PropertyValueSpecification","valueRequired":true,"valueName":"search_term_string"}}],"inLanguage":"fr-FR"},{"@type":"Organization","@id":"https:\/\/www.hotelacacia.it\/#organization","name":"Hotel Acacia Cesenatico","url":"https:\/\/www.hotelacacia.it\/","logo":{"@type":"ImageObject","inLanguage":"fr-FR","@id":"https:\/\/www.hotelacacia.it\/#\/schema\/logo\/image\/","url":"https:\/\/www.hotelacacia.it\/acacia\/wp-content\/uploads\/2015\/11\/logo-hotel-acacia-quadrato.png","contentUrl":"https:\/\/www.hotelacacia.it\/acacia\/wp-content\/uploads\/2015\/11\/logo-hotel-acacia-quadrato.png","width":230,"height":230,"caption":"Hotel Acacia Cesenatico"},"image":{"@id":"https:\/\/www.hotelacacia.it\/#\/schema\/logo\/image\/"}}]}},"publishpress_future_action":{"enabled":false,"date":"2026-05-22 12:54:14","action":"change-status","newStatus":"draft","terms":[],"taxonomy":"translation_priority","extraData":[]},"publishpress_future_workflow_manual_trigger":{"enabledWorkflows":[]},"_links":{"self":[{"href":"https:\/\/www.hotelacacia.it\/fr\/wp-json\/wp\/v2\/pages\/4014","targetHints":{"allow":["GET"]}}],"collection":[{"href":"https:\/\/www.hotelacacia.it\/fr\/wp-json\/wp\/v2\/pages"}],"about":[{"href":"https:\/\/www.hotelacacia.it\/fr\/wp-json\/wp\/v2\/types\/page"}],"author":[{"embeddable":true,"href":"https:\/\/www.hotelacacia.it\/fr\/wp-json\/wp\/v2\/users\/1"}],"replies":[{"embeddable":true,"href":"https:\/\/www.hotelacacia.it\/fr\/wp-json\/wp\/v2\/comments?post=4014"}],"version-history":[{"count":1,"href":"https:\/\/www.hotelacacia.it\/fr\/wp-json\/wp\/v2\/pages\/4014\/revisions"}],"predecessor-version":[{"id":4015,"href":"https:\/\/www.hotelacacia.it\/fr\/wp-json\/wp\/v2\/pages\/4014\/revisions\/4015"}],"wp:featuredmedia":[{"embeddable":true,"href":"https:\/\/www.hotelacacia.it\/fr\/wp-json\/wp\/v2\/media\/3151"}],"wp:attachment":[{"href":"https:\/\/www.hotelacacia.it\/fr\/wp-json\/wp\/v2\/media?parent=4014"}],"curies":[{"name":"wp","href":"https:\/\/api.w.org\/{rel}","templated":true}]}}