{"id":1121,"date":"2015-11-23T17:34:17","date_gmt":"2015-11-23T16:34:17","guid":{"rendered":"http:\/\/www.cristianbuda.com\/acacia\/fr\/?page_id=1121"},"modified":"2024-11-27T15:05:43","modified_gmt":"2024-11-27T14:05:43","slug":"activites-excursions-gratuites","status":"publish","type":"page","link":"https:\/\/www.hotelacacia.it\/fr\/activites-excursions-gratuites\/","title":{"rendered":"Activit\u00e9s et excursions gratuites"},"content":{"rendered":"<div class=\"wpb-content-wrapper\"><p>[vc_row][vc_column][vc_column_text]L\u2019h\u00f4tel Acacia, en collaboration avec l\u2019association des h\u00f4teliers, propose un programme tr\u00e8s vari\u00e9 d\u2019activit\u00e9s et d\u2019excursions gratuites qui se r\u00e9p\u00e8tent pendant tout l\u2019\u00e9t\u00e9 avec des rendez-vous fixes certains jours de la semaine. Tous nos clients peuvent participer au programme d\u2019activit\u00e9s suivant : l\u2019arr\u00eat de bus (toujours gratuit) pour les diff\u00e9rentes destinations se trouve juste en face de l\u2019h\u00f4tel.[\/vc_column_text][vc_text_separator title=\u00a0\u00bbProgramme \u00e9t\u00e9 2024&Prime; color=\u00a0\u00bbgreen\u00a0\u00bb el_width=\u00a0\u00bb90&Prime;][\/vc_column][\/vc_row][vc_row gap=\u00a0\u00bb20&Prime;][vc_column width=\u00a0\u00bb1\/3&Prime; el_class=\u00a0\u00bbhighlight-box\u00a0\u00bb][vc_column_text]<\/p>\n<div class=\"wpb_text_column wpb_content_element \">\n<div class=\"wpb_wrapper\">\n<h4>Tous les LUNDIS matin<\/h4>\n<\/div>\n<\/div>\n<p>[\/vc_column_text][vc_single_image image=\u00a0\u00bb628&Prime; img_size=\u00a0\u00bb350&#215;180&Prime; alignment=\u00a0\u00bbcenter\u00a0\u00bb css=\u00a0\u00bb.vc_custom_1681753930927{margin-bottom: 0px !important;}\u00a0\u00bb][vc_column_text]<\/p>\n<h5>Mus\u00e9e de la Marine<\/h5>\n<p>Visite \u00e0 la section de terre du Mus\u00e9e de la Marine de Cesenatico avec entr\u00e9e \u00e0 prix r\u00e9duit.[\/vc_column_text][vc_separator style=\u00a0\u00bbdashed\u00a0\u00bb el_width=\u00a0\u00bb90&Prime;][\/vc_column][vc_column width=\u00a0\u00bb1\/3&Prime; el_class=\u00a0\u00bbhighlight-box\u00a0\u00bb][vc_column_text]<\/p>\n<div class=\"wpb_text_column wpb_content_element \">\n<div class=\"wpb_wrapper\">\n<h4>Tous les MARDIS soir<\/h4>\n<\/div>\n<\/div>\n<p>[\/vc_column_text][vc_single_image image=\u00a0\u00bb631&Prime; img_size=\u00a0\u00bb350&#215;180&Prime; alignment=\u00a0\u00bbcenter\u00a0\u00bb css=\u00a0\u00bb.vc_custom_1448293004450{margin-bottom: 0px !important;}\u00a0\u00bb][vc_column_text]<\/p>\n<h5>Hippodrome de Cesena et Salle de loto<\/h5>\n<p>Pendant les mois de\u00a0<strong>juillet<\/strong>\u00a0de d\u2019<strong>ao\u00fbt<\/strong>, l\u2019entr\u00e9e et le transport sont offerts pour l\u2019hippodrome de Cesena, o\u00f9 il est possible de passer une soir\u00e9e \u00e0 l\u2019enseigne du divertissement parmi les chevaux, les courses et le parc de jeux avec man\u00e8ges et amusements pour enfants. Salle de loto.[\/vc_column_text][vc_separator style=\u00a0\u00bbdashed\u00a0\u00bb el_width=\u00a0\u00bb90&Prime;][\/vc_column][vc_column width=\u00a0\u00bb1\/3&Prime; el_class=\u00a0\u00bbhighlight-box\u00a0\u00bb][vc_column_text]<\/p>\n<div class=\"wpb_text_column wpb_content_element \">\n<div class=\"wpb_wrapper\">\n<h4>Tous les MERCREDIS<\/h4>\n<\/div>\n<\/div>\n<p>[\/vc_column_text][vc_single_image image=\u00a0\u00bb428&Prime; img_size=\u00a0\u00bb350&#215;180&Prime; alignment=\u00a0\u00bbcenter\u00a0\u00bb css=\u00a0\u00bb.vc_custom_1681753862540{margin-bottom: 0px !important;}\u00a0\u00bb][vc_column_text]<\/p>\n<h5>Visite avec guide \u00e0 la ville de Cesena<\/h5>\n<p>8.30 &#8211; 12.30: tour de ville avec guide et temps libre pour visiter la Biblioth\u00e8que Malatestiana[\/vc_column_text][vc_separator style=\u00a0\u00bbdashed\u00a0\u00bb el_width=\u00a0\u00bb90&Prime;][\/vc_column][\/vc_row][vc_row gap=\u00a0\u00bb20&Prime;][vc_column width=\u00a0\u00bb1\/3&Prime; el_class=\u00a0\u00bbhighlight-box\u00a0\u00bb][vc_column_text]<\/p>\n<div class=\"wpb_text_column wpb_content_element \">\n<div class=\"wpb_wrapper\">\n<h4>Tous les JEUDIS<\/h4>\n<\/div>\n<\/div>\n<p>[\/vc_column_text][vc_single_image image=\u00a0\u00bb3899&Prime; img_size=\u00a0\u00bb350&#215;180&Prime; alignment=\u00a0\u00bbcenter\u00a0\u00bb css=\u00a0\u00bb.vc_custom_1681753835367{margin-bottom: 0px !important;}\u00a0\u00bb][vc_column_text]<\/p>\n<h5>\u00a0Ville de Santarcangelo di Romagna<\/h5>\n<p>visite avec guide en option aux grottes souterraines. D\u00e9part \u00e0 14.30 et retour \u00e0 19.00.[\/vc_column_text][vc_separator style=\u00a0\u00bbdashed\u00a0\u00bb el_width=\u00a0\u00bb90&Prime;][\/vc_column][vc_column width=\u00a0\u00bb1\/3&Prime; el_class=\u00a0\u00bbhighlight-box\u00a0\u00bb][vc_column_text]<\/p>\n<h4>Tous le VENDREDI<\/h4>\n<p>[\/vc_column_text][vc_single_image image=\u00a0\u00bb3847&Prime; img_size=\u00a0\u00bb350&#215;180&Prime; alignment=\u00a0\u00bbcenter\u00a0\u00bb css=\u00a0\u00bb.vc_custom_1681753586202{margin-bottom: 0px !important;}\u00a0\u00bb][vc_column_text]<\/p>\n<h5>R\u00e9publique de Saint Marin<\/h5>\n<p>visite libre de la R\u00e9publique de Saint Marin:\u00a0 d\u00e9part \u00e0 14h00 et retour \u00e0 19h00.[\/vc_column_text][vc_separator style=\u00a0\u00bbdashed\u00a0\u00bb el_width=\u00a0\u00bb90&Prime;][\/vc_column][\/vc_row]<\/p>\n<\/div>","protected":false},"excerpt":{"rendered":"<p>[vc_row][vc_column][vc_column_text]L\u2019h\u00f4tel Acacia, en collaboration avec l\u2019association des h\u00f4teliers, propose un programme tr\u00e8s vari\u00e9 d\u2019activit\u00e9s et d\u2019excursions gratuites qui se r\u00e9p\u00e8tent pendant tout l\u2019\u00e9t\u00e9 avec des rendez-vous<span class=\"excerpt-hellip\"> [\u2026]<\/span><\/p>\n","protected":false},"author":1,"featured_media":3730,"parent":0,"menu_order":0,"comment_status":"closed","ping_status":"closed","template":"","meta":{"_acf_changed":false,"footnotes":""},"class_list":["post-1121","page","type-page","status-publish","has-post-thumbnail","hentry"],"acf":[],"yoast_head":"<!-- This site is optimized with the Yoast SEO plugin v27.5 - https:\/\/yoast.com\/product\/yoast-seo-wordpress\/ -->\n<title>Activit\u00e9s et excursions gratuites - Acacia Hotel Cesenatico<\/title>\n<meta name=\"robots\" content=\"index, follow, max-snippet:-1, max-image-preview:large, max-video-preview:-1\" \/>\n<link rel=\"canonical\" href=\"https:\/\/www.hotelacacia.it\/fr\/activites-excursions-gratuites\/\" \/>\n<meta property=\"og:locale\" content=\"fr_FR\" \/>\n<meta property=\"og:type\" content=\"article\" \/>\n<meta property=\"og:title\" content=\"Activit\u00e9s et excursions gratuites - Acacia Hotel Cesenatico\" \/>\n<meta property=\"og:description\" content=\"[vc_row][vc_column][vc_column_text]L\u2019h\u00f4tel Acacia, en collaboration avec l\u2019association des h\u00f4teliers, propose un programme tr\u00e8s vari\u00e9 d\u2019activit\u00e9s et d\u2019excursions gratuites qui se r\u00e9p\u00e8tent pendant tout l\u2019\u00e9t\u00e9 avec des rendez-vous [\u2026]\" \/>\n<meta property=\"og:url\" content=\"https:\/\/www.hotelacacia.it\/fr\/activites-excursions-gratuites\/\" \/>\n<meta property=\"og:site_name\" content=\"Acacia Hotel Cesenatico\" \/>\n<meta property=\"article:modified_time\" content=\"2024-11-27T14:05:43+00:00\" \/>\n<meta property=\"og:image\" content=\"https:\/\/www.hotelacacia.it\/wp-content\/uploads\/2023\/03\/Cesenatico_visita-museo-marineria.jpg\" \/>\n\t<meta property=\"og:image:width\" content=\"1440\" \/>\n\t<meta property=\"og:image:height\" content=\"966\" \/>\n\t<meta property=\"og:image:type\" content=\"image\/jpeg\" \/>\n<meta name=\"twitter:card\" content=\"summary_large_image\" \/>\n<meta name=\"twitter:label1\" content=\"Dur\u00e9e de lecture estim\u00e9e\" \/>\n\t<meta name=\"twitter:data1\" content=\"3 minutes\" \/>\n<script type=\"application\/ld+json\" class=\"yoast-schema-graph\">{\"@context\":\"https:\\\/\\\/schema.org\",\"@graph\":[{\"@type\":\"WebPage\",\"@id\":\"https:\\\/\\\/www.hotelacacia.it\\\/fr\\\/activites-excursions-gratuites\\\/\",\"url\":\"https:\\\/\\\/www.hotelacacia.it\\\/fr\\\/activites-excursions-gratuites\\\/\",\"name\":\"Activit\u00e9s et excursions gratuites - Acacia Hotel Cesenatico\",\"isPartOf\":{\"@id\":\"https:\\\/\\\/www.hotelacacia.it\\\/#website\"},\"primaryImageOfPage\":{\"@id\":\"https:\\\/\\\/www.hotelacacia.it\\\/fr\\\/activites-excursions-gratuites\\\/#primaryimage\"},\"image\":{\"@id\":\"https:\\\/\\\/www.hotelacacia.it\\\/fr\\\/activites-excursions-gratuites\\\/#primaryimage\"},\"thumbnailUrl\":\"https:\\\/\\\/www.hotelacacia.it\\\/wp-content\\\/uploads\\\/2023\\\/03\\\/Cesenatico_visita-museo-marineria.jpg\",\"datePublished\":\"2015-11-23T16:34:17+00:00\",\"dateModified\":\"2024-11-27T14:05:43+00:00\",\"breadcrumb\":{\"@id\":\"https:\\\/\\\/www.hotelacacia.it\\\/fr\\\/activites-excursions-gratuites\\\/#breadcrumb\"},\"inLanguage\":\"fr-FR\",\"potentialAction\":[{\"@type\":\"ReadAction\",\"target\":[\"https:\\\/\\\/www.hotelacacia.it\\\/fr\\\/activites-excursions-gratuites\\\/\"]}]},{\"@type\":\"ImageObject\",\"inLanguage\":\"fr-FR\",\"@id\":\"https:\\\/\\\/www.hotelacacia.it\\\/fr\\\/activites-excursions-gratuites\\\/#primaryimage\",\"url\":\"https:\\\/\\\/www.hotelacacia.it\\\/wp-content\\\/uploads\\\/2023\\\/03\\\/Cesenatico_visita-museo-marineria.jpg\",\"contentUrl\":\"https:\\\/\\\/www.hotelacacia.it\\\/wp-content\\\/uploads\\\/2023\\\/03\\\/Cesenatico_visita-museo-marineria.jpg\",\"width\":1440,\"height\":966},{\"@type\":\"BreadcrumbList\",\"@id\":\"https:\\\/\\\/www.hotelacacia.it\\\/fr\\\/activites-excursions-gratuites\\\/#breadcrumb\",\"itemListElement\":[{\"@type\":\"ListItem\",\"position\":1,\"name\":\"Home\",\"item\":\"https:\\\/\\\/www.hotelacacia.it\\\/fr\\\/\"},{\"@type\":\"ListItem\",\"position\":2,\"name\":\"Activit\u00e9s et excursions gratuites\"}]},{\"@type\":\"WebSite\",\"@id\":\"https:\\\/\\\/www.hotelacacia.it\\\/#website\",\"url\":\"https:\\\/\\\/www.hotelacacia.it\\\/\",\"name\":\"Acacia Hotel Cesenatico\",\"description\":\"Hotel 3 stelle a Cesenatico\",\"publisher\":{\"@id\":\"https:\\\/\\\/www.hotelacacia.it\\\/#organization\"},\"potentialAction\":[{\"@type\":\"SearchAction\",\"target\":{\"@type\":\"EntryPoint\",\"urlTemplate\":\"https:\\\/\\\/www.hotelacacia.it\\\/?s={search_term_string}\"},\"query-input\":{\"@type\":\"PropertyValueSpecification\",\"valueRequired\":true,\"valueName\":\"search_term_string\"}}],\"inLanguage\":\"fr-FR\"},{\"@type\":\"Organization\",\"@id\":\"https:\\\/\\\/www.hotelacacia.it\\\/#organization\",\"name\":\"Hotel Acacia Cesenatico\",\"url\":\"https:\\\/\\\/www.hotelacacia.it\\\/\",\"logo\":{\"@type\":\"ImageObject\",\"inLanguage\":\"fr-FR\",\"@id\":\"https:\\\/\\\/www.hotelacacia.it\\\/#\\\/schema\\\/logo\\\/image\\\/\",\"url\":\"https:\\\/\\\/www.hotelacacia.it\\\/acacia\\\/wp-content\\\/uploads\\\/2015\\\/11\\\/logo-hotel-acacia-quadrato.png\",\"contentUrl\":\"https:\\\/\\\/www.hotelacacia.it\\\/acacia\\\/wp-content\\\/uploads\\\/2015\\\/11\\\/logo-hotel-acacia-quadrato.png\",\"width\":230,\"height\":230,\"caption\":\"Hotel Acacia Cesenatico\"},\"image\":{\"@id\":\"https:\\\/\\\/www.hotelacacia.it\\\/#\\\/schema\\\/logo\\\/image\\\/\"}}]}<\/script>\n<!-- \/ Yoast SEO plugin. -->","yoast_head_json":{"title":"Activit\u00e9s et excursions gratuites - Acacia Hotel Cesenatico","robots":{"index":"index","follow":"follow","max-snippet":"max-snippet:-1","max-image-preview":"max-image-preview:large","max-video-preview":"max-video-preview:-1"},"canonical":"https:\/\/www.hotelacacia.it\/fr\/activites-excursions-gratuites\/","og_locale":"fr_FR","og_type":"article","og_title":"Activit\u00e9s et excursions gratuites - Acacia Hotel Cesenatico","og_description":"[vc_row][vc_column][vc_column_text]L\u2019h\u00f4tel Acacia, en collaboration avec l\u2019association des h\u00f4teliers, propose un programme tr\u00e8s vari\u00e9 d\u2019activit\u00e9s et d\u2019excursions gratuites qui se r\u00e9p\u00e8tent pendant tout l\u2019\u00e9t\u00e9 avec des rendez-vous [\u2026]","og_url":"https:\/\/www.hotelacacia.it\/fr\/activites-excursions-gratuites\/","og_site_name":"Acacia Hotel Cesenatico","article_modified_time":"2024-11-27T14:05:43+00:00","og_image":[{"width":1440,"height":966,"url":"https:\/\/www.hotelacacia.it\/wp-content\/uploads\/2023\/03\/Cesenatico_visita-museo-marineria.jpg","type":"image\/jpeg"}],"twitter_card":"summary_large_image","twitter_misc":{"Dur\u00e9e de lecture estim\u00e9e":"3 minutes"},"schema":{"@context":"https:\/\/schema.org","@graph":[{"@type":"WebPage","@id":"https:\/\/www.hotelacacia.it\/fr\/activites-excursions-gratuites\/","url":"https:\/\/www.hotelacacia.it\/fr\/activites-excursions-gratuites\/","name":"Activit\u00e9s et excursions gratuites - Acacia Hotel Cesenatico","isPartOf":{"@id":"https:\/\/www.hotelacacia.it\/#website"},"primaryImageOfPage":{"@id":"https:\/\/www.hotelacacia.it\/fr\/activites-excursions-gratuites\/#primaryimage"},"image":{"@id":"https:\/\/www.hotelacacia.it\/fr\/activites-excursions-gratuites\/#primaryimage"},"thumbnailUrl":"https:\/\/www.hotelacacia.it\/wp-content\/uploads\/2023\/03\/Cesenatico_visita-museo-marineria.jpg","datePublished":"2015-11-23T16:34:17+00:00","dateModified":"2024-11-27T14:05:43+00:00","breadcrumb":{"@id":"https:\/\/www.hotelacacia.it\/fr\/activites-excursions-gratuites\/#breadcrumb"},"inLanguage":"fr-FR","potentialAction":[{"@type":"ReadAction","target":["https:\/\/www.hotelacacia.it\/fr\/activites-excursions-gratuites\/"]}]},{"@type":"ImageObject","inLanguage":"fr-FR","@id":"https:\/\/www.hotelacacia.it\/fr\/activites-excursions-gratuites\/#primaryimage","url":"https:\/\/www.hotelacacia.it\/wp-content\/uploads\/2023\/03\/Cesenatico_visita-museo-marineria.jpg","contentUrl":"https:\/\/www.hotelacacia.it\/wp-content\/uploads\/2023\/03\/Cesenatico_visita-museo-marineria.jpg","width":1440,"height":966},{"@type":"BreadcrumbList","@id":"https:\/\/www.hotelacacia.it\/fr\/activites-excursions-gratuites\/#breadcrumb","itemListElement":[{"@type":"ListItem","position":1,"name":"Home","item":"https:\/\/www.hotelacacia.it\/fr\/"},{"@type":"ListItem","position":2,"name":"Activit\u00e9s et excursions gratuites"}]},{"@type":"WebSite","@id":"https:\/\/www.hotelacacia.it\/#website","url":"https:\/\/www.hotelacacia.it\/","name":"Acacia Hotel Cesenatico","description":"Hotel 3 stelle a Cesenatico","publisher":{"@id":"https:\/\/www.hotelacacia.it\/#organization"},"potentialAction":[{"@type":"SearchAction","target":{"@type":"EntryPoint","urlTemplate":"https:\/\/www.hotelacacia.it\/?s={search_term_string}"},"query-input":{"@type":"PropertyValueSpecification","valueRequired":true,"valueName":"search_term_string"}}],"inLanguage":"fr-FR"},{"@type":"Organization","@id":"https:\/\/www.hotelacacia.it\/#organization","name":"Hotel Acacia Cesenatico","url":"https:\/\/www.hotelacacia.it\/","logo":{"@type":"ImageObject","inLanguage":"fr-FR","@id":"https:\/\/www.hotelacacia.it\/#\/schema\/logo\/image\/","url":"https:\/\/www.hotelacacia.it\/acacia\/wp-content\/uploads\/2015\/11\/logo-hotel-acacia-quadrato.png","contentUrl":"https:\/\/www.hotelacacia.it\/acacia\/wp-content\/uploads\/2015\/11\/logo-hotel-acacia-quadrato.png","width":230,"height":230,"caption":"Hotel Acacia Cesenatico"},"image":{"@id":"https:\/\/www.hotelacacia.it\/#\/schema\/logo\/image\/"}}]}},"publishpress_future_action":{"enabled":false,"date":"2026-05-22 12:54:10","action":"change-status","newStatus":"draft","terms":[],"taxonomy":"translation_priority","extraData":[]},"publishpress_future_workflow_manual_trigger":{"enabledWorkflows":[]},"_links":{"self":[{"href":"https:\/\/www.hotelacacia.it\/fr\/wp-json\/wp\/v2\/pages\/1121","targetHints":{"allow":["GET"]}}],"collection":[{"href":"https:\/\/www.hotelacacia.it\/fr\/wp-json\/wp\/v2\/pages"}],"about":[{"href":"https:\/\/www.hotelacacia.it\/fr\/wp-json\/wp\/v2\/types\/page"}],"author":[{"embeddable":true,"href":"https:\/\/www.hotelacacia.it\/fr\/wp-json\/wp\/v2\/users\/1"}],"replies":[{"embeddable":true,"href":"https:\/\/www.hotelacacia.it\/fr\/wp-json\/wp\/v2\/comments?post=1121"}],"version-history":[{"count":5,"href":"https:\/\/www.hotelacacia.it\/fr\/wp-json\/wp\/v2\/pages\/1121\/revisions"}],"predecessor-version":[{"id":4502,"href":"https:\/\/www.hotelacacia.it\/fr\/wp-json\/wp\/v2\/pages\/1121\/revisions\/4502"}],"wp:featuredmedia":[{"embeddable":true,"href":"https:\/\/www.hotelacacia.it\/fr\/wp-json\/wp\/v2\/media\/3730"}],"wp:attachment":[{"href":"https:\/\/www.hotelacacia.it\/fr\/wp-json\/wp\/v2\/media?parent=1121"}],"curies":[{"name":"wp","href":"https:\/\/api.w.org\/{rel}","templated":true}]}}