{"id":1117,"date":"2015-11-12T17:36:14","date_gmt":"2015-11-12T16:36:14","guid":{"rendered":"http:\/\/www.cristianbuda.com\/acacia\/fr\/?page_id=1117"},"modified":"2024-05-24T10:23:35","modified_gmt":"2024-05-24T08:23:35","slug":"restaurant","status":"publish","type":"page","link":"https:\/\/www.hotelacacia.it\/fr\/restaurant\/","title":{"rendered":"Une cuisine \u00e0 l&rsquo;\u00e9coute des besoins de chacun"},"content":{"rendered":"<div class=\"wpb-content-wrapper\"><p>[vc_section full_width=\u00a0\u00bbstretch_row\u00a0\u00bb content_placement=\u00a0\u00bbmiddle\u00a0\u00bb css=\u00a0\u00bb.vc_custom_1678292416662{border-bottom-width: 20px !important;padding-top: 30px !important;padding-bottom: 30px !important;background-position: center !important;background-repeat: no-repeat !important;background-size: cover !important;border-bottom-color: #ffffff !important;border-bottom-style: solid !important;}\u00a0\u00bb][vc_row][vc_column width=\u00a0\u00bb1\/2&Prime;][vc_column_text]Le service restaurant est particuli\u00e8rement soign\u00e9 et refl\u00e8te les traditions de la Romagne.<\/p>\n<p><strong>La matin\u00e9e commence par le copieux petit-d\u00e9jeuner buffet<\/strong>, avec un large choix de plats sucr\u00e9s et sal\u00e9s. Fruits, \u0153ufs, charcuteries, fromages, pain, confitures, c\u00e9r\u00e9ales, yaourts, g\u00e2teaux, croissants et autres produits irr\u00e9sistibles pour accompagner vos boissons pr\u00e9f\u00e9r\u00e9es dont caf\u00e9, cappuccino, caffe latte, jus de fruits fra\u00eechement press\u00e9s, jus de fruits, th\u00e9, etc.<\/p>\n<p><strong>D\u00e9jeuner et d\u00eener avec trois menus au choix,<\/strong> possibilit\u00e9 de plats de viande et de poisson tous les jours, le tout accompagn\u00e9 d\u2019un buffet de l\u00e9gumes frais, cuits \u00e0 l\u2019eau et grill\u00e9s.<\/p>\n<p><strong>Disponibilit\u00e9 maximale pour les variations du menus.<\/strong> Et \u2026. \u00e7a et l\u00e0, un repas typique du terroir avec \u00abpiadine\u00bb (genre de galette), jambon cru, salami, \u00abpassatelli\u00bb (type de p\u00e2tes), etc.<\/p>\n<p>Tous les repas sont servis dans notre salle de restaurant climatis\u00e9e[\/vc_column_text][\/vc_column][vc_column width=\u00a0\u00bb1\/2&Prime;][vc_media_grid initial_loading_animation=\u00a0\u00bbbounceInUp\u00a0\u00bb grid_id=\u00a0\u00bbvc_gid:1716538748452-96c4a8ce-14ee-5&Prime; include=\u00a0\u00bb4400,4404,4408,640,639,642,2076,2081,2077&Prime;][\/vc_column][\/vc_row][\/vc_section][vc_section full_width=\u00a0\u00bbstretch_row\u00a0\u00bb content_placement=\u00a0\u00bbmiddle\u00a0\u00bb css=\u00a0\u00bb.vc_custom_1678819941942{border-bottom-width: 20px !important;background-image: url(https:\/\/www.hotelacacia.it\/wp-content\/uploads\/2018\/07\/IMG_2715.jpg?id=1817) !important;background-position: center !important;background-repeat: no-repeat !important;background-size: cover !important;border-bottom-color: #ffffff !important;border-bottom-style: solid !important;}\u00a0\u00bb el_class=\u00a0\u00bbfixedbg photorow\u00a0\u00bb][vc_row][vc_column][vc_column_text el_class=\u00a0\u00bbmain_title\u00a0\u00bb]<\/p>\n<h2 class=\"\" style=\"text-align: center;\">Services sp\u00e9ciaux<\/h2>\n<p>[\/vc_column_text][\/vc_column][\/vc_row][vc_row gap=\u00a0\u00bb30&Prime; equal_height=\u00a0\u00bbyes\u00a0\u00bb][vc_column width=\u00a0\u00bb1\/2&Prime; el_class=\u00a0\u00bbhighlight-box\u00a0\u00bb][vc_column_text]<\/p>\n<h3>Pour les enfants:<\/h3>\n<p>[\/vc_column_text][vc_single_image image=\u00a0\u00bb325&Prime; img_size=\u00a0\u00bbfull\u00a0\u00bb alignment=\u00a0\u00bbcenter\u00a0\u00bb style=\u00a0\u00bbvc_box_rounded\u00a0\u00bb][vc_column_text]<\/p>\n<ul class=\"list_check\">\n<li>changements au menu pour les enfants<\/li>\n<li>horaires de repas flexibles<\/li>\n<\/ul>\n<p>[\/vc_column_text][\/vc_column][vc_column width=\u00a0\u00bb1\/2&Prime; el_class=\u00a0\u00bbhighlight-box\u00a0\u00bb][vc_column_text]<\/p>\n<h3>Intolleranze alimentari:<\/h3>\n<p>[\/vc_column_text][vc_single_image image=\u00a0\u00bb320&Prime; img_size=\u00a0\u00bbfull\u00a0\u00bb alignment=\u00a0\u00bbcenter\u00a0\u00bb style=\u00a0\u00bbvc_box_rounded\u00a0\u00bb][vc_column_text]Sur demande, au moment de la r\u00e9servation, nous r\u00e9alisons des menus personnalis\u00e9s pour tous les types d\u2019intol\u00e9rances alimentaires.[\/vc_column_text][\/vc_column][\/vc_row][\/vc_section]<\/p>\n<\/div>","protected":false},"excerpt":{"rendered":"<p>[vc_section full_width=\u00a0\u00bbstretch_row\u00a0\u00bb content_placement=\u00a0\u00bbmiddle\u00a0\u00bb css=\u00a0\u00bb.vc_custom_1678292416662{border-bottom-width: 20px !important;padding-top: 30px !important;padding-bottom: 30px !important;background-position: center !important;background-repeat: no-repeat !important;background-size: cover !important;border-bottom-color: #ffffff !important;border-bottom-style: solid !important;}\u00a0\u00bb][vc_row][vc_column width=\u00a0\u00bb1\/2&Prime;][vc_column_text]Le service restaurant est particuli\u00e8rement soign\u00e9<span class=\"excerpt-hellip\"> [\u2026]<\/span><\/p>\n","protected":false},"author":1,"featured_media":2902,"parent":0,"menu_order":0,"comment_status":"closed","ping_status":"closed","template":"","meta":{"_acf_changed":false,"footnotes":""},"class_list":["post-1117","page","type-page","status-publish","has-post-thumbnail","hentry"],"acf":[],"yoast_head":"<!-- This site is optimized with the Yoast SEO plugin v27.5 - https:\/\/yoast.com\/product\/yoast-seo-wordpress\/ -->\n<title>H\u00f4tel avec cuisine italienne typique | H\u00f4tel Acacia Cesenatico<\/title>\n<meta name=\"description\" content=\"Cuisine typique de la Romagne et nationale \u00e0 l&#039;H\u00f4tel Acacia de Cesenatico. Pour tout type d&#039;intol\u00e9rance alimentaire, menus personnalis\u00e9s sur demande.\" \/>\n<meta name=\"robots\" content=\"index, follow, max-snippet:-1, max-image-preview:large, max-video-preview:-1\" \/>\n<link rel=\"canonical\" href=\"https:\/\/www.hotelacacia.it\/fr\/restaurant\/\" \/>\n<meta property=\"og:locale\" content=\"fr_FR\" \/>\n<meta property=\"og:type\" content=\"article\" \/>\n<meta property=\"og:title\" content=\"H\u00f4tel avec cuisine italienne typique | H\u00f4tel Acacia Cesenatico\" \/>\n<meta property=\"og:description\" content=\"Cuisine typique de la Romagne et nationale \u00e0 l&#039;H\u00f4tel Acacia de Cesenatico. Pour tout type d&#039;intol\u00e9rance alimentaire, menus personnalis\u00e9s sur demande.\" \/>\n<meta property=\"og:url\" content=\"https:\/\/www.hotelacacia.it\/fr\/restaurant\/\" \/>\n<meta property=\"og:site_name\" content=\"Acacia Hotel Cesenatico\" \/>\n<meta property=\"article:modified_time\" content=\"2024-05-24T08:23:35+00:00\" \/>\n<meta property=\"og:image\" content=\"https:\/\/www.hotelacacia.it\/wp-content\/uploads\/2015\/11\/buffet-di-antipasti.jpg\" \/>\n\t<meta property=\"og:image:width\" content=\"1024\" \/>\n\t<meta property=\"og:image:height\" content=\"640\" \/>\n\t<meta property=\"og:image:type\" content=\"image\/jpeg\" \/>\n<meta name=\"twitter:card\" content=\"summary_large_image\" \/>\n<meta name=\"twitter:label1\" content=\"Dur\u00e9e de lecture estim\u00e9e\" \/>\n\t<meta name=\"twitter:data1\" content=\"3 minutes\" \/>\n<script type=\"application\/ld+json\" class=\"yoast-schema-graph\">{\"@context\":\"https:\\\/\\\/schema.org\",\"@graph\":[{\"@type\":\"WebPage\",\"@id\":\"https:\\\/\\\/www.hotelacacia.it\\\/fr\\\/restaurant\\\/\",\"url\":\"https:\\\/\\\/www.hotelacacia.it\\\/fr\\\/restaurant\\\/\",\"name\":\"H\u00f4tel avec cuisine italienne typique | H\u00f4tel Acacia Cesenatico\",\"isPartOf\":{\"@id\":\"https:\\\/\\\/www.hotelacacia.it\\\/#website\"},\"primaryImageOfPage\":{\"@id\":\"https:\\\/\\\/www.hotelacacia.it\\\/fr\\\/restaurant\\\/#primaryimage\"},\"image\":{\"@id\":\"https:\\\/\\\/www.hotelacacia.it\\\/fr\\\/restaurant\\\/#primaryimage\"},\"thumbnailUrl\":\"https:\\\/\\\/www.hotelacacia.it\\\/wp-content\\\/uploads\\\/2015\\\/11\\\/buffet-di-antipasti.jpg\",\"datePublished\":\"2015-11-12T16:36:14+00:00\",\"dateModified\":\"2024-05-24T08:23:35+00:00\",\"description\":\"Cuisine typique de la Romagne et nationale \u00e0 l'H\u00f4tel Acacia de Cesenatico. Pour tout type d'intol\u00e9rance alimentaire, menus personnalis\u00e9s sur demande.\",\"breadcrumb\":{\"@id\":\"https:\\\/\\\/www.hotelacacia.it\\\/fr\\\/restaurant\\\/#breadcrumb\"},\"inLanguage\":\"fr-FR\",\"potentialAction\":[{\"@type\":\"ReadAction\",\"target\":[\"https:\\\/\\\/www.hotelacacia.it\\\/fr\\\/restaurant\\\/\"]}]},{\"@type\":\"ImageObject\",\"inLanguage\":\"fr-FR\",\"@id\":\"https:\\\/\\\/www.hotelacacia.it\\\/fr\\\/restaurant\\\/#primaryimage\",\"url\":\"https:\\\/\\\/www.hotelacacia.it\\\/wp-content\\\/uploads\\\/2015\\\/11\\\/buffet-di-antipasti.jpg\",\"contentUrl\":\"https:\\\/\\\/www.hotelacacia.it\\\/wp-content\\\/uploads\\\/2015\\\/11\\\/buffet-di-antipasti.jpg\",\"width\":1024,\"height\":640},{\"@type\":\"BreadcrumbList\",\"@id\":\"https:\\\/\\\/www.hotelacacia.it\\\/fr\\\/restaurant\\\/#breadcrumb\",\"itemListElement\":[{\"@type\":\"ListItem\",\"position\":1,\"name\":\"Home\",\"item\":\"https:\\\/\\\/www.hotelacacia.it\\\/fr\\\/\"},{\"@type\":\"ListItem\",\"position\":2,\"name\":\"Une cuisine \u00e0 l&#8217;\u00e9coute des besoins de chacun\"}]},{\"@type\":\"WebSite\",\"@id\":\"https:\\\/\\\/www.hotelacacia.it\\\/#website\",\"url\":\"https:\\\/\\\/www.hotelacacia.it\\\/\",\"name\":\"Acacia Hotel Cesenatico\",\"description\":\"Hotel 3 stelle a Cesenatico\",\"publisher\":{\"@id\":\"https:\\\/\\\/www.hotelacacia.it\\\/#organization\"},\"potentialAction\":[{\"@type\":\"SearchAction\",\"target\":{\"@type\":\"EntryPoint\",\"urlTemplate\":\"https:\\\/\\\/www.hotelacacia.it\\\/?s={search_term_string}\"},\"query-input\":{\"@type\":\"PropertyValueSpecification\",\"valueRequired\":true,\"valueName\":\"search_term_string\"}}],\"inLanguage\":\"fr-FR\"},{\"@type\":\"Organization\",\"@id\":\"https:\\\/\\\/www.hotelacacia.it\\\/#organization\",\"name\":\"Hotel Acacia Cesenatico\",\"url\":\"https:\\\/\\\/www.hotelacacia.it\\\/\",\"logo\":{\"@type\":\"ImageObject\",\"inLanguage\":\"fr-FR\",\"@id\":\"https:\\\/\\\/www.hotelacacia.it\\\/#\\\/schema\\\/logo\\\/image\\\/\",\"url\":\"https:\\\/\\\/www.hotelacacia.it\\\/acacia\\\/wp-content\\\/uploads\\\/2015\\\/11\\\/logo-hotel-acacia-quadrato.png\",\"contentUrl\":\"https:\\\/\\\/www.hotelacacia.it\\\/acacia\\\/wp-content\\\/uploads\\\/2015\\\/11\\\/logo-hotel-acacia-quadrato.png\",\"width\":230,\"height\":230,\"caption\":\"Hotel Acacia Cesenatico\"},\"image\":{\"@id\":\"https:\\\/\\\/www.hotelacacia.it\\\/#\\\/schema\\\/logo\\\/image\\\/\"}}]}<\/script>\n<!-- \/ Yoast SEO plugin. -->","yoast_head_json":{"title":"H\u00f4tel avec cuisine italienne typique | H\u00f4tel Acacia Cesenatico","description":"Cuisine typique de la Romagne et nationale \u00e0 l'H\u00f4tel Acacia de Cesenatico. Pour tout type d'intol\u00e9rance alimentaire, menus personnalis\u00e9s sur demande.","robots":{"index":"index","follow":"follow","max-snippet":"max-snippet:-1","max-image-preview":"max-image-preview:large","max-video-preview":"max-video-preview:-1"},"canonical":"https:\/\/www.hotelacacia.it\/fr\/restaurant\/","og_locale":"fr_FR","og_type":"article","og_title":"H\u00f4tel avec cuisine italienne typique | H\u00f4tel Acacia Cesenatico","og_description":"Cuisine typique de la Romagne et nationale \u00e0 l'H\u00f4tel Acacia de Cesenatico. Pour tout type d'intol\u00e9rance alimentaire, menus personnalis\u00e9s sur demande.","og_url":"https:\/\/www.hotelacacia.it\/fr\/restaurant\/","og_site_name":"Acacia Hotel Cesenatico","article_modified_time":"2024-05-24T08:23:35+00:00","og_image":[{"width":1024,"height":640,"url":"https:\/\/www.hotelacacia.it\/wp-content\/uploads\/2015\/11\/buffet-di-antipasti.jpg","type":"image\/jpeg"}],"twitter_card":"summary_large_image","twitter_misc":{"Dur\u00e9e de lecture estim\u00e9e":"3 minutes"},"schema":{"@context":"https:\/\/schema.org","@graph":[{"@type":"WebPage","@id":"https:\/\/www.hotelacacia.it\/fr\/restaurant\/","url":"https:\/\/www.hotelacacia.it\/fr\/restaurant\/","name":"H\u00f4tel avec cuisine italienne typique | H\u00f4tel Acacia Cesenatico","isPartOf":{"@id":"https:\/\/www.hotelacacia.it\/#website"},"primaryImageOfPage":{"@id":"https:\/\/www.hotelacacia.it\/fr\/restaurant\/#primaryimage"},"image":{"@id":"https:\/\/www.hotelacacia.it\/fr\/restaurant\/#primaryimage"},"thumbnailUrl":"https:\/\/www.hotelacacia.it\/wp-content\/uploads\/2015\/11\/buffet-di-antipasti.jpg","datePublished":"2015-11-12T16:36:14+00:00","dateModified":"2024-05-24T08:23:35+00:00","description":"Cuisine typique de la Romagne et nationale \u00e0 l'H\u00f4tel Acacia de Cesenatico. Pour tout type d'intol\u00e9rance alimentaire, menus personnalis\u00e9s sur demande.","breadcrumb":{"@id":"https:\/\/www.hotelacacia.it\/fr\/restaurant\/#breadcrumb"},"inLanguage":"fr-FR","potentialAction":[{"@type":"ReadAction","target":["https:\/\/www.hotelacacia.it\/fr\/restaurant\/"]}]},{"@type":"ImageObject","inLanguage":"fr-FR","@id":"https:\/\/www.hotelacacia.it\/fr\/restaurant\/#primaryimage","url":"https:\/\/www.hotelacacia.it\/wp-content\/uploads\/2015\/11\/buffet-di-antipasti.jpg","contentUrl":"https:\/\/www.hotelacacia.it\/wp-content\/uploads\/2015\/11\/buffet-di-antipasti.jpg","width":1024,"height":640},{"@type":"BreadcrumbList","@id":"https:\/\/www.hotelacacia.it\/fr\/restaurant\/#breadcrumb","itemListElement":[{"@type":"ListItem","position":1,"name":"Home","item":"https:\/\/www.hotelacacia.it\/fr\/"},{"@type":"ListItem","position":2,"name":"Une cuisine \u00e0 l&#8217;\u00e9coute des besoins de chacun"}]},{"@type":"WebSite","@id":"https:\/\/www.hotelacacia.it\/#website","url":"https:\/\/www.hotelacacia.it\/","name":"Acacia Hotel Cesenatico","description":"Hotel 3 stelle a Cesenatico","publisher":{"@id":"https:\/\/www.hotelacacia.it\/#organization"},"potentialAction":[{"@type":"SearchAction","target":{"@type":"EntryPoint","urlTemplate":"https:\/\/www.hotelacacia.it\/?s={search_term_string}"},"query-input":{"@type":"PropertyValueSpecification","valueRequired":true,"valueName":"search_term_string"}}],"inLanguage":"fr-FR"},{"@type":"Organization","@id":"https:\/\/www.hotelacacia.it\/#organization","name":"Hotel Acacia Cesenatico","url":"https:\/\/www.hotelacacia.it\/","logo":{"@type":"ImageObject","inLanguage":"fr-FR","@id":"https:\/\/www.hotelacacia.it\/#\/schema\/logo\/image\/","url":"https:\/\/www.hotelacacia.it\/acacia\/wp-content\/uploads\/2015\/11\/logo-hotel-acacia-quadrato.png","contentUrl":"https:\/\/www.hotelacacia.it\/acacia\/wp-content\/uploads\/2015\/11\/logo-hotel-acacia-quadrato.png","width":230,"height":230,"caption":"Hotel Acacia Cesenatico"},"image":{"@id":"https:\/\/www.hotelacacia.it\/#\/schema\/logo\/image\/"}}]}},"publishpress_future_action":{"enabled":false,"date":"2026-05-22 12:54:36","action":"change-status","newStatus":"draft","terms":[],"taxonomy":"translation_priority","extraData":[]},"publishpress_future_workflow_manual_trigger":{"enabledWorkflows":[]},"_links":{"self":[{"href":"https:\/\/www.hotelacacia.it\/fr\/wp-json\/wp\/v2\/pages\/1117","targetHints":{"allow":["GET"]}}],"collection":[{"href":"https:\/\/www.hotelacacia.it\/fr\/wp-json\/wp\/v2\/pages"}],"about":[{"href":"https:\/\/www.hotelacacia.it\/fr\/wp-json\/wp\/v2\/types\/page"}],"author":[{"embeddable":true,"href":"https:\/\/www.hotelacacia.it\/fr\/wp-json\/wp\/v2\/users\/1"}],"replies":[{"embeddable":true,"href":"https:\/\/www.hotelacacia.it\/fr\/wp-json\/wp\/v2\/comments?post=1117"}],"version-history":[{"count":9,"href":"https:\/\/www.hotelacacia.it\/fr\/wp-json\/wp\/v2\/pages\/1117\/revisions"}],"predecessor-version":[{"id":4440,"href":"https:\/\/www.hotelacacia.it\/fr\/wp-json\/wp\/v2\/pages\/1117\/revisions\/4440"}],"wp:featuredmedia":[{"embeddable":true,"href":"https:\/\/www.hotelacacia.it\/fr\/wp-json\/wp\/v2\/media\/2902"}],"wp:attachment":[{"href":"https:\/\/www.hotelacacia.it\/fr\/wp-json\/wp\/v2\/media?parent=1117"}],"curies":[{"name":"wp","href":"https:\/\/api.w.org\/{rel}","templated":true}]}}