{"id":1115,"date":"2015-11-24T16:36:19","date_gmt":"2015-11-24T15:36:19","guid":{"rendered":"http:\/\/www.cristianbuda.com\/acacia\/fr\/?page_id=1115"},"modified":"2023-10-27T10:36:59","modified_gmt":"2023-10-27T08:36:59","slug":"wellness-fitness","status":"publish","type":"page","link":"https:\/\/www.hotelacacia.it\/fr\/wellness-fitness\/","title":{"rendered":"Bien-\u00eatre et mise en forme \u00e0 l\u2019H\u00f4tel Acacia"},"content":{"rendered":"<div class=\"wpb-content-wrapper\"><p>[vc_section full_width=\u00a0\u00bbstretch_row\u00a0\u00bb content_placement=\u00a0\u00bbmiddle\u00a0\u00bb css=\u00a0\u00bb.vc_custom_1678292416662{border-bottom-width: 20px !important;padding-top: 30px !important;padding-bottom: 30px !important;background-position: center !important;background-repeat: no-repeat !important;background-size: cover !important;border-bottom-color: #ffffff !important;border-bottom-style: solid !important;}\u00a0\u00bb][vc_row][vc_column width=\u00a0\u00bb1\/2&Prime;][vc_column_text]\u00c0 qui d\u00e9sire prendre soin de son corps pendant le s\u00e9jour dans notre h\u00f4tel, nous mettons \u00e0 disposition une zone bien-\u00eatre avec <strong>sauna<\/strong> et <strong>bain \u00e0 remous<\/strong> ainsi qu\u2019une zone de mise en forme avec <strong>salle de gym \u00e9quip\u00e9e de machines TechnoGym<\/strong>.<\/p>\n<p>La salle de gym dispose de:<\/p>\n<ul class=\"list_check\">\n<li>Tapis de course,<\/li>\n<li>v\u00e9lo fixe,<\/li>\n<li>appareil de musculation,<\/li>\n<li>machines guid\u00e9es.<\/li>\n<\/ul>\n<p>[\/vc_column_text][\/vc_column][vc_column width=\u00a0\u00bb1\/2&Prime;][vc_media_grid grid_id=\u00a0\u00bbvc_gid:1698395796120-37774b9f-b5b7-1&Prime; include=\u00a0\u00bb1818,1573,1574,672,676,3610&Prime;][\/vc_column][\/vc_row][\/vc_section][vc_section full_width=\u00a0\u00bbstretch_row\u00a0\u00bb content_placement=\u00a0\u00bbmiddle\u00a0\u00bb css=\u00a0\u00bb.vc_custom_1678495593911{border-bottom-width: 20px !important;background-image: url(https:\/\/www.hotelacacia.it\/wp-content\/uploads\/2023\/03\/bigstock-Man-Legs-Sports-Massage-Therap-465541773.jpg?id=3610) !important;background-position: center !important;background-repeat: no-repeat !important;background-size: cover !important;border-bottom-color: #ffffff !important;border-bottom-style: solid !important;}\u00a0\u00bb el_class=\u00a0\u00bbfixedbg photorow\u00a0\u00bb][vc_row][vc_column][vc_column_text css=\u00a0\u00bb.vc_custom_1681894445701{margin-bottom: 35px !important;}\u00a0\u00bb el_class=\u00a0\u00bbmain_title\u00a0\u00bb]<\/p>\n<h2 style=\"text-align: center;\">Possibilit\u00e9 de recevoir des th\u00e9rapies et des massages<\/h2>\n<p>[\/vc_column_text][\/vc_column][\/vc_row][vc_row gap=\u00a0\u00bb30&Prime; equal_height=\u00a0\u00bbyes\u00a0\u00bb][vc_column width=\u00a0\u00bb1\/2&Prime; el_class=\u00a0\u00bbhighlight-box\u00a0\u00bb][vc_column_text]<\/p>\n<h3>Th\u00e9rapies disponibles :<\/h3>\n<p>[\/vc_column_text][vc_column_text]<\/p>\n<ul class=\"list_check\">\n<li>th\u00e9rapie manuelle d\u2019ost\u00e9opathie<\/li>\n<li>kin\u00e9sith\u00e9rapie<\/li>\n<li>hernie lombaire\/cervicales<\/li>\n<li>arthrose de hanche<\/li>\n<li>arthrite p\u00e9riph\u00e9rique<\/li>\n<li>traitement cervical<\/li>\n<li>\u00e9picondylalgie<\/li>\n<li>Probl\u00e8mes d\u2019\u00e9paule, de genou, de pied<\/li>\n<li>Traitement dos lombaire<\/li>\n<\/ul>\n<p>[\/vc_column_text][\/vc_column][vc_column width=\u00a0\u00bb1\/2&Prime; el_class=\u00a0\u00bbhighlight-box\u00a0\u00bb][vc_column_text]<\/p>\n<h3>Massages pratiqu\u00e9s:<\/h3>\n<p>[\/vc_column_text][vc_column_text]<\/p>\n<ul class=\"list_check\">\n<li>r\u00e9flexologie plantaire<\/li>\n<li>massage ayurv\u00e9dique<\/li>\n<li>massage californien<\/li>\n<li>massages relaxation<\/li>\n<li>massages sportifs de r\u00e9cup\u00e9ration<\/li>\n<li>massage drainant<\/li>\n<\/ul>\n<p>[\/vc_column_text][\/vc_column][\/vc_row][vc_row][vc_column width=\u00a0\u00bb1\/2&Prime; offset=\u00a0\u00bbvc_col-sm-offset-3&Prime;][vc_message]Pour tout type de traitement :<br \/>\nS\u00e9ance de 30 min.: 19,00 \u20ac<br \/>\nS\u00e9ance de 45 min.: 26,00 \u20ac[\/vc_message][\/vc_column][\/vc_row][\/vc_section]<\/p>\n<\/div>","protected":false},"excerpt":{"rendered":"<p>[vc_section full_width=\u00a0\u00bbstretch_row\u00a0\u00bb content_placement=\u00a0\u00bbmiddle\u00a0\u00bb css=\u00a0\u00bb.vc_custom_1678292416662{border-bottom-width: 20px !important;padding-top: 30px !important;padding-bottom: 30px !important;background-position: center !important;background-repeat: no-repeat !important;background-size: cover !important;border-bottom-color: #ffffff !important;border-bottom-style: solid !important;}\u00a0\u00bb][vc_row][vc_column width=\u00a0\u00bb1\/2&Prime;][vc_column_text]\u00c0 qui d\u00e9sire prendre soin de<span class=\"excerpt-hellip\"> [\u2026]<\/span><\/p>\n","protected":false},"author":1,"featured_media":3136,"parent":0,"menu_order":0,"comment_status":"closed","ping_status":"closed","template":"","meta":{"_acf_changed":false,"footnotes":""},"class_list":["post-1115","page","type-page","status-publish","has-post-thumbnail","hentry"],"acf":[],"yoast_head":"<!-- This site is optimized with the Yoast SEO plugin v27.5 - https:\/\/yoast.com\/product\/yoast-seo-wordpress\/ -->\n<title>Fitness e Wellness Hotel \u00e0 Cesenatico | Hotel Acacia ***<\/title>\n<meta name=\"description\" content=\"Envie de prendre soin de votre corps en vacances ? L&#039;h\u00f4tel Acacia \u00e0 Cesenatico dispose d&#039;un espace bien-\u00eatre avec sauna et bain \u00e0 remous et d&#039;une salle de sport TechnoGym.\" \/>\n<meta name=\"robots\" content=\"index, follow, max-snippet:-1, max-image-preview:large, max-video-preview:-1\" \/>\n<link rel=\"canonical\" href=\"https:\/\/www.hotelacacia.it\/fr\/wellness-fitness\/\" \/>\n<meta property=\"og:locale\" content=\"fr_FR\" \/>\n<meta property=\"og:type\" content=\"article\" \/>\n<meta property=\"og:title\" content=\"Fitness e Wellness Hotel \u00e0 Cesenatico | Hotel Acacia ***\" \/>\n<meta property=\"og:description\" content=\"Envie de prendre soin de votre corps en vacances ? L&#039;h\u00f4tel Acacia \u00e0 Cesenatico dispose d&#039;un espace bien-\u00eatre avec sauna et bain \u00e0 remous et d&#039;une salle de sport TechnoGym.\" \/>\n<meta property=\"og:url\" content=\"https:\/\/www.hotelacacia.it\/fr\/wellness-fitness\/\" \/>\n<meta property=\"og:site_name\" content=\"Acacia Hotel Cesenatico\" \/>\n<meta property=\"article:modified_time\" content=\"2023-10-27T08:36:59+00:00\" \/>\n<meta property=\"og:image\" content=\"https:\/\/www.hotelacacia.it\/wp-content\/uploads\/2015\/11\/palestra-acacia.jpg\" \/>\n\t<meta property=\"og:image:width\" content=\"1200\" \/>\n\t<meta property=\"og:image:height\" content=\"800\" \/>\n\t<meta property=\"og:image:type\" content=\"image\/jpeg\" \/>\n<meta name=\"twitter:card\" content=\"summary_large_image\" \/>\n<meta name=\"twitter:label1\" content=\"Dur\u00e9e de lecture estim\u00e9e\" \/>\n\t<meta name=\"twitter:data1\" content=\"1 minute\" \/>\n<script type=\"application\/ld+json\" class=\"yoast-schema-graph\">{\"@context\":\"https:\\\/\\\/schema.org\",\"@graph\":[{\"@type\":\"WebPage\",\"@id\":\"https:\\\/\\\/www.hotelacacia.it\\\/fr\\\/wellness-fitness\\\/\",\"url\":\"https:\\\/\\\/www.hotelacacia.it\\\/fr\\\/wellness-fitness\\\/\",\"name\":\"Fitness e Wellness Hotel \u00e0 Cesenatico | Hotel Acacia ***\",\"isPartOf\":{\"@id\":\"https:\\\/\\\/www.hotelacacia.it\\\/#website\"},\"primaryImageOfPage\":{\"@id\":\"https:\\\/\\\/www.hotelacacia.it\\\/fr\\\/wellness-fitness\\\/#primaryimage\"},\"image\":{\"@id\":\"https:\\\/\\\/www.hotelacacia.it\\\/fr\\\/wellness-fitness\\\/#primaryimage\"},\"thumbnailUrl\":\"https:\\\/\\\/www.hotelacacia.it\\\/wp-content\\\/uploads\\\/2015\\\/11\\\/palestra-acacia.jpg\",\"datePublished\":\"2015-11-24T15:36:19+00:00\",\"dateModified\":\"2023-10-27T08:36:59+00:00\",\"description\":\"Envie de prendre soin de votre corps en vacances ? L'h\u00f4tel Acacia \u00e0 Cesenatico dispose d'un espace bien-\u00eatre avec sauna et bain \u00e0 remous et d'une salle de sport TechnoGym.\",\"breadcrumb\":{\"@id\":\"https:\\\/\\\/www.hotelacacia.it\\\/fr\\\/wellness-fitness\\\/#breadcrumb\"},\"inLanguage\":\"fr-FR\",\"potentialAction\":[{\"@type\":\"ReadAction\",\"target\":[\"https:\\\/\\\/www.hotelacacia.it\\\/fr\\\/wellness-fitness\\\/\"]}]},{\"@type\":\"ImageObject\",\"inLanguage\":\"fr-FR\",\"@id\":\"https:\\\/\\\/www.hotelacacia.it\\\/fr\\\/wellness-fitness\\\/#primaryimage\",\"url\":\"https:\\\/\\\/www.hotelacacia.it\\\/wp-content\\\/uploads\\\/2015\\\/11\\\/palestra-acacia.jpg\",\"contentUrl\":\"https:\\\/\\\/www.hotelacacia.it\\\/wp-content\\\/uploads\\\/2015\\\/11\\\/palestra-acacia.jpg\",\"width\":1200,\"height\":800},{\"@type\":\"BreadcrumbList\",\"@id\":\"https:\\\/\\\/www.hotelacacia.it\\\/fr\\\/wellness-fitness\\\/#breadcrumb\",\"itemListElement\":[{\"@type\":\"ListItem\",\"position\":1,\"name\":\"Home\",\"item\":\"https:\\\/\\\/www.hotelacacia.it\\\/fr\\\/\"},{\"@type\":\"ListItem\",\"position\":2,\"name\":\"Bien-\u00eatre et mise en forme \u00e0 l\u2019H\u00f4tel Acacia\"}]},{\"@type\":\"WebSite\",\"@id\":\"https:\\\/\\\/www.hotelacacia.it\\\/#website\",\"url\":\"https:\\\/\\\/www.hotelacacia.it\\\/\",\"name\":\"Acacia Hotel Cesenatico\",\"description\":\"Hotel 3 stelle a Cesenatico\",\"publisher\":{\"@id\":\"https:\\\/\\\/www.hotelacacia.it\\\/#organization\"},\"potentialAction\":[{\"@type\":\"SearchAction\",\"target\":{\"@type\":\"EntryPoint\",\"urlTemplate\":\"https:\\\/\\\/www.hotelacacia.it\\\/?s={search_term_string}\"},\"query-input\":{\"@type\":\"PropertyValueSpecification\",\"valueRequired\":true,\"valueName\":\"search_term_string\"}}],\"inLanguage\":\"fr-FR\"},{\"@type\":\"Organization\",\"@id\":\"https:\\\/\\\/www.hotelacacia.it\\\/#organization\",\"name\":\"Hotel Acacia Cesenatico\",\"url\":\"https:\\\/\\\/www.hotelacacia.it\\\/\",\"logo\":{\"@type\":\"ImageObject\",\"inLanguage\":\"fr-FR\",\"@id\":\"https:\\\/\\\/www.hotelacacia.it\\\/#\\\/schema\\\/logo\\\/image\\\/\",\"url\":\"https:\\\/\\\/www.hotelacacia.it\\\/acacia\\\/wp-content\\\/uploads\\\/2015\\\/11\\\/logo-hotel-acacia-quadrato.png\",\"contentUrl\":\"https:\\\/\\\/www.hotelacacia.it\\\/acacia\\\/wp-content\\\/uploads\\\/2015\\\/11\\\/logo-hotel-acacia-quadrato.png\",\"width\":230,\"height\":230,\"caption\":\"Hotel Acacia Cesenatico\"},\"image\":{\"@id\":\"https:\\\/\\\/www.hotelacacia.it\\\/#\\\/schema\\\/logo\\\/image\\\/\"}}]}<\/script>\n<!-- \/ Yoast SEO plugin. -->","yoast_head_json":{"title":"Fitness e Wellness Hotel \u00e0 Cesenatico | Hotel Acacia ***","description":"Envie de prendre soin de votre corps en vacances ? L'h\u00f4tel Acacia \u00e0 Cesenatico dispose d'un espace bien-\u00eatre avec sauna et bain \u00e0 remous et d'une salle de sport TechnoGym.","robots":{"index":"index","follow":"follow","max-snippet":"max-snippet:-1","max-image-preview":"max-image-preview:large","max-video-preview":"max-video-preview:-1"},"canonical":"https:\/\/www.hotelacacia.it\/fr\/wellness-fitness\/","og_locale":"fr_FR","og_type":"article","og_title":"Fitness e Wellness Hotel \u00e0 Cesenatico | Hotel Acacia ***","og_description":"Envie de prendre soin de votre corps en vacances ? L'h\u00f4tel Acacia \u00e0 Cesenatico dispose d'un espace bien-\u00eatre avec sauna et bain \u00e0 remous et d'une salle de sport TechnoGym.","og_url":"https:\/\/www.hotelacacia.it\/fr\/wellness-fitness\/","og_site_name":"Acacia Hotel Cesenatico","article_modified_time":"2023-10-27T08:36:59+00:00","og_image":[{"width":1200,"height":800,"url":"https:\/\/www.hotelacacia.it\/wp-content\/uploads\/2015\/11\/palestra-acacia.jpg","type":"image\/jpeg"}],"twitter_card":"summary_large_image","twitter_misc":{"Dur\u00e9e de lecture estim\u00e9e":"1 minute"},"schema":{"@context":"https:\/\/schema.org","@graph":[{"@type":"WebPage","@id":"https:\/\/www.hotelacacia.it\/fr\/wellness-fitness\/","url":"https:\/\/www.hotelacacia.it\/fr\/wellness-fitness\/","name":"Fitness e Wellness Hotel \u00e0 Cesenatico | Hotel Acacia ***","isPartOf":{"@id":"https:\/\/www.hotelacacia.it\/#website"},"primaryImageOfPage":{"@id":"https:\/\/www.hotelacacia.it\/fr\/wellness-fitness\/#primaryimage"},"image":{"@id":"https:\/\/www.hotelacacia.it\/fr\/wellness-fitness\/#primaryimage"},"thumbnailUrl":"https:\/\/www.hotelacacia.it\/wp-content\/uploads\/2015\/11\/palestra-acacia.jpg","datePublished":"2015-11-24T15:36:19+00:00","dateModified":"2023-10-27T08:36:59+00:00","description":"Envie de prendre soin de votre corps en vacances ? L'h\u00f4tel Acacia \u00e0 Cesenatico dispose d'un espace bien-\u00eatre avec sauna et bain \u00e0 remous et d'une salle de sport TechnoGym.","breadcrumb":{"@id":"https:\/\/www.hotelacacia.it\/fr\/wellness-fitness\/#breadcrumb"},"inLanguage":"fr-FR","potentialAction":[{"@type":"ReadAction","target":["https:\/\/www.hotelacacia.it\/fr\/wellness-fitness\/"]}]},{"@type":"ImageObject","inLanguage":"fr-FR","@id":"https:\/\/www.hotelacacia.it\/fr\/wellness-fitness\/#primaryimage","url":"https:\/\/www.hotelacacia.it\/wp-content\/uploads\/2015\/11\/palestra-acacia.jpg","contentUrl":"https:\/\/www.hotelacacia.it\/wp-content\/uploads\/2015\/11\/palestra-acacia.jpg","width":1200,"height":800},{"@type":"BreadcrumbList","@id":"https:\/\/www.hotelacacia.it\/fr\/wellness-fitness\/#breadcrumb","itemListElement":[{"@type":"ListItem","position":1,"name":"Home","item":"https:\/\/www.hotelacacia.it\/fr\/"},{"@type":"ListItem","position":2,"name":"Bien-\u00eatre et mise en forme \u00e0 l\u2019H\u00f4tel Acacia"}]},{"@type":"WebSite","@id":"https:\/\/www.hotelacacia.it\/#website","url":"https:\/\/www.hotelacacia.it\/","name":"Acacia Hotel Cesenatico","description":"Hotel 3 stelle a Cesenatico","publisher":{"@id":"https:\/\/www.hotelacacia.it\/#organization"},"potentialAction":[{"@type":"SearchAction","target":{"@type":"EntryPoint","urlTemplate":"https:\/\/www.hotelacacia.it\/?s={search_term_string}"},"query-input":{"@type":"PropertyValueSpecification","valueRequired":true,"valueName":"search_term_string"}}],"inLanguage":"fr-FR"},{"@type":"Organization","@id":"https:\/\/www.hotelacacia.it\/#organization","name":"Hotel Acacia Cesenatico","url":"https:\/\/www.hotelacacia.it\/","logo":{"@type":"ImageObject","inLanguage":"fr-FR","@id":"https:\/\/www.hotelacacia.it\/#\/schema\/logo\/image\/","url":"https:\/\/www.hotelacacia.it\/acacia\/wp-content\/uploads\/2015\/11\/logo-hotel-acacia-quadrato.png","contentUrl":"https:\/\/www.hotelacacia.it\/acacia\/wp-content\/uploads\/2015\/11\/logo-hotel-acacia-quadrato.png","width":230,"height":230,"caption":"Hotel Acacia Cesenatico"},"image":{"@id":"https:\/\/www.hotelacacia.it\/#\/schema\/logo\/image\/"}}]}},"publishpress_future_action":{"enabled":false,"date":"2026-05-22 11:55:03","action":"change-status","newStatus":"draft","terms":[],"taxonomy":"translation_priority","extraData":[]},"publishpress_future_workflow_manual_trigger":{"enabledWorkflows":[]},"_links":{"self":[{"href":"https:\/\/www.hotelacacia.it\/fr\/wp-json\/wp\/v2\/pages\/1115","targetHints":{"allow":["GET"]}}],"collection":[{"href":"https:\/\/www.hotelacacia.it\/fr\/wp-json\/wp\/v2\/pages"}],"about":[{"href":"https:\/\/www.hotelacacia.it\/fr\/wp-json\/wp\/v2\/types\/page"}],"author":[{"embeddable":true,"href":"https:\/\/www.hotelacacia.it\/fr\/wp-json\/wp\/v2\/users\/1"}],"replies":[{"embeddable":true,"href":"https:\/\/www.hotelacacia.it\/fr\/wp-json\/wp\/v2\/comments?post=1115"}],"version-history":[{"count":8,"href":"https:\/\/www.hotelacacia.it\/fr\/wp-json\/wp\/v2\/pages\/1115\/revisions"}],"predecessor-version":[{"id":4232,"href":"https:\/\/www.hotelacacia.it\/fr\/wp-json\/wp\/v2\/pages\/1115\/revisions\/4232"}],"wp:featuredmedia":[{"embeddable":true,"href":"https:\/\/www.hotelacacia.it\/fr\/wp-json\/wp\/v2\/media\/3136"}],"wp:attachment":[{"href":"https:\/\/www.hotelacacia.it\/fr\/wp-json\/wp\/v2\/media?parent=1115"}],"curies":[{"name":"wp","href":"https:\/\/api.w.org\/{rel}","templated":true}]}}