{"id":90,"date":"2015-10-16T16:17:20","date_gmt":"2015-10-16T14:17:20","guid":{"rendered":"http:\/\/www.cristianbuda.com\/acacia\/de\/?page_id=90"},"modified":"2023-04-20T19:29:01","modified_gmt":"2023-04-20T17:29:01","slug":"home-page","status":"publish","type":"page","link":"https:\/\/www.hotelacacia.it\/de\/","title":{"rendered":"Home Page"},"content":{"rendered":"<div class=\"wpb-content-wrapper\"><p>[vc_section css=&#8220;.vc_custom_1677601072669{padding-top: 35px !important;padding-bottom: 35px !important;}&#8220;][vc_row][vc_column width=&#8220;1\/2&#8243; css=&#8220;.vc_custom_1678486196998{margin-top: 0px !important;padding-top: 0px !important;}&#8220; offset=&#8220;vc_col-md-6 vc_col-xs-12&#8243; el_class=&#8220;divisorio_colonna_dx&#8220;][vc_column_text css=&#8220;.vc_custom_1681746539758{margin-bottom: 30px !important;}&#8220;]<\/p>\n<h1>Das ideale Hotel f\u00fcr Ihren All-Inclusive-Urlaub in Cesenatico, Italien<\/h1>\n<p>[\/vc_column_text]<div class=\"icon_box icon_position_left no_border\"><div class=\"icon_wrapper\"><div class=\"icon\"><i class=\"fas fa-map-marker-alt\" aria-hidden=\"true\"><\/i><\/div><\/div><div class=\"desc_wrapper\"><h4 class=\"title \">Verkehrsg\u00fcnstig gelegen<\/h4><div class=\"desc\">Unser 3-Stern-Hotel liegt nur 100 m vom Meer entfernt, ganz in der N\u00e4he der Fu\u00dfg\u00e4ngerzone mit ihren vielen Gesch\u00e4ften, Bars und Eisdielen.<\/div><\/div><\/div>\n<div class=\"icon_box icon_position_left no_border\"><div class=\"icon_wrapper\"><div class=\"icon\"><i class=\"fas fa-utensils\" aria-hidden=\"true\"><\/i><\/div><\/div><div class=\"desc_wrapper\"><h4 class=\"title \">Gute italienische K\u00fcche<\/h4><div class=\"desc\">3 Men\u00fcs zu Mittag und am Abend, jeden Tag Fleisch und Fisch und reichhaltiges Beilagen-Buffet. Spezialmen\u00fcs f\u00fcr Kinder und flexible \u00d6ffnungszeiten.<\/div><\/div><\/div>\n<div class=\"icon_box icon_position_left no_border\"><div class=\"icon_wrapper\"><div class=\"icon\"><i class=\"fas fa-users\" aria-hidden=\"true\"><\/i><\/div><\/div><div class=\"desc_wrapper\"><h4 class=\"title \">Familienbetrieb<\/h4><div class=\"desc\">Ein herzliches Klima und Augenmerk auf alle Ihre Anspr\u00fcche begleiten Sie w\u00e4hrend Ihres gesamten Aufenthalts<\/div><\/div><\/div>\n<div class=\"icon_box icon_position_left no_border\"><div class=\"icon_wrapper\"><div class=\"icon\"><i class=\"fas fa-umbrella-beach\" aria-hidden=\"true\"><\/i><\/div><\/div><div class=\"desc_wrapper\"><h4 class=\"title \">All-Inclusive-Urlaub<\/h4><div class=\"desc\">F\u00fcr einen sorglosen Urlaub in Cesenatico, Angebote zu Preisen, die man sich nicht entgehen lassen sollte, inklusive unz\u00e4hliger Dienstleistungen.<\/div><\/div><\/div>\n[\/vc_column][vc_column width=&#8220;1\/2&#8243; offset=&#8220;vc_col-md-6 vc_col-xs-12&#8243;][vc_column_text]<\/p>\n<h3>Sparen Sie mit den heutigen Angeboten!<\/h3>\n<p>[\/vc_column_text][vc_basic_grid post_type=&#8220;post&#8220; max_items=&#8220;-1&#8243; style=&#8220;load-more&#8220; items_per_page=&#8220;4&#8243; element_width=&#8220;6&#8243; gap=&#8220;10&#8243; item=&#8220;3878&#8243; btn_title=&#8220;Weitere Angebote anzeigen&#8220; btn_color=&#8220;green&#8220; btn_align=&#8220;center&#8220; btn_i_align=&#8220;right&#8220; btn_i_icon_fontawesome=&#8220;fas fa-angle-double-down&#8220; btn_button_block=&#8220;true&#8220; btn_add_icon=&#8220;true&#8220; grid_id=&#8220;vc_gid:1682011727716-c0e4c440-f00b-3&#8243; taxonomies=&#8220;12&#8243;][\/vc_column][\/vc_row][\/vc_section][vc_section full_width=&#8220;stretch_row&#8220; full_height=&#8220;yes&#8220; content_placement=&#8220;middle&#8220; css=&#8220;.vc_custom_1679416646765{border-bottom-width: 20px !important;background-image: url(https:\/\/www.hotelacacia.it\/wp-content\/uploads\/2023\/02\/family-beach-1-e1679416617839.jpg?id=3477) !important;background-position: center !important;background-repeat: no-repeat !important;background-size: cover !important;border-bottom-color: #ffffff !important;border-bottom-style: solid !important;}&#8220; el_class=&#8220;fixedbg photorow&#8220;][vc_row][vc_column width=&#8220;1\/2&#8243;][vc_column_text el_class=&#8220;main_title&#8220;]<\/p>\n<h3>Dienste f\u00fcr Familien und Kinder<\/h3>\n<p>[\/vc_column_text][\/vc_column][vc_column width=&#8220;1\/2&#8243; css=&#8220;.vc_custom_1677582294375{padding-right: 30px !important;padding-bottom: 35px !important;padding-left: 30px !important;background-color: #ffffff !important;border-radius: 5px !important;}&#8220;][vc_column_text]F\u00fcr Familien, die auf der Suche nach speziellen Dienstleistungen f\u00fcr Kinder sind, ist das Hotel Acacia das ideale Family-Hotel, das allen Anforderungen gerecht wird:<\/p>\n<ul class=\"list_check\">\n<li>Animation und Vorstellungen im Hotel<\/li>\n<li>sicherer und gro\u00dfer Kinderspielplatz<\/li>\n<li>eigener Restaurantservice mit flexiblen \u00d6ffnungszeiten<\/li>\n<li>pers\u00f6nlich gestaltbaren Men\u00fcs<\/li>\n<li>ger\u00e4umige Zimmer<\/li>\n<li>Preisnachl\u00e4sse und Angebote f\u00fcr Familien und Kinder<\/li>\n<\/ul>\n<p>[\/vc_column_text][vc_row_inner][vc_column_inner width=&#8220;1\/2&#8243;][vc_column_text]<div class=\"button_align align_left\"><a class=\"button  button_left button_full_width button_size_2\" href=\"\/de\/kinder-familien\/\"     style=\"background-color:#05762D!important;color:#fff;\"     title=\"\"><span class=\"button_icon\"><i class=\"fas fa-plus-square\"  style=\"color:#fff!important;\" aria-hidden=\"true\"><\/i><\/span><span class=\"button_label\">Weitere Infos<\/span><\/a><\/div>\n[\/vc_column_text][\/vc_column_inner][vc_column_inner width=&#8220;1\/2&#8243;][vc_column_text]<a class=\"button  button_left button_full_width button_size_2\" href=\"\"     style=\"background-color:#ef6609!important;color:#fff;\" target=\"_blank\"    title=\"\"><span class=\"button_icon\"><i class=\"fas fa-plus-square\"  style=\"color:#fff!important;\" aria-hidden=\"true\"><\/i><\/span><span class=\"button_label\">Familienangebote<\/span><\/a>\n[\/vc_column_text][\/vc_column_inner][\/vc_row_inner][\/vc_column][\/vc_row][\/vc_section][vc_section full_width=&#8220;stretch_row&#8220; full_height=&#8220;yes&#8220; content_placement=&#8220;middle&#8220; css=&#8220;.vc_custom_1678474011075{border-bottom-width: 20px !important;background-image: url(https:\/\/www.hotelacacia.it\/wp-content\/uploads\/2023\/02\/bike-hotel.jpg?id=3455) !important;background-position: center !important;background-repeat: no-repeat !important;background-size: cover !important;border-bottom-color: #ffffff !important;border-bottom-style: solid !important;}&#8220; el_class=&#8220;fixedbg photorow&#8220;][vc_row][vc_column width=&#8220;1\/2&#8243;][vc_column_text el_class=&#8220;main_title&#8220;]<\/p>\n<h3>Bike Hotel: Dienste f\u00fcr Radfahrer und Sportler<\/h3>\n<p>[\/vc_column_text][\/vc_column][vc_column width=&#8220;1\/2&#8243; css=&#8220;.vc_custom_1677582294375{padding-right: 30px !important;padding-bottom: 35px !important;padding-left: 30px !important;background-color: #ffffff !important;border-radius: 5px !important;}&#8220;][vc_column_text]F\u00fcr Radfahrer, die auf der Suche nach speziellen Dienstleistungen sind, ist das Hotel Acacia das Bike Hotel, das allen Anforderungen gerecht wird:<\/p>\n<ul class=\"list_check\">\n<li>Sicherer Aufbewahrungsraum f\u00fcr die Fahrr\u00e4der<\/li>\n<li>Innenbereich f\u00fcr die Wartung<\/li>\n<li>\u00e4rztliche Betreuung und Physiotherapie<\/li>\n<li>spezielle K\u00fcche<\/li>\n<li>Routen und F\u00fchrer<\/li>\n<li>eigene Urlaubspakete mit Angeboten und Preisnachl\u00e4ssen.<\/li>\n<\/ul>\n<p>[\/vc_column_text][\/vc_column][\/vc_row][\/vc_section][vc_section css=&#8220;.vc_custom_1677601072669{padding-top: 35px !important;padding-bottom: 35px !important;}&#8220;][vc_row][vc_column][vc_column_text css=&#8220;.vc_custom_1681748699278{margin-bottom: 30px !important;}&#8220;]<\/p>\n<h1 style=\"text-align: center;\">Andere Dienstleistungen<\/h1>\n<p>[\/vc_column_text][\/vc_column][\/vc_row][vc_row el_id=&#8220;servizi-home&#8220;][vc_column width=&#8220;1\/6&#8243; offset=&#8220;vc_col-xs-4&#8243;][vc_column_text]<i class=\"fa-solid fa-tree-city\"><\/i><br \/>\ngro\u00dfe Gartenanlage[\/vc_column_text][vc_column_text]<i class=\"fas fa-spa\"><\/i><br \/>\nFitness-Studio mit Sauna und Massagesalon[\/vc_column_text][vc_column_text]<i class=\"fa-solid fa-dog\"><\/i><br \/>\nKleine Hunde sind erlaubt[\/vc_column_text][\/vc_column][vc_column width=&#8220;1\/6&#8243; offset=&#8220;vc_col-xs-4&#8243;][vc_column_text]<i class=\"fa-solid fa-couch\"><\/i><br \/>\ngro\u00dfer Aufenthaltsraum[\/vc_column_text][vc_column_text]<i class=\"fa-solid fa-person-swimming\"><\/i><br \/>\n100 m gro\u00dfer Swimmingpool mit Solarium und Kinderspielplatz[\/vc_column_text][vc_column_text]<i class=\"fa-regular fa-clock\"><\/i><br \/>\n24 Stunden ge\u00f6ffnet[\/vc_column_text][\/vc_column][vc_column width=&#8220;1\/6&#8243; offset=&#8220;vc_col-xs-4&#8243;][vc_column_text]<i class=\"fa-solid fa-tv\"><\/i><br \/>\nFernsehraum mit Leseecke[\/vc_column_text][vc_column_text]<i class=\"fa-regular fa-credit-card\"><\/i><br \/>\nKreditkartenannahme[\/vc_column_text][vc_column_text]<i class=\"fa-solid fa-square-parking\"><\/i><br \/>\nkostenloser Privatparkplatz[\/vc_column_text][\/vc_column][vc_column width=&#8220;1\/6&#8243; offset=&#8220;vc_col-xs-4&#8243;][vc_column_text]<i class=\"fa-solid fa-child-reaching\"><\/i><br \/>\nSpielecke f\u00fcr Kinder[\/vc_column_text][vc_column_text]<i class=\"fa-solid fa-wifi\"><\/i><br \/>\nkostenlose Wi-Fi[\/vc_column_text][\/vc_column][vc_column width=&#8220;1\/6&#8243; offset=&#8220;vc_col-xs-4&#8243;][vc_column_text]<i class=\"fa-solid fa-martini-glass\"><\/i><br \/>\nAmerican Bar[\/vc_column_text][vc_column_text]<i class=\"fa-solid fa-person-hiking\"><\/i><br \/>\nkostenlose Ausfl\u00fcge[\/vc_column_text][\/vc_column][vc_column width=&#8220;1\/6&#8243; offset=&#8220;vc_col-xs-4&#8243;][vc_column_text]<i class=\"fas fa-sort\"><\/i><br \/>\nLift[\/vc_column_text][vc_column_text]<i class=\"fa-solid fa-bicycle\"><\/i><br \/>\nkostenlose Fahrr\u00e4der[\/vc_column_text][\/vc_column][\/vc_row][\/vc_section]<\/p>\n<\/div>","protected":false},"excerpt":{"rendered":"<p>[vc_section css=&#8220;.vc_custom_1677601072669{padding-top: 35px !important;padding-bottom: 35px !important;}&#8220;][vc_row][vc_column width=&#8220;1\/2&#8243; css=&#8220;.vc_custom_1678486196998{margin-top: 0px !important;padding-top: 0px !important;}&#8220; offset=&#8220;vc_col-md-6 vc_col-xs-12&#8243; el_class=&#8220;divisorio_colonna_dx&#8220;][vc_column_text css=&#8220;.vc_custom_1681746539758{margin-bottom: 30px !important;}&#8220;] Das ideale Hotel f\u00fcr Ihren All-Inclusive-Urlaub in Cesenatico,<span class=\"excerpt-hellip\"> [\u2026]<\/span><\/p>\n","protected":false},"author":1,"featured_media":0,"parent":0,"menu_order":0,"comment_status":"closed","ping_status":"closed","template":"","meta":{"_acf_changed":false,"footnotes":""},"class_list":["post-90","page","type-page","status-publish","hentry"],"acf":[],"yoast_head":"<!-- This site is optimized with the Yoast SEO plugin v27.5 - https:\/\/yoast.com\/product\/yoast-seo-wordpress\/ -->\n<title>Hotel Acacia | Bike &amp; Family | Cesenatico - Italie<\/title>\n<meta name=\"description\" content=\"Das Hotel Acacia in Cesenatico, Italien, ist ein 3-Sterne-Hotel, das sich auf Familien- und Fahrradurlaub spezialisiert hat\" \/>\n<meta name=\"robots\" content=\"index, follow, max-snippet:-1, max-image-preview:large, max-video-preview:-1\" \/>\n<link rel=\"canonical\" href=\"https:\/\/www.hotelacacia.it\/de\/\" \/>\n<meta property=\"og:locale\" content=\"de_DE\" \/>\n<meta property=\"og:type\" content=\"article\" \/>\n<meta property=\"og:title\" content=\"Hotel Acacia Cesenatico | Bike &amp; Family Hotel\" \/>\n<meta property=\"og:description\" content=\"Das Hotel Acacia in Cesenatico, Italien, ist ein 3-Sterne-Hotel, das sich auf Familien- und Fahrradurlaub spezialisiert hat\" \/>\n<meta property=\"og:url\" content=\"https:\/\/www.hotelacacia.it\/de\/\" \/>\n<meta property=\"og:site_name\" content=\"Acacia Hotel Cesenatico\" \/>\n<meta property=\"article:modified_time\" content=\"2023-04-20T17:29:01+00:00\" \/>\n<meta property=\"og:image\" content=\"https:\/\/www.hotelacacia.it\/wp-content\/uploads\/2015\/11\/famiglia-casanova-hotel-acacia.jpg\" \/>\n\t<meta property=\"og:image:width\" content=\"1200\" \/>\n\t<meta property=\"og:image:height\" content=\"803\" \/>\n\t<meta property=\"og:image:type\" content=\"image\/jpeg\" \/>\n<meta name=\"twitter:card\" content=\"summary_large_image\" \/>\n<meta name=\"twitter:label1\" content=\"Gesch\u00e4tzte Lesezeit\" \/>\n\t<meta name=\"twitter:data1\" content=\"3\u00a0Minuten\" \/>\n<script type=\"application\/ld+json\" class=\"yoast-schema-graph\">{\"@context\":\"https:\\\/\\\/schema.org\",\"@graph\":[{\"@type\":\"WebPage\",\"@id\":\"https:\\\/\\\/www.hotelacacia.it\\\/de\\\/\",\"url\":\"https:\\\/\\\/www.hotelacacia.it\\\/de\\\/\",\"name\":\"Hotel Acacia | Bike & Family | Cesenatico - Italie\",\"isPartOf\":{\"@id\":\"https:\\\/\\\/www.hotelacacia.it\\\/#website\"},\"datePublished\":\"2015-10-16T14:17:20+00:00\",\"dateModified\":\"2023-04-20T17:29:01+00:00\",\"description\":\"Das Hotel Acacia in Cesenatico, Italien, ist ein 3-Sterne-Hotel, das sich auf Familien- und Fahrradurlaub spezialisiert hat\",\"breadcrumb\":{\"@id\":\"https:\\\/\\\/www.hotelacacia.it\\\/de\\\/#breadcrumb\"},\"inLanguage\":\"de\",\"potentialAction\":[{\"@type\":\"ReadAction\",\"target\":[\"https:\\\/\\\/www.hotelacacia.it\\\/de\\\/\"]}]},{\"@type\":\"BreadcrumbList\",\"@id\":\"https:\\\/\\\/www.hotelacacia.it\\\/de\\\/#breadcrumb\",\"itemListElement\":[{\"@type\":\"ListItem\",\"position\":1,\"name\":\"Home\",\"item\":\"https:\\\/\\\/www.hotelacacia.it\\\/de\\\/\"},{\"@type\":\"ListItem\",\"position\":2,\"name\":\"Home Page\"}]},{\"@type\":\"WebSite\",\"@id\":\"https:\\\/\\\/www.hotelacacia.it\\\/#website\",\"url\":\"https:\\\/\\\/www.hotelacacia.it\\\/\",\"name\":\"Acacia Hotel Cesenatico\",\"description\":\"Hotel 3 stelle a Cesenatico\",\"publisher\":{\"@id\":\"https:\\\/\\\/www.hotelacacia.it\\\/#organization\"},\"potentialAction\":[{\"@type\":\"SearchAction\",\"target\":{\"@type\":\"EntryPoint\",\"urlTemplate\":\"https:\\\/\\\/www.hotelacacia.it\\\/?s={search_term_string}\"},\"query-input\":{\"@type\":\"PropertyValueSpecification\",\"valueRequired\":true,\"valueName\":\"search_term_string\"}}],\"inLanguage\":\"de\"},{\"@type\":\"Organization\",\"@id\":\"https:\\\/\\\/www.hotelacacia.it\\\/#organization\",\"name\":\"Hotel Acacia Cesenatico\",\"url\":\"https:\\\/\\\/www.hotelacacia.it\\\/\",\"logo\":{\"@type\":\"ImageObject\",\"inLanguage\":\"de\",\"@id\":\"https:\\\/\\\/www.hotelacacia.it\\\/#\\\/schema\\\/logo\\\/image\\\/\",\"url\":\"https:\\\/\\\/www.hotelacacia.it\\\/acacia\\\/wp-content\\\/uploads\\\/2015\\\/11\\\/logo-hotel-acacia-quadrato.png\",\"contentUrl\":\"https:\\\/\\\/www.hotelacacia.it\\\/acacia\\\/wp-content\\\/uploads\\\/2015\\\/11\\\/logo-hotel-acacia-quadrato.png\",\"width\":230,\"height\":230,\"caption\":\"Hotel Acacia Cesenatico\"},\"image\":{\"@id\":\"https:\\\/\\\/www.hotelacacia.it\\\/#\\\/schema\\\/logo\\\/image\\\/\"}}]}<\/script>\n<!-- \/ Yoast SEO plugin. -->","yoast_head_json":{"title":"Hotel Acacia | Bike & Family | Cesenatico - Italie","description":"Das Hotel Acacia in Cesenatico, Italien, ist ein 3-Sterne-Hotel, das sich auf Familien- und Fahrradurlaub spezialisiert hat","robots":{"index":"index","follow":"follow","max-snippet":"max-snippet:-1","max-image-preview":"max-image-preview:large","max-video-preview":"max-video-preview:-1"},"canonical":"https:\/\/www.hotelacacia.it\/de\/","og_locale":"de_DE","og_type":"article","og_title":"Hotel Acacia Cesenatico | Bike & Family Hotel","og_description":"Das Hotel Acacia in Cesenatico, Italien, ist ein 3-Sterne-Hotel, das sich auf Familien- und Fahrradurlaub spezialisiert hat","og_url":"https:\/\/www.hotelacacia.it\/de\/","og_site_name":"Acacia Hotel Cesenatico","article_modified_time":"2023-04-20T17:29:01+00:00","og_image":[{"width":1200,"height":803,"url":"https:\/\/www.hotelacacia.it\/wp-content\/uploads\/2015\/11\/famiglia-casanova-hotel-acacia.jpg","type":"image\/jpeg"}],"twitter_card":"summary_large_image","twitter_misc":{"Gesch\u00e4tzte Lesezeit":"3\u00a0Minuten"},"schema":{"@context":"https:\/\/schema.org","@graph":[{"@type":"WebPage","@id":"https:\/\/www.hotelacacia.it\/de\/","url":"https:\/\/www.hotelacacia.it\/de\/","name":"Hotel Acacia | Bike & Family | Cesenatico - Italie","isPartOf":{"@id":"https:\/\/www.hotelacacia.it\/#website"},"datePublished":"2015-10-16T14:17:20+00:00","dateModified":"2023-04-20T17:29:01+00:00","description":"Das Hotel Acacia in Cesenatico, Italien, ist ein 3-Sterne-Hotel, das sich auf Familien- und Fahrradurlaub spezialisiert hat","breadcrumb":{"@id":"https:\/\/www.hotelacacia.it\/de\/#breadcrumb"},"inLanguage":"de","potentialAction":[{"@type":"ReadAction","target":["https:\/\/www.hotelacacia.it\/de\/"]}]},{"@type":"BreadcrumbList","@id":"https:\/\/www.hotelacacia.it\/de\/#breadcrumb","itemListElement":[{"@type":"ListItem","position":1,"name":"Home","item":"https:\/\/www.hotelacacia.it\/de\/"},{"@type":"ListItem","position":2,"name":"Home Page"}]},{"@type":"WebSite","@id":"https:\/\/www.hotelacacia.it\/#website","url":"https:\/\/www.hotelacacia.it\/","name":"Acacia Hotel Cesenatico","description":"Hotel 3 stelle a Cesenatico","publisher":{"@id":"https:\/\/www.hotelacacia.it\/#organization"},"potentialAction":[{"@type":"SearchAction","target":{"@type":"EntryPoint","urlTemplate":"https:\/\/www.hotelacacia.it\/?s={search_term_string}"},"query-input":{"@type":"PropertyValueSpecification","valueRequired":true,"valueName":"search_term_string"}}],"inLanguage":"de"},{"@type":"Organization","@id":"https:\/\/www.hotelacacia.it\/#organization","name":"Hotel Acacia Cesenatico","url":"https:\/\/www.hotelacacia.it\/","logo":{"@type":"ImageObject","inLanguage":"de","@id":"https:\/\/www.hotelacacia.it\/#\/schema\/logo\/image\/","url":"https:\/\/www.hotelacacia.it\/acacia\/wp-content\/uploads\/2015\/11\/logo-hotel-acacia-quadrato.png","contentUrl":"https:\/\/www.hotelacacia.it\/acacia\/wp-content\/uploads\/2015\/11\/logo-hotel-acacia-quadrato.png","width":230,"height":230,"caption":"Hotel Acacia Cesenatico"},"image":{"@id":"https:\/\/www.hotelacacia.it\/#\/schema\/logo\/image\/"}}]}},"publishpress_future_action":{"enabled":false,"date":"2026-05-22 12:52:45","action":"change-status","newStatus":"draft","terms":[],"taxonomy":"translation_priority","extraData":[]},"publishpress_future_workflow_manual_trigger":{"enabledWorkflows":[]},"_links":{"self":[{"href":"https:\/\/www.hotelacacia.it\/de\/wp-json\/wp\/v2\/pages\/90","targetHints":{"allow":["GET"]}}],"collection":[{"href":"https:\/\/www.hotelacacia.it\/de\/wp-json\/wp\/v2\/pages"}],"about":[{"href":"https:\/\/www.hotelacacia.it\/de\/wp-json\/wp\/v2\/types\/page"}],"author":[{"embeddable":true,"href":"https:\/\/www.hotelacacia.it\/de\/wp-json\/wp\/v2\/users\/1"}],"replies":[{"embeddable":true,"href":"https:\/\/www.hotelacacia.it\/de\/wp-json\/wp\/v2\/comments?post=90"}],"version-history":[{"count":28,"href":"https:\/\/www.hotelacacia.it\/de\/wp-json\/wp\/v2\/pages\/90\/revisions"}],"predecessor-version":[{"id":4101,"href":"https:\/\/www.hotelacacia.it\/de\/wp-json\/wp\/v2\/pages\/90\/revisions\/4101"}],"wp:attachment":[{"href":"https:\/\/www.hotelacacia.it\/de\/wp-json\/wp\/v2\/media?parent=90"}],"curies":[{"name":"wp","href":"https:\/\/api.w.org\/{rel}","templated":true}]}}