{"id":758,"date":"2015-11-30T18:07:07","date_gmt":"2015-11-30T17:07:07","guid":{"rendered":"http:\/\/www.cristianbuda.com\/acacia\/de\/?page_id=758"},"modified":"2015-12-14T15:57:09","modified_gmt":"2015-12-14T14:57:09","slug":"die-themenparks-der-riviera-romagnola","status":"publish","type":"page","link":"https:\/\/www.hotelacacia.it\/de\/die-themenparks-der-riviera-romagnola\/","title":{"rendered":"Die Themenparks der Riviera Romagnola"},"content":{"rendered":"<div class=\"wpb-content-wrapper\"><p>[vc_row][vc_column][vc_column_text]Die Vergn\u00fcgungsparks der Riviera Romagnola geh\u00f6ren zu den ber\u00fchmtesten Parks in Italien, sodass man unser Gebiet sogar &#8222;Riviera der Parks&#8220; nennt. Vom Themenpark zum Wasserpark, unsere Vergn\u00fcgungsparks bieten Attraktionen f\u00fcr jedes Alter<span style=\"line-height: 1.5;\">.<\/span><\/p>\n<p>Hier eine Auswahl der sch\u00f6nsten Parks der Riviera:[\/vc_column_text][\/vc_column][\/vc_row][vc_row][vc_column width=&#8220;1\/2&#8243;][vc_column_text]<\/p>\n<h4>MIRABILANDIA &#8211; Ravenna<\/h4>\n<p>[\/vc_column_text][vc_single_image image=&#8220;420&#8243; img_size=&#8220;450&#215;180&#8243; css=&#8220;.vc_custom_1448273706960{margin-bottom: 0px !important;}&#8220;][vc_row_inner][vc_column_inner width=&#8220;1\/2&#8243;][vc_message message_box_color=&#8220;orange&#8220; icon_type=&#8220;entypo&#8220; icon_entypo=&#8220;entypo-icon entypo-icon-location&#8220;]25 km. vom\u00a0Hotel[\/vc_message][\/vc_column_inner][vc_column_inner width=&#8220;1\/2&#8243;][vc_message message_box_color=&#8220;orange&#8220; icon_type=&#8220;entypo&#8220; icon_entypo=&#8220;entypo-icon entypo-icon-clock&#8220;]30 Autominuten[\/vc_message][\/vc_column_inner][\/vc_row_inner][vc_column_text]Der gr\u00f6\u00dfte, von Gr\u00fcnbereichen umringte Vergn\u00fcgungspark der Romagna z\u00e4hlt 40 Attraktionen und bietet unz\u00e4hlige Vorstellungen und Shows.<br \/>\nDer Park ist f\u00fcr Gro\u00dfe und Kleine geeignet. Eigens f\u00fcr die Kinder ist Bimbopoli gedacht, einer der magischsten Bereiche des Parks. F\u00fcr alle Liebhaber von Wasserspielen ist Mirabilandia Beach, der Aquapark im Themenresort Mirabilandia mit den Rutschen, Pools und dem \u201eStrand\u201d mit dem Sand aus der Karibik einen Besuch wert.[\/vc_column_text][vc_separator style=&#8220;dashed&#8220; el_width=&#8220;90&#8243;][vc_column_text]<\/p>\n<h4>ATLANTICA &#8211; Cesenatico<\/h4>\n<p>[\/vc_column_text][vc_single_image image=&#8220;421&#8243; img_size=&#8220;450&#215;180&#8243; css=&#8220;.vc_custom_1448273782242{margin-bottom: 0px !important;}&#8220;][vc_row_inner][vc_column_inner width=&#8220;1\/2&#8243;][vc_message message_box_color=&#8220;orange&#8220; icon_type=&#8220;entypo&#8220; icon_entypo=&#8220;entypo-icon entypo-icon-location&#8220;]6\u00a0km. vom\u00a0Hotel[\/vc_message][\/vc_column_inner][vc_column_inner width=&#8220;1\/2&#8243;][vc_message message_box_color=&#8220;orange&#8220; icon_type=&#8220;entypo&#8220; icon_entypo=&#8220;entypo-icon entypo-icon-clock&#8220;]10 Autominuten[\/vc_message][\/vc_column_inner][\/vc_row_inner][vc_column_text]Das Symbol des Wasserparks ist der gigantische Wal im Ma\u00dfstab 1:1. Ein Park, in dem sich Kinder auf fantastischen, farbenfrohen Schlauchbooten austoben k\u00f6nnen.[\/vc_column_text][vc_separator style=&#8220;dashed&#8220; el_width=&#8220;90&#8243;][vc_column_text]<\/p>\n<h4>CASA DELLE FARFALLE &#8211;\u00a0Milano Marittima<br \/>\n(Schmetterlingshaus)<\/h4>\n<p>[\/vc_column_text][vc_single_image image=&#8220;609&#8243; img_size=&#8220;450&#215;180&#8243; css=&#8220;.vc_custom_1448275383767{margin-bottom: 0px !important;}&#8220;][vc_row_inner][vc_column_inner width=&#8220;1\/2&#8243;][vc_message message_box_color=&#8220;orange&#8220; icon_type=&#8220;entypo&#8220; icon_entypo=&#8220;entypo-icon entypo-icon-location&#8220;]19\u00a0km. vom Hotel[\/vc_message][\/vc_column_inner][vc_column_inner width=&#8220;1\/2&#8243;][vc_message message_box_color=&#8220;orange&#8220; icon_type=&#8220;entypo&#8220; icon_entypo=&#8220;entypo-icon entypo-icon-clock&#8220;]25 Autominuten[\/vc_message][\/vc_column_inner][\/vc_row_inner][vc_column_text]Die Hauptattraktion dieses Bildungsparks ist ein Glashaus mit einer Gr\u00f6\u00dfe von \u00fcber 500 m2, wo hunderte tropische Schmetterlinge mit spektakul\u00e4ren Farben frei fliegen. Ein einzigartiges Ambiente wo die Schmetterlinge geboren werden, leben und frei fliegen, sich auf Blumen niederlassen und vor allem von den Aromen und den Farben der Besucher angezogen werden. Neben dem Glashaus befindet sich das Haus der Insekten, wo man lebende Grillen, Gottesanbeterinnen, Stabinsekten, Bienen, K\u00e4fer und andere ungew\u00f6hnliche Insekten beobachten kann.[\/vc_column_text][vc_separator style=&#8220;dashed&#8220; el_width=&#8220;90&#8243;][\/vc_column][vc_column width=&#8220;1\/2&#8243;][vc_column_text]<\/p>\n<h4>ITALIA IN MINIATURA &#8211; Rimini<br \/>\n(Italien in Miniatur Park)<\/h4>\n<p>[\/vc_column_text][vc_single_image image=&#8220;419&#8243; img_size=&#8220;450&#215;180&#8243; css=&#8220;.vc_custom_1448273961259{margin-bottom: 0px !important;}&#8220;][vc_row_inner][vc_column_inner width=&#8220;1\/2&#8243;][vc_message message_box_color=&#8220;orange&#8220; icon_type=&#8220;entypo&#8220; icon_entypo=&#8220;entypo-icon entypo-icon-location&#8220;]13 km. vom\u00a0Hotel[\/vc_message][\/vc_column_inner][vc_column_inner width=&#8220;1\/2&#8243;][vc_message message_box_color=&#8220;orange&#8220; icon_type=&#8220;entypo&#8220; icon_entypo=&#8220;entypo-icon entypo-icon-clock&#8220;]15 Autominuten[\/vc_message][\/vc_column_inner][\/vc_row_inner][vc_column_text]Ein spektakul\u00e4rer Themenpark, in dem das italienische Kulturgut als Miniaturen nachgebildet ist.Hier kann man 270 Nachbildungen der Sehensw\u00fcrdigkeiten Italiens besichtigen, ein Ort, an dem man mit Spa\u00df und Vergn\u00fcgen die Sch\u00f6nheiten unseres Landes kennenlernen kann.[\/vc_column_text][vc_separator style=&#8220;dashed&#8220; el_width=&#8220;90&#8243;][vc_column_text]<\/p>\n<h4>PARCO DELLE SALINE\u00a0&#8211;\u00a0Cervia<br \/>\n(Salinenpark)<\/h4>\n<p>[\/vc_column_text][vc_single_image image=&#8220;611&#8243; img_size=&#8220;450&#215;180&#8243; css=&#8220;.vc_custom_1448275514473{margin-bottom: 0px !important;}&#8220;][vc_row_inner][vc_column_inner width=&#8220;1\/2&#8243;][vc_message message_box_color=&#8220;orange&#8220; icon_type=&#8220;entypo&#8220; icon_entypo=&#8220;entypo-icon entypo-icon-location&#8220;]15\u00a0km. vom\u00a0Hotel[\/vc_message][\/vc_column_inner][vc_column_inner width=&#8220;1\/2&#8243;][vc_message message_box_color=&#8220;orange&#8220; icon_type=&#8220;entypo&#8220; icon_entypo=&#8220;entypo-icon entypo-icon-clock&#8220;]15 Autominuten[\/vc_message][\/vc_column_inner][\/vc_row_inner][vc_column_text]Die Salinen von Cervia erstrecken sich auf einer Fl\u00e4che von 827 Hektar. Vom avifaunistischen und botanischen Standpunkt her ist das Gebiet der Salinen von au\u00dfergew\u00f6hnlicher Sch\u00f6nheit und gro\u00dfem Reiz: Es ist von raren Arten wie die Flamingos, Stelzeln\u00e4ufern, S\u00e4belschn\u00e4blern und anderen gesch\u00fctzten Arten besiedelt und ist f\u00fcr alle Besucher, die in Bezug auf Umweltaspekte feinf\u00fchlig sind, ein wunderbarer Bezugspunkt.[\/vc_column_text][vc_separator style=&#8220;dashed&#8220; el_width=&#8220;90&#8243;][vc_column_text]<\/p>\n<h4>FIABILANDIA &#8211; Rimini<\/h4>\n<p>[\/vc_column_text][vc_single_image image=&#8220;422&#8243; img_size=&#8220;450&#215;180&#8243; css=&#8220;.vc_custom_1448273967730{margin-bottom: 0px !important;}&#8220;][vc_row_inner][vc_column_inner width=&#8220;1\/2&#8243;][vc_message message_box_color=&#8220;orange&#8220; icon_type=&#8220;entypo&#8220; icon_entypo=&#8220;entypo-icon entypo-icon-location&#8220;]25 km. vom\u00a0Hotel[\/vc_message][\/vc_column_inner][vc_column_inner width=&#8220;1\/2&#8243;][vc_message message_box_color=&#8220;orange&#8220; icon_type=&#8220;entypo&#8220; icon_entypo=&#8220;entypo-icon entypo-icon-clock&#8220;]30 Autominuten[\/vc_message][\/vc_column_inner][\/vc_row_inner][vc_column_text]M\u00e4rchen, Ausstellungen, didaktische und lehrreiche Spiele auf 120.000 Metern. Ein magischer Ort f\u00fcr Erwachsene und Kinder.[\/vc_column_text][vc_separator style=&#8220;dashed&#8220; el_width=&#8220;90&#8243;][\/vc_column][\/vc_row][vc_row][vc_column][vc_message color=&#8220;info&#8220;]ANMERKUNG. Einige dieser Parks sind mit dem Hotel Acacia vertraglich gebunden. Wenn Sie daran interessiert sind, einen Tag mit Unterhaltung in einem der Themenparks zu verbringen, kontaktieren Sie uns bitte, um mehr \u00fcber die Vorverkaufsbedingungen und eventuelle Preisnachl\u00e4sse und Vorteile zu erfahren.[\/vc_message][\/vc_column][\/vc_row]<\/p>\n<\/div>","protected":false},"excerpt":{"rendered":"<p>[vc_row][vc_column][vc_column_text]Die Vergn\u00fcgungsparks der Riviera Romagnola geh\u00f6ren zu den ber\u00fchmtesten Parks in Italien, sodass man unser Gebiet sogar &#8222;Riviera der Parks&#8220; nennt. Vom Themenpark zum Wasserpark, unsere<span class=\"excerpt-hellip\"> [\u2026]<\/span><\/p>\n","protected":false},"author":1,"featured_media":4013,"parent":0,"menu_order":0,"comment_status":"closed","ping_status":"closed","template":"","meta":{"_acf_changed":false,"footnotes":""},"class_list":["post-758","page","type-page","status-publish","has-post-thumbnail","hentry"],"acf":[],"yoast_head":"<!-- This site is optimized with the Yoast SEO plugin v27.5 - https:\/\/yoast.com\/product\/yoast-seo-wordpress\/ -->\n<title>Die Themenparks der Riviera Romagnola - Acacia Hotel Cesenatico<\/title>\n<meta name=\"robots\" content=\"index, follow, max-snippet:-1, max-image-preview:large, max-video-preview:-1\" \/>\n<link rel=\"canonical\" href=\"https:\/\/www.hotelacacia.it\/de\/die-themenparks-der-riviera-romagnola\/\" \/>\n<meta property=\"og:locale\" content=\"de_DE\" \/>\n<meta property=\"og:type\" content=\"article\" \/>\n<meta property=\"og:title\" content=\"Die Themenparks der Riviera Romagnola - Acacia Hotel Cesenatico\" \/>\n<meta property=\"og:description\" content=\"[vc_row][vc_column][vc_column_text]Die Vergn\u00fcgungsparks der Riviera Romagnola geh\u00f6ren zu den ber\u00fchmtesten Parks in Italien, sodass man unser Gebiet sogar &#8222;Riviera der Parks&#8220; nennt. Vom Themenpark zum Wasserpark, unsere [\u2026]\" \/>\n<meta property=\"og:url\" content=\"https:\/\/www.hotelacacia.it\/de\/die-themenparks-der-riviera-romagnola\/\" \/>\n<meta property=\"og:site_name\" content=\"Acacia Hotel Cesenatico\" \/>\n<meta property=\"article:modified_time\" content=\"2015-12-14T14:57:09+00:00\" \/>\n<meta name=\"twitter:card\" content=\"summary_large_image\" \/>\n<meta name=\"twitter:label1\" content=\"Gesch\u00e4tzte Lesezeit\" \/>\n\t<meta name=\"twitter:data1\" content=\"5\u00a0Minuten\" \/>\n<script type=\"application\/ld+json\" class=\"yoast-schema-graph\">{\"@context\":\"https:\\\/\\\/schema.org\",\"@graph\":[{\"@type\":\"WebPage\",\"@id\":\"https:\\\/\\\/www.hotelacacia.it\\\/de\\\/die-themenparks-der-riviera-romagnola\\\/\",\"url\":\"https:\\\/\\\/www.hotelacacia.it\\\/de\\\/die-themenparks-der-riviera-romagnola\\\/\",\"name\":\"Die Themenparks der Riviera Romagnola - Acacia Hotel Cesenatico\",\"isPartOf\":{\"@id\":\"https:\\\/\\\/www.hotelacacia.it\\\/#website\"},\"primaryImageOfPage\":{\"@id\":\"https:\\\/\\\/www.hotelacacia.it\\\/de\\\/die-themenparks-der-riviera-romagnola\\\/#primaryimage\"},\"image\":{\"@id\":\"https:\\\/\\\/www.hotelacacia.it\\\/de\\\/die-themenparks-der-riviera-romagnola\\\/#primaryimage\"},\"thumbnailUrl\":\"https:\\\/\\\/www.hotelacacia.it\\\/wp-content\\\/uploads\\\/2023\\\/04\\\/italia-in-miniatura.jpg\",\"datePublished\":\"2015-11-30T17:07:07+00:00\",\"dateModified\":\"2015-12-14T14:57:09+00:00\",\"breadcrumb\":{\"@id\":\"https:\\\/\\\/www.hotelacacia.it\\\/de\\\/die-themenparks-der-riviera-romagnola\\\/#breadcrumb\"},\"inLanguage\":\"de\",\"potentialAction\":[{\"@type\":\"ReadAction\",\"target\":[\"https:\\\/\\\/www.hotelacacia.it\\\/de\\\/die-themenparks-der-riviera-romagnola\\\/\"]}]},{\"@type\":\"ImageObject\",\"inLanguage\":\"de\",\"@id\":\"https:\\\/\\\/www.hotelacacia.it\\\/de\\\/die-themenparks-der-riviera-romagnola\\\/#primaryimage\",\"url\":\"https:\\\/\\\/www.hotelacacia.it\\\/wp-content\\\/uploads\\\/2023\\\/04\\\/italia-in-miniatura.jpg\",\"contentUrl\":\"https:\\\/\\\/www.hotelacacia.it\\\/wp-content\\\/uploads\\\/2023\\\/04\\\/italia-in-miniatura.jpg\",\"width\":1440,\"height\":960},{\"@type\":\"BreadcrumbList\",\"@id\":\"https:\\\/\\\/www.hotelacacia.it\\\/de\\\/die-themenparks-der-riviera-romagnola\\\/#breadcrumb\",\"itemListElement\":[{\"@type\":\"ListItem\",\"position\":1,\"name\":\"Home\",\"item\":\"https:\\\/\\\/www.hotelacacia.it\\\/de\\\/\"},{\"@type\":\"ListItem\",\"position\":2,\"name\":\"Die Themenparks der Riviera Romagnola\"}]},{\"@type\":\"WebSite\",\"@id\":\"https:\\\/\\\/www.hotelacacia.it\\\/#website\",\"url\":\"https:\\\/\\\/www.hotelacacia.it\\\/\",\"name\":\"Acacia Hotel Cesenatico\",\"description\":\"Hotel 3 stelle a Cesenatico\",\"publisher\":{\"@id\":\"https:\\\/\\\/www.hotelacacia.it\\\/#organization\"},\"potentialAction\":[{\"@type\":\"SearchAction\",\"target\":{\"@type\":\"EntryPoint\",\"urlTemplate\":\"https:\\\/\\\/www.hotelacacia.it\\\/?s={search_term_string}\"},\"query-input\":{\"@type\":\"PropertyValueSpecification\",\"valueRequired\":true,\"valueName\":\"search_term_string\"}}],\"inLanguage\":\"de\"},{\"@type\":\"Organization\",\"@id\":\"https:\\\/\\\/www.hotelacacia.it\\\/#organization\",\"name\":\"Hotel Acacia Cesenatico\",\"url\":\"https:\\\/\\\/www.hotelacacia.it\\\/\",\"logo\":{\"@type\":\"ImageObject\",\"inLanguage\":\"de\",\"@id\":\"https:\\\/\\\/www.hotelacacia.it\\\/#\\\/schema\\\/logo\\\/image\\\/\",\"url\":\"https:\\\/\\\/www.hotelacacia.it\\\/acacia\\\/wp-content\\\/uploads\\\/2015\\\/11\\\/logo-hotel-acacia-quadrato.png\",\"contentUrl\":\"https:\\\/\\\/www.hotelacacia.it\\\/acacia\\\/wp-content\\\/uploads\\\/2015\\\/11\\\/logo-hotel-acacia-quadrato.png\",\"width\":230,\"height\":230,\"caption\":\"Hotel Acacia Cesenatico\"},\"image\":{\"@id\":\"https:\\\/\\\/www.hotelacacia.it\\\/#\\\/schema\\\/logo\\\/image\\\/\"}}]}<\/script>\n<!-- \/ Yoast SEO plugin. -->","yoast_head_json":{"title":"Die Themenparks der Riviera Romagnola - Acacia Hotel Cesenatico","robots":{"index":"index","follow":"follow","max-snippet":"max-snippet:-1","max-image-preview":"max-image-preview:large","max-video-preview":"max-video-preview:-1"},"canonical":"https:\/\/www.hotelacacia.it\/de\/die-themenparks-der-riviera-romagnola\/","og_locale":"de_DE","og_type":"article","og_title":"Die Themenparks der Riviera Romagnola - Acacia Hotel Cesenatico","og_description":"[vc_row][vc_column][vc_column_text]Die Vergn\u00fcgungsparks der Riviera Romagnola geh\u00f6ren zu den ber\u00fchmtesten Parks in Italien, sodass man unser Gebiet sogar &#8222;Riviera der Parks&#8220; nennt. Vom Themenpark zum Wasserpark, unsere [\u2026]","og_url":"https:\/\/www.hotelacacia.it\/de\/die-themenparks-der-riviera-romagnola\/","og_site_name":"Acacia Hotel Cesenatico","article_modified_time":"2015-12-14T14:57:09+00:00","twitter_card":"summary_large_image","twitter_misc":{"Gesch\u00e4tzte Lesezeit":"5\u00a0Minuten"},"schema":{"@context":"https:\/\/schema.org","@graph":[{"@type":"WebPage","@id":"https:\/\/www.hotelacacia.it\/de\/die-themenparks-der-riviera-romagnola\/","url":"https:\/\/www.hotelacacia.it\/de\/die-themenparks-der-riviera-romagnola\/","name":"Die Themenparks der Riviera Romagnola - Acacia Hotel Cesenatico","isPartOf":{"@id":"https:\/\/www.hotelacacia.it\/#website"},"primaryImageOfPage":{"@id":"https:\/\/www.hotelacacia.it\/de\/die-themenparks-der-riviera-romagnola\/#primaryimage"},"image":{"@id":"https:\/\/www.hotelacacia.it\/de\/die-themenparks-der-riviera-romagnola\/#primaryimage"},"thumbnailUrl":"https:\/\/www.hotelacacia.it\/wp-content\/uploads\/2023\/04\/italia-in-miniatura.jpg","datePublished":"2015-11-30T17:07:07+00:00","dateModified":"2015-12-14T14:57:09+00:00","breadcrumb":{"@id":"https:\/\/www.hotelacacia.it\/de\/die-themenparks-der-riviera-romagnola\/#breadcrumb"},"inLanguage":"de","potentialAction":[{"@type":"ReadAction","target":["https:\/\/www.hotelacacia.it\/de\/die-themenparks-der-riviera-romagnola\/"]}]},{"@type":"ImageObject","inLanguage":"de","@id":"https:\/\/www.hotelacacia.it\/de\/die-themenparks-der-riviera-romagnola\/#primaryimage","url":"https:\/\/www.hotelacacia.it\/wp-content\/uploads\/2023\/04\/italia-in-miniatura.jpg","contentUrl":"https:\/\/www.hotelacacia.it\/wp-content\/uploads\/2023\/04\/italia-in-miniatura.jpg","width":1440,"height":960},{"@type":"BreadcrumbList","@id":"https:\/\/www.hotelacacia.it\/de\/die-themenparks-der-riviera-romagnola\/#breadcrumb","itemListElement":[{"@type":"ListItem","position":1,"name":"Home","item":"https:\/\/www.hotelacacia.it\/de\/"},{"@type":"ListItem","position":2,"name":"Die Themenparks der Riviera Romagnola"}]},{"@type":"WebSite","@id":"https:\/\/www.hotelacacia.it\/#website","url":"https:\/\/www.hotelacacia.it\/","name":"Acacia Hotel Cesenatico","description":"Hotel 3 stelle a Cesenatico","publisher":{"@id":"https:\/\/www.hotelacacia.it\/#organization"},"potentialAction":[{"@type":"SearchAction","target":{"@type":"EntryPoint","urlTemplate":"https:\/\/www.hotelacacia.it\/?s={search_term_string}"},"query-input":{"@type":"PropertyValueSpecification","valueRequired":true,"valueName":"search_term_string"}}],"inLanguage":"de"},{"@type":"Organization","@id":"https:\/\/www.hotelacacia.it\/#organization","name":"Hotel Acacia Cesenatico","url":"https:\/\/www.hotelacacia.it\/","logo":{"@type":"ImageObject","inLanguage":"de","@id":"https:\/\/www.hotelacacia.it\/#\/schema\/logo\/image\/","url":"https:\/\/www.hotelacacia.it\/acacia\/wp-content\/uploads\/2015\/11\/logo-hotel-acacia-quadrato.png","contentUrl":"https:\/\/www.hotelacacia.it\/acacia\/wp-content\/uploads\/2015\/11\/logo-hotel-acacia-quadrato.png","width":230,"height":230,"caption":"Hotel Acacia Cesenatico"},"image":{"@id":"https:\/\/www.hotelacacia.it\/#\/schema\/logo\/image\/"}}]}},"publishpress_future_action":{"enabled":false,"date":"2026-05-22 12:53:04","action":"change-status","newStatus":"draft","terms":[],"taxonomy":"translation_priority","extraData":[]},"publishpress_future_workflow_manual_trigger":{"enabledWorkflows":[]},"_links":{"self":[{"href":"https:\/\/www.hotelacacia.it\/de\/wp-json\/wp\/v2\/pages\/758","targetHints":{"allow":["GET"]}}],"collection":[{"href":"https:\/\/www.hotelacacia.it\/de\/wp-json\/wp\/v2\/pages"}],"about":[{"href":"https:\/\/www.hotelacacia.it\/de\/wp-json\/wp\/v2\/types\/page"}],"author":[{"embeddable":true,"href":"https:\/\/www.hotelacacia.it\/de\/wp-json\/wp\/v2\/users\/1"}],"replies":[{"embeddable":true,"href":"https:\/\/www.hotelacacia.it\/de\/wp-json\/wp\/v2\/comments?post=758"}],"version-history":[{"count":4,"href":"https:\/\/www.hotelacacia.it\/de\/wp-json\/wp\/v2\/pages\/758\/revisions"}],"predecessor-version":[{"id":1077,"href":"https:\/\/www.hotelacacia.it\/de\/wp-json\/wp\/v2\/pages\/758\/revisions\/1077"}],"wp:featuredmedia":[{"embeddable":true,"href":"https:\/\/www.hotelacacia.it\/de\/wp-json\/wp\/v2\/media\/4013"}],"wp:attachment":[{"href":"https:\/\/www.hotelacacia.it\/de\/wp-json\/wp\/v2\/media?parent=758"}],"curies":[{"name":"wp","href":"https:\/\/api.w.org\/{rel}","templated":true}]}}