{"id":752,"date":"2015-11-16T16:53:39","date_gmt":"2015-11-16T15:53:39","guid":{"rendered":"http:\/\/www.cristianbuda.com\/acacia\/de\/?page_id=752"},"modified":"2024-11-27T15:36:59","modified_gmt":"2024-11-27T14:36:59","slug":"kinder-familien","status":"publish","type":"page","link":"https:\/\/www.hotelacacia.it\/de\/kinder-familien\/","title":{"rendered":"Familienleistungen: Urlaub mit Kindern"},"content":{"rendered":"<div class=\"wpb-content-wrapper\"><p>[vc_section full_width=&#8220;stretch_row&#8220; content_placement=&#8220;middle&#8220; css=&#8220;.vc_custom_1678292416662{border-bottom-width: 20px !important;padding-top: 30px !important;padding-bottom: 30px !important;background-position: center !important;background-repeat: no-repeat !important;background-size: cover !important;border-bottom-color: #ffffff !important;border-bottom-style: solid !important;}&#8220;][vc_row][vc_column][vc_column_text css=&#8220;.vc_custom_1681601917381{margin-bottom: 35px !important;}&#8220;]<\/p>\n<h2 style=\"text-align: center;\">Animationen<\/h2>\n<p>[\/vc_column_text][\/vc_column][\/vc_row][vc_row gap=&#8220;30&#8243; equal_height=&#8220;yes&#8220;][vc_column width=&#8220;1\/2&#8243; el_class=&#8220;highlight-box&#8220;][vc_column_text]<\/p>\n<h3>F\u00fcr die Kleinen:<\/h3>\n<p>[\/vc_column_text][vc_column_text]<strong>Unsere Animateurin k\u00fcmmert sich mit einem reichhaltigen Programm von 14:00 bis 22:00 Uhr um die Kleinsten:<\/strong> Gruppenspiele, Malen, Zeichnen, Basteln und noch viele andere Aktivit\u00e4ten f\u00fcllen die Nachmittage der Kinder aus und am Abend hingegen\u2026 Tanz mit dem Baby Dance![\/vc_column_text][\/vc_column][vc_column width=&#8220;1\/2&#8243; el_class=&#8220;highlight-box&#8220;][vc_column_text]<\/p>\n<h3>F\u00fcr die ganze Familie:<\/h3>\n<p>[\/vc_column_text][vc_column_text]<strong>Die Unterhaltung ist auch f\u00fcr die Erwachsenen garantiert<\/strong>: Kleinfeldfu\u00dfballturniere, Tischtennis, Dart und Volleyball stehen im Hotel Acacia den gesamten Sommer \u00fcber auf dem Programm.<\/p>\n<p><strong>Verpassen Sie nicht den Aperitif-Abend<\/strong>, mindestens einmal pro Woche, f\u00fcr Erwachsene und Kinder.[\/vc_column_text][\/vc_column][\/vc_row][\/vc_section][vc_section full_width=&#8220;stretch_row&#8220; content_placement=&#8220;middle&#8220; css=&#8220;.vc_custom_1716538476938{border-bottom-width: 20px !important;background-image: url(https:\/\/www.hotelacacia.it\/wp-content\/uploads\/2024\/05\/IMG_5655.jpg?id=4384) !important;background-position: center !important;background-repeat: no-repeat !important;background-size: cover !important;border-bottom-color: #ffffff !important;border-bottom-style: solid !important;}&#8220; el_class=&#8220;fixedbg photorow&#8220;][vc_row][vc_column][vc_column_text css=&#8220;.vc_custom_1681601778213{margin-bottom: 35px !important;}&#8220; el_class=&#8220;main_title&#8220;]<\/p>\n<h2 style=\"text-align: center;\">Verf\u00fcgbar f\u00fcr Familien<\/h2>\n<p>[\/vc_column_text][\/vc_column][\/vc_row][vc_row gap=&#8220;30&#8243; equal_height=&#8220;yes&#8220;][vc_column width=&#8220;1\/3&#8243; el_class=&#8220;highlight-box&#8220;][vc_column_text]<\/p>\n<h3>Im Restaurant:<\/h3>\n<p>[\/vc_column_text][vc_column_text]<\/p>\n<ul class=\"list_check\">\n<li>Variationen des Men\u00fcs, f\u00fcr Kinder<\/li>\n<li>flexible \u00d6ffnungszeiten<\/li>\n<li>Hohe St\u00fchle<\/li>\n<\/ul>\n<p>[\/vc_column_text][\/vc_column][vc_column width=&#8220;1\/3&#8243; el_class=&#8220;highlight-box&#8220;][vc_column_text]<\/p>\n<h3>Im Zimmer:<\/h3>\n<p>[\/vc_column_text][vc_column_text]<\/p>\n<ul class=\"list_check\">\n<li>Gitterbett<\/li>\n<li>Schutzgitter f\u00fcr das Bett<\/li>\n<li>Nachtlicht<\/li>\n<li>Fl\u00e4schchenw\u00e4rmer<\/li>\n<\/ul>\n<p>[\/vc_column_text][\/vc_column][vc_column width=&#8220;1\/3&#8243; el_class=&#8220;highlight-box&#8220;][vc_column_text]<\/p>\n<h3>Zum Spass:<\/h3>\n<p>[\/vc_column_text][vc_column_text]<\/p>\n<ul class=\"list_check\">\n<li>Indoor-Spielbereich<\/li>\n<li>Kinderbereich im Poolbereich<\/li>\n<li>Fahrr\u00e4der mit Kindersitzen zur kostenlosen Nutzung<\/li>\n<\/ul>\n<p>[\/vc_column_text][\/vc_column][\/vc_row][\/vc_section][vc_section el_id=&#8220;offerte&#8220;][vc_row][vc_column][vc_column_text]<\/p>\n<h3 style=\"text-align: center;\">Urlaubsangebote f\u00fcr Familien in Cesenatico<\/h3>\n<p>[\/vc_column_text][vc_basic_grid post_type=&#8220;custom&#8220; element_width=&#8220;3&#8243; gap=&#8220;5&#8243; item=&#8220;250&#8243; grid_id=&#8220;vc_gid:1732718141902-5d547ce1-e7a9-6&#8243; custom_query=&#8220;cat=7&amp;tag_id=10&amp;post_status=publish&#8220;][\/vc_column][\/vc_row][\/vc_section]<\/p>\n<\/div>","protected":false},"excerpt":{"rendered":"<p>[vc_section full_width=&#8220;stretch_row&#8220; content_placement=&#8220;middle&#8220; css=&#8220;.vc_custom_1678292416662{border-bottom-width: 20px !important;padding-top: 30px !important;padding-bottom: 30px !important;background-position: center !important;background-repeat: no-repeat !important;background-size: cover !important;border-bottom-color: #ffffff !important;border-bottom-style: solid !important;}&#8220;][vc_row][vc_column][vc_column_text css=&#8220;.vc_custom_1681601917381{margin-bottom: 35px !important;}&#8220;] Animationen [\/vc_column_text][\/vc_column][\/vc_row][vc_row gap=&#8220;30&#8243;<span class=\"excerpt-hellip\"> [\u2026]<\/span><\/p>\n","protected":false},"author":1,"featured_media":3540,"parent":0,"menu_order":0,"comment_status":"closed","ping_status":"closed","template":"","meta":{"_acf_changed":false,"footnotes":""},"class_list":["post-752","page","type-page","status-publish","has-post-thumbnail","hentry"],"acf":[],"yoast_head":"<!-- This site is optimized with the Yoast SEO plugin v27.5 - https:\/\/yoast.com\/product\/yoast-seo-wordpress\/ -->\n<title>Hotel Acacia f\u00fcr Kinder und Familien in Cesenatico<\/title>\n<meta name=\"description\" content=\"F\u00fcr Familien, die auf der Suche nach speziellen Dienstleistungen f\u00fcr Kinder sind, ist das Hotel Acacia das ideale Family Hotel\" \/>\n<meta name=\"robots\" content=\"index, follow, max-snippet:-1, max-image-preview:large, max-video-preview:-1\" \/>\n<link rel=\"canonical\" href=\"https:\/\/www.hotelacacia.it\/de\/kinder-familien\/\" \/>\n<meta property=\"og:locale\" content=\"de_DE\" \/>\n<meta property=\"og:type\" content=\"article\" \/>\n<meta property=\"og:title\" content=\"Hotel Acacia f\u00fcr Kinder und Familien in Cesenatico\" \/>\n<meta property=\"og:description\" content=\"F\u00fcr Familien, die auf der Suche nach speziellen Dienstleistungen f\u00fcr Kinder sind, ist das Hotel Acacia das ideale Family Hotel\" \/>\n<meta property=\"og:url\" content=\"https:\/\/www.hotelacacia.it\/de\/kinder-familien\/\" \/>\n<meta property=\"og:site_name\" content=\"Acacia Hotel Cesenatico\" \/>\n<meta property=\"article:modified_time\" content=\"2024-11-27T14:36:59+00:00\" \/>\n<meta property=\"og:image\" content=\"https:\/\/www.hotelacacia.it\/wp-content\/uploads\/2023\/03\/AG1_0021_2498.jpg\" \/>\n\t<meta property=\"og:image:width\" content=\"1680\" \/>\n\t<meta property=\"og:image:height\" content=\"1121\" \/>\n\t<meta property=\"og:image:type\" content=\"image\/jpeg\" \/>\n<meta name=\"twitter:card\" content=\"summary_large_image\" \/>\n<meta name=\"twitter:label1\" content=\"Gesch\u00e4tzte Lesezeit\" \/>\n\t<meta name=\"twitter:data1\" content=\"2\u00a0Minuten\" \/>\n<script type=\"application\/ld+json\" class=\"yoast-schema-graph\">{\"@context\":\"https:\\\/\\\/schema.org\",\"@graph\":[{\"@type\":\"WebPage\",\"@id\":\"https:\\\/\\\/www.hotelacacia.it\\\/de\\\/kinder-familien\\\/\",\"url\":\"https:\\\/\\\/www.hotelacacia.it\\\/de\\\/kinder-familien\\\/\",\"name\":\"Hotel Acacia f\u00fcr Kinder und Familien in Cesenatico\",\"isPartOf\":{\"@id\":\"https:\\\/\\\/www.hotelacacia.it\\\/#website\"},\"primaryImageOfPage\":{\"@id\":\"https:\\\/\\\/www.hotelacacia.it\\\/de\\\/kinder-familien\\\/#primaryimage\"},\"image\":{\"@id\":\"https:\\\/\\\/www.hotelacacia.it\\\/de\\\/kinder-familien\\\/#primaryimage\"},\"thumbnailUrl\":\"https:\\\/\\\/www.hotelacacia.it\\\/wp-content\\\/uploads\\\/2023\\\/03\\\/AG1_0021_2498.jpg\",\"datePublished\":\"2015-11-16T15:53:39+00:00\",\"dateModified\":\"2024-11-27T14:36:59+00:00\",\"description\":\"F\u00fcr Familien, die auf der Suche nach speziellen Dienstleistungen f\u00fcr Kinder sind, ist das Hotel Acacia das ideale Family Hotel\",\"breadcrumb\":{\"@id\":\"https:\\\/\\\/www.hotelacacia.it\\\/de\\\/kinder-familien\\\/#breadcrumb\"},\"inLanguage\":\"de\",\"potentialAction\":[{\"@type\":\"ReadAction\",\"target\":[\"https:\\\/\\\/www.hotelacacia.it\\\/de\\\/kinder-familien\\\/\"]}]},{\"@type\":\"ImageObject\",\"inLanguage\":\"de\",\"@id\":\"https:\\\/\\\/www.hotelacacia.it\\\/de\\\/kinder-familien\\\/#primaryimage\",\"url\":\"https:\\\/\\\/www.hotelacacia.it\\\/wp-content\\\/uploads\\\/2023\\\/03\\\/AG1_0021_2498.jpg\",\"contentUrl\":\"https:\\\/\\\/www.hotelacacia.it\\\/wp-content\\\/uploads\\\/2023\\\/03\\\/AG1_0021_2498.jpg\",\"width\":1680,\"height\":1121},{\"@type\":\"BreadcrumbList\",\"@id\":\"https:\\\/\\\/www.hotelacacia.it\\\/de\\\/kinder-familien\\\/#breadcrumb\",\"itemListElement\":[{\"@type\":\"ListItem\",\"position\":1,\"name\":\"Home\",\"item\":\"https:\\\/\\\/www.hotelacacia.it\\\/de\\\/\"},{\"@type\":\"ListItem\",\"position\":2,\"name\":\"Familienleistungen: Urlaub mit Kindern\"}]},{\"@type\":\"WebSite\",\"@id\":\"https:\\\/\\\/www.hotelacacia.it\\\/#website\",\"url\":\"https:\\\/\\\/www.hotelacacia.it\\\/\",\"name\":\"Acacia Hotel Cesenatico\",\"description\":\"Hotel 3 stelle a Cesenatico\",\"publisher\":{\"@id\":\"https:\\\/\\\/www.hotelacacia.it\\\/#organization\"},\"potentialAction\":[{\"@type\":\"SearchAction\",\"target\":{\"@type\":\"EntryPoint\",\"urlTemplate\":\"https:\\\/\\\/www.hotelacacia.it\\\/?s={search_term_string}\"},\"query-input\":{\"@type\":\"PropertyValueSpecification\",\"valueRequired\":true,\"valueName\":\"search_term_string\"}}],\"inLanguage\":\"de\"},{\"@type\":\"Organization\",\"@id\":\"https:\\\/\\\/www.hotelacacia.it\\\/#organization\",\"name\":\"Hotel Acacia Cesenatico\",\"url\":\"https:\\\/\\\/www.hotelacacia.it\\\/\",\"logo\":{\"@type\":\"ImageObject\",\"inLanguage\":\"de\",\"@id\":\"https:\\\/\\\/www.hotelacacia.it\\\/#\\\/schema\\\/logo\\\/image\\\/\",\"url\":\"https:\\\/\\\/www.hotelacacia.it\\\/acacia\\\/wp-content\\\/uploads\\\/2015\\\/11\\\/logo-hotel-acacia-quadrato.png\",\"contentUrl\":\"https:\\\/\\\/www.hotelacacia.it\\\/acacia\\\/wp-content\\\/uploads\\\/2015\\\/11\\\/logo-hotel-acacia-quadrato.png\",\"width\":230,\"height\":230,\"caption\":\"Hotel Acacia Cesenatico\"},\"image\":{\"@id\":\"https:\\\/\\\/www.hotelacacia.it\\\/#\\\/schema\\\/logo\\\/image\\\/\"}}]}<\/script>\n<!-- \/ Yoast SEO plugin. -->","yoast_head_json":{"title":"Hotel Acacia f\u00fcr Kinder und Familien in Cesenatico","description":"F\u00fcr Familien, die auf der Suche nach speziellen Dienstleistungen f\u00fcr Kinder sind, ist das Hotel Acacia das ideale Family Hotel","robots":{"index":"index","follow":"follow","max-snippet":"max-snippet:-1","max-image-preview":"max-image-preview:large","max-video-preview":"max-video-preview:-1"},"canonical":"https:\/\/www.hotelacacia.it\/de\/kinder-familien\/","og_locale":"de_DE","og_type":"article","og_title":"Hotel Acacia f\u00fcr Kinder und Familien in Cesenatico","og_description":"F\u00fcr Familien, die auf der Suche nach speziellen Dienstleistungen f\u00fcr Kinder sind, ist das Hotel Acacia das ideale Family Hotel","og_url":"https:\/\/www.hotelacacia.it\/de\/kinder-familien\/","og_site_name":"Acacia Hotel Cesenatico","article_modified_time":"2024-11-27T14:36:59+00:00","og_image":[{"width":1680,"height":1121,"url":"https:\/\/www.hotelacacia.it\/wp-content\/uploads\/2023\/03\/AG1_0021_2498.jpg","type":"image\/jpeg"}],"twitter_card":"summary_large_image","twitter_misc":{"Gesch\u00e4tzte Lesezeit":"2\u00a0Minuten"},"schema":{"@context":"https:\/\/schema.org","@graph":[{"@type":"WebPage","@id":"https:\/\/www.hotelacacia.it\/de\/kinder-familien\/","url":"https:\/\/www.hotelacacia.it\/de\/kinder-familien\/","name":"Hotel Acacia f\u00fcr Kinder und Familien in Cesenatico","isPartOf":{"@id":"https:\/\/www.hotelacacia.it\/#website"},"primaryImageOfPage":{"@id":"https:\/\/www.hotelacacia.it\/de\/kinder-familien\/#primaryimage"},"image":{"@id":"https:\/\/www.hotelacacia.it\/de\/kinder-familien\/#primaryimage"},"thumbnailUrl":"https:\/\/www.hotelacacia.it\/wp-content\/uploads\/2023\/03\/AG1_0021_2498.jpg","datePublished":"2015-11-16T15:53:39+00:00","dateModified":"2024-11-27T14:36:59+00:00","description":"F\u00fcr Familien, die auf der Suche nach speziellen Dienstleistungen f\u00fcr Kinder sind, ist das Hotel Acacia das ideale Family Hotel","breadcrumb":{"@id":"https:\/\/www.hotelacacia.it\/de\/kinder-familien\/#breadcrumb"},"inLanguage":"de","potentialAction":[{"@type":"ReadAction","target":["https:\/\/www.hotelacacia.it\/de\/kinder-familien\/"]}]},{"@type":"ImageObject","inLanguage":"de","@id":"https:\/\/www.hotelacacia.it\/de\/kinder-familien\/#primaryimage","url":"https:\/\/www.hotelacacia.it\/wp-content\/uploads\/2023\/03\/AG1_0021_2498.jpg","contentUrl":"https:\/\/www.hotelacacia.it\/wp-content\/uploads\/2023\/03\/AG1_0021_2498.jpg","width":1680,"height":1121},{"@type":"BreadcrumbList","@id":"https:\/\/www.hotelacacia.it\/de\/kinder-familien\/#breadcrumb","itemListElement":[{"@type":"ListItem","position":1,"name":"Home","item":"https:\/\/www.hotelacacia.it\/de\/"},{"@type":"ListItem","position":2,"name":"Familienleistungen: Urlaub mit Kindern"}]},{"@type":"WebSite","@id":"https:\/\/www.hotelacacia.it\/#website","url":"https:\/\/www.hotelacacia.it\/","name":"Acacia Hotel Cesenatico","description":"Hotel 3 stelle a Cesenatico","publisher":{"@id":"https:\/\/www.hotelacacia.it\/#organization"},"potentialAction":[{"@type":"SearchAction","target":{"@type":"EntryPoint","urlTemplate":"https:\/\/www.hotelacacia.it\/?s={search_term_string}"},"query-input":{"@type":"PropertyValueSpecification","valueRequired":true,"valueName":"search_term_string"}}],"inLanguage":"de"},{"@type":"Organization","@id":"https:\/\/www.hotelacacia.it\/#organization","name":"Hotel Acacia Cesenatico","url":"https:\/\/www.hotelacacia.it\/","logo":{"@type":"ImageObject","inLanguage":"de","@id":"https:\/\/www.hotelacacia.it\/#\/schema\/logo\/image\/","url":"https:\/\/www.hotelacacia.it\/acacia\/wp-content\/uploads\/2015\/11\/logo-hotel-acacia-quadrato.png","contentUrl":"https:\/\/www.hotelacacia.it\/acacia\/wp-content\/uploads\/2015\/11\/logo-hotel-acacia-quadrato.png","width":230,"height":230,"caption":"Hotel Acacia Cesenatico"},"image":{"@id":"https:\/\/www.hotelacacia.it\/#\/schema\/logo\/image\/"}}]}},"publishpress_future_action":{"enabled":false,"date":"2026-05-22 13:56:56","action":"change-status","newStatus":"draft","terms":[],"taxonomy":"translation_priority","extraData":[]},"publishpress_future_workflow_manual_trigger":{"enabledWorkflows":[]},"_links":{"self":[{"href":"https:\/\/www.hotelacacia.it\/de\/wp-json\/wp\/v2\/pages\/752","targetHints":{"allow":["GET"]}}],"collection":[{"href":"https:\/\/www.hotelacacia.it\/de\/wp-json\/wp\/v2\/pages"}],"about":[{"href":"https:\/\/www.hotelacacia.it\/de\/wp-json\/wp\/v2\/types\/page"}],"author":[{"embeddable":true,"href":"https:\/\/www.hotelacacia.it\/de\/wp-json\/wp\/v2\/users\/1"}],"replies":[{"embeddable":true,"href":"https:\/\/www.hotelacacia.it\/de\/wp-json\/wp\/v2\/comments?post=752"}],"version-history":[{"count":8,"href":"https:\/\/www.hotelacacia.it\/de\/wp-json\/wp\/v2\/pages\/752\/revisions"}],"predecessor-version":[{"id":4512,"href":"https:\/\/www.hotelacacia.it\/de\/wp-json\/wp\/v2\/pages\/752\/revisions\/4512"}],"wp:featuredmedia":[{"embeddable":true,"href":"https:\/\/www.hotelacacia.it\/de\/wp-json\/wp\/v2\/media\/3540"}],"wp:attachment":[{"href":"https:\/\/www.hotelacacia.it\/de\/wp-json\/wp\/v2\/media?parent=752"}],"curies":[{"name":"wp","href":"https:\/\/api.w.org\/{rel}","templated":true}]}}