{"id":749,"date":"2015-11-30T17:30:59","date_gmt":"2015-11-30T16:30:59","guid":{"rendered":"http:\/\/www.cristianbuda.com\/acacia\/de\/?page_id=749"},"modified":"2026-02-09T09:48:18","modified_gmt":"2026-02-09T08:48:18","slug":"preisliste","status":"publish","type":"page","link":"https:\/\/www.hotelacacia.it\/de\/preisliste\/","title":{"rendered":"All Inclusive Preisliste Hotel Acacia Cesenatico"},"content":{"rendered":"<div class=\"wpb-content-wrapper\"><p>[vc_section full_width=&#8220;stretch_row&#8220; content_placement=&#8220;middle&#8220; css=&#8220;.vc_custom_1678292416662{border-bottom-width: 20px !important;padding-top: 30px !important;padding-bottom: 30px !important;background-position: center !important;background-repeat: no-repeat !important;background-size: cover !important;border-bottom-color: #ffffff !important;border-bottom-style: solid !important;}&#8220;][vc_row gap=&#8220;30&#8243; equal_height=&#8220;yes&#8220;][vc_column width=&#8220;1\/2&#8243;][vc_column_text]<strong>T\u00e4gliche Preisliste<\/strong><br \/>\nDie Preise verstehn sich pro Tag u. Person, bei einem Mindesaufenthalt von 3 Tagen.<\/p>\n<p>\n<table id=\"tablepress-1\" class=\"tablepress tablepress-id-1\" aria-describedby=\"tablepress-1-description\">\n<thead>\n<tr class=\"row-1\">\n\t<th class=\"column-1\">2026<\/th><th class=\"column-2\">All Inclusive<\/th>\n<\/tr>\n<\/thead>\n<tbody class=\"row-striping row-hover\">\n<tr class=\"row-2\">\n\t<td class=\"column-1\">03\/04 - 22\/05 *<\/td><td class=\"column-2\">\u20ac 58 *<\/td>\n<\/tr>\n<tr class=\"row-3\">\n\t<td class=\"column-1\">23\/05 - 30\/05<\/td><td class=\"column-2\">\u20ac 62<\/td>\n<\/tr>\n<tr class=\"row-4\">\n\t<td class=\"column-1\">30\/05 - 13\/06<\/td><td class=\"column-2\">\u20ac 67<\/td>\n<\/tr>\n<tr class=\"row-5\">\n\t<td class=\"column-1\">13\/06 - 27\/06<\/td><td class=\"column-2\">\u20ac 72<\/td>\n<\/tr>\n<tr class=\"row-6\">\n\t<td class=\"column-1\">27\/06 - 04\/07<\/td><td class=\"column-2\">\u20ac 79<\/td>\n<\/tr>\n<tr class=\"row-7\">\n\t<td class=\"column-1\">04\/07 - 01\/08<\/td><td class=\"column-2\">\u20ac 83<\/td>\n<\/tr>\n<tr class=\"row-8\">\n\t<td class=\"column-1\">01\/08 - 08\/08<\/td><td class=\"column-2\">\u20ac 92<\/td>\n<\/tr>\n<tr class=\"row-9\">\n\t<td class=\"column-1\">08\/08 - 22\/08<\/td><td class=\"column-2\">\u20ac 98<\/td>\n<\/tr>\n<tr class=\"row-10\">\n\t<td class=\"column-1\">22\/08 - 29\/08<\/td><td class=\"column-2\">\u20ac 83<\/td>\n<\/tr>\n<tr class=\"row-11\">\n\t<td class=\"column-1\">29\/08 - 05\/09<\/td><td class=\"column-2\">\u20ac 74<\/td>\n<\/tr>\n<tr class=\"row-12\">\n\t<td class=\"column-1\">05\/09 - 19\/09<\/td><td class=\"column-2\">\u20ac 65<\/td>\n<\/tr>\n<\/tbody>\n<\/table>\n<span id=\"tablepress-1-description\" class=\"tablepress-table-description tablepress-table-description-id-1\"><\/span>\n<!-- #tablepress-1 from cache -->[\/vc_column_text][vc_column_text]<span style=\"font-size: 85%;\">* = Der Strand ist nicht inbegriffen<\/span>[\/vc_column_text][vc_message message_box_color=&#8220;chino&#8220;]<strong>KURTAXE<\/strong>: nicht inbegriffen. \u20ac 2 pro Person pro Tag f\u00fcr maximum 7 aufeinanderfolgende N\u00e4chte. Kinder bis 14 Jahre ausgenommen.[\/vc_message][vc_row_inner disable_element=&#8220;yes&#8220;][vc_column_inner][\/vc_column_inner][\/vc_row_inner][vc_row_inner disable_element=&#8220;yes&#8220;][vc_column_inner][vc_column_text]<strong>Settimane in promozione per un numero limitato di camere<\/strong><br \/>\nPrezzi a settimana per persona<\/p>\n<p>\n<table id=\"tablepress-3\" class=\"tablepress tablepress-id-3\" aria-describedby=\"tablepress-3-description\">\n<thead>\n<tr class=\"row-1\">\n\t<th class=\"column-1\">2020<\/th><th class=\"column-2\">All Inclusive<\/th><th class=\"column-3\">Promo Bambini*<\/th>\n<\/tr>\n<\/thead>\n<tbody class=\"row-striping row-hover\">\n<tr class=\"row-2\">\n\t<td class=\"column-1\">13.6-20.6<\/td><td class=\"column-2\"><strike style=\"font-weight:normal;\">\u20ac.455<\/strike> \u20ac.378,00<\/td><td class=\"column-3\">1 bambino<br>GRATIS fino 8 anni<\/td>\n<\/tr>\n<tr class=\"row-3\">\n\t<td class=\"column-1\">20.6-27.6<\/td><td class=\"column-2\"><strike style=\"font-weight:normal;\">\u20ac.455<\/strike> \u20ac.398,00<\/td><td class=\"column-3\">1 bambino<br>GRATIS fino 8 anni<\/td>\n<\/tr>\n<tr class=\"row-4\">\n\t<td class=\"column-1\">27.6-04.7<\/td><td class=\"column-2\"><strike style=\"font-weight:normal;\">\u20ac.476<\/strike> \u20ac.448,00<\/td><td class=\"column-3\">1 bambino<br>GRATIS fino 5 anni<\/td>\n<\/tr>\n<tr class=\"row-5\">\n\t<td class=\"column-1\">04.7-01.8<\/td><td class=\"column-2\"><strike style=\"font-weight:normal;\">\u20ac.476<\/strike> \u20ac.460,00<\/td><td class=\"column-3\"><\/td>\n<\/tr>\n<tr class=\"row-6\">\n\t<td class=\"column-1\">01.8-08.8<\/td><td class=\"column-2\"><strike style=\"font-weight:normal;\">\u20ac.553<\/strike> \u20ac.490,00<\/td><td class=\"column-3\"><\/td>\n<\/tr>\n<\/tbody>\n<\/table>\n<span id=\"tablepress-3-description\" class=\"tablepress-table-description tablepress-table-description-id-3\">* Promo Bambini valide per bambini in camera con 2 adulti<\/span>\n[\/vc_column_text][\/vc_column_inner][\/vc_row_inner][\/vc_column][vc_column width=&#8220;1\/2&#8243;][vc_message message_box_color=&#8220;green&#8220; icon_fontawesome=&#8220;fas fa-bell&#8220;]<\/p>\n<h5 style=\"text-align: center;\">ANGEBOTE SOMMERFERIEN<br \/>\n(vom 13.06 bis 08.08.2026)<\/h5>\n<p style=\"text-align: center;\"><strong>Reservierungen innerhalb den 28.02.2026:<br \/>\n10% Ermaessigung<br \/>\n<\/strong><\/p>\n<p style=\"text-align: center;\">(min. 7 Tag)<\/p>\n<p>[\/vc_message][vc_column_text]<strong>Unterkunftsbedingungen<\/strong><\/p>\n<p>Die Preise verstehn sich pro Tag (oder Woche) u. Person, bei einem Mindesaufenthalt von 3 Tagen im Dopplezimmer mit Vollpension. Die Zimmer stehen den Gasten ab 12,00\/14,00 Uhr bei der Anreise und bis 10,00 Uhr bei der Abreise zur Verf\u00fcgung.<\/p>\n<p><strong>Im Preis inbegriffen:<\/strong><\/p>\n<ul>\n<li>Fr\u00fchst\u00fccksbuffet<\/li>\n<li>Mittag- und Abendessen mit 3 Vorspeisen zur Auswahl und 3\/2 Fleisch und Fisch<\/li>\n<li>Getr\u00e4nke (Wasser, Wein, Softdrinks)<\/li>\n<li>Salatbuffet und Vorspeisen<\/li>\n<li>Sonnenschirm und 2 Strandbetten f\u00fcr jedes Zimmer<\/li>\n<li>Klimaanlage im Zimmer<\/li>\n<li>Wifi<\/li>\n<\/ul>\n<p>Die Mahlzeiten werden nicht abgezogen.[\/vc_column_text][\/vc_column][\/vc_row][vc_row gap=&#8220;30&#8243; equal_height=&#8220;yes&#8220;][vc_column width=&#8220;1\/2&#8243; el_class=&#8220;highlight-box&#8220;][vc_column_text]<\/p>\n<h3>Rabatte<\/h3>\n<p>[\/vc_column_text][vc_column_text css=&#8220;.vc_custom_1770626847964{padding-right: 15px !important;padding-left: 15px !important;}&#8220;]<\/p>\n<ul class=\"list_star\">\n<li><span style=\"line-height: 1.5;\">Halbpension: -\u20ac.6,00 pro Person u. Tag<\/span><\/li>\n<li><span style=\"line-height: 1.5;\">Long Stay: 14 Tage = 5% Rabatt (ohne August)<\/span><\/li>\n<\/ul>\n<p>[\/vc_column_text][\/vc_column][vc_column width=&#8220;1\/2&#8243; el_class=&#8220;highlight-box&#8220;][vc_column_text]<\/p>\n<h3>Zuschl\u00e4ge<\/h3>\n<p>[\/vc_column_text][vc_column_text css=&#8220;.vc_custom_1732717832488{padding-right: 15px !important;padding-left: 15px !important;}&#8220;]<\/p>\n<ul class=\"list_star\">\n<li><span style=\"line-height: 1.5;\">Einzelzimmer: +\u20ac.9 pro Person u. Tag<\/span><\/li>\n<li>Doppelzimmer zur Einzelnutzung: +\u20ac.20 pro Person u. Tag<\/li>\n<li>Minibar im Zimmer, auf Anfrage: + \u20ac 4,- pro Tag und Zimmer<\/li>\n<\/ul>\n<p>[\/vc_column_text][\/vc_column][\/vc_row][\/vc_section][vc_section full_width=&#8220;stretch_row&#8220; content_placement=&#8220;middle&#8220; css=&#8220;.vc_custom_1679388151030{border-bottom-width: 20px !important;background-image: url(https:\/\/www.hotelacacia.it\/wp-content\/uploads\/2023\/03\/Spiaggia_famiglia.jpg?id=3702) !important;background-position: center !important;background-repeat: no-repeat !important;background-size: cover !important;border-bottom-color: #ffffff !important;border-bottom-style: solid !important;}&#8220; el_class=&#8220;fixedbg photorow&#8220;][vc_row][vc_column][vc_column_text css=&#8220;.vc_custom_1697723741044{margin-bottom: 35px !important;}&#8220; el_class=&#8220;main_title&#8220;]<\/p>\n<h2 style=\"text-align: center;\">Familienermaessigung<\/h2>\n<p>[\/vc_column_text][\/vc_column][\/vc_row][vc_row gap=&#8220;30&#8243; equal_height=&#8220;yes&#8220;][vc_column width=&#8220;1\/3&#8243; el_class=&#8220;highlight-box&#8220;][vc_column_text]<\/p>\n<h3>Im Zimmer mit zwei Erwachsenen:<\/h3>\n<p>[\/vc_column_text][vc_column_text]<\/p>\n<ul class=\"list_check\">\n<li>0-23 Monate: Kostenlos*<\/li>\n<li>2-5 Jahre -60%<\/li>\n<li>6-11 Jahre -50%<\/li>\n<li>12-16 Jahre -30%<\/li>\n<\/ul>\n<p>[\/vc_column_text][vc_column_text]*<span style=\"line-height: 1.5;\"> (ohne August)<\/span>[\/vc_column_text][\/vc_column][vc_column width=&#8220;1\/3&#8243; el_class=&#8220;highlight-box&#8220;][vc_column_text]<\/p>\n<h3>Im Zimmer mit einem Erwachsenen<\/h3>\n<p>[\/vc_column_text][vc_column_text]<\/p>\n<ul class=\"list_check\">\n<li>0-23 Monate: -50%<\/li>\n<li>2-5 Jahre -30%<\/li>\n<li>6-11 Jahre -20%<\/li>\n<\/ul>\n<p>[\/vc_column_text][\/vc_column][vc_column width=&#8220;1\/3&#8243; el_class=&#8220;highlight-box&#8220;][vc_column_text]<\/p>\n<h3>Familien von 4 Personen:<\/h3>\n<p>[\/vc_column_text][vc_custom_heading text=&#8220;2+2=3&#8243; font_container=&#8220;tag:div|font_size:60px|text_align:center|color:%23ffffff|line_height:80px&#8220; use_theme_fonts=&#8220;yes&#8220; css=&#8220;.vc_custom_1678903455605{padding-top: 20px !important;padding-right: 20px !important;padding-bottom: 20px !important;padding-left: 20px !important;background-color: #81d742 !important;border-radius: 10px !important;}&#8220;][vc_column_text]4 Personen im gleichen Zimmer zahlen wie 3,<strong> ohne Altersbegrenzung!<\/strong>[\/vc_column_text][\/vc_column][\/vc_row][\/vc_section][vc_section][vc_row gap=&#8220;30&#8243; equal_height=&#8220;yes&#8220;][vc_column width=&#8220;1\/2&#8243; el_class=&#8220;divisorio_colonna_dx&#8220;][vc_column_text]<\/p>\n<h3>Cancellation Policy:<\/h3>\n<p>[\/vc_column_text][vc_column_text]Im Falle einer Stornierung der Reservierung, die mindestens 21 Tage vor der Ankunft erfolgt, wird der als Anzahlung gezahlte Betrag zu 100% zur\u00fcckerstattet, ohne dass dem Kunden eine Strafe entsteht. Nach Ablauf dieser Frist wird die Anzahlung vom Hotel einbehalten und kann in der Struktur f\u00fcr einen sp\u00e4teren Aufenthalt verwendet werden, der mit der Gesch\u00e4ftsleitung zu vereinbaren ist.[\/vc_column_text][\/vc_column][vc_column width=&#8220;1\/2&#8243;][\/vc_column][\/vc_row][\/vc_section]<\/p>\n<\/div>","protected":false},"excerpt":{"rendered":"<p>[vc_section full_width=&#8220;stretch_row&#8220; content_placement=&#8220;middle&#8220; css=&#8220;.vc_custom_1678292416662{border-bottom-width: 20px !important;padding-top: 30px !important;padding-bottom: 30px !important;background-position: center !important;background-repeat: no-repeat !important;background-size: cover !important;border-bottom-color: #ffffff !important;border-bottom-style: solid !important;}&#8220;][vc_row gap=&#8220;30&#8243; equal_height=&#8220;yes&#8220;][vc_column width=&#8220;1\/2&#8243;][vc_column_text]T\u00e4gliche Preisliste Die Preise<span class=\"excerpt-hellip\"> [\u2026]<\/span><\/p>\n","protected":false},"author":1,"featured_media":3682,"parent":0,"menu_order":0,"comment_status":"closed","ping_status":"closed","template":"","meta":{"_acf_changed":false,"footnotes":""},"class_list":["post-749","page","type-page","status-publish","has-post-thumbnail","hentry"],"acf":[],"yoast_head":"<!-- This site is optimized with the Yoast SEO plugin v27.5 - https:\/\/yoast.com\/product\/yoast-seo-wordpress\/ -->\n<title>All Inclusive Preisliste Hotel Acacia Cesenatico - Acacia Hotel Cesenatico<\/title>\n<meta name=\"robots\" content=\"index, follow, max-snippet:-1, max-image-preview:large, max-video-preview:-1\" \/>\n<link rel=\"canonical\" href=\"https:\/\/www.hotelacacia.it\/de\/preisliste\/\" \/>\n<meta property=\"og:locale\" content=\"de_DE\" \/>\n<meta property=\"og:type\" content=\"article\" \/>\n<meta property=\"og:title\" content=\"All Inclusive Preisliste Hotel Acacia Cesenatico - Acacia Hotel Cesenatico\" \/>\n<meta property=\"og:description\" content=\"[vc_section full_width=&#8220;stretch_row&#8220; content_placement=&#8220;middle&#8220; css=&#8220;.vc_custom_1678292416662{border-bottom-width: 20px !important;padding-top: 30px !important;padding-bottom: 30px !important;background-position: center !important;background-repeat: no-repeat !important;background-size: cover !important;border-bottom-color: #ffffff !important;border-bottom-style: solid !important;}&#8220;][vc_row gap=&#8220;30&#8243; equal_height=&#8220;yes&#8220;][vc_column width=&#8220;1\/2&#8243;][vc_column_text]T\u00e4gliche Preisliste Die Preise [\u2026]\" \/>\n<meta property=\"og:url\" content=\"https:\/\/www.hotelacacia.it\/de\/preisliste\/\" \/>\n<meta property=\"og:site_name\" content=\"Acacia Hotel Cesenatico\" \/>\n<meta property=\"article:modified_time\" content=\"2026-02-09T08:48:18+00:00\" \/>\n<meta property=\"og:image\" content=\"https:\/\/www.hotelacacia.it\/wp-content\/uploads\/2023\/03\/famiglia-casanova-hotel-acacia-header.jpg\" \/>\n\t<meta property=\"og:image:width\" content=\"1440\" \/>\n\t<meta property=\"og:image:height\" content=\"850\" \/>\n\t<meta property=\"og:image:type\" content=\"image\/jpeg\" \/>\n<meta name=\"twitter:card\" content=\"summary_large_image\" \/>\n<meta name=\"twitter:label1\" content=\"Gesch\u00e4tzte Lesezeit\" \/>\n\t<meta name=\"twitter:data1\" content=\"3\u00a0Minuten\" \/>\n<script type=\"application\/ld+json\" class=\"yoast-schema-graph\">{\"@context\":\"https:\\\/\\\/schema.org\",\"@graph\":[{\"@type\":\"WebPage\",\"@id\":\"https:\\\/\\\/www.hotelacacia.it\\\/de\\\/preisliste\\\/\",\"url\":\"https:\\\/\\\/www.hotelacacia.it\\\/de\\\/preisliste\\\/\",\"name\":\"All Inclusive Preisliste Hotel Acacia Cesenatico - Acacia Hotel Cesenatico\",\"isPartOf\":{\"@id\":\"https:\\\/\\\/www.hotelacacia.it\\\/#website\"},\"primaryImageOfPage\":{\"@id\":\"https:\\\/\\\/www.hotelacacia.it\\\/de\\\/preisliste\\\/#primaryimage\"},\"image\":{\"@id\":\"https:\\\/\\\/www.hotelacacia.it\\\/de\\\/preisliste\\\/#primaryimage\"},\"thumbnailUrl\":\"https:\\\/\\\/www.hotelacacia.it\\\/wp-content\\\/uploads\\\/2023\\\/03\\\/famiglia-casanova-hotel-acacia-header.jpg\",\"datePublished\":\"2015-11-30T16:30:59+00:00\",\"dateModified\":\"2026-02-09T08:48:18+00:00\",\"breadcrumb\":{\"@id\":\"https:\\\/\\\/www.hotelacacia.it\\\/de\\\/preisliste\\\/#breadcrumb\"},\"inLanguage\":\"de\",\"potentialAction\":[{\"@type\":\"ReadAction\",\"target\":[\"https:\\\/\\\/www.hotelacacia.it\\\/de\\\/preisliste\\\/\"]}]},{\"@type\":\"ImageObject\",\"inLanguage\":\"de\",\"@id\":\"https:\\\/\\\/www.hotelacacia.it\\\/de\\\/preisliste\\\/#primaryimage\",\"url\":\"https:\\\/\\\/www.hotelacacia.it\\\/wp-content\\\/uploads\\\/2023\\\/03\\\/famiglia-casanova-hotel-acacia-header.jpg\",\"contentUrl\":\"https:\\\/\\\/www.hotelacacia.it\\\/wp-content\\\/uploads\\\/2023\\\/03\\\/famiglia-casanova-hotel-acacia-header.jpg\",\"width\":1440,\"height\":850},{\"@type\":\"BreadcrumbList\",\"@id\":\"https:\\\/\\\/www.hotelacacia.it\\\/de\\\/preisliste\\\/#breadcrumb\",\"itemListElement\":[{\"@type\":\"ListItem\",\"position\":1,\"name\":\"Home\",\"item\":\"https:\\\/\\\/www.hotelacacia.it\\\/de\\\/\"},{\"@type\":\"ListItem\",\"position\":2,\"name\":\"All Inclusive Preisliste Hotel Acacia Cesenatico\"}]},{\"@type\":\"WebSite\",\"@id\":\"https:\\\/\\\/www.hotelacacia.it\\\/#website\",\"url\":\"https:\\\/\\\/www.hotelacacia.it\\\/\",\"name\":\"Acacia Hotel Cesenatico\",\"description\":\"Hotel 3 stelle a Cesenatico\",\"publisher\":{\"@id\":\"https:\\\/\\\/www.hotelacacia.it\\\/#organization\"},\"potentialAction\":[{\"@type\":\"SearchAction\",\"target\":{\"@type\":\"EntryPoint\",\"urlTemplate\":\"https:\\\/\\\/www.hotelacacia.it\\\/?s={search_term_string}\"},\"query-input\":{\"@type\":\"PropertyValueSpecification\",\"valueRequired\":true,\"valueName\":\"search_term_string\"}}],\"inLanguage\":\"de\"},{\"@type\":\"Organization\",\"@id\":\"https:\\\/\\\/www.hotelacacia.it\\\/#organization\",\"name\":\"Hotel Acacia Cesenatico\",\"url\":\"https:\\\/\\\/www.hotelacacia.it\\\/\",\"logo\":{\"@type\":\"ImageObject\",\"inLanguage\":\"de\",\"@id\":\"https:\\\/\\\/www.hotelacacia.it\\\/#\\\/schema\\\/logo\\\/image\\\/\",\"url\":\"https:\\\/\\\/www.hotelacacia.it\\\/acacia\\\/wp-content\\\/uploads\\\/2015\\\/11\\\/logo-hotel-acacia-quadrato.png\",\"contentUrl\":\"https:\\\/\\\/www.hotelacacia.it\\\/acacia\\\/wp-content\\\/uploads\\\/2015\\\/11\\\/logo-hotel-acacia-quadrato.png\",\"width\":230,\"height\":230,\"caption\":\"Hotel Acacia Cesenatico\"},\"image\":{\"@id\":\"https:\\\/\\\/www.hotelacacia.it\\\/#\\\/schema\\\/logo\\\/image\\\/\"}}]}<\/script>\n<!-- \/ Yoast SEO plugin. -->","yoast_head_json":{"title":"All Inclusive Preisliste Hotel Acacia Cesenatico - Acacia Hotel Cesenatico","robots":{"index":"index","follow":"follow","max-snippet":"max-snippet:-1","max-image-preview":"max-image-preview:large","max-video-preview":"max-video-preview:-1"},"canonical":"https:\/\/www.hotelacacia.it\/de\/preisliste\/","og_locale":"de_DE","og_type":"article","og_title":"All Inclusive Preisliste Hotel Acacia Cesenatico - Acacia Hotel Cesenatico","og_description":"[vc_section full_width=&#8220;stretch_row&#8220; content_placement=&#8220;middle&#8220; css=&#8220;.vc_custom_1678292416662{border-bottom-width: 20px !important;padding-top: 30px !important;padding-bottom: 30px !important;background-position: center !important;background-repeat: no-repeat !important;background-size: cover !important;border-bottom-color: #ffffff !important;border-bottom-style: solid !important;}&#8220;][vc_row gap=&#8220;30&#8243; equal_height=&#8220;yes&#8220;][vc_column width=&#8220;1\/2&#8243;][vc_column_text]T\u00e4gliche Preisliste Die Preise [\u2026]","og_url":"https:\/\/www.hotelacacia.it\/de\/preisliste\/","og_site_name":"Acacia Hotel Cesenatico","article_modified_time":"2026-02-09T08:48:18+00:00","og_image":[{"width":1440,"height":850,"url":"https:\/\/www.hotelacacia.it\/wp-content\/uploads\/2023\/03\/famiglia-casanova-hotel-acacia-header.jpg","type":"image\/jpeg"}],"twitter_card":"summary_large_image","twitter_misc":{"Gesch\u00e4tzte Lesezeit":"3\u00a0Minuten"},"schema":{"@context":"https:\/\/schema.org","@graph":[{"@type":"WebPage","@id":"https:\/\/www.hotelacacia.it\/de\/preisliste\/","url":"https:\/\/www.hotelacacia.it\/de\/preisliste\/","name":"All Inclusive Preisliste Hotel Acacia Cesenatico - Acacia Hotel Cesenatico","isPartOf":{"@id":"https:\/\/www.hotelacacia.it\/#website"},"primaryImageOfPage":{"@id":"https:\/\/www.hotelacacia.it\/de\/preisliste\/#primaryimage"},"image":{"@id":"https:\/\/www.hotelacacia.it\/de\/preisliste\/#primaryimage"},"thumbnailUrl":"https:\/\/www.hotelacacia.it\/wp-content\/uploads\/2023\/03\/famiglia-casanova-hotel-acacia-header.jpg","datePublished":"2015-11-30T16:30:59+00:00","dateModified":"2026-02-09T08:48:18+00:00","breadcrumb":{"@id":"https:\/\/www.hotelacacia.it\/de\/preisliste\/#breadcrumb"},"inLanguage":"de","potentialAction":[{"@type":"ReadAction","target":["https:\/\/www.hotelacacia.it\/de\/preisliste\/"]}]},{"@type":"ImageObject","inLanguage":"de","@id":"https:\/\/www.hotelacacia.it\/de\/preisliste\/#primaryimage","url":"https:\/\/www.hotelacacia.it\/wp-content\/uploads\/2023\/03\/famiglia-casanova-hotel-acacia-header.jpg","contentUrl":"https:\/\/www.hotelacacia.it\/wp-content\/uploads\/2023\/03\/famiglia-casanova-hotel-acacia-header.jpg","width":1440,"height":850},{"@type":"BreadcrumbList","@id":"https:\/\/www.hotelacacia.it\/de\/preisliste\/#breadcrumb","itemListElement":[{"@type":"ListItem","position":1,"name":"Home","item":"https:\/\/www.hotelacacia.it\/de\/"},{"@type":"ListItem","position":2,"name":"All Inclusive Preisliste Hotel Acacia Cesenatico"}]},{"@type":"WebSite","@id":"https:\/\/www.hotelacacia.it\/#website","url":"https:\/\/www.hotelacacia.it\/","name":"Acacia Hotel Cesenatico","description":"Hotel 3 stelle a Cesenatico","publisher":{"@id":"https:\/\/www.hotelacacia.it\/#organization"},"potentialAction":[{"@type":"SearchAction","target":{"@type":"EntryPoint","urlTemplate":"https:\/\/www.hotelacacia.it\/?s={search_term_string}"},"query-input":{"@type":"PropertyValueSpecification","valueRequired":true,"valueName":"search_term_string"}}],"inLanguage":"de"},{"@type":"Organization","@id":"https:\/\/www.hotelacacia.it\/#organization","name":"Hotel Acacia Cesenatico","url":"https:\/\/www.hotelacacia.it\/","logo":{"@type":"ImageObject","inLanguage":"de","@id":"https:\/\/www.hotelacacia.it\/#\/schema\/logo\/image\/","url":"https:\/\/www.hotelacacia.it\/acacia\/wp-content\/uploads\/2015\/11\/logo-hotel-acacia-quadrato.png","contentUrl":"https:\/\/www.hotelacacia.it\/acacia\/wp-content\/uploads\/2015\/11\/logo-hotel-acacia-quadrato.png","width":230,"height":230,"caption":"Hotel Acacia Cesenatico"},"image":{"@id":"https:\/\/www.hotelacacia.it\/#\/schema\/logo\/image\/"}}]}},"publishpress_future_action":{"enabled":false,"date":"2026-05-22 13:56:55","action":"change-status","newStatus":"draft","terms":[],"taxonomy":"translation_priority","extraData":[]},"publishpress_future_workflow_manual_trigger":{"enabledWorkflows":[]},"_links":{"self":[{"href":"https:\/\/www.hotelacacia.it\/de\/wp-json\/wp\/v2\/pages\/749","targetHints":{"allow":["GET"]}}],"collection":[{"href":"https:\/\/www.hotelacacia.it\/de\/wp-json\/wp\/v2\/pages"}],"about":[{"href":"https:\/\/www.hotelacacia.it\/de\/wp-json\/wp\/v2\/types\/page"}],"author":[{"embeddable":true,"href":"https:\/\/www.hotelacacia.it\/de\/wp-json\/wp\/v2\/users\/1"}],"replies":[{"embeddable":true,"href":"https:\/\/www.hotelacacia.it\/de\/wp-json\/wp\/v2\/comments?post=749"}],"version-history":[{"count":36,"href":"https:\/\/www.hotelacacia.it\/de\/wp-json\/wp\/v2\/pages\/749\/revisions"}],"predecessor-version":[{"id":4690,"href":"https:\/\/www.hotelacacia.it\/de\/wp-json\/wp\/v2\/pages\/749\/revisions\/4690"}],"wp:featuredmedia":[{"embeddable":true,"href":"https:\/\/www.hotelacacia.it\/de\/wp-json\/wp\/v2\/media\/3682"}],"wp:attachment":[{"href":"https:\/\/www.hotelacacia.it\/de\/wp-json\/wp\/v2\/media?parent=749"}],"curies":[{"name":"wp","href":"https:\/\/api.w.org\/{rel}","templated":true}]}}