{"id":745,"date":"2015-11-30T16:25:46","date_gmt":"2015-11-30T15:25:46","guid":{"rendered":"http:\/\/www.cristianbuda.com\/acacia\/de\/?page_id=745"},"modified":"2015-12-14T16:01:05","modified_gmt":"2015-12-14T15:01:05","slug":"landesinnere-von-cesenatico","status":"publish","type":"page","link":"https:\/\/www.hotelacacia.it\/de\/landesinnere-von-cesenatico\/","title":{"rendered":"Das Landesinnere der Romagna: Cesenatico und Umgebung"},"content":{"rendered":"<div class=\"wpb-content-wrapper\"><p>[vc_row][vc_column][vc_column_text]Das Hinterland von Cesenatico ist ein eindrucksvolles St\u00fcck Land, in dem Sie Ihre Ferien verbringen k\u00f6nnen. Wenn man vom Meer die H\u00fcgel hinaufsteigt, taucht man in die Geschichte und Natur dieser Orte ein, die von antiken Traditionen erz\u00e4hlen und ein wirklich spektakul\u00e4res Panorama zeichnen.[\/vc_column_text][vc_column_text]<\/p>\n<h3>In der Umgebung von Cesenatico k\u00f6nnen Sie folgendes besichtigen:<\/h3>\n<p>[\/vc_column_text][\/vc_column][\/vc_row][vc_row][vc_column width=&#8220;1\/2&#8243;][vc_column_text]<\/p>\n<h4>RAVENNA<\/h4>\n<p>[\/vc_column_text][vc_single_image image=&#8220;614&#8243; img_size=&#8220;450&#215;180&#8243; alignment=&#8220;center&#8220; css=&#8220;.vc_custom_1448277919710{margin-bottom: 0px !important;}&#8220;][vc_row_inner][vc_column_inner width=&#8220;1\/2&#8243;][vc_message message_box_color=&#8220;orange&#8220; icon_type=&#8220;entypo&#8220; icon_entypo=&#8220;entypo-icon entypo-icon-location&#8220;]40\u00a0km. vom\u00a0Hotel[\/vc_message][\/vc_column_inner][vc_column_inner width=&#8220;1\/2&#8243;][vc_message message_box_color=&#8220;orange&#8220; icon_type=&#8220;entypo&#8220; icon_entypo=&#8220;entypo-icon entypo-icon-clock&#8220;]45 Autominuten[\/vc_message][\/vc_column_inner][\/vc_row_inner][vc_column_text]Ravenna ist eine Kunststadt, die Mosaikstadt, eine antike Stadt, die vor 1600 Jahren drei Mal Hauptstadt war: Hauptstadt des westr\u00f6mischen Reichs, von Theoderich dem Gotenk\u00f6nig, des Reichs von Byzanz in Europa. Der Prunk dieser Zeit hat in Ravenna ein gro\u00dfes Erbe an Monumenten hinterlassen: Gut acht Geb\u00e4ude wurden als UNESCO-Weltkulturerbe anerkannt.<\/p>\n<p>Die Mosaikkunst hat in Ravenna ihre h\u00f6chste Ausdruckskraft gefunden. Dar\u00fcber hinaus kann man zwischen Glockent\u00fcrmen und Klosterkreuzg\u00e4ngen spazieren gehen, dabei von der Romanik zur Gotik \u00fcbergehen, von den Fresken Giottos von Santa Chiara zum Barock der Apsis von S. Apollinare Nuovo; vom Zeugnis des letzten Zufluchtsorts Dante Alighieris bis zu den Palazzi, die die Liebschaften von Lord Byron miterlebt haben.<span style=\"line-height: 1.5;\">[\/vc_column_text][vc_separator style=&#8220;dashed&#8220; el_width=&#8220;90&#8243;][vc_column_text]<\/span><\/p>\n<h4>SANTARCANGELO DI ROMAGNA<\/h4>\n<p>[\/vc_column_text][vc_single_image image=&#8220;617&#8243; img_size=&#8220;450&#215;180&#8243; alignment=&#8220;center&#8220; css=&#8220;.vc_custom_1448278483522{margin-bottom: 0px !important;}&#8220;][vc_row_inner][vc_column_inner width=&#8220;1\/2&#8243;][vc_message message_box_color=&#8220;orange&#8220; icon_type=&#8220;entypo&#8220; icon_entypo=&#8220;entypo-icon entypo-icon-location&#8220;]16 km. vom\u00a0Hotel[\/vc_message][\/vc_column_inner][vc_column_inner width=&#8220;1\/2&#8243;][vc_message message_box_color=&#8220;orange&#8220; icon_type=&#8220;entypo&#8220; icon_entypo=&#8220;entypo-icon entypo-icon-clock&#8220;]20 Autominuten[\/vc_message][\/vc_column_inner][\/vc_row_inner][vc_column_text]Es gibt unz\u00e4hlige Motive f\u00fcr die Entdeckung Santarcangelos: Wegen der starken romagnolischen Identit\u00e4t und der Atmosph\u00e4re eines gro\u00dfen Dorfes im Takt des richtigen Lebensrhythmus, wegen der architektonischen Sch\u00f6nheit der Adelspalazzi, der B\u00fcrgerh\u00e4user, der G\u00e4sschen und kleinen Pl\u00e4tze, die dem Dorf wegen der Veranstaltungen mit internationalem Flair den Titel \u201eCitt\u00e0 d\u2019Arte- Kunststadt\u201c eingebracht haben. Gut sichtbar auf dem Hauptplatz \u201ePiazza Ganganelli\u201c pr\u00e4sentiert sich der gro\u00dfe Triumphbogen, der im Jahr 1777 von der Bev\u00f6lkerung zu Ehren des Mitb\u00fcrgers Papst Clemens XIV errichtet wurde.[\/vc_column_text][vc_separator style=&#8220;dashed&#8220; el_width=&#8220;90&#8243;][vc_column_text]<\/p>\n<h4>CESENA<\/h4>\n<p>[\/vc_column_text][vc_single_image image=&#8220;428&#8243; img_size=&#8220;450&#215;180&#8243; alignment=&#8220;center&#8220; css=&#8220;.vc_custom_1448275990368{margin-bottom: 0px !important;}&#8220;][vc_row_inner][vc_column_inner width=&#8220;1\/2&#8243;][vc_message message_box_color=&#8220;orange&#8220; icon_type=&#8220;entypo&#8220; icon_entypo=&#8220;entypo-icon entypo-icon-location&#8220;]18 km.\u00a0vom\u00a0Hotel[\/vc_message][\/vc_column_inner][vc_column_inner width=&#8220;1\/2&#8243;][vc_message message_box_color=&#8220;orange&#8220; icon_type=&#8220;entypo&#8220; icon_entypo=&#8220;entypo-icon entypo-icon-clock&#8220;]25 Autominuten[\/vc_message][\/vc_column_inner][\/vc_row_inner][vc_column_text]Hier kann man Spuren der R\u00f6mer und Etrusker finden, sowie die Zeugnisse der Herrenfamilie Malatesta bestaunen. Cesena wird heute als &#8222;Stadt der Malatesta&#8220; definiert. Hier kann man die Bibliothek Malatesta, &#8222;Sala del Nuti&#8220;, die &#8222;Piana (Privatbibliothek von Papst Pius VII), die Stadtbibliothek und das Museum Lapidario, ein Teil des Arch\u00e4ologischen Museums, der sich im Inneren des Klosters San Francesco befindet, besuchen. Beim Museumsbesuch kann man Funde aus der pr\u00e4historischen, r\u00f6mischen und mittelalterlichen Epoche bewundern. Ein weiteres sehenswertes Denkmal ist Palazzo del Ridotto mit der Bronzestatur von Papst Pius VI, die von Calligari erschaffen wurde.[\/vc_column_text][vc_separator style=&#8220;dashed&#8220; el_width=&#8220;90&#8243;][\/vc_column][vc_column width=&#8220;1\/2&#8243;][vc_column_text]<\/p>\n<h4>REPUBLIK VON\u00a0SAN MARINO<\/h4>\n<p>[\/vc_column_text][vc_single_image image=&#8220;619&#8243; img_size=&#8220;450&#215;180&#8243; alignment=&#8220;center&#8220; css=&#8220;.vc_custom_1448279645306{margin-bottom: 0px !important;}&#8220;][vc_row_inner][vc_column_inner width=&#8220;1\/2&#8243;][vc_message message_box_color=&#8220;orange&#8220; icon_type=&#8220;entypo&#8220; icon_entypo=&#8220;entypo-icon entypo-icon-location&#8220;]35\u00a0km. vom Hotel[\/vc_message][\/vc_column_inner][vc_column_inner width=&#8220;1\/2&#8243;][vc_message message_box_color=&#8220;orange&#8220; icon_type=&#8220;entypo&#8220; icon_entypo=&#8220;entypo-icon entypo-icon-clock&#8220;]45 Autominuten[\/vc_message][\/vc_column_inner][\/vc_row_inner][vc_column_text]San Marino ist die \u00e4lteste Republik der Welt und wurde seit Jahren als ein Symbol f\u00fcr Freiheit angesehen. Es gibt viele Gr\u00fcnde, warum man sie besuchen sollte, beginnend bei der unglaublichen Anzahl an architektonischen und nat\u00fcrlichen G\u00fctern, \u00fcber die die Republik verf\u00fcgt. Charakteristisch f\u00fcr San Marino sind die G\u00e4sschen, die typischen kleinen Gesch\u00e4fte, die Museen und die T\u00fcrme und Mauern der neun Burgen die eine typische mittelalterliche Atmosph\u00e4re verleihen. Dank der Position und der Beschaffenheit bietet San Marino ein suggestives Panorama, das es zu einem wunderbaren Balkon mit Blick auf Italien macht. Man kann frei, ohne Reisepass und Zollstopp in San Marino einreisen.[\/vc_column_text][vc_separator style=&#8220;dashed&#8220; el_width=&#8220;90&#8243;][vc_column_text]<\/p>\n<h4>LONGIANO<\/h4>\n<p>[\/vc_column_text][vc_single_image image=&#8220;434&#8243; img_size=&#8220;450&#215;180&#8243; alignment=&#8220;center&#8220; css=&#8220;.vc_custom_1448276009521{margin-bottom: 0px !important;}&#8220;][vc_row_inner][vc_column_inner width=&#8220;1\/2&#8243;][vc_message message_box_color=&#8220;orange&#8220; icon_type=&#8220;entypo&#8220; icon_entypo=&#8220;entypo-icon entypo-icon-location&#8220;]18 km. vom\u00a0Hotel[\/vc_message][\/vc_column_inner][vc_column_inner width=&#8220;1\/2&#8243;][vc_message message_box_color=&#8220;orange&#8220; icon_type=&#8220;entypo&#8220; icon_entypo=&#8220;entypo-icon entypo-icon-clock&#8220;]25 Autominuten[\/vc_message][\/vc_column_inner][\/vc_row_inner][vc_column_text]Der Meeresn\u00e4he gelegene Ort hat 1991 den Preis als &#8222;ideales Dorf Italiens&#8220; erhalten, der von der Zeitschrift Airone unter der Schirmherrschaft der Europ\u00e4ischen Gemeinschaft vergeben wird.\u00a0Diese kleine Ortschaft ist umgeben von Weinbergen, Obstplantagen und geschichtstr\u00e4chtigen Orten mit einem f\u00fcr Touristen \u00e4u\u00dferst beeindruckenden Panorama.[\/vc_column_text][vc_separator style=&#8220;dashed&#8220; el_width=&#8220;90&#8243;][vc_column_text]<\/p>\n<h4>BERTINORO<\/h4>\n<p>[\/vc_column_text][vc_single_image image=&#8220;435&#8243; img_size=&#8220;450&#215;180&#8243; alignment=&#8220;center&#8220; css=&#8220;.vc_custom_1448276768378{margin-bottom: 0px !important;}&#8220;][vc_row_inner][vc_column_inner width=&#8220;1\/2&#8243;][vc_message message_box_color=&#8220;orange&#8220; icon_type=&#8220;entypo&#8220; icon_entypo=&#8220;entypo-icon entypo-icon-location&#8220;]30 km. vom\u00a0Hotel[\/vc_message][\/vc_column_inner][vc_column_inner width=&#8220;1\/2&#8243;][vc_message message_box_color=&#8220;orange&#8220; icon_type=&#8220;entypo&#8220; icon_entypo=&#8220;entypo-icon entypo-icon-clock&#8220;]35 Autominuten[\/vc_message][\/vc_column_inner][\/vc_row_inner][vc_column_text]Im Mittelalter wurde diese kleine Gemeinde von den Malatesta und den St\u00e4dten Forli, Cesena und Rimini beherrscht, bis sie ein Teil der P\u00e4pstlichen Kirche wurde. Bertinoro ist f\u00fcr die Trauben- und Weinproduktion ber\u00fchmt, wie zum Beispiel die Traube Albana. Im Ort sind zahlreiche historische Sch\u00f6nheiten erhalten geblieben, wie das in Richtung Forli zugewandte Tor San Romano und das Tor San Francesco, welches nach Polenta zeigt. Bertinoro wird durch seinen spektakul\u00e4ren Aussichtspunkt als &#8222;Balkon der Romagna&#8220; bezeichnet.[\/vc_column_text][vc_separator style=&#8220;dashed&#8220; el_width=&#8220;90&#8243;][vc_column_text]<\/p>\n<h4>BAGNO DI ROMAGNA<\/h4>\n<p>[\/vc_column_text][vc_single_image image=&#8220;440&#8243; img_size=&#8220;450&#215;180&#8243; alignment=&#8220;center&#8220; css=&#8220;.vc_custom_1448276795969{margin-bottom: 0px !important;}&#8220;][vc_row_inner][vc_column_inner width=&#8220;1\/2&#8243;][vc_message message_box_color=&#8220;orange&#8220; icon_type=&#8220;entypo&#8220; icon_entypo=&#8220;entypo-icon entypo-icon-location&#8220;]80 km. vom\u00a0Hotel[\/vc_message][\/vc_column_inner][vc_column_inner width=&#8220;1\/2&#8243;][vc_message message_box_color=&#8220;orange&#8220; icon_type=&#8220;entypo&#8220; icon_entypo=&#8220;entypo-icon entypo-icon-clock&#8220;]55 Autominuten[\/vc_message][\/vc_column_inner][\/vc_row_inner][vc_column_text]Der Ort ist als Thermalzentrum ber\u00fchmt. Im Jahr 266 vor Christus beherrschten die\u00a0 R\u00f6mern den Ort und in genau dieser Zeit wurde er zu einem bedeutenden Thermalzentrum f\u00fcr Reisende auf der Stra\u00dfe zwischen Rom und Ravenna. Im Laufe der Jahre wurde Bagno di Romagna erst\u00a0 Balneum sanctae Mariae genannt. In der Renaissance und erlebte der Ort dann seinen k\u00fcnstlerischen Glanz. Noch heute kann man die Basilika Santa Maria Assunta besichtigen, die Madonna mit dem Kind (1410) des Maestros Sant\u00b4Ivo, ein Altarbild von Neri di Bicci (1437) und die Madonna mit dem Kind und Heiligen (1560) von Michele Tosini zu finden sind.Heute ist Bagno di Romagna ein renommiertes Thermalbad in der N\u00e4he des Nationalparks &#8222;Foreste Casentinesi&#8220;.[\/vc_column_text][vc_separator style=&#8220;dashed&#8220; el_width=&#8220;90&#8243;][\/vc_column][\/vc_row]<\/p>\n<\/div>","protected":false},"excerpt":{"rendered":"<p>[vc_row][vc_column][vc_column_text]Das Hinterland von Cesenatico ist ein eindrucksvolles St\u00fcck Land, in dem Sie Ihre Ferien verbringen k\u00f6nnen. Wenn man vom Meer die H\u00fcgel hinaufsteigt, taucht man in<span class=\"excerpt-hellip\"> [\u2026]<\/span><\/p>\n","protected":false},"author":1,"featured_media":3785,"parent":0,"menu_order":0,"comment_status":"closed","ping_status":"closed","template":"","meta":{"_acf_changed":false,"footnotes":""},"class_list":["post-745","page","type-page","status-publish","has-post-thumbnail","hentry"],"acf":[],"yoast_head":"<!-- This site is optimized with the Yoast SEO plugin v27.5 - https:\/\/yoast.com\/product\/yoast-seo-wordpress\/ -->\n<title>Das Landesinnere der Romagna: Cesenatico und Umgebung - Acacia Hotel Cesenatico<\/title>\n<meta name=\"robots\" content=\"index, follow, max-snippet:-1, max-image-preview:large, max-video-preview:-1\" \/>\n<link rel=\"canonical\" href=\"https:\/\/www.hotelacacia.it\/de\/landesinnere-von-cesenatico\/\" \/>\n<meta property=\"og:locale\" content=\"de_DE\" \/>\n<meta property=\"og:type\" content=\"article\" \/>\n<meta property=\"og:title\" content=\"Das Landesinnere der Romagna: Cesenatico und Umgebung - Acacia Hotel Cesenatico\" \/>\n<meta property=\"og:description\" content=\"[vc_row][vc_column][vc_column_text]Das Hinterland von Cesenatico ist ein eindrucksvolles St\u00fcck Land, in dem Sie Ihre Ferien verbringen k\u00f6nnen. Wenn man vom Meer die H\u00fcgel hinaufsteigt, taucht man in [\u2026]\" \/>\n<meta property=\"og:url\" content=\"https:\/\/www.hotelacacia.it\/de\/landesinnere-von-cesenatico\/\" \/>\n<meta property=\"og:site_name\" content=\"Acacia Hotel Cesenatico\" \/>\n<meta property=\"article:modified_time\" content=\"2015-12-14T15:01:05+00:00\" \/>\n<meta name=\"twitter:card\" content=\"summary_large_image\" \/>\n<meta name=\"twitter:label1\" content=\"Gesch\u00e4tzte Lesezeit\" \/>\n\t<meta name=\"twitter:data1\" content=\"7\u00a0Minuten\" \/>\n<script type=\"application\/ld+json\" class=\"yoast-schema-graph\">{\"@context\":\"https:\\\/\\\/schema.org\",\"@graph\":[{\"@type\":\"WebPage\",\"@id\":\"https:\\\/\\\/www.hotelacacia.it\\\/de\\\/landesinnere-von-cesenatico\\\/\",\"url\":\"https:\\\/\\\/www.hotelacacia.it\\\/de\\\/landesinnere-von-cesenatico\\\/\",\"name\":\"Das Landesinnere der Romagna: Cesenatico und Umgebung - Acacia Hotel Cesenatico\",\"isPartOf\":{\"@id\":\"https:\\\/\\\/www.hotelacacia.it\\\/#website\"},\"primaryImageOfPage\":{\"@id\":\"https:\\\/\\\/www.hotelacacia.it\\\/de\\\/landesinnere-von-cesenatico\\\/#primaryimage\"},\"image\":{\"@id\":\"https:\\\/\\\/www.hotelacacia.it\\\/de\\\/landesinnere-von-cesenatico\\\/#primaryimage\"},\"thumbnailUrl\":\"https:\\\/\\\/www.hotelacacia.it\\\/wp-content\\\/uploads\\\/2015\\\/11\\\/bigstock-100392347-1-1.jpg\",\"datePublished\":\"2015-11-30T15:25:46+00:00\",\"dateModified\":\"2015-12-14T15:01:05+00:00\",\"breadcrumb\":{\"@id\":\"https:\\\/\\\/www.hotelacacia.it\\\/de\\\/landesinnere-von-cesenatico\\\/#breadcrumb\"},\"inLanguage\":\"de\",\"potentialAction\":[{\"@type\":\"ReadAction\",\"target\":[\"https:\\\/\\\/www.hotelacacia.it\\\/de\\\/landesinnere-von-cesenatico\\\/\"]}]},{\"@type\":\"ImageObject\",\"inLanguage\":\"de\",\"@id\":\"https:\\\/\\\/www.hotelacacia.it\\\/de\\\/landesinnere-von-cesenatico\\\/#primaryimage\",\"url\":\"https:\\\/\\\/www.hotelacacia.it\\\/wp-content\\\/uploads\\\/2015\\\/11\\\/bigstock-100392347-1-1.jpg\",\"contentUrl\":\"https:\\\/\\\/www.hotelacacia.it\\\/wp-content\\\/uploads\\\/2015\\\/11\\\/bigstock-100392347-1-1.jpg\",\"width\":1440,\"height\":954},{\"@type\":\"BreadcrumbList\",\"@id\":\"https:\\\/\\\/www.hotelacacia.it\\\/de\\\/landesinnere-von-cesenatico\\\/#breadcrumb\",\"itemListElement\":[{\"@type\":\"ListItem\",\"position\":1,\"name\":\"Home\",\"item\":\"https:\\\/\\\/www.hotelacacia.it\\\/de\\\/\"},{\"@type\":\"ListItem\",\"position\":2,\"name\":\"Das Landesinnere der Romagna: Cesenatico und Umgebung\"}]},{\"@type\":\"WebSite\",\"@id\":\"https:\\\/\\\/www.hotelacacia.it\\\/#website\",\"url\":\"https:\\\/\\\/www.hotelacacia.it\\\/\",\"name\":\"Acacia Hotel Cesenatico\",\"description\":\"Hotel 3 stelle a Cesenatico\",\"publisher\":{\"@id\":\"https:\\\/\\\/www.hotelacacia.it\\\/#organization\"},\"potentialAction\":[{\"@type\":\"SearchAction\",\"target\":{\"@type\":\"EntryPoint\",\"urlTemplate\":\"https:\\\/\\\/www.hotelacacia.it\\\/?s={search_term_string}\"},\"query-input\":{\"@type\":\"PropertyValueSpecification\",\"valueRequired\":true,\"valueName\":\"search_term_string\"}}],\"inLanguage\":\"de\"},{\"@type\":\"Organization\",\"@id\":\"https:\\\/\\\/www.hotelacacia.it\\\/#organization\",\"name\":\"Hotel Acacia Cesenatico\",\"url\":\"https:\\\/\\\/www.hotelacacia.it\\\/\",\"logo\":{\"@type\":\"ImageObject\",\"inLanguage\":\"de\",\"@id\":\"https:\\\/\\\/www.hotelacacia.it\\\/#\\\/schema\\\/logo\\\/image\\\/\",\"url\":\"https:\\\/\\\/www.hotelacacia.it\\\/acacia\\\/wp-content\\\/uploads\\\/2015\\\/11\\\/logo-hotel-acacia-quadrato.png\",\"contentUrl\":\"https:\\\/\\\/www.hotelacacia.it\\\/acacia\\\/wp-content\\\/uploads\\\/2015\\\/11\\\/logo-hotel-acacia-quadrato.png\",\"width\":230,\"height\":230,\"caption\":\"Hotel Acacia Cesenatico\"},\"image\":{\"@id\":\"https:\\\/\\\/www.hotelacacia.it\\\/#\\\/schema\\\/logo\\\/image\\\/\"}}]}<\/script>\n<!-- \/ Yoast SEO plugin. -->","yoast_head_json":{"title":"Das Landesinnere der Romagna: Cesenatico und Umgebung - Acacia Hotel Cesenatico","robots":{"index":"index","follow":"follow","max-snippet":"max-snippet:-1","max-image-preview":"max-image-preview:large","max-video-preview":"max-video-preview:-1"},"canonical":"https:\/\/www.hotelacacia.it\/de\/landesinnere-von-cesenatico\/","og_locale":"de_DE","og_type":"article","og_title":"Das Landesinnere der Romagna: Cesenatico und Umgebung - Acacia Hotel Cesenatico","og_description":"[vc_row][vc_column][vc_column_text]Das Hinterland von Cesenatico ist ein eindrucksvolles St\u00fcck Land, in dem Sie Ihre Ferien verbringen k\u00f6nnen. Wenn man vom Meer die H\u00fcgel hinaufsteigt, taucht man in [\u2026]","og_url":"https:\/\/www.hotelacacia.it\/de\/landesinnere-von-cesenatico\/","og_site_name":"Acacia Hotel Cesenatico","article_modified_time":"2015-12-14T15:01:05+00:00","twitter_card":"summary_large_image","twitter_misc":{"Gesch\u00e4tzte Lesezeit":"7\u00a0Minuten"},"schema":{"@context":"https:\/\/schema.org","@graph":[{"@type":"WebPage","@id":"https:\/\/www.hotelacacia.it\/de\/landesinnere-von-cesenatico\/","url":"https:\/\/www.hotelacacia.it\/de\/landesinnere-von-cesenatico\/","name":"Das Landesinnere der Romagna: Cesenatico und Umgebung - Acacia Hotel Cesenatico","isPartOf":{"@id":"https:\/\/www.hotelacacia.it\/#website"},"primaryImageOfPage":{"@id":"https:\/\/www.hotelacacia.it\/de\/landesinnere-von-cesenatico\/#primaryimage"},"image":{"@id":"https:\/\/www.hotelacacia.it\/de\/landesinnere-von-cesenatico\/#primaryimage"},"thumbnailUrl":"https:\/\/www.hotelacacia.it\/wp-content\/uploads\/2015\/11\/bigstock-100392347-1-1.jpg","datePublished":"2015-11-30T15:25:46+00:00","dateModified":"2015-12-14T15:01:05+00:00","breadcrumb":{"@id":"https:\/\/www.hotelacacia.it\/de\/landesinnere-von-cesenatico\/#breadcrumb"},"inLanguage":"de","potentialAction":[{"@type":"ReadAction","target":["https:\/\/www.hotelacacia.it\/de\/landesinnere-von-cesenatico\/"]}]},{"@type":"ImageObject","inLanguage":"de","@id":"https:\/\/www.hotelacacia.it\/de\/landesinnere-von-cesenatico\/#primaryimage","url":"https:\/\/www.hotelacacia.it\/wp-content\/uploads\/2015\/11\/bigstock-100392347-1-1.jpg","contentUrl":"https:\/\/www.hotelacacia.it\/wp-content\/uploads\/2015\/11\/bigstock-100392347-1-1.jpg","width":1440,"height":954},{"@type":"BreadcrumbList","@id":"https:\/\/www.hotelacacia.it\/de\/landesinnere-von-cesenatico\/#breadcrumb","itemListElement":[{"@type":"ListItem","position":1,"name":"Home","item":"https:\/\/www.hotelacacia.it\/de\/"},{"@type":"ListItem","position":2,"name":"Das Landesinnere der Romagna: Cesenatico und Umgebung"}]},{"@type":"WebSite","@id":"https:\/\/www.hotelacacia.it\/#website","url":"https:\/\/www.hotelacacia.it\/","name":"Acacia Hotel Cesenatico","description":"Hotel 3 stelle a Cesenatico","publisher":{"@id":"https:\/\/www.hotelacacia.it\/#organization"},"potentialAction":[{"@type":"SearchAction","target":{"@type":"EntryPoint","urlTemplate":"https:\/\/www.hotelacacia.it\/?s={search_term_string}"},"query-input":{"@type":"PropertyValueSpecification","valueRequired":true,"valueName":"search_term_string"}}],"inLanguage":"de"},{"@type":"Organization","@id":"https:\/\/www.hotelacacia.it\/#organization","name":"Hotel Acacia Cesenatico","url":"https:\/\/www.hotelacacia.it\/","logo":{"@type":"ImageObject","inLanguage":"de","@id":"https:\/\/www.hotelacacia.it\/#\/schema\/logo\/image\/","url":"https:\/\/www.hotelacacia.it\/acacia\/wp-content\/uploads\/2015\/11\/logo-hotel-acacia-quadrato.png","contentUrl":"https:\/\/www.hotelacacia.it\/acacia\/wp-content\/uploads\/2015\/11\/logo-hotel-acacia-quadrato.png","width":230,"height":230,"caption":"Hotel Acacia Cesenatico"},"image":{"@id":"https:\/\/www.hotelacacia.it\/#\/schema\/logo\/image\/"}}]}},"publishpress_future_action":{"enabled":false,"date":"2026-05-22 13:57:40","action":"change-status","newStatus":"draft","terms":[],"taxonomy":"translation_priority","extraData":[]},"publishpress_future_workflow_manual_trigger":{"enabledWorkflows":[]},"_links":{"self":[{"href":"https:\/\/www.hotelacacia.it\/de\/wp-json\/wp\/v2\/pages\/745","targetHints":{"allow":["GET"]}}],"collection":[{"href":"https:\/\/www.hotelacacia.it\/de\/wp-json\/wp\/v2\/pages"}],"about":[{"href":"https:\/\/www.hotelacacia.it\/de\/wp-json\/wp\/v2\/types\/page"}],"author":[{"embeddable":true,"href":"https:\/\/www.hotelacacia.it\/de\/wp-json\/wp\/v2\/users\/1"}],"replies":[{"embeddable":true,"href":"https:\/\/www.hotelacacia.it\/de\/wp-json\/wp\/v2\/comments?post=745"}],"version-history":[{"count":4,"href":"https:\/\/www.hotelacacia.it\/de\/wp-json\/wp\/v2\/pages\/745\/revisions"}],"predecessor-version":[{"id":1078,"href":"https:\/\/www.hotelacacia.it\/de\/wp-json\/wp\/v2\/pages\/745\/revisions\/1078"}],"wp:featuredmedia":[{"embeddable":true,"href":"https:\/\/www.hotelacacia.it\/de\/wp-json\/wp\/v2\/media\/3785"}],"wp:attachment":[{"href":"https:\/\/www.hotelacacia.it\/de\/wp-json\/wp\/v2\/media?parent=745"}],"curies":[{"name":"wp","href":"https:\/\/api.w.org\/{rel}","templated":true}]}}