{"id":726,"date":"2015-11-27T18:19:41","date_gmt":"2015-11-27T17:19:41","guid":{"rendered":"http:\/\/www.cristianbuda.com\/acacia\/de\/?page_id=726"},"modified":"2025-01-20T17:36:34","modified_gmt":"2025-01-20T16:36:34","slug":"inklusive-strand","status":"publish","type":"page","link":"https:\/\/www.hotelacacia.it\/de\/inklusive-strand\/","title":{"rendered":"Inklusive Strand: Mit dem Hotel Acacia vertraglich gebundenen Strandb\u00e4der"},"content":{"rendered":"<div class=\"wpb-content-wrapper\"><p>[vc_row][vc_column css=&#8220;.vc_custom_1447433941946{margin-bottom: 20px !important;}&#8220;][vc_column_text]Das Hotel Acacia befindet sich nur wenige Meter vom Strand entfernt und wird mit den \u201eAll Inclusive\u201c-Paketen mit den Strandb\u00e4dern \u201eBagno Bruno\/Bagno Oriano\u201c und \u201eBagno Corallo\u201c in Villamarina di Cesenatico angeboten.[\/vc_column_text][\/vc_column][vc_column width=&#8220;1\/2&#8243;][vc_row_inner css=&#8220;.vc_custom_1448366349030{margin-right: 0px !important;margin-bottom: 10px !important;margin-left: 0px !important;}&#8220; el_class=&#8220;box-tratteggio&#8220;][vc_column_inner][vc_column_text]<\/p>\n<h3>Bagno Bruno 37 \/ Bagno Oriano 36<\/h3>\n<p>[\/vc_column_text][vc_single_image image=&#8220;4541&#8243; img_size=&#8220;400&#215;250&#8243; alignment=&#8220;center&#8220; style=&#8220;vc_box_rounded&#8220;][vc_column_text]Die Badeanstalten Bagno Bruno 37 und Bagno Oriano 36 in Villamarina bieten:<\/p>\n<ul>\n<li>Kinderspielplatz<\/li>\n<li>Animation<\/li>\n<li>Zuckerwatte-Party \/ Nutella-Party \/ Popcorn-Party<\/li>\n<li>Professionelles Pin-Pong und Tischfu\u00dfball im Freien<\/li>\n<li>Matratzenaufbewahrung<\/li>\n<li>Hoch<\/li>\n<li>Bibliotheksbereich<\/li>\n<li>Regelung Bocciabahn<\/li>\n<li>Beachvolleyballplatz<\/li>\n<li>Lokale und nationale Zeitungen<\/li>\n<li>Warmwasserdusche<\/li>\n<li>Wickeltisch<\/li>\n<li>Kompressor<\/li>\n<li>WLAN am Strand<\/li>\n<li>WC \/ Toiletten \/ Umkleidekabinen<\/li>\n<li>Anti-Verlust-Armb\u00e4nder<\/li>\n<li>Smartphone-Ladeservice<\/li>\n<\/ul>\n<p>[\/vc_column_text][\/vc_column_inner][\/vc_row_inner][\/vc_column][vc_column width=&#8220;1\/2&#8243;][vc_row_inner css=&#8220;.vc_custom_1448366363479{margin-right: 0px !important;margin-bottom: 10px !important;margin-left: 0px !important;}&#8220; el_class=&#8220;box-tratteggio&#8220;][vc_column_inner][vc_column_text]<\/p>\n<h3>Bagno Corallo\u00a045<\/h3>\n<p>[\/vc_column_text][vc_single_image image=&#8220;591&#8243; img_size=&#8220;400&#215;250&#8243; alignment=&#8220;center&#8220; style=&#8220;vc_box_rounded&#8220;][vc_column_text]Das Strandbad Bagno Corallo 45 ist ausgestattet\u00a0mit:<\/p>\n<ul class=\"list_check\">\n<li>Kabinen<\/li>\n<li>Duschen<\/li>\n<li>Bar<\/li>\n<li>Beach-Volleyball-\/Beachballpl\u00e4tzen<\/li>\n<li>Bocciabahnen<\/li>\n<li>Basketballpl\u00e4tzen<\/li>\n<li>Hundestrand \u201eDog Beach\u201c<\/li>\n<\/ul>\n<p>[\/vc_column_text][\/vc_column_inner][\/vc_row_inner][\/vc_column][\/vc_row][vc_row css=&#8220;.vc_custom_1447437231515{margin-right: -5px !important;margin-left: -5px !important;padding-top: 10px !important;padding-bottom: 10px !important;background-color: #ededed !important;border-radius: 5px !important;}&#8220;][vc_column][vc_column_text css=&#8220;.vc_custom_1448644600909{margin-top: 20px !important;margin-bottom: 20px !important;}&#8220;]<\/p>\n<h3>Hundestrand: \u201eDog Beach\u201c nur wenige Meter vom Hotel Acacia entfernt<\/h3>\n<p>[\/vc_column_text][\/vc_column][vc_column width=&#8220;1\/3&#8243;][vc_single_image image=&#8220;594&#8243; img_size=&#8220;300&#215;250&#8243; alignment=&#8220;center&#8220; style=&#8220;vc_box_rounded&#8220;][\/vc_column][vc_column width=&#8220;2\/3&#8243;][vc_column_text]Allen, die mit dem eigenen Hund unterwegs sind und ihn gerne zum Strand mitnehmen m\u00f6chten, empfehlen wir das Strandbad \u201e<strong>Bagno Corallo 45<\/strong>\u201c, das f\u00fcr Hunde ausgestattet ist.<\/p>\n<p>Dabei handelt es sich um einen eigenen Bereich innerhalb des Strandbades, wo Hunde gestattet sind und der ausschlie\u00dflich den Haltern von den Tieren vorbehalten ist.<\/p>\n<p>Das Hotel Acacia befindet sich in einer Entfernung von nur 150 Metern vom Strand \u201eDog Beach\u201c, der somit einfach zu erreichen ist.[\/vc_column_text][\/vc_column][\/vc_row][vc_row][vc_column][vc_column_text]<\/p>\n<h2>Der Strand von Cesenatico: Sicher und voll mit Aktivit\u00e4ten!<\/h2>\n<p>[\/vc_column_text][vc_single_image image=&#8220;379&#8243; img_size=&#8220;900&#215;350&#8243; alignment=&#8220;center&#8220; style=&#8220;vc_box_rounded&#8220;][vc_column_text]Der Strand von Cesenatico z\u00e4hlt wegen seiner Beschaffenheit zu den sichersten Str\u00e4nden f\u00fcr Kinder, wodurch er im Laufe der Jahre zum bevorzugten Ziel f\u00fcr Familien geworden ist.<\/p>\n<p>Entlang der K\u00fcste von Cesenatico ist es au\u00dferdem m\u00f6glich, zahlreiche Sportarten auszu\u00fcben, vom Beach-Volleyball bis zum Windsurfing und w\u00e4hrend sich die Eltern in der Sonne entspannen, k\u00f6nnen die Kinder in den zahlreichen Baby-Bereichen, die unweit vom Meer eingerichtet sind, spielen und sich unterhalten.<\/p>\n<p>Die Animateure sind stets bereit, die Tage der Sonnenbr\u00e4une wirklich einzigartig zu gestalten: Musik, Fitness, Gruppenspiele und noch vieles mehr, um den Urlaub am Meer in Cesenatico wirklich zu genie\u00dfen.<\/p>\n<p>F\u00fcr alle, die das Meer lieben, stehen Tretboote zum Mieten zur Verf\u00fcgung und man kann in den Segelvereinen von Cesenatico Segel- oder Windsurf-Unterricht nehmen.[\/vc_column_text][\/vc_column][\/vc_row]<\/p>\n<\/div>","protected":false},"excerpt":{"rendered":"<p>[vc_row][vc_column css=&#8220;.vc_custom_1447433941946{margin-bottom: 20px !important;}&#8220;][vc_column_text]Das Hotel Acacia befindet sich nur wenige Meter vom Strand entfernt und wird mit den \u201eAll Inclusive\u201c-Paketen mit den Strandb\u00e4dern \u201eBagno Bruno\/Bagno Oriano\u201c<span class=\"excerpt-hellip\"> [\u2026]<\/span><\/p>\n","protected":false},"author":1,"featured_media":3191,"parent":0,"menu_order":0,"comment_status":"closed","ping_status":"closed","template":"","meta":{"_acf_changed":false,"footnotes":""},"class_list":["post-726","page","type-page","status-publish","has-post-thumbnail","hentry"],"acf":[],"yoast_head":"<!-- This site is optimized with the Yoast SEO plugin v27.5 - https:\/\/yoast.com\/product\/yoast-seo-wordpress\/ -->\n<title>Inklusive Strand: Mit dem Hotel Acacia vertraglich gebundenen Strandb\u00e4der - Acacia Hotel Cesenatico<\/title>\n<meta name=\"description\" content=\"Das Hotel Acacia befindet sich nur wenige Meter vom Strand entfernt und wird mit den \u201eAll Inclusive\u201c-Paketen mit den Strandb\u00e4dern in Cesenatico angeboten.\" \/>\n<meta name=\"robots\" content=\"index, follow, max-snippet:-1, max-image-preview:large, max-video-preview:-1\" \/>\n<link rel=\"canonical\" href=\"https:\/\/www.hotelacacia.it\/de\/inklusive-strand\/\" \/>\n<meta property=\"og:locale\" content=\"de_DE\" \/>\n<meta property=\"og:type\" content=\"article\" \/>\n<meta property=\"og:title\" content=\"Inklusive Strand: Mit dem Hotel Acacia vertraglich gebundenen Strandb\u00e4der - Acacia Hotel Cesenatico\" \/>\n<meta property=\"og:description\" content=\"Das Hotel Acacia befindet sich nur wenige Meter vom Strand entfernt und wird mit den \u201eAll Inclusive\u201c-Paketen mit den Strandb\u00e4dern in Cesenatico angeboten.\" \/>\n<meta property=\"og:url\" content=\"https:\/\/www.hotelacacia.it\/de\/inklusive-strand\/\" \/>\n<meta property=\"og:site_name\" content=\"Acacia Hotel Cesenatico\" \/>\n<meta property=\"article:modified_time\" content=\"2025-01-20T16:36:34+00:00\" \/>\n<meta property=\"og:image\" content=\"https:\/\/www.hotelacacia.it\/wp-content\/uploads\/2020\/03\/bigstock-Blue-Umbrellas-And-Chaise-Loun-239259895.jpg\" \/>\n\t<meta property=\"og:image:width\" content=\"1200\" \/>\n\t<meta property=\"og:image:height\" content=\"801\" \/>\n\t<meta property=\"og:image:type\" content=\"image\/jpeg\" \/>\n<meta name=\"twitter:card\" content=\"summary_large_image\" \/>\n<meta name=\"twitter:label1\" content=\"Gesch\u00e4tzte Lesezeit\" \/>\n\t<meta name=\"twitter:data1\" content=\"3\u00a0Minuten\" \/>\n<script type=\"application\/ld+json\" class=\"yoast-schema-graph\">{\"@context\":\"https:\\\/\\\/schema.org\",\"@graph\":[{\"@type\":\"WebPage\",\"@id\":\"https:\\\/\\\/www.hotelacacia.it\\\/de\\\/inklusive-strand\\\/\",\"url\":\"https:\\\/\\\/www.hotelacacia.it\\\/de\\\/inklusive-strand\\\/\",\"name\":\"Inklusive Strand: Mit dem Hotel Acacia vertraglich gebundenen Strandb\u00e4der - Acacia Hotel Cesenatico\",\"isPartOf\":{\"@id\":\"https:\\\/\\\/www.hotelacacia.it\\\/#website\"},\"primaryImageOfPage\":{\"@id\":\"https:\\\/\\\/www.hotelacacia.it\\\/de\\\/inklusive-strand\\\/#primaryimage\"},\"image\":{\"@id\":\"https:\\\/\\\/www.hotelacacia.it\\\/de\\\/inklusive-strand\\\/#primaryimage\"},\"thumbnailUrl\":\"https:\\\/\\\/www.hotelacacia.it\\\/wp-content\\\/uploads\\\/2020\\\/03\\\/bigstock-Blue-Umbrellas-And-Chaise-Loun-239259895.jpg\",\"datePublished\":\"2015-11-27T17:19:41+00:00\",\"dateModified\":\"2025-01-20T16:36:34+00:00\",\"description\":\"Das Hotel Acacia befindet sich nur wenige Meter vom Strand entfernt und wird mit den \u201eAll Inclusive\u201c-Paketen mit den Strandb\u00e4dern in Cesenatico angeboten.\",\"breadcrumb\":{\"@id\":\"https:\\\/\\\/www.hotelacacia.it\\\/de\\\/inklusive-strand\\\/#breadcrumb\"},\"inLanguage\":\"de\",\"potentialAction\":[{\"@type\":\"ReadAction\",\"target\":[\"https:\\\/\\\/www.hotelacacia.it\\\/de\\\/inklusive-strand\\\/\"]}]},{\"@type\":\"ImageObject\",\"inLanguage\":\"de\",\"@id\":\"https:\\\/\\\/www.hotelacacia.it\\\/de\\\/inklusive-strand\\\/#primaryimage\",\"url\":\"https:\\\/\\\/www.hotelacacia.it\\\/wp-content\\\/uploads\\\/2020\\\/03\\\/bigstock-Blue-Umbrellas-And-Chaise-Loun-239259895.jpg\",\"contentUrl\":\"https:\\\/\\\/www.hotelacacia.it\\\/wp-content\\\/uploads\\\/2020\\\/03\\\/bigstock-Blue-Umbrellas-And-Chaise-Loun-239259895.jpg\",\"width\":1200,\"height\":801,\"caption\":\"Blue umbrellas and chaise lounges on the beach of Rimini in Italy\"},{\"@type\":\"BreadcrumbList\",\"@id\":\"https:\\\/\\\/www.hotelacacia.it\\\/de\\\/inklusive-strand\\\/#breadcrumb\",\"itemListElement\":[{\"@type\":\"ListItem\",\"position\":1,\"name\":\"Home\",\"item\":\"https:\\\/\\\/www.hotelacacia.it\\\/de\\\/\"},{\"@type\":\"ListItem\",\"position\":2,\"name\":\"Inklusive Strand: Mit dem Hotel Acacia vertraglich gebundenen Strandb\u00e4der\"}]},{\"@type\":\"WebSite\",\"@id\":\"https:\\\/\\\/www.hotelacacia.it\\\/#website\",\"url\":\"https:\\\/\\\/www.hotelacacia.it\\\/\",\"name\":\"Acacia Hotel Cesenatico\",\"description\":\"Hotel 3 stelle a Cesenatico\",\"publisher\":{\"@id\":\"https:\\\/\\\/www.hotelacacia.it\\\/#organization\"},\"potentialAction\":[{\"@type\":\"SearchAction\",\"target\":{\"@type\":\"EntryPoint\",\"urlTemplate\":\"https:\\\/\\\/www.hotelacacia.it\\\/?s={search_term_string}\"},\"query-input\":{\"@type\":\"PropertyValueSpecification\",\"valueRequired\":true,\"valueName\":\"search_term_string\"}}],\"inLanguage\":\"de\"},{\"@type\":\"Organization\",\"@id\":\"https:\\\/\\\/www.hotelacacia.it\\\/#organization\",\"name\":\"Hotel Acacia Cesenatico\",\"url\":\"https:\\\/\\\/www.hotelacacia.it\\\/\",\"logo\":{\"@type\":\"ImageObject\",\"inLanguage\":\"de\",\"@id\":\"https:\\\/\\\/www.hotelacacia.it\\\/#\\\/schema\\\/logo\\\/image\\\/\",\"url\":\"https:\\\/\\\/www.hotelacacia.it\\\/acacia\\\/wp-content\\\/uploads\\\/2015\\\/11\\\/logo-hotel-acacia-quadrato.png\",\"contentUrl\":\"https:\\\/\\\/www.hotelacacia.it\\\/acacia\\\/wp-content\\\/uploads\\\/2015\\\/11\\\/logo-hotel-acacia-quadrato.png\",\"width\":230,\"height\":230,\"caption\":\"Hotel Acacia Cesenatico\"},\"image\":{\"@id\":\"https:\\\/\\\/www.hotelacacia.it\\\/#\\\/schema\\\/logo\\\/image\\\/\"}}]}<\/script>\n<!-- \/ Yoast SEO plugin. -->","yoast_head_json":{"title":"Inklusive Strand: Mit dem Hotel Acacia vertraglich gebundenen Strandb\u00e4der - Acacia Hotel Cesenatico","description":"Das Hotel Acacia befindet sich nur wenige Meter vom Strand entfernt und wird mit den \u201eAll Inclusive\u201c-Paketen mit den Strandb\u00e4dern in Cesenatico angeboten.","robots":{"index":"index","follow":"follow","max-snippet":"max-snippet:-1","max-image-preview":"max-image-preview:large","max-video-preview":"max-video-preview:-1"},"canonical":"https:\/\/www.hotelacacia.it\/de\/inklusive-strand\/","og_locale":"de_DE","og_type":"article","og_title":"Inklusive Strand: Mit dem Hotel Acacia vertraglich gebundenen Strandb\u00e4der - Acacia Hotel Cesenatico","og_description":"Das Hotel Acacia befindet sich nur wenige Meter vom Strand entfernt und wird mit den \u201eAll Inclusive\u201c-Paketen mit den Strandb\u00e4dern in Cesenatico angeboten.","og_url":"https:\/\/www.hotelacacia.it\/de\/inklusive-strand\/","og_site_name":"Acacia Hotel Cesenatico","article_modified_time":"2025-01-20T16:36:34+00:00","og_image":[{"width":1200,"height":801,"url":"https:\/\/www.hotelacacia.it\/wp-content\/uploads\/2020\/03\/bigstock-Blue-Umbrellas-And-Chaise-Loun-239259895.jpg","type":"image\/jpeg"}],"twitter_card":"summary_large_image","twitter_misc":{"Gesch\u00e4tzte Lesezeit":"3\u00a0Minuten"},"schema":{"@context":"https:\/\/schema.org","@graph":[{"@type":"WebPage","@id":"https:\/\/www.hotelacacia.it\/de\/inklusive-strand\/","url":"https:\/\/www.hotelacacia.it\/de\/inklusive-strand\/","name":"Inklusive Strand: Mit dem Hotel Acacia vertraglich gebundenen Strandb\u00e4der - Acacia Hotel Cesenatico","isPartOf":{"@id":"https:\/\/www.hotelacacia.it\/#website"},"primaryImageOfPage":{"@id":"https:\/\/www.hotelacacia.it\/de\/inklusive-strand\/#primaryimage"},"image":{"@id":"https:\/\/www.hotelacacia.it\/de\/inklusive-strand\/#primaryimage"},"thumbnailUrl":"https:\/\/www.hotelacacia.it\/wp-content\/uploads\/2020\/03\/bigstock-Blue-Umbrellas-And-Chaise-Loun-239259895.jpg","datePublished":"2015-11-27T17:19:41+00:00","dateModified":"2025-01-20T16:36:34+00:00","description":"Das Hotel Acacia befindet sich nur wenige Meter vom Strand entfernt und wird mit den \u201eAll Inclusive\u201c-Paketen mit den Strandb\u00e4dern in Cesenatico angeboten.","breadcrumb":{"@id":"https:\/\/www.hotelacacia.it\/de\/inklusive-strand\/#breadcrumb"},"inLanguage":"de","potentialAction":[{"@type":"ReadAction","target":["https:\/\/www.hotelacacia.it\/de\/inklusive-strand\/"]}]},{"@type":"ImageObject","inLanguage":"de","@id":"https:\/\/www.hotelacacia.it\/de\/inklusive-strand\/#primaryimage","url":"https:\/\/www.hotelacacia.it\/wp-content\/uploads\/2020\/03\/bigstock-Blue-Umbrellas-And-Chaise-Loun-239259895.jpg","contentUrl":"https:\/\/www.hotelacacia.it\/wp-content\/uploads\/2020\/03\/bigstock-Blue-Umbrellas-And-Chaise-Loun-239259895.jpg","width":1200,"height":801,"caption":"Blue umbrellas and chaise lounges on the beach of Rimini in Italy"},{"@type":"BreadcrumbList","@id":"https:\/\/www.hotelacacia.it\/de\/inklusive-strand\/#breadcrumb","itemListElement":[{"@type":"ListItem","position":1,"name":"Home","item":"https:\/\/www.hotelacacia.it\/de\/"},{"@type":"ListItem","position":2,"name":"Inklusive Strand: Mit dem Hotel Acacia vertraglich gebundenen Strandb\u00e4der"}]},{"@type":"WebSite","@id":"https:\/\/www.hotelacacia.it\/#website","url":"https:\/\/www.hotelacacia.it\/","name":"Acacia Hotel Cesenatico","description":"Hotel 3 stelle a Cesenatico","publisher":{"@id":"https:\/\/www.hotelacacia.it\/#organization"},"potentialAction":[{"@type":"SearchAction","target":{"@type":"EntryPoint","urlTemplate":"https:\/\/www.hotelacacia.it\/?s={search_term_string}"},"query-input":{"@type":"PropertyValueSpecification","valueRequired":true,"valueName":"search_term_string"}}],"inLanguage":"de"},{"@type":"Organization","@id":"https:\/\/www.hotelacacia.it\/#organization","name":"Hotel Acacia Cesenatico","url":"https:\/\/www.hotelacacia.it\/","logo":{"@type":"ImageObject","inLanguage":"de","@id":"https:\/\/www.hotelacacia.it\/#\/schema\/logo\/image\/","url":"https:\/\/www.hotelacacia.it\/acacia\/wp-content\/uploads\/2015\/11\/logo-hotel-acacia-quadrato.png","contentUrl":"https:\/\/www.hotelacacia.it\/acacia\/wp-content\/uploads\/2015\/11\/logo-hotel-acacia-quadrato.png","width":230,"height":230,"caption":"Hotel Acacia Cesenatico"},"image":{"@id":"https:\/\/www.hotelacacia.it\/#\/schema\/logo\/image\/"}}]}},"publishpress_future_action":{"enabled":false,"date":"2026-05-22 13:56:54","action":"change-status","newStatus":"draft","terms":[],"taxonomy":"translation_priority","extraData":[]},"publishpress_future_workflow_manual_trigger":{"enabledWorkflows":[]},"_links":{"self":[{"href":"https:\/\/www.hotelacacia.it\/de\/wp-json\/wp\/v2\/pages\/726","targetHints":{"allow":["GET"]}}],"collection":[{"href":"https:\/\/www.hotelacacia.it\/de\/wp-json\/wp\/v2\/pages"}],"about":[{"href":"https:\/\/www.hotelacacia.it\/de\/wp-json\/wp\/v2\/types\/page"}],"author":[{"embeddable":true,"href":"https:\/\/www.hotelacacia.it\/de\/wp-json\/wp\/v2\/users\/1"}],"replies":[{"embeddable":true,"href":"https:\/\/www.hotelacacia.it\/de\/wp-json\/wp\/v2\/comments?post=726"}],"version-history":[{"count":2,"href":"https:\/\/www.hotelacacia.it\/de\/wp-json\/wp\/v2\/pages\/726\/revisions"}],"predecessor-version":[{"id":4544,"href":"https:\/\/www.hotelacacia.it\/de\/wp-json\/wp\/v2\/pages\/726\/revisions\/4544"}],"wp:featuredmedia":[{"embeddable":true,"href":"https:\/\/www.hotelacacia.it\/de\/wp-json\/wp\/v2\/media\/3191"}],"wp:attachment":[{"href":"https:\/\/www.hotelacacia.it\/de\/wp-json\/wp\/v2\/media?parent=726"}],"curies":[{"name":"wp","href":"https:\/\/api.w.org\/{rel}","templated":true}]}}