{"id":724,"date":"2015-11-12T17:36:14","date_gmt":"2015-11-12T16:36:14","guid":{"rendered":"http:\/\/www.cristianbuda.com\/acacia\/de\/?page_id=724"},"modified":"2024-05-24T10:20:08","modified_gmt":"2024-05-24T08:20:08","slug":"restaurant","status":"publish","type":"page","link":"https:\/\/www.hotelacacia.it\/de\/restaurant\/","title":{"rendered":"K\u00fcche, die auf die Bed\u00fcrfnisse aller eingeht"},"content":{"rendered":"<div class=\"wpb-content-wrapper\"><p>[vc_section full_width=&#8220;stretch_row&#8220; content_placement=&#8220;middle&#8220; css=&#8220;.vc_custom_1678292416662{border-bottom-width: 20px !important;padding-top: 30px !important;padding-bottom: 30px !important;background-position: center !important;background-repeat: no-repeat !important;background-size: cover !important;border-bottom-color: #ffffff !important;border-bottom-style: solid !important;}&#8220;][vc_row][vc_column width=&#8220;1\/2&#8243;][vc_column_text]Der Restaurantservice ist besonders gepflegt und ber\u00fccksichtigt die Traditionen der Romagna.<\/p>\n<p>Der Morgen beginnt mit dem <strong>reichhaltigen Fr\u00fchst\u00fccksbuffet<\/strong> mit einer gro\u00dfen Auswahl an s\u00fc\u00dfen und herzhaften Speisen. Obst, Eier, Wurstwaren, K\u00e4se, Brot, Marmelade, M\u00fcsli, Joghurt, Kuchen, Croissants und andere unwiderstehliche Produkte zu Ihren Lieblingsgetr\u00e4nken wie Kaffee, Cappuccino, Caffe Latte, frisch gepresste S\u00e4fte, Fruchts\u00e4fte, Tee usw.<\/p>\n<p><strong>Beim Mittag- und Abendessen<\/strong> gibt es drei Men\u00fcs zur Auswahl, wobei jeden Tag Fleisch und Fisch angeboten und von einem reichhaltigen Buffet mit frischem, gekochtem und gegrilltem Gem\u00fcse begleitet werden.<\/p>\n<p><strong> Die K\u00fcche kommt in Bezug auf \u00c4nderungen und Kindermen\u00fcs sehr flexibel und bereitwillig entgegen<\/strong>. Und\u2026 hie und da gibt es nat\u00fcrlich ein f\u00fcr die Romagna typisches Abendessen mit Piadina-Teigfladen, Aufschnitt, Passatelli (spezielle Suppeneinlage), etc.<\/p>\n<p>Alle Speisen werden in unserem klimatisierten Restaurant serviert.[\/vc_column_text][\/vc_column][vc_column width=&#8220;1\/2&#8243;][vc_media_grid initial_loading_animation=&#8220;bounceInUp&#8220; grid_id=&#8220;vc_gid:1716538745362-c71b0616-e08a-8&#8243; include=&#8220;4400,4404,4408,640,639,642,2076,2081,2077&#8243;][\/vc_column][\/vc_row][\/vc_section][vc_section full_width=&#8220;stretch_row&#8220; content_placement=&#8220;middle&#8220; css=&#8220;.vc_custom_1678819941942{border-bottom-width: 20px !important;background-image: url(https:\/\/www.hotelacacia.it\/wp-content\/uploads\/2018\/07\/IMG_2715.jpg?id=1817) !important;background-position: center !important;background-repeat: no-repeat !important;background-size: cover !important;border-bottom-color: #ffffff !important;border-bottom-style: solid !important;}&#8220; el_class=&#8220;fixedbg photorow&#8220;][vc_row][vc_column][vc_column_text el_class=&#8220;main_title&#8220;]<\/p>\n<h2 class=\"\" style=\"text-align: center;\">Sonderleistungen<\/h2>\n<p>[\/vc_column_text][\/vc_column][\/vc_row][vc_row gap=&#8220;30&#8243; equal_height=&#8220;yes&#8220;][vc_column width=&#8220;1\/2&#8243; el_class=&#8220;highlight-box&#8220;][vc_column_text]<\/p>\n<h3>F\u00fcr Kinder:<\/h3>\n<p>[\/vc_column_text][vc_single_image image=&#8220;325&#8243; img_size=&#8220;full&#8220; alignment=&#8220;center&#8220; style=&#8220;vc_box_rounded&#8220;][vc_column_text]<\/p>\n<ul class=\"list_check\">\n<li>Variationen f\u00fcr Kinder auf der Speisekarte<\/li>\n<li>Flexible \u00d6ffnungszeiten im Restaurant<\/li>\n<\/ul>\n<p>[\/vc_column_text][\/vc_column][vc_column width=&#8220;1\/2&#8243; el_class=&#8220;highlight-box&#8220;][vc_column_text]<\/p>\n<h3>Lebensmittelintoleranz:<\/h3>\n<p>[\/vc_column_text][vc_single_image image=&#8220;320&#8243; img_size=&#8220;full&#8220; alignment=&#8220;center&#8220; style=&#8220;vc_box_rounded&#8220;][vc_column_text]Wenn bei der Buchung gew\u00fcnscht, bereiten wir Men\u00fcs zu, die auf alle Arten von Unvertr\u00e4glichkeiten pers\u00f6nlich abgestimmt sind.[\/vc_column_text][\/vc_column][\/vc_row][\/vc_section]<\/p>\n<\/div>","protected":false},"excerpt":{"rendered":"<p>[vc_section full_width=&#8220;stretch_row&#8220; content_placement=&#8220;middle&#8220; css=&#8220;.vc_custom_1678292416662{border-bottom-width: 20px !important;padding-top: 30px !important;padding-bottom: 30px !important;background-position: center !important;background-repeat: no-repeat !important;background-size: cover !important;border-bottom-color: #ffffff !important;border-bottom-style: solid !important;}&#8220;][vc_row][vc_column width=&#8220;1\/2&#8243;][vc_column_text]Der Restaurantservice ist besonders gepflegt und<span class=\"excerpt-hellip\"> [\u2026]<\/span><\/p>\n","protected":false},"author":1,"featured_media":2903,"parent":0,"menu_order":0,"comment_status":"closed","ping_status":"closed","template":"","meta":{"_acf_changed":false,"footnotes":""},"class_list":["post-724","page","type-page","status-publish","has-post-thumbnail","hentry"],"acf":[],"yoast_head":"<!-- This site is optimized with the Yoast SEO plugin v27.5 - https:\/\/yoast.com\/product\/yoast-seo-wordpress\/ -->\n<title>Romagna-K\u00fcche | Hotel Acacia Cesenatico<\/title>\n<meta name=\"description\" content=\"Cucina tipica romagnola e nazionale all&#039;Hotel Acacia di Cesenatico. Per ogni tipo di intolleranza alimentare, menu personalizzati su richiesta.\" \/>\n<meta name=\"robots\" content=\"index, follow, max-snippet:-1, max-image-preview:large, max-video-preview:-1\" \/>\n<link rel=\"canonical\" href=\"https:\/\/www.hotelacacia.it\/de\/restaurant\/\" \/>\n<meta property=\"og:locale\" content=\"de_DE\" \/>\n<meta property=\"og:type\" content=\"article\" \/>\n<meta property=\"og:title\" content=\"Romagna-K\u00fcche | Hotel Acacia Cesenatico\" \/>\n<meta property=\"og:description\" content=\"Cucina tipica romagnola e nazionale all&#039;Hotel Acacia di Cesenatico. Per ogni tipo di intolleranza alimentare, menu personalizzati su richiesta.\" \/>\n<meta property=\"og:url\" content=\"https:\/\/www.hotelacacia.it\/de\/restaurant\/\" \/>\n<meta property=\"og:site_name\" content=\"Acacia Hotel Cesenatico\" \/>\n<meta property=\"article:modified_time\" content=\"2024-05-24T08:20:08+00:00\" \/>\n<meta property=\"og:image\" content=\"https:\/\/www.hotelacacia.it\/wp-content\/uploads\/2015\/11\/buffet-di-antipasti.jpg\" \/>\n\t<meta property=\"og:image:width\" content=\"1024\" \/>\n\t<meta property=\"og:image:height\" content=\"640\" \/>\n\t<meta property=\"og:image:type\" content=\"image\/jpeg\" \/>\n<meta name=\"twitter:card\" content=\"summary_large_image\" \/>\n<meta name=\"twitter:label1\" content=\"Gesch\u00e4tzte Lesezeit\" \/>\n\t<meta name=\"twitter:data1\" content=\"3\u00a0Minuten\" \/>\n<script type=\"application\/ld+json\" class=\"yoast-schema-graph\">{\"@context\":\"https:\\\/\\\/schema.org\",\"@graph\":[{\"@type\":\"WebPage\",\"@id\":\"https:\\\/\\\/www.hotelacacia.it\\\/de\\\/restaurant\\\/\",\"url\":\"https:\\\/\\\/www.hotelacacia.it\\\/de\\\/restaurant\\\/\",\"name\":\"Romagna-K\u00fcche | Hotel Acacia Cesenatico\",\"isPartOf\":{\"@id\":\"https:\\\/\\\/www.hotelacacia.it\\\/#website\"},\"primaryImageOfPage\":{\"@id\":\"https:\\\/\\\/www.hotelacacia.it\\\/de\\\/restaurant\\\/#primaryimage\"},\"image\":{\"@id\":\"https:\\\/\\\/www.hotelacacia.it\\\/de\\\/restaurant\\\/#primaryimage\"},\"thumbnailUrl\":\"https:\\\/\\\/www.hotelacacia.it\\\/wp-content\\\/uploads\\\/2015\\\/11\\\/buffet-di-antipasti.jpg\",\"datePublished\":\"2015-11-12T16:36:14+00:00\",\"dateModified\":\"2024-05-24T08:20:08+00:00\",\"description\":\"Cucina tipica romagnola e nazionale all'Hotel Acacia di Cesenatico. Per ogni tipo di intolleranza alimentare, menu personalizzati su richiesta.\",\"breadcrumb\":{\"@id\":\"https:\\\/\\\/www.hotelacacia.it\\\/de\\\/restaurant\\\/#breadcrumb\"},\"inLanguage\":\"de\",\"potentialAction\":[{\"@type\":\"ReadAction\",\"target\":[\"https:\\\/\\\/www.hotelacacia.it\\\/de\\\/restaurant\\\/\"]}]},{\"@type\":\"ImageObject\",\"inLanguage\":\"de\",\"@id\":\"https:\\\/\\\/www.hotelacacia.it\\\/de\\\/restaurant\\\/#primaryimage\",\"url\":\"https:\\\/\\\/www.hotelacacia.it\\\/wp-content\\\/uploads\\\/2015\\\/11\\\/buffet-di-antipasti.jpg\",\"contentUrl\":\"https:\\\/\\\/www.hotelacacia.it\\\/wp-content\\\/uploads\\\/2015\\\/11\\\/buffet-di-antipasti.jpg\",\"width\":1024,\"height\":640},{\"@type\":\"BreadcrumbList\",\"@id\":\"https:\\\/\\\/www.hotelacacia.it\\\/de\\\/restaurant\\\/#breadcrumb\",\"itemListElement\":[{\"@type\":\"ListItem\",\"position\":1,\"name\":\"Home\",\"item\":\"https:\\\/\\\/www.hotelacacia.it\\\/de\\\/\"},{\"@type\":\"ListItem\",\"position\":2,\"name\":\"K\u00fcche, die auf die Bed\u00fcrfnisse aller eingeht\"}]},{\"@type\":\"WebSite\",\"@id\":\"https:\\\/\\\/www.hotelacacia.it\\\/#website\",\"url\":\"https:\\\/\\\/www.hotelacacia.it\\\/\",\"name\":\"Acacia Hotel Cesenatico\",\"description\":\"Hotel 3 stelle a Cesenatico\",\"publisher\":{\"@id\":\"https:\\\/\\\/www.hotelacacia.it\\\/#organization\"},\"potentialAction\":[{\"@type\":\"SearchAction\",\"target\":{\"@type\":\"EntryPoint\",\"urlTemplate\":\"https:\\\/\\\/www.hotelacacia.it\\\/?s={search_term_string}\"},\"query-input\":{\"@type\":\"PropertyValueSpecification\",\"valueRequired\":true,\"valueName\":\"search_term_string\"}}],\"inLanguage\":\"de\"},{\"@type\":\"Organization\",\"@id\":\"https:\\\/\\\/www.hotelacacia.it\\\/#organization\",\"name\":\"Hotel Acacia Cesenatico\",\"url\":\"https:\\\/\\\/www.hotelacacia.it\\\/\",\"logo\":{\"@type\":\"ImageObject\",\"inLanguage\":\"de\",\"@id\":\"https:\\\/\\\/www.hotelacacia.it\\\/#\\\/schema\\\/logo\\\/image\\\/\",\"url\":\"https:\\\/\\\/www.hotelacacia.it\\\/acacia\\\/wp-content\\\/uploads\\\/2015\\\/11\\\/logo-hotel-acacia-quadrato.png\",\"contentUrl\":\"https:\\\/\\\/www.hotelacacia.it\\\/acacia\\\/wp-content\\\/uploads\\\/2015\\\/11\\\/logo-hotel-acacia-quadrato.png\",\"width\":230,\"height\":230,\"caption\":\"Hotel Acacia Cesenatico\"},\"image\":{\"@id\":\"https:\\\/\\\/www.hotelacacia.it\\\/#\\\/schema\\\/logo\\\/image\\\/\"}}]}<\/script>\n<!-- \/ Yoast SEO plugin. -->","yoast_head_json":{"title":"Romagna-K\u00fcche | Hotel Acacia Cesenatico","description":"Cucina tipica romagnola e nazionale all'Hotel Acacia di Cesenatico. Per ogni tipo di intolleranza alimentare, menu personalizzati su richiesta.","robots":{"index":"index","follow":"follow","max-snippet":"max-snippet:-1","max-image-preview":"max-image-preview:large","max-video-preview":"max-video-preview:-1"},"canonical":"https:\/\/www.hotelacacia.it\/de\/restaurant\/","og_locale":"de_DE","og_type":"article","og_title":"Romagna-K\u00fcche | Hotel Acacia Cesenatico","og_description":"Cucina tipica romagnola e nazionale all'Hotel Acacia di Cesenatico. Per ogni tipo di intolleranza alimentare, menu personalizzati su richiesta.","og_url":"https:\/\/www.hotelacacia.it\/de\/restaurant\/","og_site_name":"Acacia Hotel Cesenatico","article_modified_time":"2024-05-24T08:20:08+00:00","og_image":[{"width":1024,"height":640,"url":"https:\/\/www.hotelacacia.it\/wp-content\/uploads\/2015\/11\/buffet-di-antipasti.jpg","type":"image\/jpeg"}],"twitter_card":"summary_large_image","twitter_misc":{"Gesch\u00e4tzte Lesezeit":"3\u00a0Minuten"},"schema":{"@context":"https:\/\/schema.org","@graph":[{"@type":"WebPage","@id":"https:\/\/www.hotelacacia.it\/de\/restaurant\/","url":"https:\/\/www.hotelacacia.it\/de\/restaurant\/","name":"Romagna-K\u00fcche | Hotel Acacia Cesenatico","isPartOf":{"@id":"https:\/\/www.hotelacacia.it\/#website"},"primaryImageOfPage":{"@id":"https:\/\/www.hotelacacia.it\/de\/restaurant\/#primaryimage"},"image":{"@id":"https:\/\/www.hotelacacia.it\/de\/restaurant\/#primaryimage"},"thumbnailUrl":"https:\/\/www.hotelacacia.it\/wp-content\/uploads\/2015\/11\/buffet-di-antipasti.jpg","datePublished":"2015-11-12T16:36:14+00:00","dateModified":"2024-05-24T08:20:08+00:00","description":"Cucina tipica romagnola e nazionale all'Hotel Acacia di Cesenatico. Per ogni tipo di intolleranza alimentare, menu personalizzati su richiesta.","breadcrumb":{"@id":"https:\/\/www.hotelacacia.it\/de\/restaurant\/#breadcrumb"},"inLanguage":"de","potentialAction":[{"@type":"ReadAction","target":["https:\/\/www.hotelacacia.it\/de\/restaurant\/"]}]},{"@type":"ImageObject","inLanguage":"de","@id":"https:\/\/www.hotelacacia.it\/de\/restaurant\/#primaryimage","url":"https:\/\/www.hotelacacia.it\/wp-content\/uploads\/2015\/11\/buffet-di-antipasti.jpg","contentUrl":"https:\/\/www.hotelacacia.it\/wp-content\/uploads\/2015\/11\/buffet-di-antipasti.jpg","width":1024,"height":640},{"@type":"BreadcrumbList","@id":"https:\/\/www.hotelacacia.it\/de\/restaurant\/#breadcrumb","itemListElement":[{"@type":"ListItem","position":1,"name":"Home","item":"https:\/\/www.hotelacacia.it\/de\/"},{"@type":"ListItem","position":2,"name":"K\u00fcche, die auf die Bed\u00fcrfnisse aller eingeht"}]},{"@type":"WebSite","@id":"https:\/\/www.hotelacacia.it\/#website","url":"https:\/\/www.hotelacacia.it\/","name":"Acacia Hotel Cesenatico","description":"Hotel 3 stelle a Cesenatico","publisher":{"@id":"https:\/\/www.hotelacacia.it\/#organization"},"potentialAction":[{"@type":"SearchAction","target":{"@type":"EntryPoint","urlTemplate":"https:\/\/www.hotelacacia.it\/?s={search_term_string}"},"query-input":{"@type":"PropertyValueSpecification","valueRequired":true,"valueName":"search_term_string"}}],"inLanguage":"de"},{"@type":"Organization","@id":"https:\/\/www.hotelacacia.it\/#organization","name":"Hotel Acacia Cesenatico","url":"https:\/\/www.hotelacacia.it\/","logo":{"@type":"ImageObject","inLanguage":"de","@id":"https:\/\/www.hotelacacia.it\/#\/schema\/logo\/image\/","url":"https:\/\/www.hotelacacia.it\/acacia\/wp-content\/uploads\/2015\/11\/logo-hotel-acacia-quadrato.png","contentUrl":"https:\/\/www.hotelacacia.it\/acacia\/wp-content\/uploads\/2015\/11\/logo-hotel-acacia-quadrato.png","width":230,"height":230,"caption":"Hotel Acacia Cesenatico"},"image":{"@id":"https:\/\/www.hotelacacia.it\/#\/schema\/logo\/image\/"}}]}},"publishpress_future_action":{"enabled":false,"date":"2026-05-22 13:56:54","action":"change-status","newStatus":"draft","terms":[],"taxonomy":"translation_priority","extraData":[]},"publishpress_future_workflow_manual_trigger":{"enabledWorkflows":[]},"_links":{"self":[{"href":"https:\/\/www.hotelacacia.it\/de\/wp-json\/wp\/v2\/pages\/724","targetHints":{"allow":["GET"]}}],"collection":[{"href":"https:\/\/www.hotelacacia.it\/de\/wp-json\/wp\/v2\/pages"}],"about":[{"href":"https:\/\/www.hotelacacia.it\/de\/wp-json\/wp\/v2\/types\/page"}],"author":[{"embeddable":true,"href":"https:\/\/www.hotelacacia.it\/de\/wp-json\/wp\/v2\/users\/1"}],"replies":[{"embeddable":true,"href":"https:\/\/www.hotelacacia.it\/de\/wp-json\/wp\/v2\/comments?post=724"}],"version-history":[{"count":9,"href":"https:\/\/www.hotelacacia.it\/de\/wp-json\/wp\/v2\/pages\/724\/revisions"}],"predecessor-version":[{"id":4436,"href":"https:\/\/www.hotelacacia.it\/de\/wp-json\/wp\/v2\/pages\/724\/revisions\/4436"}],"wp:featuredmedia":[{"embeddable":true,"href":"https:\/\/www.hotelacacia.it\/de\/wp-json\/wp\/v2\/media\/2903"}],"wp:attachment":[{"href":"https:\/\/www.hotelacacia.it\/de\/wp-json\/wp\/v2\/media?parent=724"}],"curies":[{"name":"wp","href":"https:\/\/api.w.org\/{rel}","templated":true}]}}