{"id":722,"date":"2015-11-10T11:23:08","date_gmt":"2015-11-10T10:23:08","guid":{"rendered":"http:\/\/www.cristianbuda.com\/acacia\/de\/?page_id=722"},"modified":"2023-10-27T10:46:25","modified_gmt":"2023-10-27T08:46:25","slug":"zimmer","status":"publish","type":"page","link":"https:\/\/www.hotelacacia.it\/de\/zimmer\/","title":{"rendered":"Zimmer: Typologien und Dienstleistungen"},"content":{"rendered":"<div class=\"wpb-content-wrapper\"><p>[vc_row][vc_column width=&#8220;2\/3&#8243; offset=&#8220;vc_col-sm-offset-2&#8243; css=&#8220;.vc_custom_1678816148028{padding-bottom: 35px !important;}&#8220;][vc_tta_accordion title_tag=&#8220;h3&#8243; style=&#8220;flat&#8220; color=&#8220;white&#8220; gap=&#8220;20&#8243; active_section=&#8220;99999&#8243; collapsible_all=&#8220;true&#8220; title=&#8220;Entdecken Sie die Typen&#8220;][vc_tta_section title=&#8220;Doppelzimmer&#8220; tab_id=&#8220;camera-doppia&#8220;][vc_row_inner][vc_column_inner width=&#8220;2\/5&#8243;][vc_column_text]<\/p>\n<h5><i class=\"fas fa-bed\"><\/i> bis zu 2 Erwachsene und 1 Kleinkind<\/h5>\n<p>[\/vc_column_text][vc_column_text]<\/p>\n<ul class=\"list_check\">\n<li>auch zur Einzelnutzung erh\u00e4ltlich<\/li>\n<li>M\u00f6glichkeit, ein Kinderbett hinzuzuf\u00fcgen<\/li>\n<\/ul>\n<p>[\/vc_column_text][\/vc_column_inner][vc_column_inner width=&#8220;3\/5&#8243;][vc_media_grid element_width=&#8220;6&#8243; gap=&#8220;15&#8243; initial_loading_animation=&#8220;none&#8220; grid_id=&#8220;vc_gid:1698396359641-cb5f2a22-8bc3-4&#8243; include=&#8220;1239,116&#8243; css=&#8220;.vc_custom_1698396267136{margin-top: 10px !important;margin-bottom: 10px !important;padding-bottom: 0px !important;}&#8220;][\/vc_column_inner][\/vc_row_inner][\/vc_tta_section][vc_tta_section title=&#8220;Dreibettzimmer&#8220; tab_id=&#8220;camera-tripla&#8220;][vc_row_inner][vc_column_inner width=&#8220;2\/5&#8243;][vc_column_text]<\/p>\n<h5><i class=\"fas fa-bed\"><\/i>\u00a0bis zu 3 Erwachsene<\/h5>\n<p>[\/vc_column_text][vc_column_text]<\/p>\n<ul class=\"list_check\">\n<li>con letto matrimoniale + letto singolo<\/li>\n<li>comoda e spaziosa<\/li>\n<\/ul>\n<p>[\/vc_column_text][\/vc_column_inner][vc_column_inner width=&#8220;3\/5&#8243;][vc_media_grid element_width=&#8220;6&#8243; gap=&#8220;15&#8243; initial_loading_animation=&#8220;none&#8220; grid_id=&#8220;vc_gid:1698396359645-5cafdab4-2506-4&#8243; include=&#8220;1242,1243&#8243; css=&#8220;.vc_custom_1698396280435{margin-top: 10px !important;margin-bottom: 10px !important;padding-bottom: 0px !important;}&#8220;][\/vc_column_inner][\/vc_row_inner][\/vc_tta_section][vc_tta_section title=&#8220;Vierbettzimmer mit Stockbett&#8220; tab_id=&#8220;camera-quadrupla-castello&#8220;][vc_row_inner][vc_column_inner width=&#8220;2\/5&#8243;][vc_column_text]<\/p>\n<h5><i class=\"fas fa-bed\"><\/i> <em>bis zu 4 Erwachsene<\/em><\/h5>\n<p>[\/vc_column_text][vc_column_text]<\/p>\n<ul class=\"list_check\">\n<li>mit Doppelbett + Stockbett<\/li>\n<\/ul>\n<p>[\/vc_column_text][\/vc_column_inner][vc_column_inner width=&#8220;3\/5&#8243;][vc_media_grid element_width=&#8220;6&#8243; gap=&#8220;15&#8243; initial_loading_animation=&#8220;none&#8220; grid_id=&#8220;vc_gid:1698396359648-e9c78493-2499-10&#8243; include=&#8220;1246,1249&#8243; css=&#8220;.vc_custom_1698396384382{margin-top: 10px !important;margin-bottom: 10px !important;padding-bottom: 0px !important;}&#8220;][\/vc_column_inner][\/vc_row_inner][\/vc_tta_section][vc_tta_section title=&#8220;Vierbettzimmer mit Einzelbetten&#8220; tab_id=&#8220;camera-quadrupla-separati&#8220;][vc_row_inner][vc_column_inner width=&#8220;2\/5&#8243;][vc_column_text]<\/p>\n<h5><i class=\"fas fa-bed\"><\/i> <em>bis zu 4 Erwachsene<\/em><\/h5>\n<p>[\/vc_column_text][vc_column_text]<\/p>\n<ul class=\"list_check\">\n<li>mit Doppelbett + 2 Einzelbetten<\/li>\n<\/ul>\n<p>[\/vc_column_text][\/vc_column_inner][vc_column_inner width=&#8220;3\/5&#8243;][vc_media_grid element_width=&#8220;6&#8243; gap=&#8220;15&#8243; initial_loading_animation=&#8220;none&#8220; grid_id=&#8220;vc_gid:1698396359651-01879979-2ffd-10&#8243; include=&#8220;1241,1250&#8243; css=&#8220;.vc_custom_1698396294429{margin-top: 10px !important;margin-bottom: 10px !important;padding-bottom: 0px !important;}&#8220;][\/vc_column_inner][\/vc_row_inner][\/vc_tta_section][vc_tta_section title=&#8220;Zimmer mit Verbindungst\u00fcre&#8220; tab_id=&#8220;camere-comunicanti&#8220;][vc_row_inner][vc_column_inner width=&#8220;2\/5&#8243;][vc_column_text]<\/p>\n<h5><i class=\"fas fa-bed\"><\/i> <em>bis zu 4 Erwachsene und 1 Kleinkind<\/em><\/h5>\n<p>[\/vc_column_text][vc_column_text]<\/p>\n<ul class=\"list_check\">\n<li>Ideal f\u00fcr Familien<\/li>\n<li>sehr ger\u00e4umig<\/li>\n<li>M\u00f6glichkeit, ein Kinderbett hinzuzuf\u00fcgen<\/li>\n<\/ul>\n<p>[\/vc_column_text][\/vc_column_inner][vc_column_inner width=&#8220;3\/5&#8243;][vc_media_grid element_width=&#8220;6&#8243; gap=&#8220;15&#8243; initial_loading_animation=&#8220;none&#8220; grid_id=&#8220;vc_gid:1698396359653-03f8607e-4d33-7&#8243; include=&#8220;1252,1264&#8243; css=&#8220;.vc_custom_1698396319006{margin-top: 10px !important;margin-bottom: 10px !important;padding-bottom: 0px !important;}&#8220;][\/vc_column_inner][\/vc_row_inner][\/vc_tta_section][\/vc_tta_accordion][\/vc_column][\/vc_row][vc_section full_width=&#8220;stretch_row&#8220; full_height=&#8220;yes&#8220; content_placement=&#8220;middle&#8220; css=&#8220;.vc_custom_1678497462778{border-bottom-width: 20px !important;padding-top: 30px !important;padding-bottom: 30px !important;background-image: url(https:\/\/www.hotelacacia.it\/wp-content\/uploads\/2015\/11\/bagno-camera-hotel.jpg?id=1250) !important;background-position: center !important;background-repeat: no-repeat !important;background-size: cover !important;border-bottom-color: #ffffff !important;border-bottom-style: solid !important;}&#8220; el_class=&#8220;fixedbg photorow&#8220;][vc_row][vc_column][vc_column_text css=&#8220;.vc_custom_1681751500672{margin-bottom: 35px !important;}&#8220; el_class=&#8220;main_title&#8220;]<\/p>\n<h2 style=\"text-align: center;\">Dienstleistungen und Ausstattung<\/h2>\n<p>[\/vc_column_text][\/vc_column][\/vc_row][vc_row gap=&#8220;30&#8243; equal_height=&#8220;yes&#8220;][vc_column width=&#8220;1\/2&#8243; el_class=&#8220;highlight-box&#8220;][vc_column_text]<\/p>\n<h3>Alle Zimmer des Hotels sind mit Folgendem ausgestattet:<\/h3>\n<p>[\/vc_column_text][vc_column_text]<\/p>\n<ul class=\"list_check\">\n<li>Privates Badezimmer\/WC (die meisten mit Duschtasse)<\/li>\n<li>Farbfernseher<\/li>\n<li>Telefon<\/li>\n<li>Safe<\/li>\n<li>F\u00f6n<\/li>\n<li>Klimaanlage<\/li>\n<li>Free Wi-Fi<\/li>\n<li>Minibar (auf Wunsch)<\/li>\n<\/ul>\n<p>[\/vc_column_text][\/vc_column][vc_column width=&#8220;1\/2&#8243; el_class=&#8220;highlight-box&#8220;][vc_column_text]<\/p>\n<h3>Auf Anfrage verf\u00fcgbar:<\/h3>\n<p>[\/vc_column_text][vc_column_text]<\/p>\n<h5 style=\"text-align: center;\">F\u00fcr Familien und Kinder<\/h5>\n<p>[\/vc_column_text][vc_column_text css=&#8220;.vc_custom_1681751644455{margin-top: 40px !important;}&#8220;]<\/p>\n<ul class=\"list_star\">\n<li>Gitterbetten<\/li>\n<li>Schutzgitter f\u00fcr das Bett<\/li>\n<li>Nachtlicht<\/li>\n<li>Fl\u00e4schchenw\u00e4rmer<\/li>\n<\/ul>\n<p>[\/vc_column_text][\/vc_column][\/vc_row][\/vc_section][vc_section][vc_row gap=&#8220;30&#8243; equal_height=&#8220;yes&#8220;][vc_column width=&#8220;2\/3&#8243; el_class=&#8220;highlight-box&#8220; offset=&#8220;vc_col-sm-offset-2&#8243;][vc_column_text]<\/p>\n<h3>Desinfektion und Hygiene der Zimmer:<\/h3>\n<p>[\/vc_column_text][vc_column_text]<\/p>\n<ul class=\"list_check\">\n<li><strong>RAUM DESINFEKTION<\/strong>: Wird t\u00e4glich mit speziellen, vom Gesundheitsministerium zugelassenen Produkten durchgef\u00fchrt.<\/li>\n<li><strong>LEINEN<\/strong>: Das Waschen der W\u00e4sche erfolgt mit speziellen Desinfektionsmitteln.<\/li>\n<li><strong>BAKTERIZIDE BEHANDLUNG<\/strong>: Verneblung mit bakterizider Behandlung (nicht sch\u00e4dlich f\u00fcr Menschen), die bei jedem Kundenwechsel durchgef\u00fchrt wird.<\/li>\n<\/ul>\n<p>[\/vc_column_text][\/vc_column][\/vc_row][\/vc_section]<\/p>\n<\/div>","protected":false},"excerpt":{"rendered":"<p>[vc_row][vc_column width=&#8220;2\/3&#8243; offset=&#8220;vc_col-sm-offset-2&#8243; css=&#8220;.vc_custom_1678816148028{padding-bottom: 35px !important;}&#8220;][vc_tta_accordion title_tag=&#8220;h3&#8243; style=&#8220;flat&#8220; color=&#8220;white&#8220; gap=&#8220;20&#8243; active_section=&#8220;99999&#8243; collapsible_all=&#8220;true&#8220; title=&#8220;Entdecken Sie die Typen&#8220;][vc_tta_section title=&#8220;Doppelzimmer&#8220; tab_id=&#8220;camera-doppia&#8220;][vc_row_inner][vc_column_inner width=&#8220;2\/5&#8243;][vc_column_text] bis zu 2 Erwachsene und 1 Kleinkind<span class=\"excerpt-hellip\"> [\u2026]<\/span><\/p>\n","protected":false},"author":1,"featured_media":3143,"parent":0,"menu_order":0,"comment_status":"closed","ping_status":"closed","template":"","meta":{"_acf_changed":false,"footnotes":""},"class_list":["post-722","page","type-page","status-publish","has-post-thumbnail","hentry"],"acf":[],"yoast_head":"<!-- This site is optimized with the Yoast SEO plugin v27.5 - https:\/\/yoast.com\/product\/yoast-seo-wordpress\/ -->\n<title>Zimmer des Hotel | Hotel Acacia *** Cesenatico<\/title>\n<meta name=\"description\" content=\"Entdecken Sie die verf\u00fcgbaren Zimmer in Cesenatico im Hotel Acacia. Sehen Sie sich die Fotogalerie und die Liste der Inklusivleistungen an.\" \/>\n<meta name=\"robots\" content=\"index, follow, max-snippet:-1, max-image-preview:large, max-video-preview:-1\" \/>\n<link rel=\"canonical\" href=\"https:\/\/www.hotelacacia.it\/de\/zimmer\/\" \/>\n<meta property=\"og:locale\" content=\"de_DE\" \/>\n<meta property=\"og:type\" content=\"article\" \/>\n<meta property=\"og:title\" content=\"Zimmer des Hotel | Hotel Acacia *** Cesenatico\" \/>\n<meta property=\"og:description\" content=\"Entdecken Sie die verf\u00fcgbaren Zimmer in Cesenatico im Hotel Acacia. Sehen Sie sich die Fotogalerie und die Liste der Inklusivleistungen an.\" \/>\n<meta property=\"og:url\" content=\"https:\/\/www.hotelacacia.it\/de\/zimmer\/\" \/>\n<meta property=\"og:site_name\" content=\"Acacia Hotel Cesenatico\" \/>\n<meta property=\"article:modified_time\" content=\"2023-10-27T08:46:25+00:00\" \/>\n<meta property=\"og:image\" content=\"https:\/\/www.hotelacacia.it\/wp-content\/uploads\/2015\/11\/IMG_8115-HDR.jpg\" \/>\n\t<meta property=\"og:image:width\" content=\"1200\" \/>\n\t<meta property=\"og:image:height\" content=\"800\" \/>\n\t<meta property=\"og:image:type\" content=\"image\/jpeg\" \/>\n<meta name=\"twitter:card\" content=\"summary_large_image\" \/>\n<meta name=\"twitter:label1\" content=\"Gesch\u00e4tzte Lesezeit\" \/>\n\t<meta name=\"twitter:data1\" content=\"2\u00a0Minuten\" \/>\n<script type=\"application\/ld+json\" class=\"yoast-schema-graph\">{\"@context\":\"https:\\\/\\\/schema.org\",\"@graph\":[{\"@type\":\"WebPage\",\"@id\":\"https:\\\/\\\/www.hotelacacia.it\\\/de\\\/zimmer\\\/\",\"url\":\"https:\\\/\\\/www.hotelacacia.it\\\/de\\\/zimmer\\\/\",\"name\":\"Zimmer des Hotel | Hotel Acacia *** Cesenatico\",\"isPartOf\":{\"@id\":\"https:\\\/\\\/www.hotelacacia.it\\\/#website\"},\"primaryImageOfPage\":{\"@id\":\"https:\\\/\\\/www.hotelacacia.it\\\/de\\\/zimmer\\\/#primaryimage\"},\"image\":{\"@id\":\"https:\\\/\\\/www.hotelacacia.it\\\/de\\\/zimmer\\\/#primaryimage\"},\"thumbnailUrl\":\"https:\\\/\\\/www.hotelacacia.it\\\/wp-content\\\/uploads\\\/2015\\\/11\\\/IMG_8115-HDR.jpg\",\"datePublished\":\"2015-11-10T10:23:08+00:00\",\"dateModified\":\"2023-10-27T08:46:25+00:00\",\"description\":\"Entdecken Sie die verf\u00fcgbaren Zimmer in Cesenatico im Hotel Acacia. Sehen Sie sich die Fotogalerie und die Liste der Inklusivleistungen an.\",\"breadcrumb\":{\"@id\":\"https:\\\/\\\/www.hotelacacia.it\\\/de\\\/zimmer\\\/#breadcrumb\"},\"inLanguage\":\"de\",\"potentialAction\":[{\"@type\":\"ReadAction\",\"target\":[\"https:\\\/\\\/www.hotelacacia.it\\\/de\\\/zimmer\\\/\"]}]},{\"@type\":\"ImageObject\",\"inLanguage\":\"de\",\"@id\":\"https:\\\/\\\/www.hotelacacia.it\\\/de\\\/zimmer\\\/#primaryimage\",\"url\":\"https:\\\/\\\/www.hotelacacia.it\\\/wp-content\\\/uploads\\\/2015\\\/11\\\/IMG_8115-HDR.jpg\",\"contentUrl\":\"https:\\\/\\\/www.hotelacacia.it\\\/wp-content\\\/uploads\\\/2015\\\/11\\\/IMG_8115-HDR.jpg\",\"width\":1200,\"height\":800},{\"@type\":\"BreadcrumbList\",\"@id\":\"https:\\\/\\\/www.hotelacacia.it\\\/de\\\/zimmer\\\/#breadcrumb\",\"itemListElement\":[{\"@type\":\"ListItem\",\"position\":1,\"name\":\"Home\",\"item\":\"https:\\\/\\\/www.hotelacacia.it\\\/de\\\/\"},{\"@type\":\"ListItem\",\"position\":2,\"name\":\"Zimmer: Typologien und Dienstleistungen\"}]},{\"@type\":\"WebSite\",\"@id\":\"https:\\\/\\\/www.hotelacacia.it\\\/#website\",\"url\":\"https:\\\/\\\/www.hotelacacia.it\\\/\",\"name\":\"Acacia Hotel Cesenatico\",\"description\":\"Hotel 3 stelle a Cesenatico\",\"publisher\":{\"@id\":\"https:\\\/\\\/www.hotelacacia.it\\\/#organization\"},\"potentialAction\":[{\"@type\":\"SearchAction\",\"target\":{\"@type\":\"EntryPoint\",\"urlTemplate\":\"https:\\\/\\\/www.hotelacacia.it\\\/?s={search_term_string}\"},\"query-input\":{\"@type\":\"PropertyValueSpecification\",\"valueRequired\":true,\"valueName\":\"search_term_string\"}}],\"inLanguage\":\"de\"},{\"@type\":\"Organization\",\"@id\":\"https:\\\/\\\/www.hotelacacia.it\\\/#organization\",\"name\":\"Hotel Acacia Cesenatico\",\"url\":\"https:\\\/\\\/www.hotelacacia.it\\\/\",\"logo\":{\"@type\":\"ImageObject\",\"inLanguage\":\"de\",\"@id\":\"https:\\\/\\\/www.hotelacacia.it\\\/#\\\/schema\\\/logo\\\/image\\\/\",\"url\":\"https:\\\/\\\/www.hotelacacia.it\\\/acacia\\\/wp-content\\\/uploads\\\/2015\\\/11\\\/logo-hotel-acacia-quadrato.png\",\"contentUrl\":\"https:\\\/\\\/www.hotelacacia.it\\\/acacia\\\/wp-content\\\/uploads\\\/2015\\\/11\\\/logo-hotel-acacia-quadrato.png\",\"width\":230,\"height\":230,\"caption\":\"Hotel Acacia Cesenatico\"},\"image\":{\"@id\":\"https:\\\/\\\/www.hotelacacia.it\\\/#\\\/schema\\\/logo\\\/image\\\/\"}}]}<\/script>\n<!-- \/ Yoast SEO plugin. -->","yoast_head_json":{"title":"Zimmer des Hotel | Hotel Acacia *** Cesenatico","description":"Entdecken Sie die verf\u00fcgbaren Zimmer in Cesenatico im Hotel Acacia. Sehen Sie sich die Fotogalerie und die Liste der Inklusivleistungen an.","robots":{"index":"index","follow":"follow","max-snippet":"max-snippet:-1","max-image-preview":"max-image-preview:large","max-video-preview":"max-video-preview:-1"},"canonical":"https:\/\/www.hotelacacia.it\/de\/zimmer\/","og_locale":"de_DE","og_type":"article","og_title":"Zimmer des Hotel | Hotel Acacia *** Cesenatico","og_description":"Entdecken Sie die verf\u00fcgbaren Zimmer in Cesenatico im Hotel Acacia. Sehen Sie sich die Fotogalerie und die Liste der Inklusivleistungen an.","og_url":"https:\/\/www.hotelacacia.it\/de\/zimmer\/","og_site_name":"Acacia Hotel Cesenatico","article_modified_time":"2023-10-27T08:46:25+00:00","og_image":[{"width":1200,"height":800,"url":"https:\/\/www.hotelacacia.it\/wp-content\/uploads\/2015\/11\/IMG_8115-HDR.jpg","type":"image\/jpeg"}],"twitter_card":"summary_large_image","twitter_misc":{"Gesch\u00e4tzte Lesezeit":"2\u00a0Minuten"},"schema":{"@context":"https:\/\/schema.org","@graph":[{"@type":"WebPage","@id":"https:\/\/www.hotelacacia.it\/de\/zimmer\/","url":"https:\/\/www.hotelacacia.it\/de\/zimmer\/","name":"Zimmer des Hotel | Hotel Acacia *** Cesenatico","isPartOf":{"@id":"https:\/\/www.hotelacacia.it\/#website"},"primaryImageOfPage":{"@id":"https:\/\/www.hotelacacia.it\/de\/zimmer\/#primaryimage"},"image":{"@id":"https:\/\/www.hotelacacia.it\/de\/zimmer\/#primaryimage"},"thumbnailUrl":"https:\/\/www.hotelacacia.it\/wp-content\/uploads\/2015\/11\/IMG_8115-HDR.jpg","datePublished":"2015-11-10T10:23:08+00:00","dateModified":"2023-10-27T08:46:25+00:00","description":"Entdecken Sie die verf\u00fcgbaren Zimmer in Cesenatico im Hotel Acacia. Sehen Sie sich die Fotogalerie und die Liste der Inklusivleistungen an.","breadcrumb":{"@id":"https:\/\/www.hotelacacia.it\/de\/zimmer\/#breadcrumb"},"inLanguage":"de","potentialAction":[{"@type":"ReadAction","target":["https:\/\/www.hotelacacia.it\/de\/zimmer\/"]}]},{"@type":"ImageObject","inLanguage":"de","@id":"https:\/\/www.hotelacacia.it\/de\/zimmer\/#primaryimage","url":"https:\/\/www.hotelacacia.it\/wp-content\/uploads\/2015\/11\/IMG_8115-HDR.jpg","contentUrl":"https:\/\/www.hotelacacia.it\/wp-content\/uploads\/2015\/11\/IMG_8115-HDR.jpg","width":1200,"height":800},{"@type":"BreadcrumbList","@id":"https:\/\/www.hotelacacia.it\/de\/zimmer\/#breadcrumb","itemListElement":[{"@type":"ListItem","position":1,"name":"Home","item":"https:\/\/www.hotelacacia.it\/de\/"},{"@type":"ListItem","position":2,"name":"Zimmer: Typologien und Dienstleistungen"}]},{"@type":"WebSite","@id":"https:\/\/www.hotelacacia.it\/#website","url":"https:\/\/www.hotelacacia.it\/","name":"Acacia Hotel Cesenatico","description":"Hotel 3 stelle a Cesenatico","publisher":{"@id":"https:\/\/www.hotelacacia.it\/#organization"},"potentialAction":[{"@type":"SearchAction","target":{"@type":"EntryPoint","urlTemplate":"https:\/\/www.hotelacacia.it\/?s={search_term_string}"},"query-input":{"@type":"PropertyValueSpecification","valueRequired":true,"valueName":"search_term_string"}}],"inLanguage":"de"},{"@type":"Organization","@id":"https:\/\/www.hotelacacia.it\/#organization","name":"Hotel Acacia Cesenatico","url":"https:\/\/www.hotelacacia.it\/","logo":{"@type":"ImageObject","inLanguage":"de","@id":"https:\/\/www.hotelacacia.it\/#\/schema\/logo\/image\/","url":"https:\/\/www.hotelacacia.it\/acacia\/wp-content\/uploads\/2015\/11\/logo-hotel-acacia-quadrato.png","contentUrl":"https:\/\/www.hotelacacia.it\/acacia\/wp-content\/uploads\/2015\/11\/logo-hotel-acacia-quadrato.png","width":230,"height":230,"caption":"Hotel Acacia Cesenatico"},"image":{"@id":"https:\/\/www.hotelacacia.it\/#\/schema\/logo\/image\/"}}]}},"publishpress_future_action":{"enabled":false,"date":"2026-05-22 13:53:14","action":"change-status","newStatus":"draft","terms":[],"taxonomy":"translation_priority","extraData":[]},"publishpress_future_workflow_manual_trigger":{"enabledWorkflows":[]},"_links":{"self":[{"href":"https:\/\/www.hotelacacia.it\/de\/wp-json\/wp\/v2\/pages\/722","targetHints":{"allow":["GET"]}}],"collection":[{"href":"https:\/\/www.hotelacacia.it\/de\/wp-json\/wp\/v2\/pages"}],"about":[{"href":"https:\/\/www.hotelacacia.it\/de\/wp-json\/wp\/v2\/types\/page"}],"author":[{"embeddable":true,"href":"https:\/\/www.hotelacacia.it\/de\/wp-json\/wp\/v2\/users\/1"}],"replies":[{"embeddable":true,"href":"https:\/\/www.hotelacacia.it\/de\/wp-json\/wp\/v2\/comments?post=722"}],"version-history":[{"count":10,"href":"https:\/\/www.hotelacacia.it\/de\/wp-json\/wp\/v2\/pages\/722\/revisions"}],"predecessor-version":[{"id":4238,"href":"https:\/\/www.hotelacacia.it\/de\/wp-json\/wp\/v2\/pages\/722\/revisions\/4238"}],"wp:featuredmedia":[{"embeddable":true,"href":"https:\/\/www.hotelacacia.it\/de\/wp-json\/wp\/v2\/media\/3143"}],"wp:attachment":[{"href":"https:\/\/www.hotelacacia.it\/de\/wp-json\/wp\/v2\/media?parent=722"}],"curies":[{"name":"wp","href":"https:\/\/api.w.org\/{rel}","templated":true}]}}