{"id":720,"date":"2015-11-24T16:36:19","date_gmt":"2015-11-24T15:36:19","guid":{"rendered":"http:\/\/www.cristianbuda.com\/acacia\/de\/?page_id=720"},"modified":"2023-10-27T10:43:21","modified_gmt":"2023-10-27T08:43:21","slug":"wellness-fitness","status":"publish","type":"page","link":"https:\/\/www.hotelacacia.it\/de\/wellness-fitness\/","title":{"rendered":"Wellness und Fitness im Hotel Acacia"},"content":{"rendered":"<div class=\"wpb-content-wrapper\"><p>[vc_section full_width=&#8220;stretch_row&#8220; content_placement=&#8220;middle&#8220; css=&#8220;.vc_custom_1678292416662{border-bottom-width: 20px !important;padding-top: 30px !important;padding-bottom: 30px !important;background-position: center !important;background-repeat: no-repeat !important;background-size: cover !important;border-bottom-color: #ffffff !important;border-bottom-style: solid !important;}&#8220;][vc_row][vc_column width=&#8220;1\/2&#8243;][vc_column_text]Allen G\u00e4sten, die ihren eigenen K\u00f6rper gerne w\u00e4hrend eines Aufenthalts in unserem Hotel verw\u00f6hnen m\u00f6chten, stellen wir einen eigenen Wellnessbereich mit <strong>Sauna<\/strong> und <strong>Whirlpool<\/strong> und einen <strong>Fitnessbereich<\/strong> mit einem mit <strong>TechoGym-Ger\u00e4ten<\/strong> eingerichteten Fitnessstudio zur Verf\u00fcgung.<\/p>\n<p>Im Fitnessstudio ist die folgende Ausstattung vorhanden:<\/p>\n<ul class=\"list_check\">\n<li>Laufband<\/li>\n<li>Trimmr\u00e4der<\/li>\n<li>Gewicht-B\u00e4nke<\/li>\n<li>Multifunktionsger\u00e4te<\/li>\n<\/ul>\n<p>[\/vc_column_text][\/vc_column][vc_column width=&#8220;1\/2&#8243;][vc_media_grid item=&#8220;mediaGrid_SimpleOverlay&#8220; grid_id=&#8220;vc_gid:1698396179778-29ff5111-8bd4-3&#8243; include=&#8220;1818,1573,1574,672,676,3610&#8243;][\/vc_column][\/vc_row][\/vc_section][vc_section full_width=&#8220;stretch_row&#8220; content_placement=&#8220;middle&#8220; css=&#8220;.vc_custom_1678495593911{border-bottom-width: 20px !important;background-image: url(https:\/\/www.hotelacacia.it\/wp-content\/uploads\/2023\/03\/bigstock-Man-Legs-Sports-Massage-Therap-465541773.jpg?id=3610) !important;background-position: center !important;background-repeat: no-repeat !important;background-size: cover !important;border-bottom-color: #ffffff !important;border-bottom-style: solid !important;}&#8220; el_class=&#8220;fixedbg photorow&#8220;][vc_row][vc_column][vc_column_text css=&#8220;.vc_custom_1681750581935{margin-bottom: 35px !important;}&#8220; el_class=&#8220;main_title&#8220;]<\/p>\n<h2 style=\"text-align: center;\">M\u00f6glichkeit von Therapien und Massagen<\/h2>\n<p>[\/vc_column_text][\/vc_column][\/vc_row][vc_row gap=&#8220;30&#8243; equal_height=&#8220;yes&#8220;][vc_column width=&#8220;1\/2&#8243; el_class=&#8220;highlight-box&#8220;][vc_column_text]<\/p>\n<h3>Therapien:<\/h3>\n<p>[\/vc_column_text][vc_column_text]<\/p>\n<ul class=\"list_check\">\n<li>Osteopathische Manuelle Therapie<\/li>\n<li>Pysiotherapie<\/li>\n<li>Behandlung bei Bandscheiben \/ Lendenwirbelsaule<\/li>\n<li>Behandlung bei Coxarthose (Hufte)<\/li>\n<li>Periarthritis<\/li>\n<li>Zervikalbehandlung<\/li>\n<li>Epicondylitis (Tennis \u2013 Golferarm)<\/li>\n<li>Behandlung bei Problemen im Bereich Schulter, Knie, Fuss)<\/li>\n<li>Ruckenbehandlung (Lumbarbereich)<\/li>\n<\/ul>\n<p>[\/vc_column_text][\/vc_column][vc_column width=&#8220;1\/2&#8243; el_class=&#8220;highlight-box&#8220;][vc_column_text]<\/p>\n<h3>Massagen:<\/h3>\n<p>[\/vc_column_text][vc_column_text]<\/p>\n<ul class=\"list_check\">\n<li>Fussreflexzonenmassage<\/li>\n<li>Ayurveda-Massage<\/li>\n<li>Kalifornische Antistress-Massage<\/li>\n<li>Entspannungsmassage<\/li>\n<li>Sportmassagen (entkrampfend)<\/li>\n<li>Lymphdrainage<\/li>\n<\/ul>\n<p>[\/vc_column_text][\/vc_column][\/vc_row][vc_row][vc_column width=&#8220;1\/2&#8243; offset=&#8220;vc_col-sm-offset-3&#8243;][vc_message]F\u00fcr jede der aufgelisteten Behandlungen:<br \/>\n30 min.: \u20ac 19,00<br \/>\n45 min.: \u20ac 26,00[\/vc_message][\/vc_column][\/vc_row][\/vc_section]<\/p>\n<\/div>","protected":false},"excerpt":{"rendered":"<p>[vc_section full_width=&#8220;stretch_row&#8220; content_placement=&#8220;middle&#8220; css=&#8220;.vc_custom_1678292416662{border-bottom-width: 20px !important;padding-top: 30px !important;padding-bottom: 30px !important;background-position: center !important;background-repeat: no-repeat !important;background-size: cover !important;border-bottom-color: #ffffff !important;border-bottom-style: solid !important;}&#8220;][vc_row][vc_column width=&#8220;1\/2&#8243;][vc_column_text]Allen G\u00e4sten, die ihren eigenen K\u00f6rper<span class=\"excerpt-hellip\"> [\u2026]<\/span><\/p>\n","protected":false},"author":1,"featured_media":3137,"parent":0,"menu_order":0,"comment_status":"closed","ping_status":"closed","template":"","meta":{"_acf_changed":false,"footnotes":""},"class_list":["post-720","page","type-page","status-publish","has-post-thumbnail","hentry"],"acf":[],"yoast_head":"<!-- This site is optimized with the Yoast SEO plugin v27.5 - https:\/\/yoast.com\/product\/yoast-seo-wordpress\/ -->\n<title>Fitness e Wellness Hotel in Cesenatico | Hotel Acacia ***<\/title>\n<meta name=\"description\" content=\"Vuoi prenderti cura del tuo corpo in vacanza? Hotel Acacia di Cesenatico dispone di area Wellness con Sauna e Idromassaggio e di Palestra TechnoGym.Sie m\u00f6chten sich im Urlaub um Ihren K\u00f6rper k\u00fcmmern? Das Hotel Acacia in Cesenatico verf\u00fcgt \u00fcber einen Wellnessbereich mit Sauna und Whirlpool sowie ein TechnoGym-Fitnessstudio.\" \/>\n<meta name=\"robots\" content=\"index, follow, max-snippet:-1, max-image-preview:large, max-video-preview:-1\" \/>\n<link rel=\"canonical\" href=\"https:\/\/www.hotelacacia.it\/de\/wellness-fitness\/\" \/>\n<meta property=\"og:locale\" content=\"de_DE\" \/>\n<meta property=\"og:type\" content=\"article\" \/>\n<meta property=\"og:title\" content=\"Fitness e Wellness Hotel in Cesenatico | Hotel Acacia ***\" \/>\n<meta property=\"og:description\" content=\"Vuoi prenderti cura del tuo corpo in vacanza? Hotel Acacia di Cesenatico dispone di area Wellness con Sauna e Idromassaggio e di Palestra TechnoGym.Sie m\u00f6chten sich im Urlaub um Ihren K\u00f6rper k\u00fcmmern? Das Hotel Acacia in Cesenatico verf\u00fcgt \u00fcber einen Wellnessbereich mit Sauna und Whirlpool sowie ein TechnoGym-Fitnessstudio.\" \/>\n<meta property=\"og:url\" content=\"https:\/\/www.hotelacacia.it\/de\/wellness-fitness\/\" \/>\n<meta property=\"og:site_name\" content=\"Acacia Hotel Cesenatico\" \/>\n<meta property=\"article:modified_time\" content=\"2023-10-27T08:43:21+00:00\" \/>\n<meta property=\"og:image\" content=\"https:\/\/www.hotelacacia.it\/wp-content\/uploads\/2015\/11\/palestra-acacia.jpg\" \/>\n\t<meta property=\"og:image:width\" content=\"1200\" \/>\n\t<meta property=\"og:image:height\" content=\"800\" \/>\n\t<meta property=\"og:image:type\" content=\"image\/jpeg\" \/>\n<meta name=\"twitter:card\" content=\"summary_large_image\" \/>\n<meta name=\"twitter:label1\" content=\"Gesch\u00e4tzte Lesezeit\" \/>\n\t<meta name=\"twitter:data1\" content=\"1\u00a0Minute\" \/>\n<script type=\"application\/ld+json\" class=\"yoast-schema-graph\">{\"@context\":\"https:\\\/\\\/schema.org\",\"@graph\":[{\"@type\":\"WebPage\",\"@id\":\"https:\\\/\\\/www.hotelacacia.it\\\/de\\\/wellness-fitness\\\/\",\"url\":\"https:\\\/\\\/www.hotelacacia.it\\\/de\\\/wellness-fitness\\\/\",\"name\":\"Fitness e Wellness Hotel in Cesenatico | Hotel Acacia ***\",\"isPartOf\":{\"@id\":\"https:\\\/\\\/www.hotelacacia.it\\\/#website\"},\"primaryImageOfPage\":{\"@id\":\"https:\\\/\\\/www.hotelacacia.it\\\/de\\\/wellness-fitness\\\/#primaryimage\"},\"image\":{\"@id\":\"https:\\\/\\\/www.hotelacacia.it\\\/de\\\/wellness-fitness\\\/#primaryimage\"},\"thumbnailUrl\":\"https:\\\/\\\/www.hotelacacia.it\\\/wp-content\\\/uploads\\\/2015\\\/11\\\/palestra-acacia.jpg\",\"datePublished\":\"2015-11-24T15:36:19+00:00\",\"dateModified\":\"2023-10-27T08:43:21+00:00\",\"description\":\"Vuoi prenderti cura del tuo corpo in vacanza? Hotel Acacia di Cesenatico dispone di area Wellness con Sauna e Idromassaggio e di Palestra TechnoGym.Sie m\u00f6chten sich im Urlaub um Ihren K\u00f6rper k\u00fcmmern? Das Hotel Acacia in Cesenatico verf\u00fcgt \u00fcber einen Wellnessbereich mit Sauna und Whirlpool sowie ein TechnoGym-Fitnessstudio.\",\"breadcrumb\":{\"@id\":\"https:\\\/\\\/www.hotelacacia.it\\\/de\\\/wellness-fitness\\\/#breadcrumb\"},\"inLanguage\":\"de\",\"potentialAction\":[{\"@type\":\"ReadAction\",\"target\":[\"https:\\\/\\\/www.hotelacacia.it\\\/de\\\/wellness-fitness\\\/\"]}]},{\"@type\":\"ImageObject\",\"inLanguage\":\"de\",\"@id\":\"https:\\\/\\\/www.hotelacacia.it\\\/de\\\/wellness-fitness\\\/#primaryimage\",\"url\":\"https:\\\/\\\/www.hotelacacia.it\\\/wp-content\\\/uploads\\\/2015\\\/11\\\/palestra-acacia.jpg\",\"contentUrl\":\"https:\\\/\\\/www.hotelacacia.it\\\/wp-content\\\/uploads\\\/2015\\\/11\\\/palestra-acacia.jpg\",\"width\":1200,\"height\":800},{\"@type\":\"BreadcrumbList\",\"@id\":\"https:\\\/\\\/www.hotelacacia.it\\\/de\\\/wellness-fitness\\\/#breadcrumb\",\"itemListElement\":[{\"@type\":\"ListItem\",\"position\":1,\"name\":\"Home\",\"item\":\"https:\\\/\\\/www.hotelacacia.it\\\/de\\\/\"},{\"@type\":\"ListItem\",\"position\":2,\"name\":\"Wellness und Fitness im Hotel Acacia\"}]},{\"@type\":\"WebSite\",\"@id\":\"https:\\\/\\\/www.hotelacacia.it\\\/#website\",\"url\":\"https:\\\/\\\/www.hotelacacia.it\\\/\",\"name\":\"Acacia Hotel Cesenatico\",\"description\":\"Hotel 3 stelle a Cesenatico\",\"publisher\":{\"@id\":\"https:\\\/\\\/www.hotelacacia.it\\\/#organization\"},\"potentialAction\":[{\"@type\":\"SearchAction\",\"target\":{\"@type\":\"EntryPoint\",\"urlTemplate\":\"https:\\\/\\\/www.hotelacacia.it\\\/?s={search_term_string}\"},\"query-input\":{\"@type\":\"PropertyValueSpecification\",\"valueRequired\":true,\"valueName\":\"search_term_string\"}}],\"inLanguage\":\"de\"},{\"@type\":\"Organization\",\"@id\":\"https:\\\/\\\/www.hotelacacia.it\\\/#organization\",\"name\":\"Hotel Acacia Cesenatico\",\"url\":\"https:\\\/\\\/www.hotelacacia.it\\\/\",\"logo\":{\"@type\":\"ImageObject\",\"inLanguage\":\"de\",\"@id\":\"https:\\\/\\\/www.hotelacacia.it\\\/#\\\/schema\\\/logo\\\/image\\\/\",\"url\":\"https:\\\/\\\/www.hotelacacia.it\\\/acacia\\\/wp-content\\\/uploads\\\/2015\\\/11\\\/logo-hotel-acacia-quadrato.png\",\"contentUrl\":\"https:\\\/\\\/www.hotelacacia.it\\\/acacia\\\/wp-content\\\/uploads\\\/2015\\\/11\\\/logo-hotel-acacia-quadrato.png\",\"width\":230,\"height\":230,\"caption\":\"Hotel Acacia Cesenatico\"},\"image\":{\"@id\":\"https:\\\/\\\/www.hotelacacia.it\\\/#\\\/schema\\\/logo\\\/image\\\/\"}}]}<\/script>\n<!-- \/ Yoast SEO plugin. -->","yoast_head_json":{"title":"Fitness e Wellness Hotel in Cesenatico | Hotel Acacia ***","description":"Vuoi prenderti cura del tuo corpo in vacanza? Hotel Acacia di Cesenatico dispone di area Wellness con Sauna e Idromassaggio e di Palestra TechnoGym.Sie m\u00f6chten sich im Urlaub um Ihren K\u00f6rper k\u00fcmmern? Das Hotel Acacia in Cesenatico verf\u00fcgt \u00fcber einen Wellnessbereich mit Sauna und Whirlpool sowie ein TechnoGym-Fitnessstudio.","robots":{"index":"index","follow":"follow","max-snippet":"max-snippet:-1","max-image-preview":"max-image-preview:large","max-video-preview":"max-video-preview:-1"},"canonical":"https:\/\/www.hotelacacia.it\/de\/wellness-fitness\/","og_locale":"de_DE","og_type":"article","og_title":"Fitness e Wellness Hotel in Cesenatico | Hotel Acacia ***","og_description":"Vuoi prenderti cura del tuo corpo in vacanza? Hotel Acacia di Cesenatico dispone di area Wellness con Sauna e Idromassaggio e di Palestra TechnoGym.Sie m\u00f6chten sich im Urlaub um Ihren K\u00f6rper k\u00fcmmern? Das Hotel Acacia in Cesenatico verf\u00fcgt \u00fcber einen Wellnessbereich mit Sauna und Whirlpool sowie ein TechnoGym-Fitnessstudio.","og_url":"https:\/\/www.hotelacacia.it\/de\/wellness-fitness\/","og_site_name":"Acacia Hotel Cesenatico","article_modified_time":"2023-10-27T08:43:21+00:00","og_image":[{"width":1200,"height":800,"url":"https:\/\/www.hotelacacia.it\/wp-content\/uploads\/2015\/11\/palestra-acacia.jpg","type":"image\/jpeg"}],"twitter_card":"summary_large_image","twitter_misc":{"Gesch\u00e4tzte Lesezeit":"1\u00a0Minute"},"schema":{"@context":"https:\/\/schema.org","@graph":[{"@type":"WebPage","@id":"https:\/\/www.hotelacacia.it\/de\/wellness-fitness\/","url":"https:\/\/www.hotelacacia.it\/de\/wellness-fitness\/","name":"Fitness e Wellness Hotel in Cesenatico | Hotel Acacia ***","isPartOf":{"@id":"https:\/\/www.hotelacacia.it\/#website"},"primaryImageOfPage":{"@id":"https:\/\/www.hotelacacia.it\/de\/wellness-fitness\/#primaryimage"},"image":{"@id":"https:\/\/www.hotelacacia.it\/de\/wellness-fitness\/#primaryimage"},"thumbnailUrl":"https:\/\/www.hotelacacia.it\/wp-content\/uploads\/2015\/11\/palestra-acacia.jpg","datePublished":"2015-11-24T15:36:19+00:00","dateModified":"2023-10-27T08:43:21+00:00","description":"Vuoi prenderti cura del tuo corpo in vacanza? Hotel Acacia di Cesenatico dispone di area Wellness con Sauna e Idromassaggio e di Palestra TechnoGym.Sie m\u00f6chten sich im Urlaub um Ihren K\u00f6rper k\u00fcmmern? Das Hotel Acacia in Cesenatico verf\u00fcgt \u00fcber einen Wellnessbereich mit Sauna und Whirlpool sowie ein TechnoGym-Fitnessstudio.","breadcrumb":{"@id":"https:\/\/www.hotelacacia.it\/de\/wellness-fitness\/#breadcrumb"},"inLanguage":"de","potentialAction":[{"@type":"ReadAction","target":["https:\/\/www.hotelacacia.it\/de\/wellness-fitness\/"]}]},{"@type":"ImageObject","inLanguage":"de","@id":"https:\/\/www.hotelacacia.it\/de\/wellness-fitness\/#primaryimage","url":"https:\/\/www.hotelacacia.it\/wp-content\/uploads\/2015\/11\/palestra-acacia.jpg","contentUrl":"https:\/\/www.hotelacacia.it\/wp-content\/uploads\/2015\/11\/palestra-acacia.jpg","width":1200,"height":800},{"@type":"BreadcrumbList","@id":"https:\/\/www.hotelacacia.it\/de\/wellness-fitness\/#breadcrumb","itemListElement":[{"@type":"ListItem","position":1,"name":"Home","item":"https:\/\/www.hotelacacia.it\/de\/"},{"@type":"ListItem","position":2,"name":"Wellness und Fitness im Hotel Acacia"}]},{"@type":"WebSite","@id":"https:\/\/www.hotelacacia.it\/#website","url":"https:\/\/www.hotelacacia.it\/","name":"Acacia Hotel Cesenatico","description":"Hotel 3 stelle a Cesenatico","publisher":{"@id":"https:\/\/www.hotelacacia.it\/#organization"},"potentialAction":[{"@type":"SearchAction","target":{"@type":"EntryPoint","urlTemplate":"https:\/\/www.hotelacacia.it\/?s={search_term_string}"},"query-input":{"@type":"PropertyValueSpecification","valueRequired":true,"valueName":"search_term_string"}}],"inLanguage":"de"},{"@type":"Organization","@id":"https:\/\/www.hotelacacia.it\/#organization","name":"Hotel Acacia Cesenatico","url":"https:\/\/www.hotelacacia.it\/","logo":{"@type":"ImageObject","inLanguage":"de","@id":"https:\/\/www.hotelacacia.it\/#\/schema\/logo\/image\/","url":"https:\/\/www.hotelacacia.it\/acacia\/wp-content\/uploads\/2015\/11\/logo-hotel-acacia-quadrato.png","contentUrl":"https:\/\/www.hotelacacia.it\/acacia\/wp-content\/uploads\/2015\/11\/logo-hotel-acacia-quadrato.png","width":230,"height":230,"caption":"Hotel Acacia Cesenatico"},"image":{"@id":"https:\/\/www.hotelacacia.it\/#\/schema\/logo\/image\/"}}]}},"publishpress_future_action":{"enabled":false,"date":"2026-05-22 12:52:46","action":"change-status","newStatus":"draft","terms":[],"taxonomy":"translation_priority","extraData":[]},"publishpress_future_workflow_manual_trigger":{"enabledWorkflows":[]},"_links":{"self":[{"href":"https:\/\/www.hotelacacia.it\/de\/wp-json\/wp\/v2\/pages\/720","targetHints":{"allow":["GET"]}}],"collection":[{"href":"https:\/\/www.hotelacacia.it\/de\/wp-json\/wp\/v2\/pages"}],"about":[{"href":"https:\/\/www.hotelacacia.it\/de\/wp-json\/wp\/v2\/types\/page"}],"author":[{"embeddable":true,"href":"https:\/\/www.hotelacacia.it\/de\/wp-json\/wp\/v2\/users\/1"}],"replies":[{"embeddable":true,"href":"https:\/\/www.hotelacacia.it\/de\/wp-json\/wp\/v2\/comments?post=720"}],"version-history":[{"count":8,"href":"https:\/\/www.hotelacacia.it\/de\/wp-json\/wp\/v2\/pages\/720\/revisions"}],"predecessor-version":[{"id":4236,"href":"https:\/\/www.hotelacacia.it\/de\/wp-json\/wp\/v2\/pages\/720\/revisions\/4236"}],"wp:featuredmedia":[{"embeddable":true,"href":"https:\/\/www.hotelacacia.it\/de\/wp-json\/wp\/v2\/media\/3137"}],"wp:attachment":[{"href":"https:\/\/www.hotelacacia.it\/de\/wp-json\/wp\/v2\/media?parent=720"}],"curies":[{"name":"wp","href":"https:\/\/api.w.org\/{rel}","templated":true}]}}