{"id":4354,"date":"2024-05-13T11:49:48","date_gmt":"2024-05-13T09:49:48","guid":{"rendered":"https:\/\/www.hotelacacia.it\/?page_id=4354"},"modified":"2024-05-24T10:11:44","modified_gmt":"2024-05-24T08:11:44","slug":"gemeinschaftsraeume","status":"publish","type":"page","link":"https:\/\/www.hotelacacia.it\/de\/gemeinschaftsraeume\/","title":{"rendered":"Gemeinschaftsr\u00e4ume"},"content":{"rendered":"<div class=\"wpb-content-wrapper\"><p>[vc_section full_width=&#8220;stretch_row&#8220; content_placement=&#8220;middle&#8220; css=&#8220;.vc_custom_1678292416662{border-bottom-width: 20px !important;padding-top: 30px !important;padding-bottom: 30px !important;background-position: center !important;background-repeat: no-repeat !important;background-size: cover !important;border-bottom-color: #ffffff !important;border-bottom-style: solid !important;}&#8220;][vc_row][vc_column][vc_column_text]Wir verf\u00fcgen \u00fcber gro\u00dfe Gemeinschaftsr\u00e4ume: einen ger\u00e4umigen Saal, eine Au\u00dfenveranda, einen komfortablen Ruheraum, einen Innenspielbereich f\u00fcr Kinder und eine Bar mit Sofas und Tischen.[\/vc_column_text][vc_media_grid element_width=&#8220;3&#8243; grid_id=&#8220;vc_gid:1715593662198-b75e7bb9-02b1-5&#8243; include=&#8220;661,579,581,1167,1029,4386,4390,4394&#8243;][\/vc_column][\/vc_row][\/vc_section]<\/p>\n<\/div>","protected":false},"excerpt":{"rendered":"<p>[vc_section full_width=&#8220;stretch_row&#8220; content_placement=&#8220;middle&#8220; css=&#8220;.vc_custom_1678292416662{border-bottom-width: 20px !important;padding-top: 30px !important;padding-bottom: 30px !important;background-position: center !important;background-repeat: no-repeat !important;background-size: cover !important;border-bottom-color: #ffffff !important;border-bottom-style: solid !important;}&#8220;][vc_row][vc_column][vc_column_text]Wir verf\u00fcgen \u00fcber gro\u00dfe Gemeinschaftsr\u00e4ume: einen ger\u00e4umigen<span class=\"excerpt-hellip\"> [\u2026]<\/span><\/p>\n","protected":false},"author":1,"featured_media":2861,"parent":0,"menu_order":0,"comment_status":"closed","ping_status":"closed","template":"","meta":{"_acf_changed":false,"footnotes":""},"class_list":["post-4354","page","type-page","status-publish","has-post-thumbnail","hentry"],"acf":[],"yoast_head":"<!-- This site is optimized with the Yoast SEO plugin v27.5 - https:\/\/yoast.com\/product\/yoast-seo-wordpress\/ -->\n<title>Gemeinschaftsr\u00e4ume | Hotel Acacia ***<\/title>\n<meta name=\"description\" content=\"Vuoi prenderti cura del tuo corpo in vacanza? Hotel Acacia di Cesenatico dispone di area Wellness con Sauna e Idromassaggio e di Palestra TechnoGym.\" \/>\n<meta name=\"robots\" content=\"index, follow, max-snippet:-1, max-image-preview:large, max-video-preview:-1\" \/>\n<link rel=\"canonical\" href=\"https:\/\/www.hotelacacia.it\/de\/gemeinschaftsraeume\/\" \/>\n<meta property=\"og:locale\" content=\"de_DE\" \/>\n<meta property=\"og:type\" content=\"article\" \/>\n<meta property=\"og:title\" content=\"Gemeinschaftsr\u00e4ume | Hotel Acacia ***\" \/>\n<meta property=\"og:description\" content=\"Vuoi prenderti cura del tuo corpo in vacanza? Hotel Acacia di Cesenatico dispone di area Wellness con Sauna e Idromassaggio e di Palestra TechnoGym.\" \/>\n<meta property=\"og:url\" content=\"https:\/\/www.hotelacacia.it\/de\/gemeinschaftsraeume\/\" \/>\n<meta property=\"og:site_name\" content=\"Acacia Hotel Cesenatico\" \/>\n<meta property=\"article:modified_time\" content=\"2024-05-24T08:11:44+00:00\" \/>\n<meta property=\"og:image\" content=\"https:\/\/www.hotelacacia.it\/wp-content\/uploads\/2015\/11\/slider-bar.jpg\" \/>\n\t<meta property=\"og:image:width\" content=\"1280\" \/>\n\t<meta property=\"og:image:height\" content=\"600\" \/>\n\t<meta property=\"og:image:type\" content=\"image\/jpeg\" \/>\n<meta name=\"twitter:card\" content=\"summary_large_image\" \/>\n<meta name=\"twitter:label1\" content=\"Gesch\u00e4tzte Lesezeit\" \/>\n\t<meta name=\"twitter:data1\" content=\"1\u00a0Minute\" \/>\n<script type=\"application\/ld+json\" class=\"yoast-schema-graph\">{\"@context\":\"https:\\\/\\\/schema.org\",\"@graph\":[{\"@type\":\"WebPage\",\"@id\":\"https:\\\/\\\/www.hotelacacia.it\\\/de\\\/gemeinschaftsraeume\\\/\",\"url\":\"https:\\\/\\\/www.hotelacacia.it\\\/de\\\/gemeinschaftsraeume\\\/\",\"name\":\"Gemeinschaftsr\u00e4ume | Hotel Acacia ***\",\"isPartOf\":{\"@id\":\"https:\\\/\\\/www.hotelacacia.it\\\/#website\"},\"primaryImageOfPage\":{\"@id\":\"https:\\\/\\\/www.hotelacacia.it\\\/de\\\/gemeinschaftsraeume\\\/#primaryimage\"},\"image\":{\"@id\":\"https:\\\/\\\/www.hotelacacia.it\\\/de\\\/gemeinschaftsraeume\\\/#primaryimage\"},\"thumbnailUrl\":\"https:\\\/\\\/www.hotelacacia.it\\\/wp-content\\\/uploads\\\/2015\\\/11\\\/slider-bar.jpg\",\"datePublished\":\"2024-05-13T09:49:48+00:00\",\"dateModified\":\"2024-05-24T08:11:44+00:00\",\"description\":\"Vuoi prenderti cura del tuo corpo in vacanza? Hotel Acacia di Cesenatico dispone di area Wellness con Sauna e Idromassaggio e di Palestra TechnoGym.\",\"breadcrumb\":{\"@id\":\"https:\\\/\\\/www.hotelacacia.it\\\/de\\\/gemeinschaftsraeume\\\/#breadcrumb\"},\"inLanguage\":\"de\",\"potentialAction\":[{\"@type\":\"ReadAction\",\"target\":[\"https:\\\/\\\/www.hotelacacia.it\\\/de\\\/gemeinschaftsraeume\\\/\"]}]},{\"@type\":\"ImageObject\",\"inLanguage\":\"de\",\"@id\":\"https:\\\/\\\/www.hotelacacia.it\\\/de\\\/gemeinschaftsraeume\\\/#primaryimage\",\"url\":\"https:\\\/\\\/www.hotelacacia.it\\\/wp-content\\\/uploads\\\/2015\\\/11\\\/slider-bar.jpg\",\"contentUrl\":\"https:\\\/\\\/www.hotelacacia.it\\\/wp-content\\\/uploads\\\/2015\\\/11\\\/slider-bar.jpg\",\"width\":1280,\"height\":600},{\"@type\":\"BreadcrumbList\",\"@id\":\"https:\\\/\\\/www.hotelacacia.it\\\/de\\\/gemeinschaftsraeume\\\/#breadcrumb\",\"itemListElement\":[{\"@type\":\"ListItem\",\"position\":1,\"name\":\"Home\",\"item\":\"https:\\\/\\\/www.hotelacacia.it\\\/de\\\/\"},{\"@type\":\"ListItem\",\"position\":2,\"name\":\"Gemeinschaftsr\u00e4ume\"}]},{\"@type\":\"WebSite\",\"@id\":\"https:\\\/\\\/www.hotelacacia.it\\\/#website\",\"url\":\"https:\\\/\\\/www.hotelacacia.it\\\/\",\"name\":\"Acacia Hotel Cesenatico\",\"description\":\"Hotel 3 stelle a Cesenatico\",\"publisher\":{\"@id\":\"https:\\\/\\\/www.hotelacacia.it\\\/#organization\"},\"potentialAction\":[{\"@type\":\"SearchAction\",\"target\":{\"@type\":\"EntryPoint\",\"urlTemplate\":\"https:\\\/\\\/www.hotelacacia.it\\\/?s={search_term_string}\"},\"query-input\":{\"@type\":\"PropertyValueSpecification\",\"valueRequired\":true,\"valueName\":\"search_term_string\"}}],\"inLanguage\":\"de\"},{\"@type\":\"Organization\",\"@id\":\"https:\\\/\\\/www.hotelacacia.it\\\/#organization\",\"name\":\"Hotel Acacia Cesenatico\",\"url\":\"https:\\\/\\\/www.hotelacacia.it\\\/\",\"logo\":{\"@type\":\"ImageObject\",\"inLanguage\":\"de\",\"@id\":\"https:\\\/\\\/www.hotelacacia.it\\\/#\\\/schema\\\/logo\\\/image\\\/\",\"url\":\"https:\\\/\\\/www.hotelacacia.it\\\/acacia\\\/wp-content\\\/uploads\\\/2015\\\/11\\\/logo-hotel-acacia-quadrato.png\",\"contentUrl\":\"https:\\\/\\\/www.hotelacacia.it\\\/acacia\\\/wp-content\\\/uploads\\\/2015\\\/11\\\/logo-hotel-acacia-quadrato.png\",\"width\":230,\"height\":230,\"caption\":\"Hotel Acacia Cesenatico\"},\"image\":{\"@id\":\"https:\\\/\\\/www.hotelacacia.it\\\/#\\\/schema\\\/logo\\\/image\\\/\"}}]}<\/script>\n<!-- \/ Yoast SEO plugin. -->","yoast_head_json":{"title":"Gemeinschaftsr\u00e4ume | Hotel Acacia ***","description":"Vuoi prenderti cura del tuo corpo in vacanza? Hotel Acacia di Cesenatico dispone di area Wellness con Sauna e Idromassaggio e di Palestra TechnoGym.","robots":{"index":"index","follow":"follow","max-snippet":"max-snippet:-1","max-image-preview":"max-image-preview:large","max-video-preview":"max-video-preview:-1"},"canonical":"https:\/\/www.hotelacacia.it\/de\/gemeinschaftsraeume\/","og_locale":"de_DE","og_type":"article","og_title":"Gemeinschaftsr\u00e4ume | Hotel Acacia ***","og_description":"Vuoi prenderti cura del tuo corpo in vacanza? Hotel Acacia di Cesenatico dispone di area Wellness con Sauna e Idromassaggio e di Palestra TechnoGym.","og_url":"https:\/\/www.hotelacacia.it\/de\/gemeinschaftsraeume\/","og_site_name":"Acacia Hotel Cesenatico","article_modified_time":"2024-05-24T08:11:44+00:00","og_image":[{"width":1280,"height":600,"url":"https:\/\/www.hotelacacia.it\/wp-content\/uploads\/2015\/11\/slider-bar.jpg","type":"image\/jpeg"}],"twitter_card":"summary_large_image","twitter_misc":{"Gesch\u00e4tzte Lesezeit":"1\u00a0Minute"},"schema":{"@context":"https:\/\/schema.org","@graph":[{"@type":"WebPage","@id":"https:\/\/www.hotelacacia.it\/de\/gemeinschaftsraeume\/","url":"https:\/\/www.hotelacacia.it\/de\/gemeinschaftsraeume\/","name":"Gemeinschaftsr\u00e4ume | Hotel Acacia ***","isPartOf":{"@id":"https:\/\/www.hotelacacia.it\/#website"},"primaryImageOfPage":{"@id":"https:\/\/www.hotelacacia.it\/de\/gemeinschaftsraeume\/#primaryimage"},"image":{"@id":"https:\/\/www.hotelacacia.it\/de\/gemeinschaftsraeume\/#primaryimage"},"thumbnailUrl":"https:\/\/www.hotelacacia.it\/wp-content\/uploads\/2015\/11\/slider-bar.jpg","datePublished":"2024-05-13T09:49:48+00:00","dateModified":"2024-05-24T08:11:44+00:00","description":"Vuoi prenderti cura del tuo corpo in vacanza? Hotel Acacia di Cesenatico dispone di area Wellness con Sauna e Idromassaggio e di Palestra TechnoGym.","breadcrumb":{"@id":"https:\/\/www.hotelacacia.it\/de\/gemeinschaftsraeume\/#breadcrumb"},"inLanguage":"de","potentialAction":[{"@type":"ReadAction","target":["https:\/\/www.hotelacacia.it\/de\/gemeinschaftsraeume\/"]}]},{"@type":"ImageObject","inLanguage":"de","@id":"https:\/\/www.hotelacacia.it\/de\/gemeinschaftsraeume\/#primaryimage","url":"https:\/\/www.hotelacacia.it\/wp-content\/uploads\/2015\/11\/slider-bar.jpg","contentUrl":"https:\/\/www.hotelacacia.it\/wp-content\/uploads\/2015\/11\/slider-bar.jpg","width":1280,"height":600},{"@type":"BreadcrumbList","@id":"https:\/\/www.hotelacacia.it\/de\/gemeinschaftsraeume\/#breadcrumb","itemListElement":[{"@type":"ListItem","position":1,"name":"Home","item":"https:\/\/www.hotelacacia.it\/de\/"},{"@type":"ListItem","position":2,"name":"Gemeinschaftsr\u00e4ume"}]},{"@type":"WebSite","@id":"https:\/\/www.hotelacacia.it\/#website","url":"https:\/\/www.hotelacacia.it\/","name":"Acacia Hotel Cesenatico","description":"Hotel 3 stelle a Cesenatico","publisher":{"@id":"https:\/\/www.hotelacacia.it\/#organization"},"potentialAction":[{"@type":"SearchAction","target":{"@type":"EntryPoint","urlTemplate":"https:\/\/www.hotelacacia.it\/?s={search_term_string}"},"query-input":{"@type":"PropertyValueSpecification","valueRequired":true,"valueName":"search_term_string"}}],"inLanguage":"de"},{"@type":"Organization","@id":"https:\/\/www.hotelacacia.it\/#organization","name":"Hotel Acacia Cesenatico","url":"https:\/\/www.hotelacacia.it\/","logo":{"@type":"ImageObject","inLanguage":"de","@id":"https:\/\/www.hotelacacia.it\/#\/schema\/logo\/image\/","url":"https:\/\/www.hotelacacia.it\/acacia\/wp-content\/uploads\/2015\/11\/logo-hotel-acacia-quadrato.png","contentUrl":"https:\/\/www.hotelacacia.it\/acacia\/wp-content\/uploads\/2015\/11\/logo-hotel-acacia-quadrato.png","width":230,"height":230,"caption":"Hotel Acacia Cesenatico"},"image":{"@id":"https:\/\/www.hotelacacia.it\/#\/schema\/logo\/image\/"}}]}},"publishpress_future_action":{"enabled":false,"date":"2026-05-22 13:53:14","action":"change-status","newStatus":"draft","terms":[],"taxonomy":"translation_priority","extraData":[]},"publishpress_future_workflow_manual_trigger":{"enabledWorkflows":[]},"_links":{"self":[{"href":"https:\/\/www.hotelacacia.it\/de\/wp-json\/wp\/v2\/pages\/4354","targetHints":{"allow":["GET"]}}],"collection":[{"href":"https:\/\/www.hotelacacia.it\/de\/wp-json\/wp\/v2\/pages"}],"about":[{"href":"https:\/\/www.hotelacacia.it\/de\/wp-json\/wp\/v2\/types\/page"}],"author":[{"embeddable":true,"href":"https:\/\/www.hotelacacia.it\/de\/wp-json\/wp\/v2\/users\/1"}],"replies":[{"embeddable":true,"href":"https:\/\/www.hotelacacia.it\/de\/wp-json\/wp\/v2\/comments?post=4354"}],"version-history":[{"count":4,"href":"https:\/\/www.hotelacacia.it\/de\/wp-json\/wp\/v2\/pages\/4354\/revisions"}],"predecessor-version":[{"id":4428,"href":"https:\/\/www.hotelacacia.it\/de\/wp-json\/wp\/v2\/pages\/4354\/revisions\/4428"}],"wp:featuredmedia":[{"embeddable":true,"href":"https:\/\/www.hotelacacia.it\/de\/wp-json\/wp\/v2\/media\/2861"}],"wp:attachment":[{"href":"https:\/\/www.hotelacacia.it\/de\/wp-json\/wp\/v2\/media?parent=4354"}],"curies":[{"name":"wp","href":"https:\/\/api.w.org\/{rel}","templated":true}]}}